{"id":6359,"date":"2017-05-20T09:32:10","date_gmt":"2017-05-20T07:32:10","guid":{"rendered":"https:\/\/www.albaniandf.org\/?page_id=6359"},"modified":"2021-10-19T13:46:31","modified_gmt":"2021-10-19T11:46:31","slug":"investimet-prioritare-me-impakt-ne-zhvillimin-dhe-promovimin-e-turizmit","status":"publish","type":"page","link":"https:\/\/www.albaniandf.org\/en\/projekte\/projekte-ne-zbatim\/investimet-prioritare-me-impakt-ne-zhvillimin-dhe-promovimin-e-turizmit\/","title":{"rendered":"Priority Investments - Impact on Tourism Development and Promotion"},"content":{"rendered":"<p><strong>Budget:\u00a0<\/strong>23.7 billion ALL<\/p>\n<p><strong>Implementation period :\u00a0<\/strong>2018-2022<\/p>\n<p><strong>Funding:\u00a0<\/strong>Government of Albania<\/p>\n<p><strong>Geographical coverage:&nbsp;\u00a0<\/strong>In the 12 Counties of Albania, 32 municipalities<\/p>\n<p><strong>Beneficiaries:\u00a0<\/strong>500 thousand inhabitants<\/p>\n<p><strong>Objective:\u00a0<\/strong>Improving living conditions of inhabitants throughout the country, increase of access to basic services , promoting tourism and promoting the agricultural sector, through project financing.<\/p>\n<p>As a result of the positive performance  in managing facilities financed in 2017, the Albanian Development Fund continued the process of identifying and selecting other high impact projects in tourism development and promotion. For this project, the Albanian Government has allocated a funding of  ALL 7.2 billion.<\/p>\n<p><strong>Results<\/strong><\/p>\n<p><strong>Works completed:<\/strong><\/p>\n<p>-Asfaltimin e rrug\u00ebs Kryq\u00ebzimi Sh\u00ebngjin-qyteti Sh\u00ebngjin-Porti Ushtarak; Tepelen\u00eb-B\u00ebn\u00e7\u00eb-Lekdush punime shtes\u00eb;<br \/>\n- Reconstruction of Agim-Babunje road, Divjaka municipality;<br \/>\n- Reconstruction of Berat road (Ish Fabrika e Plasmasit - Karbunare);<br \/>\n- Reconstruction of the road \u201cQender Gose \u2013 Hekurudha - Gose e Madhe\u201d , Municipality of Rrogozhina;<br \/>\n- Reconstruction of the road  Ramize Gjebrea, Phase II, (Linking  Pylli  i Sodes  to the Trans-Balkan Road and the Highway);<br \/>\n- Vlora Boulevard, second phase;<br \/>\n- Reconstruction\/urban requalification near the city center of Vlora, Zone B Justin Godart road;<br \/>\n- Reconstruction of internal roads and requalification of public spaces in the beach area of Shkembi i Kavajes;<br \/>\n- Urban revitalization, Maliq-Drithas boulevard;<br \/>\n- Construction of pomp station, water depot 50m3 and electrical network TU and TM for the supply of the water depot 2000 m\u00b3 in \u201cLugu i Dardhes\u201d in Saranda;<br \/>\n- Reconstruction of Shiroka Square;<br \/>\n- Construction of  Pedestrian road and Bike lane in Belshi lake, III Phase;<br \/>\n- Reconstruction of Balldre-Bend road;<br \/>\n- Construction of Roskovec square;<br \/>\n- Construction of Zeze bridge in Fushe-Kruje city;<br \/>\n- Reconstruction of Myzeqe Agricultural Road; Imesht-Ngurrez, Fier i Ri- Kashtbardh, Qerret-Kadiaj-Saver;<br \/>\n- Reconstruction of Taulantia promenade, Durres;<br \/>\n- Construction of water Depot and Grabian Water Supply Distribution Network;<\/p>\n<p><strong>Work in progress:<\/strong><\/p>\n<ul>\n<li>Rehabilitation of Gjanica river and  the  center of Fier city;<\/li>\n<li>Continuation of Vlora promenade \u2013 southern segment from sports fields to tunnel;<\/li>\n<li>Requalification of the Industial Park in Kucova<\/li>\n<\/ul>\n<p>Taking into account the funds needed to close the ongoing facilities and budget forecasts in the MTBP 2020-2022, the ADF undertook the process of programming new investments in a value of 6.5 billion ALL.<\/p>\n<p>Thus, based on studies and the need for intervention in areas turned into genuine tourist destinations, field assessments by ADF engineers themselves, requests expressed in various meetings with representatives of interests in the area, etc., has been compiled the list of projects for financing from the State Budget, Development Programs. This list contains 11 objects as follows:<\/p>\n<ol>\n<li>Systematization, asphalting of the road Permet-\u00c7arshove;<\/li>\n<li>Integrated intervention to improve access, services and urban retraining in the Beach-Palas-Dryhmades Area;<\/li>\n<li>Integrated intervention to improve access, services and tourist attraction in the Albanian Alps area;<\/li>\n<li>Urban requalification of the Bloc in the center of Kamza;<\/li>\n<li>Revitalization of Andon Pofka Street and the surrounding areas, Fier Municipality;<\/li>\n<li>Rehabilitation of Ahmet Zogu Square and Geraldine Park in Burrel City;<\/li>\n<li>Integrated intervention to improve connectivity and urban requalification in the Municipality of Kavaja;<\/li>\n<li>Construction of the road Rreshen - Sheshaj<\/li>\n<li>Construction of Gjirokastra Bypass;<\/li>\n<li>Road to the holy place Tomorri Mountain, Lot 2;<\/li>\n<li>Urban requalification and construction of embankment for protection from Vjosa A.U Novosele.<\/li>\n<\/ol>\n<p><strong>Contracts have been signed, development permits have been obtained and the following projects are in the implementation phase:<\/strong><\/p>\n<ol>\n<li>Systematization, asphalting of the road Permet-\u00c7arshove;<\/li>\n<li>Urban requalification of the Bloc in the center of Kamza;<\/li>\n<li>Revitalization of Andon Pofka Street and the surrounding areas, Fier Municipality;<\/li>\n<li>Rehabilitation of Ahmet Zogu Square and Geraldine Park in Burrel City;<\/li>\n<li>Integrated intervention to improve connectivity and urban requalification in the Municipality of Kavaja;<\/li>\n<li>Construction of the road Rreshen - Sheshaj<\/li>\n<li>Construction of Gjirokastra Bypass;<\/li>\n<li>Road to the holy place Tomorri Mountain, Lot 2;<\/li>\n<\/ol>\n<p><strong>Referring to Normative Act no. 28 dated 02.07.2020, to this program were added the following facilities with a value of about 10 billion ALL:<\/strong><\/p>\n<ol>\n<li>Rehabilitation of neighborhoods No. 4,5,6 in Kukes Municipality<\/li>\n<li>Urban Requalification of the Area,\"Perroi i Llixhave\", as well as \"Ura e Pazarit\" segment.<\/li>\n<li>Urban requalification of the entrance of the city of Shkodra and the Park for vacationers;<\/li>\n<li>Requalification of the center of Corovoda (Faza II)<\/li>\n<li>Rehabilitation of Roads, Squares and Facades, Block in Neighborhood Nr. 2, Pogradec;<\/li>\n<li>Urban requalification of the New Ring Road, Berat;<\/li>\n<li>Renovation of the road axis Cerm\u00eb-Divjake as well as the branches for the villages: Grabian, \u00c7erm\u00eb, Shkumbin \u2013 Bish\u00e7ukas, Dushku\u00e7an-Hallvaxhias-Germenj i Madh;<\/li>\n<li>Reconstruction of Facades of buildings along the Drin River in the city of Lezha, Block no. 1 and Lalmiri Street, Naim Frash\u00ebri;<\/li>\n<li>Urban requalification of the city center and creation of recreational space in the area of artificial lake, Ballsh;<\/li>\n<li>Construction, Asphalting, Engineering Network, Street Nr. 1, Lekures, Lot 1 + 2;<\/li>\n<li>Requalification and systematization of the Gjanica River, Lot II, Fier;<\/li>\n<li>Urban Re-qualification near Vlora City Center \u201dArea A Kulla e Sahatit;<\/li>\n<li>Urban Re-qualification of the touristic area, Golem;<\/li>\n<li>Reconstruction of the Road Miras-Arrez;<\/li>\n<li>Reconstruction of \"Cameria\" Street and the ring Road, Kavaja;<\/li>\n<li>Improvement of asphalt layers for roads in Regions 1, 2 ;<\/li>\n<li>Improvement of asphalt layers for roads in Regions 3,4 ;<\/li>\n<li>Rehabilitation of the Road Nivice-Salari;<\/li>\n<li>Reconstruction of the Road from the intersection Dardhe-Arrez to the village Nikolice;<\/li>\n<li>Asphalting of the Road Labinot-Fushe \/ Qafe Renas as well as the new Cemetery Road Elbasan and construction of the railway overpass at the intersection of the National Road Elbasan-Librazhd, with \u201cBorodin Mitarja\u201d street;<\/li>\n<li>Support for the program (Opposition, Supervision and Testing of Works).<\/li>\n<\/ol>\n<p><strong>Contracts have been signed, development permits have been obtained and 18 projects are in the implementation phase:<\/strong><\/p>\n<ol>\n<li>Rehabilitation of neighborhoods No. 4,5,6 in Kukes Municipality<\/li>\n<li>Urban Requalification of the Area,\"Perroi i Llixhave\", as well as \"Ura e Pazarit\" segment.<\/li>\n<li>Requalification of the center of Corovoda (Faza II)<\/li>\n<li>Rehabilitation of Roads, Squares and Facades, Block in Neighborhood Nr. 2, Pogradec;<\/li>\n<li>Urban requalification of the New Ring Road, Berat;<\/li>\n<li>Renovation of the road axis Cerm\u00eb-Divjake as well as the branches for the villages: Grabian, \u00c7erm\u00eb, Shkumbin \u2013 Bish\u00e7ukas, Dushku\u00e7an-Hallvaxhias-Germenj i Madh;<\/li>\n<li>Reconstruction of Facades of buildings along the Drin River in the city of Lezha, Block no. 1 and Lalmiri Street, Naim Frash\u00ebri;<\/li>\n<li>Urban requalification of the city center and creation of recreational space in the area of artificial lake, Ballsh;<\/li>\n<li>Construction, Asphalting, Engineering Network, Street Nr. 1, Lekures, Lot 1 + 2;<\/li>\n<li>Requalification and systematization of the Gjanica River, Lot II, Fier;<\/li>\n<li>Urban Re-qualification of the touristic area, Golem;<\/li>\n<li>Reconstruction of the Road Miras-Arrez;<\/li>\n<li>Reconstruction of \"Cameria\" Street and the ring Road, Kavaja;<\/li>\n<li>A contract has been signed and the project development permit is in the process of being obtained:<\/li>\n<li>Urban Re-qualification near Vlora City Center \u201dArea A ,Kulla e Sahatit, Sheshi Flamurit;<\/li>\n<\/ol>\n<p class=\"translation-block\">(Last Update, June 2021)<\/p>","protected":false},"excerpt":{"rendered":"<p>Buxheti:\u00a023.7 miliard\u00eb Lek\u00eb Koh\u00ebzgjatja:\u00a02018-2022 Financues:\u00a0Qeveria Shqiptare Shtrirja gjeografike:\u00a0N\u00eb 12 Qarqet e Shqip\u00ebris\u00eb, 32 bashki P\u00ebrfitues:\u00a0500 mij\u00eb banor\u00eb Objektivi:\u00a0P\u00ebrmir\u00ebsimi i kushteve t\u00eb jetes\u00ebs t\u00eb banor\u00ebve n\u00eb t\u00eb gjith\u00eb vendin, rritja e&#8230;<\/p>","protected":false},"author":5,"featured_media":0,"parent":1886,"menu_order":0,"comment_status":"closed","ping_status":"closed","template":"","meta":{"nf_dc_page":"","footnotes":""},"class_list":["post-6359","page","type-page","status-publish","hentry"],"yoast_head":"<!-- This site is optimized with the Yoast SEO plugin v27.4 - https:\/\/yoast.com\/product\/yoast-seo-wordpress\/ -->\n<title>Investimet Prioritare me Impakt n\u00eb Zhvillimin dhe Promovimin e Turizmit - Fondi Shqiptar i Zhvillimit<\/title>\n<meta name=\"robots\" content=\"index, follow, max-snippet:-1, max-image-preview:large, max-video-preview:-1\" \/>\n<link rel=\"canonical\" href=\"https:\/\/www.albaniandf.org\/en\/projekte\/projekte-ne-zbatim\/investimet-prioritare-me-impakt-ne-zhvillimin-dhe-promovimin-e-turizmit\/\" \/>\n<meta property=\"og:locale\" content=\"en_US\" \/>\n<meta property=\"og:type\" content=\"article\" \/>\n<meta property=\"og:title\" content=\"Investimet Prioritare me Impakt n\u00eb Zhvillimin dhe Promovimin e Turizmit - Fondi Shqiptar i Zhvillimit\" \/>\n<meta property=\"og:description\" content=\"Buxheti:\u00a023.7 miliard\u00eb Lek\u00eb Koh\u00ebzgjatja:\u00a02018-2022 Financues:\u00a0Qeveria Shqiptare Shtrirja gjeografike:\u00a0N\u00eb 12 Qarqet e Shqip\u00ebris\u00eb, 32 bashki P\u00ebrfitues:\u00a0500 mij\u00eb banor\u00eb Objektivi:\u00a0P\u00ebrmir\u00ebsimi i kushteve t\u00eb jetes\u00ebs t\u00eb banor\u00ebve n\u00eb t\u00eb gjith\u00eb vendin, rritja e...\" \/>\n<meta property=\"og:url\" content=\"https:\/\/www.albaniandf.org\/en\/projekte\/projekte-ne-zbatim\/investimet-prioritare-me-impakt-ne-zhvillimin-dhe-promovimin-e-turizmit\/\" \/>\n<meta property=\"og:site_name\" content=\"Fondi Shqiptar i Zhvillimit\" \/>\n<meta property=\"article:publisher\" content=\"https:\/\/www.facebook.com\/albaniandf\/\" \/>\n<meta property=\"article:modified_time\" content=\"2021-10-19T11:46:31+00:00\" \/>\n<meta property=\"og:image\" content=\"https:\/\/i0.wp.com\/www.albaniandf.org\/wp-content\/uploads\/2021\/09\/Fondi-Shqiptar-i-zhvillimit-logo-original.png?fit=623%2C452&ssl=1\" \/>\n\t<meta property=\"og:image:width\" content=\"623\" \/>\n\t<meta property=\"og:image:height\" content=\"452\" \/>\n\t<meta property=\"og:image:type\" content=\"image\/png\" \/>\n<meta name=\"twitter:card\" content=\"summary_large_image\" \/>\n<meta name=\"twitter:label1\" content=\"Est. reading time\" \/>\n\t<meta name=\"twitter:data1\" content=\"5 minutes\" \/>\n<script type=\"application\/ld+json\" class=\"yoast-schema-graph\">{\"@context\":\"https:\\\/\\\/schema.org\",\"@graph\":[{\"@type\":\"WebPage\",\"@id\":\"https:\\\/\\\/www.albaniandf.org\\\/projekte\\\/projekte-ne-zbatim\\\/investimet-prioritare-me-impakt-ne-zhvillimin-dhe-promovimin-e-turizmit\\\/\",\"url\":\"https:\\\/\\\/www.albaniandf.org\\\/projekte\\\/projekte-ne-zbatim\\\/investimet-prioritare-me-impakt-ne-zhvillimin-dhe-promovimin-e-turizmit\\\/\",\"name\":\"Investimet Prioritare me Impakt n\u00eb Zhvillimin dhe Promovimin e Turizmit - Fondi Shqiptar i Zhvillimit\",\"isPartOf\":{\"@id\":\"https:\\\/\\\/www.albaniandf.org\\\/#website\"},\"datePublished\":\"2017-05-20T07:32:10+00:00\",\"dateModified\":\"2021-10-19T11:46:31+00:00\",\"breadcrumb\":{\"@id\":\"https:\\\/\\\/www.albaniandf.org\\\/projekte\\\/projekte-ne-zbatim\\\/investimet-prioritare-me-impakt-ne-zhvillimin-dhe-promovimin-e-turizmit\\\/#breadcrumb\"},\"inLanguage\":\"en-US\",\"potentialAction\":[{\"@type\":\"ReadAction\",\"target\":[\"https:\\\/\\\/www.albaniandf.org\\\/projekte\\\/projekte-ne-zbatim\\\/investimet-prioritare-me-impakt-ne-zhvillimin-dhe-promovimin-e-turizmit\\\/\"]}]},{\"@type\":\"BreadcrumbList\",\"@id\":\"https:\\\/\\\/www.albaniandf.org\\\/projekte\\\/projekte-ne-zbatim\\\/investimet-prioritare-me-impakt-ne-zhvillimin-dhe-promovimin-e-turizmit\\\/#breadcrumb\",\"itemListElement\":[{\"@type\":\"ListItem\",\"position\":1,\"name\":\"Home\",\"item\":\"https:\\\/\\\/www.albaniandf.org\\\/\"},{\"@type\":\"ListItem\",\"position\":2,\"name\":\"Projekte\",\"item\":\"https:\\\/\\\/www.albaniandf.org\\\/projekte\\\/\"},{\"@type\":\"ListItem\",\"position\":3,\"name\":\"Projekte ne zbatim\",\"item\":\"https:\\\/\\\/www.albaniandf.org\\\/projekte\\\/projekte-ne-zbatim\\\/\"},{\"@type\":\"ListItem\",\"position\":4,\"name\":\"Investimet Prioritare me Impakt n\u00eb Zhvillimin dhe Promovimin e Turizmit\"}]},{\"@type\":\"WebSite\",\"@id\":\"https:\\\/\\\/www.albaniandf.org\\\/#website\",\"url\":\"https:\\\/\\\/www.albaniandf.org\\\/\",\"name\":\"Fondi Shqiptar i Zhvillimit\",\"description\":\"\",\"publisher\":{\"@id\":\"https:\\\/\\\/www.albaniandf.org\\\/#organization\"},\"potentialAction\":[{\"@type\":\"SearchAction\",\"target\":{\"@type\":\"EntryPoint\",\"urlTemplate\":\"https:\\\/\\\/www.albaniandf.org\\\/?s={search_term_string}\"},\"query-input\":{\"@type\":\"PropertyValueSpecification\",\"valueRequired\":true,\"valueName\":\"search_term_string\"}}],\"inLanguage\":\"en-US\"},{\"@type\":\"Organization\",\"@id\":\"https:\\\/\\\/www.albaniandf.org\\\/#organization\",\"name\":\"Fondi Shqiptar i Zhvillimit\",\"url\":\"https:\\\/\\\/www.albaniandf.org\\\/\",\"logo\":{\"@type\":\"ImageObject\",\"inLanguage\":\"en-US\",\"@id\":\"https:\\\/\\\/www.albaniandf.org\\\/#\\\/schema\\\/logo\\\/image\\\/\",\"url\":\"https:\\\/\\\/www.albaniandf.org\\\/wp-content\\\/uploads\\\/2021\\\/08\\\/Fondi-Shqiptar-i-zhvillimit-logo.png\",\"contentUrl\":\"https:\\\/\\\/www.albaniandf.org\\\/wp-content\\\/uploads\\\/2021\\\/08\\\/Fondi-Shqiptar-i-zhvillimit-logo.png\",\"width\":122,\"height\":90,\"caption\":\"Fondi Shqiptar i Zhvillimit\"},\"image\":{\"@id\":\"https:\\\/\\\/www.albaniandf.org\\\/#\\\/schema\\\/logo\\\/image\\\/\"},\"sameAs\":[\"https:\\\/\\\/www.facebook.com\\\/albaniandf\\\/\",\"https:\\\/\\\/www.instagram.com\\\/fondi_shqiptar_i_zhvillimit\\\/\",\"https:\\\/\\\/www.youtube.com\\\/user\\\/AlbanianDF\"]}]}<\/script>\n<!-- \/ Yoast SEO plugin. -->","yoast_head_json":{"title":"Investimet Prioritare me Impakt n\u00eb Zhvillimin dhe Promovimin e Turizmit - Fondi Shqiptar i Zhvillimit","robots":{"index":"index","follow":"follow","max-snippet":"max-snippet:-1","max-image-preview":"max-image-preview:large","max-video-preview":"max-video-preview:-1"},"canonical":"https:\/\/www.albaniandf.org\/en\/projekte\/projekte-ne-zbatim\/investimet-prioritare-me-impakt-ne-zhvillimin-dhe-promovimin-e-turizmit\/","og_locale":"en_US","og_type":"article","og_title":"Investimet Prioritare me Impakt n\u00eb Zhvillimin dhe Promovimin e Turizmit - Fondi Shqiptar i Zhvillimit","og_description":"Buxheti:\u00a023.7 miliard\u00eb Lek\u00eb Koh\u00ebzgjatja:\u00a02018-2022 Financues:\u00a0Qeveria Shqiptare Shtrirja gjeografike:\u00a0N\u00eb 12 Qarqet e Shqip\u00ebris\u00eb, 32 bashki P\u00ebrfitues:\u00a0500 mij\u00eb banor\u00eb Objektivi:\u00a0P\u00ebrmir\u00ebsimi i kushteve t\u00eb jetes\u00ebs t\u00eb banor\u00ebve n\u00eb t\u00eb gjith\u00eb vendin, rritja e...","og_url":"https:\/\/www.albaniandf.org\/en\/projekte\/projekte-ne-zbatim\/investimet-prioritare-me-impakt-ne-zhvillimin-dhe-promovimin-e-turizmit\/","og_site_name":"Fondi Shqiptar i Zhvillimit","article_publisher":"https:\/\/www.facebook.com\/albaniandf\/","article_modified_time":"2021-10-19T11:46:31+00:00","og_image":[{"width":623,"height":452,"url":"https:\/\/i0.wp.com\/www.albaniandf.org\/wp-content\/uploads\/2021\/09\/Fondi-Shqiptar-i-zhvillimit-logo-original.png?fit=623%2C452&ssl=1","type":"image\/png"}],"twitter_card":"summary_large_image","twitter_misc":{"Est. reading time":"5 minutes"},"schema":{"@context":"https:\/\/schema.org","@graph":[{"@type":"WebPage","@id":"https:\/\/www.albaniandf.org\/projekte\/projekte-ne-zbatim\/investimet-prioritare-me-impakt-ne-zhvillimin-dhe-promovimin-e-turizmit\/","url":"https:\/\/www.albaniandf.org\/projekte\/projekte-ne-zbatim\/investimet-prioritare-me-impakt-ne-zhvillimin-dhe-promovimin-e-turizmit\/","name":"Investimet Prioritare me Impakt n\u00eb Zhvillimin dhe Promovimin e Turizmit - Fondi Shqiptar i Zhvillimit","isPartOf":{"@id":"https:\/\/www.albaniandf.org\/#website"},"datePublished":"2017-05-20T07:32:10+00:00","dateModified":"2021-10-19T11:46:31+00:00","breadcrumb":{"@id":"https:\/\/www.albaniandf.org\/projekte\/projekte-ne-zbatim\/investimet-prioritare-me-impakt-ne-zhvillimin-dhe-promovimin-e-turizmit\/#breadcrumb"},"inLanguage":"en-US","potentialAction":[{"@type":"ReadAction","target":["https:\/\/www.albaniandf.org\/projekte\/projekte-ne-zbatim\/investimet-prioritare-me-impakt-ne-zhvillimin-dhe-promovimin-e-turizmit\/"]}]},{"@type":"BreadcrumbList","@id":"https:\/\/www.albaniandf.org\/projekte\/projekte-ne-zbatim\/investimet-prioritare-me-impakt-ne-zhvillimin-dhe-promovimin-e-turizmit\/#breadcrumb","itemListElement":[{"@type":"ListItem","position":1,"name":"Home","item":"https:\/\/www.albaniandf.org\/"},{"@type":"ListItem","position":2,"name":"Projekte","item":"https:\/\/www.albaniandf.org\/projekte\/"},{"@type":"ListItem","position":3,"name":"Projekte ne zbatim","item":"https:\/\/www.albaniandf.org\/projekte\/projekte-ne-zbatim\/"},{"@type":"ListItem","position":4,"name":"Investimet Prioritare me Impakt n\u00eb Zhvillimin dhe Promovimin e Turizmit"}]},{"@type":"WebSite","@id":"https:\/\/www.albaniandf.org\/#website","url":"https:\/\/www.albaniandf.org\/","name":"Albanian Development Fund","description":"","publisher":{"@id":"https:\/\/www.albaniandf.org\/#organization"},"potentialAction":[{"@type":"SearchAction","target":{"@type":"EntryPoint","urlTemplate":"https:\/\/www.albaniandf.org\/?s={search_term_string}"},"query-input":{"@type":"PropertyValueSpecification","valueRequired":true,"valueName":"search_term_string"}}],"inLanguage":"en-US"},{"@type":"Organization","@id":"https:\/\/www.albaniandf.org\/#organization","name":"Albanian Development Fund","url":"https:\/\/www.albaniandf.org\/","logo":{"@type":"ImageObject","inLanguage":"en-US","@id":"https:\/\/www.albaniandf.org\/#\/schema\/logo\/image\/","url":"https:\/\/www.albaniandf.org\/wp-content\/uploads\/2021\/08\/Fondi-Shqiptar-i-zhvillimit-logo.png","contentUrl":"https:\/\/www.albaniandf.org\/wp-content\/uploads\/2021\/08\/Fondi-Shqiptar-i-zhvillimit-logo.png","width":122,"height":90,"caption":"Fondi Shqiptar i Zhvillimit"},"image":{"@id":"https:\/\/www.albaniandf.org\/#\/schema\/logo\/image\/"},"sameAs":["https:\/\/www.facebook.com\/albaniandf\/","https:\/\/www.instagram.com\/fondi_shqiptar_i_zhvillimit\/","https:\/\/www.youtube.com\/user\/AlbanianDF"]}]}},"_links":{"self":[{"href":"https:\/\/www.albaniandf.org\/en\/wp-json\/wp\/v2\/pages\/6359","targetHints":{"allow":["GET"]}}],"collection":[{"href":"https:\/\/www.albaniandf.org\/en\/wp-json\/wp\/v2\/pages"}],"about":[{"href":"https:\/\/www.albaniandf.org\/en\/wp-json\/wp\/v2\/types\/page"}],"author":[{"embeddable":true,"href":"https:\/\/www.albaniandf.org\/en\/wp-json\/wp\/v2\/users\/5"}],"replies":[{"embeddable":true,"href":"https:\/\/www.albaniandf.org\/en\/wp-json\/wp\/v2\/comments?post=6359"}],"version-history":[{"count":11,"href":"https:\/\/www.albaniandf.org\/en\/wp-json\/wp\/v2\/pages\/6359\/revisions"}],"predecessor-version":[{"id":10214,"href":"https:\/\/www.albaniandf.org\/en\/wp-json\/wp\/v2\/pages\/6359\/revisions\/10214"}],"up":[{"embeddable":true,"href":"https:\/\/www.albaniandf.org\/en\/wp-json\/wp\/v2\/pages\/1886"}],"wp:attachment":[{"href":"https:\/\/www.albaniandf.org\/en\/wp-json\/wp\/v2\/media?parent=6359"}],"curies":[{"name":"wp","href":"https:\/\/api.w.org\/{rel}","templated":true}]}}