{"id":4333,"date":"2018-07-23T08:38:12","date_gmt":"2018-07-23T06:38:12","guid":{"rendered":"https:\/\/www.albaniandf.org\/?page_id=4333"},"modified":"2021-05-11T16:11:30","modified_gmt":"2021-05-11T14:11:30","slug":"programi-i-rehabilitimit-te-segmenteve-rrugore-prioritare","status":"publish","type":"page","link":"https:\/\/www.albaniandf.org\/en\/projekte\/projekte-ne-zbatim\/programi-i-rehabilitimit-te-segmenteve-rrugore-prioritare\/","title":{"rendered":"Priority Road Segments Rehabilitation Program"},"content":{"rendered":"<p><strong>Budget:\u00a0<\/strong>9.5 billion ALL<\/p>\n<p><strong>Implementation period :\u00a0<\/strong>2016-2020<\/p>\n<p><strong>Funding:\u00a0<\/strong>Government of Albania<\/p>\n<p><strong>Geographical coverage:&nbsp;\u00a0<\/strong>9 Counties and 18 municipalities<\/p>\n<p><strong>Beneficiaries:\u00a0<\/strong>620 thousand inhabitants<\/p>\n<p><strong>Objective:\u00a0<\/strong>Improving the living conditions of residents throughout the country, increasing access to basic services, promoting tourism and boosting the agricultural sector through financing of road infrastructure projects.<\/p>\n<p>In the framework of the Albanian Government initiative- financing  priority road infrastructure projects, ADF committed to identifying and evaluating priority road segments with a high impact on economic development aiming to improve road infrastructure.<\/p>\n<p><strong>Results <\/strong><\/p>\n<p>Works have been completed for 22 contracts which are in the guarantee period:<\/p>\n<ol>\n<li>Road segment Grekan \u2013 Dragot, part of Cerrik \u2013 Belsh \u2013 Ku\u00e7ove \u2013 Ura Vajgurore axis;<\/li>\n<li>Road segment  Cerrik-Belsh-Grekan, part of Cerrik- Belsh-Kucove-Ura Vajgurore axis;<\/li>\n<li>Reconstruction of Velipoja road: Harku i Berdices-Baks- Lot II;<\/li>\n<li>Reconstruction of the road in Velipoja; Harku i Berdices- Baks segment, Lot II;<\/li>\n<li>Construction of the new ring in Peshkopi;<\/li>\n<li>Fushe Arrez-Reps road;<\/li>\n<li>Reconstruction of the road Fushe Kruje-Thumane;<\/li>\n<li>Reconstruction of 3 access roads in the city of Rrogozhina;<\/li>\n<li>Gradishte-Spolate road;<\/li>\n<li>Mertish-Tre Urat road;<\/li>\n<li>Reconstruction of the  access road in Bajram Curri city;<\/li>\n<li>Vau i Dejes ring road;<\/li>\n<li>Taulants Street at the Agricultural University of Tirana;<\/li>\n<li>G\u00ebrmenj \u2013 Okshtun \u2013 Zambishte road;<\/li>\n<li>Reconstruction of the road  Ura e \u00c7opanit \u2013 Zhabiak \u2013 Ura e \u00c7orumit;<\/li>\n<li>Reconstruction of the road Lal\u00ebz \u2013 Bize \u2013 Drac;<\/li>\n<li>Reconstruction of the road 2,3,4 in Golem;<\/li>\n<li>Nd\u00ebrtimi Shetitores Mak Albania-Pusi Nr.1 dhe rikonstruksioni i Kanalit KK1(pjesa fundore);<\/li>\n<li>Reconstruction of the road Kastriot- Arras;<\/li>\n<li>Asphalting of Qafe Pllo\u00e7\u00eb - Pogradec and Ring Road Pogradec;<\/li>\n<li>Reconstruction of Korce-Voskop-Polene-Korce;<\/li>\n<li>Reconstruction of the road  Borje-Kufi;<\/li>\n<li>The segment Dragot \u2013 Kozare \u2013 Kucove \u2013 Ura Vajgurore, part of the axis Cerrik \u2013 Belsh \u2013 Ku\u00e7ove \u2013 Ura Vajgurore;<\/li>\n<\/ol>\n<p>&nbsp;<\/p>\n<p><strong>(Last update, December 2020)<\/strong><\/p>","protected":false},"excerpt":{"rendered":"<p>Buxheti:\u00a09.5 miliard\u00eb Lek\u00eb Koh\u00ebzgjatja:\u00a02016-2020 Financues:\u00a0Qeveria Shqiptare Shtrirja gjeografike:\u00a0N\u00eb 9 \u00a0Qarqet e Shqip\u00ebris\u00eb, 18 bashki P\u00ebrfitues:\u00a0620 mij\u00eb banor\u00eb Objektivi:\u00a0P\u00ebrmir\u00ebsimi i kushteve t\u00eb jetes\u00ebs t\u00eb banor\u00ebve n\u00eb t\u00eb gjith\u00eb vendin, rritja e&#8230;<\/p>","protected":false},"author":1,"featured_media":0,"parent":1886,"menu_order":0,"comment_status":"closed","ping_status":"closed","template":"","meta":{"nf_dc_page":"","footnotes":""},"class_list":["post-4333","page","type-page","status-publish","hentry"],"yoast_head":"<!-- This site is optimized with the Yoast SEO plugin v27.4 - https:\/\/yoast.com\/product\/yoast-seo-wordpress\/ -->\n<title>Projekti i Rehabilitimit t\u00eb Segmenteve Rrugore Prioritare - Fondi Shqiptar i Zhvillimit<\/title>\n<meta name=\"robots\" content=\"index, follow, max-snippet:-1, max-image-preview:large, max-video-preview:-1\" \/>\n<link rel=\"canonical\" href=\"https:\/\/www.albaniandf.org\/en\/projekte\/projekte-ne-zbatim\/programi-i-rehabilitimit-te-segmenteve-rrugore-prioritare\/\" \/>\n<meta property=\"og:locale\" content=\"en_US\" \/>\n<meta property=\"og:type\" content=\"article\" \/>\n<meta property=\"og:title\" content=\"Projekti i Rehabilitimit t\u00eb Segmenteve Rrugore Prioritare - Fondi Shqiptar i Zhvillimit\" \/>\n<meta property=\"og:description\" content=\"Buxheti:\u00a09.5 miliard\u00eb Lek\u00eb Koh\u00ebzgjatja:\u00a02016-2020 Financues:\u00a0Qeveria Shqiptare Shtrirja gjeografike:\u00a0N\u00eb 9 \u00a0Qarqet e Shqip\u00ebris\u00eb, 18 bashki P\u00ebrfitues:\u00a0620 mij\u00eb banor\u00eb Objektivi:\u00a0P\u00ebrmir\u00ebsimi i kushteve t\u00eb jetes\u00ebs t\u00eb banor\u00ebve n\u00eb t\u00eb gjith\u00eb vendin, rritja e...\" \/>\n<meta property=\"og:url\" content=\"https:\/\/www.albaniandf.org\/en\/projekte\/projekte-ne-zbatim\/programi-i-rehabilitimit-te-segmenteve-rrugore-prioritare\/\" \/>\n<meta property=\"og:site_name\" content=\"Fondi Shqiptar i Zhvillimit\" \/>\n<meta property=\"article:publisher\" content=\"https:\/\/www.facebook.com\/albaniandf\/\" \/>\n<meta property=\"article:modified_time\" content=\"2021-05-11T14:11:30+00:00\" \/>\n<meta property=\"og:image\" content=\"https:\/\/i0.wp.com\/www.albaniandf.org\/wp-content\/uploads\/2021\/09\/Fondi-Shqiptar-i-zhvillimit-logo-original.png?fit=623%2C452&ssl=1\" \/>\n\t<meta property=\"og:image:width\" content=\"623\" \/>\n\t<meta property=\"og:image:height\" content=\"452\" \/>\n\t<meta property=\"og:image:type\" content=\"image\/png\" \/>\n<meta name=\"twitter:card\" content=\"summary_large_image\" \/>\n<meta name=\"twitter:label1\" content=\"Est. reading time\" \/>\n\t<meta name=\"twitter:data1\" content=\"2 minutes\" \/>\n<script type=\"application\/ld+json\" class=\"yoast-schema-graph\">{\"@context\":\"https:\\\/\\\/schema.org\",\"@graph\":[{\"@type\":\"WebPage\",\"@id\":\"https:\\\/\\\/www.albaniandf.org\\\/projekte\\\/projekte-ne-zbatim\\\/programi-i-rehabilitimit-te-segmenteve-rrugore-prioritare\\\/\",\"url\":\"https:\\\/\\\/www.albaniandf.org\\\/projekte\\\/projekte-ne-zbatim\\\/programi-i-rehabilitimit-te-segmenteve-rrugore-prioritare\\\/\",\"name\":\"Projekti i Rehabilitimit t\u00eb Segmenteve Rrugore Prioritare - Fondi Shqiptar i Zhvillimit\",\"isPartOf\":{\"@id\":\"https:\\\/\\\/www.albaniandf.org\\\/#website\"},\"datePublished\":\"2018-07-23T06:38:12+00:00\",\"dateModified\":\"2021-05-11T14:11:30+00:00\",\"breadcrumb\":{\"@id\":\"https:\\\/\\\/www.albaniandf.org\\\/projekte\\\/projekte-ne-zbatim\\\/programi-i-rehabilitimit-te-segmenteve-rrugore-prioritare\\\/#breadcrumb\"},\"inLanguage\":\"en-US\",\"potentialAction\":[{\"@type\":\"ReadAction\",\"target\":[\"https:\\\/\\\/www.albaniandf.org\\\/projekte\\\/projekte-ne-zbatim\\\/programi-i-rehabilitimit-te-segmenteve-rrugore-prioritare\\\/\"]}]},{\"@type\":\"BreadcrumbList\",\"@id\":\"https:\\\/\\\/www.albaniandf.org\\\/projekte\\\/projekte-ne-zbatim\\\/programi-i-rehabilitimit-te-segmenteve-rrugore-prioritare\\\/#breadcrumb\",\"itemListElement\":[{\"@type\":\"ListItem\",\"position\":1,\"name\":\"Home\",\"item\":\"https:\\\/\\\/www.albaniandf.org\\\/\"},{\"@type\":\"ListItem\",\"position\":2,\"name\":\"Projekte\",\"item\":\"https:\\\/\\\/www.albaniandf.org\\\/projekte\\\/\"},{\"@type\":\"ListItem\",\"position\":3,\"name\":\"Projekte ne zbatim\",\"item\":\"https:\\\/\\\/www.albaniandf.org\\\/projekte\\\/projekte-ne-zbatim\\\/\"},{\"@type\":\"ListItem\",\"position\":4,\"name\":\"Projekti i Rehabilitimit t\u00eb Segmenteve Rrugore Prioritare\"}]},{\"@type\":\"WebSite\",\"@id\":\"https:\\\/\\\/www.albaniandf.org\\\/#website\",\"url\":\"https:\\\/\\\/www.albaniandf.org\\\/\",\"name\":\"Fondi Shqiptar i Zhvillimit\",\"description\":\"\",\"publisher\":{\"@id\":\"https:\\\/\\\/www.albaniandf.org\\\/#organization\"},\"potentialAction\":[{\"@type\":\"SearchAction\",\"target\":{\"@type\":\"EntryPoint\",\"urlTemplate\":\"https:\\\/\\\/www.albaniandf.org\\\/?s={search_term_string}\"},\"query-input\":{\"@type\":\"PropertyValueSpecification\",\"valueRequired\":true,\"valueName\":\"search_term_string\"}}],\"inLanguage\":\"en-US\"},{\"@type\":\"Organization\",\"@id\":\"https:\\\/\\\/www.albaniandf.org\\\/#organization\",\"name\":\"Fondi Shqiptar i Zhvillimit\",\"url\":\"https:\\\/\\\/www.albaniandf.org\\\/\",\"logo\":{\"@type\":\"ImageObject\",\"inLanguage\":\"en-US\",\"@id\":\"https:\\\/\\\/www.albaniandf.org\\\/#\\\/schema\\\/logo\\\/image\\\/\",\"url\":\"https:\\\/\\\/www.albaniandf.org\\\/wp-content\\\/uploads\\\/2021\\\/08\\\/Fondi-Shqiptar-i-zhvillimit-logo.png\",\"contentUrl\":\"https:\\\/\\\/www.albaniandf.org\\\/wp-content\\\/uploads\\\/2021\\\/08\\\/Fondi-Shqiptar-i-zhvillimit-logo.png\",\"width\":122,\"height\":90,\"caption\":\"Fondi Shqiptar i Zhvillimit\"},\"image\":{\"@id\":\"https:\\\/\\\/www.albaniandf.org\\\/#\\\/schema\\\/logo\\\/image\\\/\"},\"sameAs\":[\"https:\\\/\\\/www.facebook.com\\\/albaniandf\\\/\",\"https:\\\/\\\/www.instagram.com\\\/fondi_shqiptar_i_zhvillimit\\\/\",\"https:\\\/\\\/www.youtube.com\\\/user\\\/AlbanianDF\"]}]}<\/script>\n<!-- \/ Yoast SEO plugin. -->","yoast_head_json":{"title":"Projekti i Rehabilitimit t\u00eb Segmenteve Rrugore Prioritare - Fondi Shqiptar i Zhvillimit","robots":{"index":"index","follow":"follow","max-snippet":"max-snippet:-1","max-image-preview":"max-image-preview:large","max-video-preview":"max-video-preview:-1"},"canonical":"https:\/\/www.albaniandf.org\/en\/projekte\/projekte-ne-zbatim\/programi-i-rehabilitimit-te-segmenteve-rrugore-prioritare\/","og_locale":"en_US","og_type":"article","og_title":"Projekti i Rehabilitimit t\u00eb Segmenteve Rrugore Prioritare - Fondi Shqiptar i Zhvillimit","og_description":"Buxheti:\u00a09.5 miliard\u00eb Lek\u00eb Koh\u00ebzgjatja:\u00a02016-2020 Financues:\u00a0Qeveria Shqiptare Shtrirja gjeografike:\u00a0N\u00eb 9 \u00a0Qarqet e Shqip\u00ebris\u00eb, 18 bashki P\u00ebrfitues:\u00a0620 mij\u00eb banor\u00eb Objektivi:\u00a0P\u00ebrmir\u00ebsimi i kushteve t\u00eb jetes\u00ebs t\u00eb banor\u00ebve n\u00eb t\u00eb gjith\u00eb vendin, rritja e...","og_url":"https:\/\/www.albaniandf.org\/en\/projekte\/projekte-ne-zbatim\/programi-i-rehabilitimit-te-segmenteve-rrugore-prioritare\/","og_site_name":"Fondi Shqiptar i Zhvillimit","article_publisher":"https:\/\/www.facebook.com\/albaniandf\/","article_modified_time":"2021-05-11T14:11:30+00:00","og_image":[{"width":623,"height":452,"url":"https:\/\/i0.wp.com\/www.albaniandf.org\/wp-content\/uploads\/2021\/09\/Fondi-Shqiptar-i-zhvillimit-logo-original.png?fit=623%2C452&ssl=1","type":"image\/png"}],"twitter_card":"summary_large_image","twitter_misc":{"Est. reading time":"2 minutes"},"schema":{"@context":"https:\/\/schema.org","@graph":[{"@type":"WebPage","@id":"https:\/\/www.albaniandf.org\/projekte\/projekte-ne-zbatim\/programi-i-rehabilitimit-te-segmenteve-rrugore-prioritare\/","url":"https:\/\/www.albaniandf.org\/projekte\/projekte-ne-zbatim\/programi-i-rehabilitimit-te-segmenteve-rrugore-prioritare\/","name":"Projekti i Rehabilitimit t\u00eb Segmenteve Rrugore Prioritare - Fondi Shqiptar i Zhvillimit","isPartOf":{"@id":"https:\/\/www.albaniandf.org\/#website"},"datePublished":"2018-07-23T06:38:12+00:00","dateModified":"2021-05-11T14:11:30+00:00","breadcrumb":{"@id":"https:\/\/www.albaniandf.org\/projekte\/projekte-ne-zbatim\/programi-i-rehabilitimit-te-segmenteve-rrugore-prioritare\/#breadcrumb"},"inLanguage":"en-US","potentialAction":[{"@type":"ReadAction","target":["https:\/\/www.albaniandf.org\/projekte\/projekte-ne-zbatim\/programi-i-rehabilitimit-te-segmenteve-rrugore-prioritare\/"]}]},{"@type":"BreadcrumbList","@id":"https:\/\/www.albaniandf.org\/projekte\/projekte-ne-zbatim\/programi-i-rehabilitimit-te-segmenteve-rrugore-prioritare\/#breadcrumb","itemListElement":[{"@type":"ListItem","position":1,"name":"Home","item":"https:\/\/www.albaniandf.org\/"},{"@type":"ListItem","position":2,"name":"Projekte","item":"https:\/\/www.albaniandf.org\/projekte\/"},{"@type":"ListItem","position":3,"name":"Projekte ne zbatim","item":"https:\/\/www.albaniandf.org\/projekte\/projekte-ne-zbatim\/"},{"@type":"ListItem","position":4,"name":"Projekti i Rehabilitimit t\u00eb Segmenteve Rrugore Prioritare"}]},{"@type":"WebSite","@id":"https:\/\/www.albaniandf.org\/#website","url":"https:\/\/www.albaniandf.org\/","name":"Albanian Development Fund","description":"","publisher":{"@id":"https:\/\/www.albaniandf.org\/#organization"},"potentialAction":[{"@type":"SearchAction","target":{"@type":"EntryPoint","urlTemplate":"https:\/\/www.albaniandf.org\/?s={search_term_string}"},"query-input":{"@type":"PropertyValueSpecification","valueRequired":true,"valueName":"search_term_string"}}],"inLanguage":"en-US"},{"@type":"Organization","@id":"https:\/\/www.albaniandf.org\/#organization","name":"Albanian Development Fund","url":"https:\/\/www.albaniandf.org\/","logo":{"@type":"ImageObject","inLanguage":"en-US","@id":"https:\/\/www.albaniandf.org\/#\/schema\/logo\/image\/","url":"https:\/\/www.albaniandf.org\/wp-content\/uploads\/2021\/08\/Fondi-Shqiptar-i-zhvillimit-logo.png","contentUrl":"https:\/\/www.albaniandf.org\/wp-content\/uploads\/2021\/08\/Fondi-Shqiptar-i-zhvillimit-logo.png","width":122,"height":90,"caption":"Fondi Shqiptar i Zhvillimit"},"image":{"@id":"https:\/\/www.albaniandf.org\/#\/schema\/logo\/image\/"},"sameAs":["https:\/\/www.facebook.com\/albaniandf\/","https:\/\/www.instagram.com\/fondi_shqiptar_i_zhvillimit\/","https:\/\/www.youtube.com\/user\/AlbanianDF"]}]}},"_links":{"self":[{"href":"https:\/\/www.albaniandf.org\/en\/wp-json\/wp\/v2\/pages\/4333","targetHints":{"allow":["GET"]}}],"collection":[{"href":"https:\/\/www.albaniandf.org\/en\/wp-json\/wp\/v2\/pages"}],"about":[{"href":"https:\/\/www.albaniandf.org\/en\/wp-json\/wp\/v2\/types\/page"}],"author":[{"embeddable":true,"href":"https:\/\/www.albaniandf.org\/en\/wp-json\/wp\/v2\/users\/1"}],"replies":[{"embeddable":true,"href":"https:\/\/www.albaniandf.org\/en\/wp-json\/wp\/v2\/comments?post=4333"}],"version-history":[{"count":7,"href":"https:\/\/www.albaniandf.org\/en\/wp-json\/wp\/v2\/pages\/4333\/revisions"}],"predecessor-version":[{"id":9460,"href":"https:\/\/www.albaniandf.org\/en\/wp-json\/wp\/v2\/pages\/4333\/revisions\/9460"}],"up":[{"embeddable":true,"href":"https:\/\/www.albaniandf.org\/en\/wp-json\/wp\/v2\/pages\/1886"}],"wp:attachment":[{"href":"https:\/\/www.albaniandf.org\/en\/wp-json\/wp\/v2\/media?parent=4333"}],"curies":[{"name":"wp","href":"https:\/\/api.w.org\/{rel}","templated":true}]}}