{"id":4327,"date":"2019-01-09T11:47:29","date_gmt":"2019-01-09T10:47:29","guid":{"rendered":"https:\/\/www.albaniandf.org\/?page_id=4327"},"modified":"2023-11-22T14:18:39","modified_gmt":"2023-11-22T13:18:39","slug":"programi-i-rrugeve-lidhese-rajonale-dhe-lokale","status":"publish","type":"page","link":"https:\/\/www.albaniandf.org\/en\/projekte\/projekte-ne-zbatim\/programi-i-rrugeve-lidhese-rajonale-dhe-lokale\/","title":{"rendered":"Regional and Local Roads Connectivity"},"content":{"rendered":"<p><strong>Budget:\u00a0<\/strong>100 million USD<\/p>\n<p><strong>Implementation period :\u00a0<\/strong>2018 &#8211;\u00a0 Qershor 2024<\/p>\n<p><strong>Funding:\u00a0<\/strong>World Bank and European Bank for Reconstruction and Development (EBRD)<\/p>\n<p><strong>Geographical coverage:&nbsp;\u00a0<\/strong>3Counties (Fier,Korce,Shkoder), 3 municipalities(Fier, Pogradec, Shkoder)<\/p>\n<p><strong>Beneficiaries:\u00a0<\/strong>80 thausand inhabitants<\/p>\n<p><strong>Objective:\u00a0<\/strong>Improve access to selected agricultural and tourism centers, and strengthen their municipalities\u2019 capacity to manage their road assets.<\/p>\n<p>This Program aims to support the development of the tourism and agriculture sectors and regional connectivity through improved road access, as key drivers of economic growth and employment in Albania. The Connectivity Program also aims to develop a general framework for investment in transport infrastructure with a focus on the regional road network in areas with agricultural and tourism potential throughout the country.<\/p>\n<p><strong>The first Phase of the Connectivity Program aims to implement the following components:<\/strong><\/p>\n<p><strong>First Component. Accessibility improvement will finance the rehabilitation of regional and local roads<\/strong><\/p>\n<p>This component will finance the rehabilitation of regional and local roads; design services, civil works supervision, road safety auditing; implementation of measures to improve road safety.<\/p>\n<p><strong>Second Component:<\/strong> <strong>Capacity building for Local Self-Government Units<\/strong> This component will provide support to LGUs in two areas of their responsibilities, which are the management and maintenance of their road networks and support in the implementation of rural development programs that can be financed by the LGUs themselves, by the Government or other development partners.<\/p>\n<p><strong>Third Component: Implementation Management Support. <\/strong>This component includes the ADF operating cost, development and maintenance of a geographic information system (GIS) and database for regional and local routes, medium-term assessment and capacity building for the ADF.<\/p>\n<p><strong>The Second Phase <\/strong>This phase includes the construction and rehabilitation of the following roads Shengjin Baks - Rrjoll, Uje i Ftohte - Orikum, and the construction of 2 bypasses and road segment Zgosht - Cerenec Bridge.<\/p>\n<p>&nbsp;<\/p>\n<p><a href=\"https:\/\/www.albaniandf.org\/wp-content\/uploads\/2023\/11\/ARAP-Pogradec-Tushemisht-Lot-II_20.11.2023.pdf\">ARAP Pogradec -Tushemisht Lot II_<\/a><\/p>\n<p>&nbsp;<\/p>\n<p><strong>(N\u00eb proces p\u00ebrdit\u00ebsimi)<\/strong><\/p>\n<p>&nbsp;<\/p>","protected":false},"excerpt":{"rendered":"<p>Buxheti:\u00a0100 milion\u00eb USD Koh\u00ebzgjatja:\u00a02018 &#8211;\u00a0 Qershor 2024 Financues:\u00a0Banka Bot\u00ebrore dhe Banka Evropiane p\u00ebr Rind\u00ebrtim dhe Zhvillim(BERZH) Shtrirja gjeografike:\u00a03 qarqe (Fier, Kor\u00e7\u00eb, Shkod\u00ebr); 3 bashki (Fier, Pogradec, Shkod\u00ebr) P\u00ebrfitues:\u00a080 mij\u00eb banor\u00eb&#8230;<\/p>","protected":false},"author":1,"featured_media":0,"parent":1886,"menu_order":0,"comment_status":"closed","ping_status":"closed","template":"","meta":{"nf_dc_page":"","footnotes":""},"class_list":["post-4327","page","type-page","status-publish","hentry"],"yoast_head":"<!-- This site is optimized with the Yoast SEO plugin v27.4 - https:\/\/yoast.com\/product\/yoast-seo-wordpress\/ -->\n<title>Programi i Rrug\u00ebve Lidh\u00ebse Rajonale dhe Lokale - Fondi Shqiptar i Zhvillimit<\/title>\n<meta name=\"robots\" content=\"index, follow, max-snippet:-1, max-image-preview:large, max-video-preview:-1\" \/>\n<link rel=\"canonical\" href=\"https:\/\/www.albaniandf.org\/en\/projekte\/projekte-ne-zbatim\/programi-i-rrugeve-lidhese-rajonale-dhe-lokale\/\" \/>\n<meta property=\"og:locale\" content=\"en_US\" \/>\n<meta property=\"og:type\" content=\"article\" \/>\n<meta property=\"og:title\" content=\"Programi i Rrug\u00ebve Lidh\u00ebse Rajonale dhe Lokale - Fondi Shqiptar i Zhvillimit\" \/>\n<meta property=\"og:description\" content=\"Buxheti:\u00a0100 milion\u00eb USD Koh\u00ebzgjatja:\u00a02018 &#8211;\u00a0 Qershor 2024 Financues:\u00a0Banka Bot\u00ebrore dhe Banka Evropiane p\u00ebr Rind\u00ebrtim dhe Zhvillim(BERZH) Shtrirja gjeografike:\u00a03 qarqe (Fier, Kor\u00e7\u00eb, Shkod\u00ebr); 3 bashki (Fier, Pogradec, Shkod\u00ebr) P\u00ebrfitues:\u00a080 mij\u00eb banor\u00eb...\" \/>\n<meta property=\"og:url\" content=\"https:\/\/www.albaniandf.org\/en\/projekte\/projekte-ne-zbatim\/programi-i-rrugeve-lidhese-rajonale-dhe-lokale\/\" \/>\n<meta property=\"og:site_name\" content=\"Fondi Shqiptar i Zhvillimit\" \/>\n<meta property=\"article:publisher\" content=\"https:\/\/www.facebook.com\/albaniandf\/\" \/>\n<meta property=\"article:modified_time\" content=\"2023-11-22T13:18:39+00:00\" \/>\n<meta property=\"og:image\" content=\"https:\/\/i0.wp.com\/www.albaniandf.org\/wp-content\/uploads\/2021\/09\/Fondi-Shqiptar-i-zhvillimit-logo-original.png?fit=623%2C452&ssl=1\" \/>\n\t<meta property=\"og:image:width\" content=\"623\" \/>\n\t<meta property=\"og:image:height\" content=\"452\" \/>\n\t<meta property=\"og:image:type\" content=\"image\/png\" \/>\n<meta name=\"twitter:card\" content=\"summary_large_image\" \/>\n<meta name=\"twitter:label1\" content=\"Est. reading time\" \/>\n\t<meta name=\"twitter:data1\" content=\"2 minutes\" \/>\n<script type=\"application\/ld+json\" class=\"yoast-schema-graph\">{\"@context\":\"https:\\\/\\\/schema.org\",\"@graph\":[{\"@type\":\"WebPage\",\"@id\":\"https:\\\/\\\/www.albaniandf.org\\\/projekte\\\/projekte-ne-zbatim\\\/programi-i-rrugeve-lidhese-rajonale-dhe-lokale\\\/\",\"url\":\"https:\\\/\\\/www.albaniandf.org\\\/projekte\\\/projekte-ne-zbatim\\\/programi-i-rrugeve-lidhese-rajonale-dhe-lokale\\\/\",\"name\":\"Programi i Rrug\u00ebve Lidh\u00ebse Rajonale dhe Lokale - Fondi Shqiptar i Zhvillimit\",\"isPartOf\":{\"@id\":\"https:\\\/\\\/www.albaniandf.org\\\/#website\"},\"datePublished\":\"2019-01-09T10:47:29+00:00\",\"dateModified\":\"2023-11-22T13:18:39+00:00\",\"breadcrumb\":{\"@id\":\"https:\\\/\\\/www.albaniandf.org\\\/projekte\\\/projekte-ne-zbatim\\\/programi-i-rrugeve-lidhese-rajonale-dhe-lokale\\\/#breadcrumb\"},\"inLanguage\":\"en-US\",\"potentialAction\":[{\"@type\":\"ReadAction\",\"target\":[\"https:\\\/\\\/www.albaniandf.org\\\/projekte\\\/projekte-ne-zbatim\\\/programi-i-rrugeve-lidhese-rajonale-dhe-lokale\\\/\"]}]},{\"@type\":\"BreadcrumbList\",\"@id\":\"https:\\\/\\\/www.albaniandf.org\\\/projekte\\\/projekte-ne-zbatim\\\/programi-i-rrugeve-lidhese-rajonale-dhe-lokale\\\/#breadcrumb\",\"itemListElement\":[{\"@type\":\"ListItem\",\"position\":1,\"name\":\"Home\",\"item\":\"https:\\\/\\\/www.albaniandf.org\\\/\"},{\"@type\":\"ListItem\",\"position\":2,\"name\":\"Projekte\",\"item\":\"https:\\\/\\\/www.albaniandf.org\\\/projekte\\\/\"},{\"@type\":\"ListItem\",\"position\":3,\"name\":\"Projekte ne zbatim\",\"item\":\"https:\\\/\\\/www.albaniandf.org\\\/projekte\\\/projekte-ne-zbatim\\\/\"},{\"@type\":\"ListItem\",\"position\":4,\"name\":\"Programi i Rrug\u00ebve Lidh\u00ebse Rajonale dhe Lokale\"}]},{\"@type\":\"WebSite\",\"@id\":\"https:\\\/\\\/www.albaniandf.org\\\/#website\",\"url\":\"https:\\\/\\\/www.albaniandf.org\\\/\",\"name\":\"Fondi Shqiptar i Zhvillimit\",\"description\":\"\",\"publisher\":{\"@id\":\"https:\\\/\\\/www.albaniandf.org\\\/#organization\"},\"potentialAction\":[{\"@type\":\"SearchAction\",\"target\":{\"@type\":\"EntryPoint\",\"urlTemplate\":\"https:\\\/\\\/www.albaniandf.org\\\/?s={search_term_string}\"},\"query-input\":{\"@type\":\"PropertyValueSpecification\",\"valueRequired\":true,\"valueName\":\"search_term_string\"}}],\"inLanguage\":\"en-US\"},{\"@type\":\"Organization\",\"@id\":\"https:\\\/\\\/www.albaniandf.org\\\/#organization\",\"name\":\"Fondi Shqiptar i Zhvillimit\",\"url\":\"https:\\\/\\\/www.albaniandf.org\\\/\",\"logo\":{\"@type\":\"ImageObject\",\"inLanguage\":\"en-US\",\"@id\":\"https:\\\/\\\/www.albaniandf.org\\\/#\\\/schema\\\/logo\\\/image\\\/\",\"url\":\"https:\\\/\\\/www.albaniandf.org\\\/wp-content\\\/uploads\\\/2021\\\/08\\\/Fondi-Shqiptar-i-zhvillimit-logo.png\",\"contentUrl\":\"https:\\\/\\\/www.albaniandf.org\\\/wp-content\\\/uploads\\\/2021\\\/08\\\/Fondi-Shqiptar-i-zhvillimit-logo.png\",\"width\":122,\"height\":90,\"caption\":\"Fondi Shqiptar i Zhvillimit\"},\"image\":{\"@id\":\"https:\\\/\\\/www.albaniandf.org\\\/#\\\/schema\\\/logo\\\/image\\\/\"},\"sameAs\":[\"https:\\\/\\\/www.facebook.com\\\/albaniandf\\\/\",\"https:\\\/\\\/www.instagram.com\\\/fondi_shqiptar_i_zhvillimit\\\/\",\"https:\\\/\\\/www.youtube.com\\\/user\\\/AlbanianDF\"]}]}<\/script>\n<!-- \/ Yoast SEO plugin. -->","yoast_head_json":{"title":"Programi i Rrug\u00ebve Lidh\u00ebse Rajonale dhe Lokale - Fondi Shqiptar i Zhvillimit","robots":{"index":"index","follow":"follow","max-snippet":"max-snippet:-1","max-image-preview":"max-image-preview:large","max-video-preview":"max-video-preview:-1"},"canonical":"https:\/\/www.albaniandf.org\/en\/projekte\/projekte-ne-zbatim\/programi-i-rrugeve-lidhese-rajonale-dhe-lokale\/","og_locale":"en_US","og_type":"article","og_title":"Programi i Rrug\u00ebve Lidh\u00ebse Rajonale dhe Lokale - Fondi Shqiptar i Zhvillimit","og_description":"Buxheti:\u00a0100 milion\u00eb USD Koh\u00ebzgjatja:\u00a02018 &#8211;\u00a0 Qershor 2024 Financues:\u00a0Banka Bot\u00ebrore dhe Banka Evropiane p\u00ebr Rind\u00ebrtim dhe Zhvillim(BERZH) Shtrirja gjeografike:\u00a03 qarqe (Fier, Kor\u00e7\u00eb, Shkod\u00ebr); 3 bashki (Fier, Pogradec, Shkod\u00ebr) P\u00ebrfitues:\u00a080 mij\u00eb banor\u00eb...","og_url":"https:\/\/www.albaniandf.org\/en\/projekte\/projekte-ne-zbatim\/programi-i-rrugeve-lidhese-rajonale-dhe-lokale\/","og_site_name":"Fondi Shqiptar i Zhvillimit","article_publisher":"https:\/\/www.facebook.com\/albaniandf\/","article_modified_time":"2023-11-22T13:18:39+00:00","og_image":[{"width":623,"height":452,"url":"https:\/\/i0.wp.com\/www.albaniandf.org\/wp-content\/uploads\/2021\/09\/Fondi-Shqiptar-i-zhvillimit-logo-original.png?fit=623%2C452&ssl=1","type":"image\/png"}],"twitter_card":"summary_large_image","twitter_misc":{"Est. reading time":"2 minutes"},"schema":{"@context":"https:\/\/schema.org","@graph":[{"@type":"WebPage","@id":"https:\/\/www.albaniandf.org\/projekte\/projekte-ne-zbatim\/programi-i-rrugeve-lidhese-rajonale-dhe-lokale\/","url":"https:\/\/www.albaniandf.org\/projekte\/projekte-ne-zbatim\/programi-i-rrugeve-lidhese-rajonale-dhe-lokale\/","name":"Programi i Rrug\u00ebve Lidh\u00ebse Rajonale dhe Lokale - Fondi Shqiptar i Zhvillimit","isPartOf":{"@id":"https:\/\/www.albaniandf.org\/#website"},"datePublished":"2019-01-09T10:47:29+00:00","dateModified":"2023-11-22T13:18:39+00:00","breadcrumb":{"@id":"https:\/\/www.albaniandf.org\/projekte\/projekte-ne-zbatim\/programi-i-rrugeve-lidhese-rajonale-dhe-lokale\/#breadcrumb"},"inLanguage":"en-US","potentialAction":[{"@type":"ReadAction","target":["https:\/\/www.albaniandf.org\/projekte\/projekte-ne-zbatim\/programi-i-rrugeve-lidhese-rajonale-dhe-lokale\/"]}]},{"@type":"BreadcrumbList","@id":"https:\/\/www.albaniandf.org\/projekte\/projekte-ne-zbatim\/programi-i-rrugeve-lidhese-rajonale-dhe-lokale\/#breadcrumb","itemListElement":[{"@type":"ListItem","position":1,"name":"Home","item":"https:\/\/www.albaniandf.org\/"},{"@type":"ListItem","position":2,"name":"Projekte","item":"https:\/\/www.albaniandf.org\/projekte\/"},{"@type":"ListItem","position":3,"name":"Projekte ne zbatim","item":"https:\/\/www.albaniandf.org\/projekte\/projekte-ne-zbatim\/"},{"@type":"ListItem","position":4,"name":"Programi i Rrug\u00ebve Lidh\u00ebse Rajonale dhe Lokale"}]},{"@type":"WebSite","@id":"https:\/\/www.albaniandf.org\/#website","url":"https:\/\/www.albaniandf.org\/","name":"Albanian Development Fund","description":"","publisher":{"@id":"https:\/\/www.albaniandf.org\/#organization"},"potentialAction":[{"@type":"SearchAction","target":{"@type":"EntryPoint","urlTemplate":"https:\/\/www.albaniandf.org\/?s={search_term_string}"},"query-input":{"@type":"PropertyValueSpecification","valueRequired":true,"valueName":"search_term_string"}}],"inLanguage":"en-US"},{"@type":"Organization","@id":"https:\/\/www.albaniandf.org\/#organization","name":"Albanian Development Fund","url":"https:\/\/www.albaniandf.org\/","logo":{"@type":"ImageObject","inLanguage":"en-US","@id":"https:\/\/www.albaniandf.org\/#\/schema\/logo\/image\/","url":"https:\/\/www.albaniandf.org\/wp-content\/uploads\/2021\/08\/Fondi-Shqiptar-i-zhvillimit-logo.png","contentUrl":"https:\/\/www.albaniandf.org\/wp-content\/uploads\/2021\/08\/Fondi-Shqiptar-i-zhvillimit-logo.png","width":122,"height":90,"caption":"Fondi Shqiptar i Zhvillimit"},"image":{"@id":"https:\/\/www.albaniandf.org\/#\/schema\/logo\/image\/"},"sameAs":["https:\/\/www.facebook.com\/albaniandf\/","https:\/\/www.instagram.com\/fondi_shqiptar_i_zhvillimit\/","https:\/\/www.youtube.com\/user\/AlbanianDF"]}]}},"_links":{"self":[{"href":"https:\/\/www.albaniandf.org\/en\/wp-json\/wp\/v2\/pages\/4327","targetHints":{"allow":["GET"]}}],"collection":[{"href":"https:\/\/www.albaniandf.org\/en\/wp-json\/wp\/v2\/pages"}],"about":[{"href":"https:\/\/www.albaniandf.org\/en\/wp-json\/wp\/v2\/types\/page"}],"author":[{"embeddable":true,"href":"https:\/\/www.albaniandf.org\/en\/wp-json\/wp\/v2\/users\/1"}],"replies":[{"embeddable":true,"href":"https:\/\/www.albaniandf.org\/en\/wp-json\/wp\/v2\/comments?post=4327"}],"version-history":[{"count":12,"href":"https:\/\/www.albaniandf.org\/en\/wp-json\/wp\/v2\/pages\/4327\/revisions"}],"predecessor-version":[{"id":11415,"href":"https:\/\/www.albaniandf.org\/en\/wp-json\/wp\/v2\/pages\/4327\/revisions\/11415"}],"up":[{"embeddable":true,"href":"https:\/\/www.albaniandf.org\/en\/wp-json\/wp\/v2\/pages\/1886"}],"wp:attachment":[{"href":"https:\/\/www.albaniandf.org\/en\/wp-json\/wp\/v2\/media?parent=4327"}],"curies":[{"name":"wp","href":"https:\/\/api.w.org\/{rel}","templated":true}]}}