{"id":3871,"date":"2018-10-28T16:23:05","date_gmt":"2018-10-28T14:23:05","guid":{"rendered":"https:\/\/www.albaniandf.org\/?page_id=3871"},"modified":"2018-10-31T14:17:07","modified_gmt":"2018-10-31T12:17:07","slug":"publikime","status":"publish","type":"page","link":"https:\/\/www.albaniandf.org\/en\/pzhiut\/publikime\/","title":{"rendered":"PRESS RELEASES"},"content":{"rendered":"<section class=\"sh-section sh-section-7c073dbb1f471db1488b92fb40e56359 fw-main-row sh-section-visibility-everywhere\">\r\n\t\r\n\t\r\n\t<div class=\"sh-section-container container\">\r\n\t\t<div class=\"fw-row\">\n\t\r\n<div class=\"sh-column sh-column-607c3e6ba93b9b56d2c0c664d20025f6 fw-col-xs-12\" >\r\n\r\n\t\r\n\t<div class=\"sh-column-wrapper\">\r\n\t\t\r\n\r\n\r\n\r\n<div class=\"sh-recent-posts\" id=\"recent-posts-0ea6e11c9db887b734facc4b37c191cf\" data-id=\"3\">\r\n\r\n\t\t\r\n\t<div class=\"sh-group blog-list blog-style-masonry masonry-shadow\">\r\n\t\t\r\n\t<article id=\"post-8447\" class=\"post-item post-8447 post type-post status-publish format-standard hentry category-info-lajme category-publikime tag-piutd\" itemscope=\"itemscope\" itemtype=\"http:\/\/schema.org\/Article\">\r\n\t\t<div class=\"post-container\">\r\n\t\t\t\r\n\t\t\t<div class=\"post-meta-thumb\">\r\n\t\t\t\t\t\t\t\t\r\n\t\t\t\t\t\t\t\t\t\t\t\t\t\r\n\t\t\t\t\r\n        <div class=\"sh-overlay-style1\">\r\n            <div class=\"sh-table-full\">\r\n                                    <a href=\"https:\/\/www.albaniandf.org\/en\/2020\/08\/10\/publikimi-i-dokumentave-te-perditesuara-te-kuadrit-te-menaxhimit-mjedisor-dhe-social-dhe-kuadrit-te-politikave-te-risistemimit\/\" class=\"sh-overlay-item sh-table-cell\" title=\"Open the article - Publikimi i dokumentave te perditesuara te Kuadrit te Menaxhimit Mjedisor dhe Social dhe Kuadrit te Politikave te Risistemimit\">\r\n                        <div class=\"sh-overlay-item-container\">\r\n                            <i class=\"icon-link\"><\/i>\r\n                        <\/div>\r\n                    <\/a>\r\n                \r\n                                    <a href=\"https:\/\/www.albaniandf.org\/en\/2020\/08\/10\/publikimi-i-dokumentave-te-perditesuara-te-kuadrit-te-menaxhimit-mjedisor-dhe-social-dhe-kuadrit-te-politikave-te-risistemimit\/\" class=\"sh-overlay-item sh-table-cell\" data-rel=\"lightcase\">\r\n                        <div class=\"sh-overlay-item-container\">\r\n                            <i class=\"icon-magnifier-add\"><\/i>\r\n                        <\/div>\r\n                    <\/a>\r\n                            <\/div>\r\n        <\/div>\r\n\r\n    \t\t\t<\/div>\r\n\r\n\t\t\t<div class=\"post-content-container\">\r\n\t\t\t\t<a href=\"https:\/\/www.albaniandf.org\/en\/2020\/08\/10\/publikimi-i-dokumentave-te-perditesuara-te-kuadrit-te-menaxhimit-mjedisor-dhe-social-dhe-kuadrit-te-politikave-te-risistemimit\/\" class=\"post-title\">\r\n\t\t\t\t\t<h2 itemprop=\"headline\">\r\n\t\t\t\t\t\t\t\t\t\t\t\tPublication of updated documents of the Environmental and Social Management Framework and Resettlement Policy Framework\t\t\t\t\t<\/h2>\r\n\t\t\t\t<\/a>\r\n\r\n\t\t\t\t<div class=\"post-meta post-meta-one\">\r\n\t\t\t\t\t\r\n        <span class=\"post-meta-author\">\r\n            by            <a href=\"https:\/\/www.albaniandf.org\/en\/author\/admin\/\" class=\"bypostauthor\" itemprop=\"url\" rel=\"author\">\r\n                admin-admin            <\/a>\r\n        <\/span>\r\n\r\n                    <time class=\"updated semantic\" itemprop=\"dateModified\" datetime=\"2020-10-15T07:28:27+00:00\"><\/time>\r\n            <a href=\"https:\/\/www.albaniandf.org\/en\/2020\/08\/10\/publikimi-i-dokumentave-te-perditesuara-te-kuadrit-te-menaxhimit-mjedisor-dhe-social-dhe-kuadrit-te-politikave-te-risistemimit\/\" class=\"post-meta-date sh-default-color\">August 10, 2020<\/a>\r\n        \r\n    \t\t\t\t<\/div>\r\n\r\n\t\t\t\t<div class=\"post-content\" itemprop=\"text\">\r\n\t\t\t\t\t<p>Qeveria e Shqip\u00ebris\u00eb p\u00ebrmes Ministris\u00eb s\u00eb Financave dhe Ekonomis\u00eb k\u00ebrkon Financim shtes\u00eb (AF) nga Banka Nd\u00ebrkomb\u00ebtare p\u00ebr Rind\u00ebrtim dhe Zhvillim (Banka) p\u00ebr t\u00eb mb\u00ebshtetur shkall\u00ebn e ngritur p\u00ebr Projektin aktual&#8230;<\/p>\n\t\t\t\t<\/div>\r\n\r\n\t\t\t\t<div class=\"post-meta post-meta-two\">\r\n\t\t\t\t\t\r\n        <div class=\"sh-columns post-meta-comments\">\r\n            <span class=\"post-meta-categories\">\r\n                <i class=\"icon-tag\"><\/i>\r\n                <a href=\"https:\/\/www.albaniandf.org\/en\/category\/info-lajme\/\" rel=\"category tag\">INFO &amp; NEWS<\/a>, <a href=\"https:\/\/www.albaniandf.org\/en\/category\/info-lajme\/publikime\/\" rel=\"category tag\">PRESS RELEASES<\/a>            <\/span>\r\n\r\n                            <div><\/div>\r\n                    <\/div>\r\n\r\n    \t\t\t\t<\/div>\r\n\t\t\t<\/div>\r\n\r\n\t\t<\/div>\r\n\t<\/article>\r\n\r\n\r\n\r\n\t<article id=\"post-3681\" class=\"post-item post-3681 post type-post status-publish format-standard hentry category-info-lajme category-publikime tag-piutd\" itemscope=\"itemscope\" itemtype=\"http:\/\/schema.org\/Article\">\r\n\t\t<div class=\"post-container\">\r\n\t\t\t\r\n\t\t\t<div class=\"post-meta-thumb\">\r\n\t\t\t\t\t\t\t\t\r\n\t\t\t\t\t\t\t\t\t\t\t\t\t\r\n\t\t\t\t\r\n        <div class=\"sh-overlay-style1\">\r\n            <div class=\"sh-table-full\">\r\n                                    <a href=\"https:\/\/www.albaniandf.org\/en\/2018\/09\/17\/rehabilitimi-i-rruges-muzak-topia\/\" class=\"sh-overlay-item sh-table-cell\" title=\"Open the article - Rehabilitimi i rrug\u00ebs \u201cMuzak Topia\u201d p\u00ebr n\u00eb Kalan\u00eb e Beratit\">\r\n                        <div class=\"sh-overlay-item-container\">\r\n                            <i class=\"icon-link\"><\/i>\r\n                        <\/div>\r\n                    <\/a>\r\n                \r\n                                    <a href=\"https:\/\/www.albaniandf.org\/en\/2018\/09\/17\/rehabilitimi-i-rruges-muzak-topia\/\" class=\"sh-overlay-item sh-table-cell\" data-rel=\"lightcase\">\r\n                        <div class=\"sh-overlay-item-container\">\r\n                            <i class=\"icon-magnifier-add\"><\/i>\r\n                        <\/div>\r\n                    <\/a>\r\n                            <\/div>\r\n        <\/div>\r\n\r\n    \t\t\t<\/div>\r\n\r\n\t\t\t<div class=\"post-content-container\">\r\n\t\t\t\t<a href=\"https:\/\/www.albaniandf.org\/en\/2018\/09\/17\/rehabilitimi-i-rruges-muzak-topia\/\" class=\"post-title\">\r\n\t\t\t\t\t<h2 itemprop=\"headline\">\r\n\t\t\t\t\t\t\t\t\t\t\t\tRehabilitation of \u201cMuzak Topia\u201d road to Berat Castle\t\t\t\t\t<\/h2>\r\n\t\t\t\t<\/a>\r\n\r\n\t\t\t\t<div class=\"post-meta post-meta-one\">\r\n\t\t\t\t\t\r\n        <span class=\"post-meta-author\">\r\n            by            <a href=\"https:\/\/www.albaniandf.org\/en\/author\/admin\/\" class=\"bypostauthor\" itemprop=\"url\" rel=\"author\">\r\n                admin-admin            <\/a>\r\n        <\/span>\r\n\r\n                    <time class=\"updated semantic\" itemprop=\"dateModified\" datetime=\"2018-10-31T11:03:22+00:00\"><\/time>\r\n            <a href=\"https:\/\/www.albaniandf.org\/en\/2018\/09\/17\/rehabilitimi-i-rruges-muzak-topia\/\" class=\"post-meta-date sh-default-color\">September 17, 2018<\/a>\r\n        \r\n    \t\t\t\t<\/div>\r\n\r\n\t\t\t\t<div class=\"post-content\" itemprop=\"text\">\r\n\t\t\t\t\t<p>Ne vazhdim te Procedurave te kompensimit per personat e prekur nga Projekti: Rikonstruksioni dhe Zgjerimi I Rruges Muzak Topia \u2013Berat (segmenti nga rreth rrotullimi te ish-rezervat e Shtetit deri tek&#8230;<\/p>\n\t\t\t\t<\/div>\r\n\r\n\t\t\t\t<div class=\"post-meta post-meta-two\">\r\n\t\t\t\t\t\r\n        <div class=\"sh-columns post-meta-comments\">\r\n            <span class=\"post-meta-categories\">\r\n                <i class=\"icon-tag\"><\/i>\r\n                <a href=\"https:\/\/www.albaniandf.org\/en\/category\/info-lajme\/\" rel=\"category tag\">INFO &amp; NEWS<\/a>, <a href=\"https:\/\/www.albaniandf.org\/en\/category\/info-lajme\/publikime\/\" rel=\"category tag\">PRESS RELEASES<\/a>            <\/span>\r\n\r\n                            <div><\/div>\r\n                    <\/div>\r\n\r\n    \t\t\t\t<\/div>\r\n\t\t\t<\/div>\r\n\r\n\t\t<\/div>\r\n\t<\/article>\r\n\r\n\r\n\r\n\t<article id=\"post-3653\" class=\"post-item post-3653 post type-post status-publish format-standard hentry category-info-lajme category-publikime tag-piutd\" itemscope=\"itemscope\" itemtype=\"http:\/\/schema.org\/Article\">\r\n\t\t<div class=\"post-container\">\r\n\t\t\t\r\n\t\t\t<div class=\"post-meta-thumb\">\r\n\t\t\t\t\t\t\t\t\r\n\t\t\t\t\t\t\t\t\t\t\t\t\t\r\n\t\t\t\t\r\n        <div class=\"sh-overlay-style1\">\r\n            <div class=\"sh-table-full\">\r\n                                    <a href=\"https:\/\/www.albaniandf.org\/en\/2018\/02\/22\/rehabilitimi-i-rruges-muzak-topia-per-ne-kalane-e-beratit\/\" class=\"sh-overlay-item sh-table-cell\" title=\"Open the article - Rehabilitimi i rrug\u00ebs &#8220;Muzak Topia&#8221; p\u00ebr n\u00eb Kalan\u00eb e Beratit\">\r\n                        <div class=\"sh-overlay-item-container\">\r\n                            <i class=\"icon-link\"><\/i>\r\n                        <\/div>\r\n                    <\/a>\r\n                \r\n                                    <a href=\"https:\/\/www.albaniandf.org\/en\/2018\/02\/22\/rehabilitimi-i-rruges-muzak-topia-per-ne-kalane-e-beratit\/\" class=\"sh-overlay-item sh-table-cell\" data-rel=\"lightcase\">\r\n                        <div class=\"sh-overlay-item-container\">\r\n                            <i class=\"icon-magnifier-add\"><\/i>\r\n                        <\/div>\r\n                    <\/a>\r\n                            <\/div>\r\n        <\/div>\r\n\r\n    \t\t\t<\/div>\r\n\r\n\t\t\t<div class=\"post-content-container\">\r\n\t\t\t\t<a href=\"https:\/\/www.albaniandf.org\/en\/2018\/02\/22\/rehabilitimi-i-rruges-muzak-topia-per-ne-kalane-e-beratit\/\" class=\"post-title\">\r\n\t\t\t\t\t<h2 itemprop=\"headline\">\r\n\t\t\t\t\t\t\t\t\t\t\t\tRehabilitation of \u201cMuzak Topia\u201d road to Berat Castle\t\t\t\t\t<\/h2>\r\n\t\t\t\t<\/a>\r\n\r\n\t\t\t\t<div class=\"post-meta post-meta-one\">\r\n\t\t\t\t\t\r\n        <span class=\"post-meta-author\">\r\n            by            <a href=\"https:\/\/www.albaniandf.org\/en\/author\/admin\/\" class=\"bypostauthor\" itemprop=\"url\" rel=\"author\">\r\n                admin-admin            <\/a>\r\n        <\/span>\r\n\r\n                    <time class=\"updated semantic\" itemprop=\"dateModified\" datetime=\"2018-10-31T11:03:46+00:00\"><\/time>\r\n            <a href=\"https:\/\/www.albaniandf.org\/en\/2018\/02\/22\/rehabilitimi-i-rruges-muzak-topia-per-ne-kalane-e-beratit\/\" class=\"post-meta-date sh-default-color\">February 22, 2018<\/a>\r\n        \r\n    \t\t\t\t<\/div>\r\n\r\n\t\t\t\t<div class=\"post-content\" itemprop=\"text\">\r\n\t\t\t\t\t<p>Rehabilitimi i rrug\u00ebs \u201cMuzak Topia\u201d p\u00ebr n\u00eb Kalan\u00eb e Beratit \u00ebsht\u00eb pjes\u00eb e investimeve q\u00eb po realizohen nga Fondi Shqiptar i Zhvillimit n\u00eb kuad\u00ebr t\u00eb projektit \u201cZhvillimi i Integruar Urban&#8230;<\/p>\n\t\t\t\t<\/div>\r\n\r\n\t\t\t\t<div class=\"post-meta post-meta-two\">\r\n\t\t\t\t\t\r\n        <div class=\"sh-columns post-meta-comments\">\r\n            <span class=\"post-meta-categories\">\r\n                <i class=\"icon-tag\"><\/i>\r\n                <a href=\"https:\/\/www.albaniandf.org\/en\/category\/info-lajme\/\" rel=\"category tag\">INFO &amp; NEWS<\/a>, <a href=\"https:\/\/www.albaniandf.org\/en\/category\/info-lajme\/publikime\/\" rel=\"category tag\">PRESS RELEASES<\/a>            <\/span>\r\n\r\n                            <div><\/div>\r\n                    <\/div>\r\n\r\n    \t\t\t\t<\/div>\r\n\t\t\t<\/div>\r\n\r\n\t\t<\/div>\r\n\t<\/article>\r\n\r\n\r\n\t<\/div>\r\n\r\n\t<\/div>\r\n\t<\/div>\r\n\r\n\r\n\t\t\r\n\r\n<\/div>\r\n<\/div>\n\n\t<\/div>\r\n<\/section>","protected":false},"excerpt":{"rendered":"<p>Rehabilitimi i rrug\u00ebs \u201cMuzak Topia\u201d p\u00ebr n\u00eb Kalan\u00eb e Beratit \u00ebsht\u00eb pjes\u00eb e investimeve q\u00eb po realizohen nga Fondi Shqiptar i Zhvillimit n\u00eb kuad\u00ebr t\u00eb projektit \u201cZhvillimi i Integruar Urban&#8230;<\/p>","protected":false},"author":1,"featured_media":0,"parent":3826,"menu_order":0,"comment_status":"closed","ping_status":"closed","template":"","meta":{"nf_dc_page":"","footnotes":""},"class_list":["post-3871","page","type-page","status-publish","hentry"],"yoast_head":"<!-- This site is optimized with the Yoast SEO plugin v27.4 - https:\/\/yoast.com\/product\/yoast-seo-wordpress\/ -->\n<title>Publikime - Fondi Shqiptar i Zhvillimit<\/title>\n<meta name=\"robots\" content=\"index, follow, max-snippet:-1, max-image-preview:large, max-video-preview:-1\" \/>\n<link rel=\"canonical\" href=\"https:\/\/www.albaniandf.org\/en\/pzhiut\/publikime\/\" \/>\n<meta property=\"og:locale\" content=\"en_US\" \/>\n<meta property=\"og:type\" content=\"article\" \/>\n<meta property=\"og:title\" content=\"Publikime - Fondi Shqiptar i Zhvillimit\" \/>\n<meta property=\"og:description\" content=\"Rehabilitimi i rrug\u00ebs \u201cMuzak Topia\u201d p\u00ebr n\u00eb Kalan\u00eb e Beratit \u00ebsht\u00eb pjes\u00eb e investimeve q\u00eb po realizohen nga Fondi Shqiptar i Zhvillimit n\u00eb kuad\u00ebr t\u00eb projektit \u201cZhvillimi i Integruar Urban...\" \/>\n<meta property=\"og:url\" content=\"https:\/\/www.albaniandf.org\/en\/pzhiut\/publikime\/\" \/>\n<meta property=\"og:site_name\" content=\"Fondi Shqiptar i Zhvillimit\" \/>\n<meta property=\"article:publisher\" content=\"https:\/\/www.facebook.com\/albaniandf\/\" \/>\n<meta property=\"article:modified_time\" content=\"2018-10-31T12:17:07+00:00\" \/>\n<meta property=\"og:image\" content=\"https:\/\/i0.wp.com\/www.albaniandf.org\/wp-content\/uploads\/2021\/09\/Fondi-Shqiptar-i-zhvillimit-logo-original.png?fit=623%2C452&ssl=1\" \/>\n\t<meta property=\"og:image:width\" content=\"623\" \/>\n\t<meta property=\"og:image:height\" content=\"452\" \/>\n\t<meta property=\"og:image:type\" content=\"image\/png\" \/>\n<meta name=\"twitter:card\" content=\"summary_large_image\" \/>\n<meta name=\"twitter:label1\" content=\"Est. reading time\" \/>\n\t<meta name=\"twitter:data1\" content=\"2 minutes\" \/>\n<script type=\"application\/ld+json\" class=\"yoast-schema-graph\">{\"@context\":\"https:\\\/\\\/schema.org\",\"@graph\":[{\"@type\":\"WebPage\",\"@id\":\"https:\\\/\\\/www.albaniandf.org\\\/pzhiut\\\/publikime\\\/\",\"url\":\"https:\\\/\\\/www.albaniandf.org\\\/pzhiut\\\/publikime\\\/\",\"name\":\"Publikime - Fondi Shqiptar i Zhvillimit\",\"isPartOf\":{\"@id\":\"https:\\\/\\\/www.albaniandf.org\\\/#website\"},\"datePublished\":\"2018-10-28T14:23:05+00:00\",\"dateModified\":\"2018-10-31T12:17:07+00:00\",\"breadcrumb\":{\"@id\":\"https:\\\/\\\/www.albaniandf.org\\\/pzhiut\\\/publikime\\\/#breadcrumb\"},\"inLanguage\":\"en-US\",\"potentialAction\":[{\"@type\":\"ReadAction\",\"target\":[\"https:\\\/\\\/www.albaniandf.org\\\/pzhiut\\\/publikime\\\/\"]}]},{\"@type\":\"BreadcrumbList\",\"@id\":\"https:\\\/\\\/www.albaniandf.org\\\/pzhiut\\\/publikime\\\/#breadcrumb\",\"itemListElement\":[{\"@type\":\"ListItem\",\"position\":1,\"name\":\"Home\",\"item\":\"https:\\\/\\\/www.albaniandf.org\\\/\"},{\"@type\":\"ListItem\",\"position\":2,\"name\":\"Projekti p\u00ebr Zhvillimin e Integruar Urban dhe Turizmin\",\"item\":\"https:\\\/\\\/www.albaniandf.org\\\/pzhiut\\\/\"},{\"@type\":\"ListItem\",\"position\":3,\"name\":\"Publikime\"}]},{\"@type\":\"WebSite\",\"@id\":\"https:\\\/\\\/www.albaniandf.org\\\/#website\",\"url\":\"https:\\\/\\\/www.albaniandf.org\\\/\",\"name\":\"Fondi Shqiptar i Zhvillimit\",\"description\":\"\",\"publisher\":{\"@id\":\"https:\\\/\\\/www.albaniandf.org\\\/#organization\"},\"potentialAction\":[{\"@type\":\"SearchAction\",\"target\":{\"@type\":\"EntryPoint\",\"urlTemplate\":\"https:\\\/\\\/www.albaniandf.org\\\/?s={search_term_string}\"},\"query-input\":{\"@type\":\"PropertyValueSpecification\",\"valueRequired\":true,\"valueName\":\"search_term_string\"}}],\"inLanguage\":\"en-US\"},{\"@type\":\"Organization\",\"@id\":\"https:\\\/\\\/www.albaniandf.org\\\/#organization\",\"name\":\"Fondi Shqiptar i Zhvillimit\",\"url\":\"https:\\\/\\\/www.albaniandf.org\\\/\",\"logo\":{\"@type\":\"ImageObject\",\"inLanguage\":\"en-US\",\"@id\":\"https:\\\/\\\/www.albaniandf.org\\\/#\\\/schema\\\/logo\\\/image\\\/\",\"url\":\"https:\\\/\\\/www.albaniandf.org\\\/wp-content\\\/uploads\\\/2021\\\/08\\\/Fondi-Shqiptar-i-zhvillimit-logo.png\",\"contentUrl\":\"https:\\\/\\\/www.albaniandf.org\\\/wp-content\\\/uploads\\\/2021\\\/08\\\/Fondi-Shqiptar-i-zhvillimit-logo.png\",\"width\":122,\"height\":90,\"caption\":\"Fondi Shqiptar i Zhvillimit\"},\"image\":{\"@id\":\"https:\\\/\\\/www.albaniandf.org\\\/#\\\/schema\\\/logo\\\/image\\\/\"},\"sameAs\":[\"https:\\\/\\\/www.facebook.com\\\/albaniandf\\\/\",\"https:\\\/\\\/www.instagram.com\\\/fondi_shqiptar_i_zhvillimit\\\/\",\"https:\\\/\\\/www.youtube.com\\\/user\\\/AlbanianDF\"]}]}<\/script>\n<!-- \/ Yoast SEO plugin. -->","yoast_head_json":{"title":"Publikime - Fondi Shqiptar i Zhvillimit","robots":{"index":"index","follow":"follow","max-snippet":"max-snippet:-1","max-image-preview":"max-image-preview:large","max-video-preview":"max-video-preview:-1"},"canonical":"https:\/\/www.albaniandf.org\/en\/pzhiut\/publikime\/","og_locale":"en_US","og_type":"article","og_title":"Publikime - Fondi Shqiptar i Zhvillimit","og_description":"Rehabilitimi i rrug\u00ebs \u201cMuzak Topia\u201d p\u00ebr n\u00eb Kalan\u00eb e Beratit \u00ebsht\u00eb pjes\u00eb e investimeve q\u00eb po realizohen nga Fondi Shqiptar i Zhvillimit n\u00eb kuad\u00ebr t\u00eb projektit \u201cZhvillimi i Integruar Urban...","og_url":"https:\/\/www.albaniandf.org\/en\/pzhiut\/publikime\/","og_site_name":"Fondi Shqiptar i Zhvillimit","article_publisher":"https:\/\/www.facebook.com\/albaniandf\/","article_modified_time":"2018-10-31T12:17:07+00:00","og_image":[{"width":623,"height":452,"url":"https:\/\/i0.wp.com\/www.albaniandf.org\/wp-content\/uploads\/2021\/09\/Fondi-Shqiptar-i-zhvillimit-logo-original.png?fit=623%2C452&ssl=1","type":"image\/png"}],"twitter_card":"summary_large_image","twitter_misc":{"Est. reading time":"2 minutes"},"schema":{"@context":"https:\/\/schema.org","@graph":[{"@type":"WebPage","@id":"https:\/\/www.albaniandf.org\/pzhiut\/publikime\/","url":"https:\/\/www.albaniandf.org\/pzhiut\/publikime\/","name":"Publikime - Fondi Shqiptar i Zhvillimit","isPartOf":{"@id":"https:\/\/www.albaniandf.org\/#website"},"datePublished":"2018-10-28T14:23:05+00:00","dateModified":"2018-10-31T12:17:07+00:00","breadcrumb":{"@id":"https:\/\/www.albaniandf.org\/pzhiut\/publikime\/#breadcrumb"},"inLanguage":"en-US","potentialAction":[{"@type":"ReadAction","target":["https:\/\/www.albaniandf.org\/pzhiut\/publikime\/"]}]},{"@type":"BreadcrumbList","@id":"https:\/\/www.albaniandf.org\/pzhiut\/publikime\/#breadcrumb","itemListElement":[{"@type":"ListItem","position":1,"name":"Home","item":"https:\/\/www.albaniandf.org\/"},{"@type":"ListItem","position":2,"name":"Projekti p\u00ebr Zhvillimin e Integruar Urban dhe Turizmin","item":"https:\/\/www.albaniandf.org\/pzhiut\/"},{"@type":"ListItem","position":3,"name":"Publikime"}]},{"@type":"WebSite","@id":"https:\/\/www.albaniandf.org\/#website","url":"https:\/\/www.albaniandf.org\/","name":"Albanian Development Fund","description":"","publisher":{"@id":"https:\/\/www.albaniandf.org\/#organization"},"potentialAction":[{"@type":"SearchAction","target":{"@type":"EntryPoint","urlTemplate":"https:\/\/www.albaniandf.org\/?s={search_term_string}"},"query-input":{"@type":"PropertyValueSpecification","valueRequired":true,"valueName":"search_term_string"}}],"inLanguage":"en-US"},{"@type":"Organization","@id":"https:\/\/www.albaniandf.org\/#organization","name":"Albanian Development Fund","url":"https:\/\/www.albaniandf.org\/","logo":{"@type":"ImageObject","inLanguage":"en-US","@id":"https:\/\/www.albaniandf.org\/#\/schema\/logo\/image\/","url":"https:\/\/www.albaniandf.org\/wp-content\/uploads\/2021\/08\/Fondi-Shqiptar-i-zhvillimit-logo.png","contentUrl":"https:\/\/www.albaniandf.org\/wp-content\/uploads\/2021\/08\/Fondi-Shqiptar-i-zhvillimit-logo.png","width":122,"height":90,"caption":"Fondi Shqiptar i Zhvillimit"},"image":{"@id":"https:\/\/www.albaniandf.org\/#\/schema\/logo\/image\/"},"sameAs":["https:\/\/www.facebook.com\/albaniandf\/","https:\/\/www.instagram.com\/fondi_shqiptar_i_zhvillimit\/","https:\/\/www.youtube.com\/user\/AlbanianDF"]}]}},"_links":{"self":[{"href":"https:\/\/www.albaniandf.org\/en\/wp-json\/wp\/v2\/pages\/3871","targetHints":{"allow":["GET"]}}],"collection":[{"href":"https:\/\/www.albaniandf.org\/en\/wp-json\/wp\/v2\/pages"}],"about":[{"href":"https:\/\/www.albaniandf.org\/en\/wp-json\/wp\/v2\/types\/page"}],"author":[{"embeddable":true,"href":"https:\/\/www.albaniandf.org\/en\/wp-json\/wp\/v2\/users\/1"}],"replies":[{"embeddable":true,"href":"https:\/\/www.albaniandf.org\/en\/wp-json\/wp\/v2\/comments?post=3871"}],"version-history":[{"count":0,"href":"https:\/\/www.albaniandf.org\/en\/wp-json\/wp\/v2\/pages\/3871\/revisions"}],"up":[{"embeddable":true,"href":"https:\/\/www.albaniandf.org\/en\/wp-json\/wp\/v2\/pages\/3826"}],"wp:attachment":[{"href":"https:\/\/www.albaniandf.org\/en\/wp-json\/wp\/v2\/media?parent=3871"}],"curies":[{"name":"wp","href":"https:\/\/api.w.org\/{rel}","templated":true}]}}