{"id":3867,"date":"2018-10-28T16:18:03","date_gmt":"2018-10-28T14:18:03","guid":{"rendered":"https:\/\/www.albaniandf.org\/?page_id=3867"},"modified":"2018-10-28T21:22:05","modified_gmt":"2018-10-28T19:22:05","slug":"zhvillimi-i-tregut-dhe-produkteve-turistike","status":"publish","type":"page","link":"https:\/\/www.albaniandf.org\/en\/pzhiut\/zhvillimi-i-tregut-dhe-produkteve-turistike\/","title":{"rendered":"Tourism market and product development"},"content":{"rendered":"<section class=\"sh-section sh-section-495ccc366b546fb25afcfb36f3bb7f99 fw-main-row sh-section-visibility-everywhere\">\r\n\t\r\n\t\r\n\t<div class=\"sh-section-container container\">\r\n\t\t<div class=\"fw-row\">\n\t\r\n<div class=\"sh-column sh-column-457e70a839ca00d5b7d82e540bcac9b5 fw-col-xs-12\" >\r\n\r\n\t\r\n\t<div class=\"sh-column-wrapper\">\r\n\t\t\r\n<div id=\"text-block-1286e8579be124f6ec9a499db8224bf2\" class=\"sh-text-block\">\r\n\t<h4 class=\"titlefirst\">Tourism market and product development (EURO 7.7 million)<\/h4><p>&nbsp;<\/p><p>This component will provide support to municipalities for improvement of management of their services. The main focus will be the financing of activities that support. Main investments include provision of knowledge\/equipment for:<\/p><div class=\"ccwList\"><ul><li>Equipment for planning, collecting and managing of local taxes and fees;<\/li><li>Technical assistance to improve the delivery of services<\/li><li>Establishing geographic information system (GIS) and systems for asset management.<\/li><\/ul><hr \/><p style=\"font-weight: 400;\">A rapid tourism sector diagnostic developed as part of the Tourism Destination Audit for the South of Albania and in consultation with key tourism sector stakeholders confirmed the need to diversify and add value to tourism products in the south of Albania.<\/p><p style=\"font-weight: 400;\">Among selected municipalities Berat, Gjirokastra, Permet and Saranda municipalities have all identified tourism as their primary economic driver but have currently committed to supporting its growth to varying degrees.<\/p><p style=\"font-weight: 400;\">Based on discussions with key local tourism stakeholders, also aiming to establish sustainable structures that span beyond the proposed project, it was agreed that this component will support the development of the following activities:<\/p><p>&nbsp;<\/p><h5>1.\tMarket Research to guide product development<\/h5><p style=\"font-weight: 400;\">This involved the development of a regional level (south of Albania) market research, with deep-dives in the four selected municipalities. This is expected to provide the basis for market and product development in Years 2-5 of the project.<\/p><p><br style=\"font-weight: 400;\" \/><b><\/b><\/p><h5>2.\tTourism product development<\/h5><p style=\"font-weight: 400;\">This activity would entail:<\/p><p>(i) defining opportunities for new product tourism value chain development,<\/p><p>(ii) establishing partnerships between municipalities, and local tourism stakeholders to drive destination management,<\/p><p>(iii) developing a business plan for the Destination Management Partnerships which would include concepts for the development of new tourism products,<\/p><p>(iv) investing in at least 20 new tourism products and ensuring that they are connected to potential markets.<\/p><p>&nbsp;<\/p><p style=\"font-weight: 400;\"><b><strong>Broader tourism sector support.\u00a0<\/strong><\/b>This Subcomponent will also support activities aimed at establishing a system of robust tourism statistics which could guide market and product development and, based on available funds, could also support the responsible ministries in the further operationalization of the tourism law (enacted in October 2015).<\/p><\/div><\/div>\r\n\t<\/div>\r\n\r\n\r\n\t\t\r\n\r\n<\/div>\r\n<\/div>\n\n\t<\/div>\r\n<\/section>","protected":false},"excerpt":{"rendered":"<p>Zhvillimi i tregut dhe produkteve turistike (7.7 milion euro)&nbsp;Ky komponent do t\u00eb siguroj\u00eb mb\u00ebshtetje ndaj bashkive p\u00ebr p\u00ebrmir\u00ebsimin e menaxhimit te sh\u00ebrbimeve. Investimet kryesore p\u00ebrfshijn\u00eb:Investime n\u00eb mjete p\u00ebr t\u00eb p\u00ebrmir\u00ebsuar&#8230;<\/p>","protected":false},"author":1,"featured_media":0,"parent":3826,"menu_order":0,"comment_status":"closed","ping_status":"closed","template":"","meta":{"nf_dc_page":"","footnotes":""},"class_list":["post-3867","page","type-page","status-publish","hentry"],"yoast_head":"<!-- This site is optimized with the Yoast SEO plugin v27.4 - https:\/\/yoast.com\/product\/yoast-seo-wordpress\/ -->\n<title>Zhvillimi i tregut dhe produkteve turistike - Fondi Shqiptar i Zhvillimit<\/title>\n<meta name=\"robots\" content=\"index, follow, max-snippet:-1, max-image-preview:large, max-video-preview:-1\" \/>\n<link rel=\"canonical\" href=\"https:\/\/www.albaniandf.org\/en\/pzhiut\/zhvillimi-i-tregut-dhe-produkteve-turistike\/\" \/>\n<meta property=\"og:locale\" content=\"en_US\" \/>\n<meta property=\"og:type\" content=\"article\" \/>\n<meta property=\"og:title\" content=\"Zhvillimi i tregut dhe produkteve turistike - Fondi Shqiptar i Zhvillimit\" \/>\n<meta property=\"og:description\" content=\"Zhvillimi i tregut dhe produkteve turistike (7.7 milion euro)&nbsp;Ky komponent do t\u00eb siguroj\u00eb mb\u00ebshtetje ndaj bashkive p\u00ebr p\u00ebrmir\u00ebsimin e menaxhimit te sh\u00ebrbimeve. Investimet kryesore p\u00ebrfshijn\u00eb:Investime n\u00eb mjete p\u00ebr t\u00eb p\u00ebrmir\u00ebsuar...\" \/>\n<meta property=\"og:url\" content=\"https:\/\/www.albaniandf.org\/en\/pzhiut\/zhvillimi-i-tregut-dhe-produkteve-turistike\/\" \/>\n<meta property=\"og:site_name\" content=\"Fondi Shqiptar i Zhvillimit\" \/>\n<meta property=\"article:publisher\" content=\"https:\/\/www.facebook.com\/albaniandf\/\" \/>\n<meta property=\"article:modified_time\" content=\"2018-10-28T19:22:05+00:00\" \/>\n<meta property=\"og:image\" content=\"https:\/\/i0.wp.com\/www.albaniandf.org\/wp-content\/uploads\/2021\/09\/Fondi-Shqiptar-i-zhvillimit-logo-original.png?fit=623%2C452&ssl=1\" \/>\n\t<meta property=\"og:image:width\" content=\"623\" \/>\n\t<meta property=\"og:image:height\" content=\"452\" \/>\n\t<meta property=\"og:image:type\" content=\"image\/png\" \/>\n<meta name=\"twitter:card\" content=\"summary_large_image\" \/>\n<meta name=\"twitter:label1\" content=\"Est. reading time\" \/>\n\t<meta name=\"twitter:data1\" content=\"2 minutes\" \/>\n<script type=\"application\/ld+json\" class=\"yoast-schema-graph\">{\"@context\":\"https:\\\/\\\/schema.org\",\"@graph\":[{\"@type\":\"WebPage\",\"@id\":\"https:\\\/\\\/www.albaniandf.org\\\/pzhiut\\\/zhvillimi-i-tregut-dhe-produkteve-turistike\\\/\",\"url\":\"https:\\\/\\\/www.albaniandf.org\\\/pzhiut\\\/zhvillimi-i-tregut-dhe-produkteve-turistike\\\/\",\"name\":\"Zhvillimi i tregut dhe produkteve turistike - Fondi Shqiptar i Zhvillimit\",\"isPartOf\":{\"@id\":\"https:\\\/\\\/www.albaniandf.org\\\/#website\"},\"datePublished\":\"2018-10-28T14:18:03+00:00\",\"dateModified\":\"2018-10-28T19:22:05+00:00\",\"breadcrumb\":{\"@id\":\"https:\\\/\\\/www.albaniandf.org\\\/pzhiut\\\/zhvillimi-i-tregut-dhe-produkteve-turistike\\\/#breadcrumb\"},\"inLanguage\":\"en-US\",\"potentialAction\":[{\"@type\":\"ReadAction\",\"target\":[\"https:\\\/\\\/www.albaniandf.org\\\/pzhiut\\\/zhvillimi-i-tregut-dhe-produkteve-turistike\\\/\"]}]},{\"@type\":\"BreadcrumbList\",\"@id\":\"https:\\\/\\\/www.albaniandf.org\\\/pzhiut\\\/zhvillimi-i-tregut-dhe-produkteve-turistike\\\/#breadcrumb\",\"itemListElement\":[{\"@type\":\"ListItem\",\"position\":1,\"name\":\"Home\",\"item\":\"https:\\\/\\\/www.albaniandf.org\\\/\"},{\"@type\":\"ListItem\",\"position\":2,\"name\":\"Projekti p\u00ebr Zhvillimin e Integruar Urban dhe Turizmin\",\"item\":\"https:\\\/\\\/www.albaniandf.org\\\/pzhiut\\\/\"},{\"@type\":\"ListItem\",\"position\":3,\"name\":\"Zhvillimi i tregut dhe produkteve turistike\"}]},{\"@type\":\"WebSite\",\"@id\":\"https:\\\/\\\/www.albaniandf.org\\\/#website\",\"url\":\"https:\\\/\\\/www.albaniandf.org\\\/\",\"name\":\"Fondi Shqiptar i Zhvillimit\",\"description\":\"\",\"publisher\":{\"@id\":\"https:\\\/\\\/www.albaniandf.org\\\/#organization\"},\"potentialAction\":[{\"@type\":\"SearchAction\",\"target\":{\"@type\":\"EntryPoint\",\"urlTemplate\":\"https:\\\/\\\/www.albaniandf.org\\\/?s={search_term_string}\"},\"query-input\":{\"@type\":\"PropertyValueSpecification\",\"valueRequired\":true,\"valueName\":\"search_term_string\"}}],\"inLanguage\":\"en-US\"},{\"@type\":\"Organization\",\"@id\":\"https:\\\/\\\/www.albaniandf.org\\\/#organization\",\"name\":\"Fondi Shqiptar i Zhvillimit\",\"url\":\"https:\\\/\\\/www.albaniandf.org\\\/\",\"logo\":{\"@type\":\"ImageObject\",\"inLanguage\":\"en-US\",\"@id\":\"https:\\\/\\\/www.albaniandf.org\\\/#\\\/schema\\\/logo\\\/image\\\/\",\"url\":\"https:\\\/\\\/www.albaniandf.org\\\/wp-content\\\/uploads\\\/2021\\\/08\\\/Fondi-Shqiptar-i-zhvillimit-logo.png\",\"contentUrl\":\"https:\\\/\\\/www.albaniandf.org\\\/wp-content\\\/uploads\\\/2021\\\/08\\\/Fondi-Shqiptar-i-zhvillimit-logo.png\",\"width\":122,\"height\":90,\"caption\":\"Fondi Shqiptar i Zhvillimit\"},\"image\":{\"@id\":\"https:\\\/\\\/www.albaniandf.org\\\/#\\\/schema\\\/logo\\\/image\\\/\"},\"sameAs\":[\"https:\\\/\\\/www.facebook.com\\\/albaniandf\\\/\",\"https:\\\/\\\/www.instagram.com\\\/fondi_shqiptar_i_zhvillimit\\\/\",\"https:\\\/\\\/www.youtube.com\\\/user\\\/AlbanianDF\"]}]}<\/script>\n<!-- \/ Yoast SEO plugin. -->","yoast_head_json":{"title":"Zhvillimi i tregut dhe produkteve turistike - Fondi Shqiptar i Zhvillimit","robots":{"index":"index","follow":"follow","max-snippet":"max-snippet:-1","max-image-preview":"max-image-preview:large","max-video-preview":"max-video-preview:-1"},"canonical":"https:\/\/www.albaniandf.org\/en\/pzhiut\/zhvillimi-i-tregut-dhe-produkteve-turistike\/","og_locale":"en_US","og_type":"article","og_title":"Zhvillimi i tregut dhe produkteve turistike - Fondi Shqiptar i Zhvillimit","og_description":"Zhvillimi i tregut dhe produkteve turistike (7.7 milion euro)&nbsp;Ky komponent do t\u00eb siguroj\u00eb mb\u00ebshtetje ndaj bashkive p\u00ebr p\u00ebrmir\u00ebsimin e menaxhimit te sh\u00ebrbimeve. Investimet kryesore p\u00ebrfshijn\u00eb:Investime n\u00eb mjete p\u00ebr t\u00eb p\u00ebrmir\u00ebsuar...","og_url":"https:\/\/www.albaniandf.org\/en\/pzhiut\/zhvillimi-i-tregut-dhe-produkteve-turistike\/","og_site_name":"Fondi Shqiptar i Zhvillimit","article_publisher":"https:\/\/www.facebook.com\/albaniandf\/","article_modified_time":"2018-10-28T19:22:05+00:00","og_image":[{"width":623,"height":452,"url":"https:\/\/i0.wp.com\/www.albaniandf.org\/wp-content\/uploads\/2021\/09\/Fondi-Shqiptar-i-zhvillimit-logo-original.png?fit=623%2C452&ssl=1","type":"image\/png"}],"twitter_card":"summary_large_image","twitter_misc":{"Est. reading time":"2 minutes"},"schema":{"@context":"https:\/\/schema.org","@graph":[{"@type":"WebPage","@id":"https:\/\/www.albaniandf.org\/pzhiut\/zhvillimi-i-tregut-dhe-produkteve-turistike\/","url":"https:\/\/www.albaniandf.org\/pzhiut\/zhvillimi-i-tregut-dhe-produkteve-turistike\/","name":"Zhvillimi i tregut dhe produkteve turistike - Fondi Shqiptar i Zhvillimit","isPartOf":{"@id":"https:\/\/www.albaniandf.org\/#website"},"datePublished":"2018-10-28T14:18:03+00:00","dateModified":"2018-10-28T19:22:05+00:00","breadcrumb":{"@id":"https:\/\/www.albaniandf.org\/pzhiut\/zhvillimi-i-tregut-dhe-produkteve-turistike\/#breadcrumb"},"inLanguage":"en-US","potentialAction":[{"@type":"ReadAction","target":["https:\/\/www.albaniandf.org\/pzhiut\/zhvillimi-i-tregut-dhe-produkteve-turistike\/"]}]},{"@type":"BreadcrumbList","@id":"https:\/\/www.albaniandf.org\/pzhiut\/zhvillimi-i-tregut-dhe-produkteve-turistike\/#breadcrumb","itemListElement":[{"@type":"ListItem","position":1,"name":"Home","item":"https:\/\/www.albaniandf.org\/"},{"@type":"ListItem","position":2,"name":"Projekti p\u00ebr Zhvillimin e Integruar Urban dhe Turizmin","item":"https:\/\/www.albaniandf.org\/pzhiut\/"},{"@type":"ListItem","position":3,"name":"Zhvillimi i tregut dhe produkteve turistike"}]},{"@type":"WebSite","@id":"https:\/\/www.albaniandf.org\/#website","url":"https:\/\/www.albaniandf.org\/","name":"Albanian Development Fund","description":"","publisher":{"@id":"https:\/\/www.albaniandf.org\/#organization"},"potentialAction":[{"@type":"SearchAction","target":{"@type":"EntryPoint","urlTemplate":"https:\/\/www.albaniandf.org\/?s={search_term_string}"},"query-input":{"@type":"PropertyValueSpecification","valueRequired":true,"valueName":"search_term_string"}}],"inLanguage":"en-US"},{"@type":"Organization","@id":"https:\/\/www.albaniandf.org\/#organization","name":"Albanian Development Fund","url":"https:\/\/www.albaniandf.org\/","logo":{"@type":"ImageObject","inLanguage":"en-US","@id":"https:\/\/www.albaniandf.org\/#\/schema\/logo\/image\/","url":"https:\/\/www.albaniandf.org\/wp-content\/uploads\/2021\/08\/Fondi-Shqiptar-i-zhvillimit-logo.png","contentUrl":"https:\/\/www.albaniandf.org\/wp-content\/uploads\/2021\/08\/Fondi-Shqiptar-i-zhvillimit-logo.png","width":122,"height":90,"caption":"Fondi Shqiptar i Zhvillimit"},"image":{"@id":"https:\/\/www.albaniandf.org\/#\/schema\/logo\/image\/"},"sameAs":["https:\/\/www.facebook.com\/albaniandf\/","https:\/\/www.instagram.com\/fondi_shqiptar_i_zhvillimit\/","https:\/\/www.youtube.com\/user\/AlbanianDF"]}]}},"_links":{"self":[{"href":"https:\/\/www.albaniandf.org\/en\/wp-json\/wp\/v2\/pages\/3867","targetHints":{"allow":["GET"]}}],"collection":[{"href":"https:\/\/www.albaniandf.org\/en\/wp-json\/wp\/v2\/pages"}],"about":[{"href":"https:\/\/www.albaniandf.org\/en\/wp-json\/wp\/v2\/types\/page"}],"author":[{"embeddable":true,"href":"https:\/\/www.albaniandf.org\/en\/wp-json\/wp\/v2\/users\/1"}],"replies":[{"embeddable":true,"href":"https:\/\/www.albaniandf.org\/en\/wp-json\/wp\/v2\/comments?post=3867"}],"version-history":[{"count":0,"href":"https:\/\/www.albaniandf.org\/en\/wp-json\/wp\/v2\/pages\/3867\/revisions"}],"up":[{"embeddable":true,"href":"https:\/\/www.albaniandf.org\/en\/wp-json\/wp\/v2\/pages\/3826"}],"wp:attachment":[{"href":"https:\/\/www.albaniandf.org\/en\/wp-json\/wp\/v2\/media?parent=3867"}],"curies":[{"name":"wp","href":"https:\/\/api.w.org\/{rel}","templated":true}]}}