{"id":3865,"date":"2018-10-28T16:17:18","date_gmt":"2018-10-28T14:17:18","guid":{"rendered":"https:\/\/www.albaniandf.org\/?page_id=3865"},"modified":"2018-10-28T21:17:28","modified_gmt":"2018-10-28T19:17:28","slug":"zhvillimi-i-qendrave-turistike","status":"publish","type":"page","link":"https:\/\/www.albaniandf.org\/en\/pzhiut\/zhvillimi-i-qendrave-turistike\/","title":{"rendered":"Touristic sites upgrading"},"content":{"rendered":"<section class=\"sh-section sh-section-257bda83fc2c4da1d29e1c0672af745f fw-main-row sh-section-visibility-everywhere\">\r\n\t\r\n\t\r\n\t<div class=\"sh-section-container container\">\r\n\t\t<div class=\"fw-row\">\n\t\r\n<div class=\"sh-column sh-column-f62565b1b003487f851103a31c89512b fw-col-xs-12\" >\r\n\r\n\t\r\n\t<div class=\"sh-column-wrapper\">\r\n\t\t\r\n<div id=\"text-block-4dd266a27e4dbdc25b87f4341e0dcb70\" class=\"sh-text-block\">\r\n\t<div class=\"ccwList\"><h4 class=\"titlefirst\">Touristic sites upgrading (EURO 8.4 million)<\/h4><p>&nbsp;<\/p><p>This component aims to improve touristic centers along the tourism corridor of Southern Albania. Main investments include:<\/p><div class=\"ccwList\"><ul><li>Restoration of cultural heritage assets<\/li><li>Improvement of infrastructure (roads, signage)<\/li><li>Creation of panoramic viewpoints along the itinerary<\/li><li>Preparation of feasibility studies, touristic sites management plans, detailed designs and supervision of works<\/li><\/ul><\/div><hr \/><p style=\"font-weight: 400;\">During project preparation a call-for-proposals for touristic sites upgrading was launched by the MoUD. All key project stakeholders were eligible to submit proposals. In order to proceed to the selection of touristic sites which could benefit from project support a detailed screening and ranking criteria was developed.<\/p><p>&nbsp;<\/p><p style=\"font-weight: 400;\">Once proposed touristic sites were screened, a ranking process \u2013 was followed. The ranking process was developed as part of the Destination Audit exercise \u2013 and was based on six different criteria<\/p><p>(i) tourism attractiveness,<br \/>(ii) potential economic impacts,<br \/>(iii) willingness to develop,<br \/>(iv) contribution to diversified product offer,<br \/>(v) safeguards and land issues and<br \/>(vi) maintenance and sustainability.<\/p><hr \/><h5><\/h5><h5>Identification<\/h5><p style=\"font-weight: 400;\">Based on the screening and ranking a preliminary list of projects were  identified and selected 8  touristic sites. Detailed designs are being prepared and will start in the near future.<\/p><p style=\"font-weight: 400;\">Investments on improvement of touristic sites will include restoration of cultural heritage sites, improvement of supporting infrastructure for these sites, such as vehicle roads, pedestrian paths, visitor centers, signage, creation of rest of look-out points, etc., along the touristic circuit of Southern Albania.<\/p><p style=\"font-weight: 400;\">During project detailed designs, an integrated approach will enable enhancement of visitor experiences, as well as a sustainable management of the sites.<\/p><\/div><\/div>\r\n\t<\/div>\r\n\r\n\r\n\t\t\r\n\r\n<\/div>\r\n<\/div>\n\n\t<\/div>\r\n<\/section>","protected":false},"excerpt":{"rendered":"<p>Zhvillimi i qendrave turistike (8.4 milion euro)&nbsp;Synimi i k\u00ebtij komponenti \u00ebsht\u00eb p\u00ebrmir\u00ebsimi i qendrave turistike p\u00ebrgjat\u00eb korridorit turistik t\u00eb Shqip\u00ebris\u00eb s\u00eb Jugut. Investimet kryesore p\u00ebrfshijn\u00eb:Restaurimin e aseteve t\u00eb trash\u00ebgimis\u00eb kulturoreP\u00ebrmir\u00ebsimin&#8230;<\/p>","protected":false},"author":1,"featured_media":0,"parent":3826,"menu_order":0,"comment_status":"closed","ping_status":"closed","template":"","meta":{"nf_dc_page":"","footnotes":""},"class_list":["post-3865","page","type-page","status-publish","hentry"],"yoast_head":"<!-- This site is optimized with the Yoast SEO plugin v27.4 - https:\/\/yoast.com\/product\/yoast-seo-wordpress\/ -->\n<title>Zhvillimi i qendrave turistike - Fondi Shqiptar i Zhvillimit<\/title>\n<meta name=\"robots\" content=\"index, follow, max-snippet:-1, max-image-preview:large, max-video-preview:-1\" \/>\n<link rel=\"canonical\" href=\"https:\/\/www.albaniandf.org\/en\/pzhiut\/zhvillimi-i-qendrave-turistike\/\" \/>\n<meta property=\"og:locale\" content=\"en_US\" \/>\n<meta property=\"og:type\" content=\"article\" \/>\n<meta property=\"og:title\" content=\"Zhvillimi i qendrave turistike - Fondi Shqiptar i Zhvillimit\" \/>\n<meta property=\"og:description\" content=\"Zhvillimi i qendrave turistike (8.4 milion euro)&nbsp;Synimi i k\u00ebtij komponenti \u00ebsht\u00eb p\u00ebrmir\u00ebsimi i qendrave turistike p\u00ebrgjat\u00eb korridorit turistik t\u00eb Shqip\u00ebris\u00eb s\u00eb Jugut. Investimet kryesore p\u00ebrfshijn\u00eb:Restaurimin e aseteve t\u00eb trash\u00ebgimis\u00eb kulturoreP\u00ebrmir\u00ebsimin...\" \/>\n<meta property=\"og:url\" content=\"https:\/\/www.albaniandf.org\/en\/pzhiut\/zhvillimi-i-qendrave-turistike\/\" \/>\n<meta property=\"og:site_name\" content=\"Fondi Shqiptar i Zhvillimit\" \/>\n<meta property=\"article:publisher\" content=\"https:\/\/www.facebook.com\/albaniandf\/\" \/>\n<meta property=\"article:modified_time\" content=\"2018-10-28T19:17:28+00:00\" \/>\n<meta property=\"og:image\" content=\"https:\/\/i0.wp.com\/www.albaniandf.org\/wp-content\/uploads\/2021\/09\/Fondi-Shqiptar-i-zhvillimit-logo-original.png?fit=623%2C452&ssl=1\" \/>\n\t<meta property=\"og:image:width\" content=\"623\" \/>\n\t<meta property=\"og:image:height\" content=\"452\" \/>\n\t<meta property=\"og:image:type\" content=\"image\/png\" \/>\n<meta name=\"twitter:card\" content=\"summary_large_image\" \/>\n<meta name=\"twitter:label1\" content=\"Est. reading time\" \/>\n\t<meta name=\"twitter:data1\" content=\"2 minutes\" \/>\n<script type=\"application\/ld+json\" class=\"yoast-schema-graph\">{\"@context\":\"https:\\\/\\\/schema.org\",\"@graph\":[{\"@type\":\"WebPage\",\"@id\":\"https:\\\/\\\/www.albaniandf.org\\\/pzhiut\\\/zhvillimi-i-qendrave-turistike\\\/\",\"url\":\"https:\\\/\\\/www.albaniandf.org\\\/pzhiut\\\/zhvillimi-i-qendrave-turistike\\\/\",\"name\":\"Zhvillimi i qendrave turistike - Fondi Shqiptar i Zhvillimit\",\"isPartOf\":{\"@id\":\"https:\\\/\\\/www.albaniandf.org\\\/#website\"},\"datePublished\":\"2018-10-28T14:17:18+00:00\",\"dateModified\":\"2018-10-28T19:17:28+00:00\",\"breadcrumb\":{\"@id\":\"https:\\\/\\\/www.albaniandf.org\\\/pzhiut\\\/zhvillimi-i-qendrave-turistike\\\/#breadcrumb\"},\"inLanguage\":\"en-US\",\"potentialAction\":[{\"@type\":\"ReadAction\",\"target\":[\"https:\\\/\\\/www.albaniandf.org\\\/pzhiut\\\/zhvillimi-i-qendrave-turistike\\\/\"]}]},{\"@type\":\"BreadcrumbList\",\"@id\":\"https:\\\/\\\/www.albaniandf.org\\\/pzhiut\\\/zhvillimi-i-qendrave-turistike\\\/#breadcrumb\",\"itemListElement\":[{\"@type\":\"ListItem\",\"position\":1,\"name\":\"Home\",\"item\":\"https:\\\/\\\/www.albaniandf.org\\\/\"},{\"@type\":\"ListItem\",\"position\":2,\"name\":\"Projekti p\u00ebr Zhvillimin e Integruar Urban dhe Turizmin\",\"item\":\"https:\\\/\\\/www.albaniandf.org\\\/pzhiut\\\/\"},{\"@type\":\"ListItem\",\"position\":3,\"name\":\"Zhvillimi i qendrave turistike\"}]},{\"@type\":\"WebSite\",\"@id\":\"https:\\\/\\\/www.albaniandf.org\\\/#website\",\"url\":\"https:\\\/\\\/www.albaniandf.org\\\/\",\"name\":\"Fondi Shqiptar i Zhvillimit\",\"description\":\"\",\"publisher\":{\"@id\":\"https:\\\/\\\/www.albaniandf.org\\\/#organization\"},\"potentialAction\":[{\"@type\":\"SearchAction\",\"target\":{\"@type\":\"EntryPoint\",\"urlTemplate\":\"https:\\\/\\\/www.albaniandf.org\\\/?s={search_term_string}\"},\"query-input\":{\"@type\":\"PropertyValueSpecification\",\"valueRequired\":true,\"valueName\":\"search_term_string\"}}],\"inLanguage\":\"en-US\"},{\"@type\":\"Organization\",\"@id\":\"https:\\\/\\\/www.albaniandf.org\\\/#organization\",\"name\":\"Fondi Shqiptar i Zhvillimit\",\"url\":\"https:\\\/\\\/www.albaniandf.org\\\/\",\"logo\":{\"@type\":\"ImageObject\",\"inLanguage\":\"en-US\",\"@id\":\"https:\\\/\\\/www.albaniandf.org\\\/#\\\/schema\\\/logo\\\/image\\\/\",\"url\":\"https:\\\/\\\/www.albaniandf.org\\\/wp-content\\\/uploads\\\/2021\\\/08\\\/Fondi-Shqiptar-i-zhvillimit-logo.png\",\"contentUrl\":\"https:\\\/\\\/www.albaniandf.org\\\/wp-content\\\/uploads\\\/2021\\\/08\\\/Fondi-Shqiptar-i-zhvillimit-logo.png\",\"width\":122,\"height\":90,\"caption\":\"Fondi Shqiptar i Zhvillimit\"},\"image\":{\"@id\":\"https:\\\/\\\/www.albaniandf.org\\\/#\\\/schema\\\/logo\\\/image\\\/\"},\"sameAs\":[\"https:\\\/\\\/www.facebook.com\\\/albaniandf\\\/\",\"https:\\\/\\\/www.instagram.com\\\/fondi_shqiptar_i_zhvillimit\\\/\",\"https:\\\/\\\/www.youtube.com\\\/user\\\/AlbanianDF\"]}]}<\/script>\n<!-- \/ Yoast SEO plugin. -->","yoast_head_json":{"title":"Zhvillimi i qendrave turistike - Fondi Shqiptar i Zhvillimit","robots":{"index":"index","follow":"follow","max-snippet":"max-snippet:-1","max-image-preview":"max-image-preview:large","max-video-preview":"max-video-preview:-1"},"canonical":"https:\/\/www.albaniandf.org\/en\/pzhiut\/zhvillimi-i-qendrave-turistike\/","og_locale":"en_US","og_type":"article","og_title":"Zhvillimi i qendrave turistike - Fondi Shqiptar i Zhvillimit","og_description":"Zhvillimi i qendrave turistike (8.4 milion euro)&nbsp;Synimi i k\u00ebtij komponenti \u00ebsht\u00eb p\u00ebrmir\u00ebsimi i qendrave turistike p\u00ebrgjat\u00eb korridorit turistik t\u00eb Shqip\u00ebris\u00eb s\u00eb Jugut. Investimet kryesore p\u00ebrfshijn\u00eb:Restaurimin e aseteve t\u00eb trash\u00ebgimis\u00eb kulturoreP\u00ebrmir\u00ebsimin...","og_url":"https:\/\/www.albaniandf.org\/en\/pzhiut\/zhvillimi-i-qendrave-turistike\/","og_site_name":"Fondi Shqiptar i Zhvillimit","article_publisher":"https:\/\/www.facebook.com\/albaniandf\/","article_modified_time":"2018-10-28T19:17:28+00:00","og_image":[{"width":623,"height":452,"url":"https:\/\/i0.wp.com\/www.albaniandf.org\/wp-content\/uploads\/2021\/09\/Fondi-Shqiptar-i-zhvillimit-logo-original.png?fit=623%2C452&ssl=1","type":"image\/png"}],"twitter_card":"summary_large_image","twitter_misc":{"Est. reading time":"2 minutes"},"schema":{"@context":"https:\/\/schema.org","@graph":[{"@type":"WebPage","@id":"https:\/\/www.albaniandf.org\/pzhiut\/zhvillimi-i-qendrave-turistike\/","url":"https:\/\/www.albaniandf.org\/pzhiut\/zhvillimi-i-qendrave-turistike\/","name":"Zhvillimi i qendrave turistike - Fondi Shqiptar i Zhvillimit","isPartOf":{"@id":"https:\/\/www.albaniandf.org\/#website"},"datePublished":"2018-10-28T14:17:18+00:00","dateModified":"2018-10-28T19:17:28+00:00","breadcrumb":{"@id":"https:\/\/www.albaniandf.org\/pzhiut\/zhvillimi-i-qendrave-turistike\/#breadcrumb"},"inLanguage":"en-US","potentialAction":[{"@type":"ReadAction","target":["https:\/\/www.albaniandf.org\/pzhiut\/zhvillimi-i-qendrave-turistike\/"]}]},{"@type":"BreadcrumbList","@id":"https:\/\/www.albaniandf.org\/pzhiut\/zhvillimi-i-qendrave-turistike\/#breadcrumb","itemListElement":[{"@type":"ListItem","position":1,"name":"Home","item":"https:\/\/www.albaniandf.org\/"},{"@type":"ListItem","position":2,"name":"Projekti p\u00ebr Zhvillimin e Integruar Urban dhe Turizmin","item":"https:\/\/www.albaniandf.org\/pzhiut\/"},{"@type":"ListItem","position":3,"name":"Zhvillimi i qendrave turistike"}]},{"@type":"WebSite","@id":"https:\/\/www.albaniandf.org\/#website","url":"https:\/\/www.albaniandf.org\/","name":"Albanian Development Fund","description":"","publisher":{"@id":"https:\/\/www.albaniandf.org\/#organization"},"potentialAction":[{"@type":"SearchAction","target":{"@type":"EntryPoint","urlTemplate":"https:\/\/www.albaniandf.org\/?s={search_term_string}"},"query-input":{"@type":"PropertyValueSpecification","valueRequired":true,"valueName":"search_term_string"}}],"inLanguage":"en-US"},{"@type":"Organization","@id":"https:\/\/www.albaniandf.org\/#organization","name":"Albanian Development Fund","url":"https:\/\/www.albaniandf.org\/","logo":{"@type":"ImageObject","inLanguage":"en-US","@id":"https:\/\/www.albaniandf.org\/#\/schema\/logo\/image\/","url":"https:\/\/www.albaniandf.org\/wp-content\/uploads\/2021\/08\/Fondi-Shqiptar-i-zhvillimit-logo.png","contentUrl":"https:\/\/www.albaniandf.org\/wp-content\/uploads\/2021\/08\/Fondi-Shqiptar-i-zhvillimit-logo.png","width":122,"height":90,"caption":"Fondi Shqiptar i Zhvillimit"},"image":{"@id":"https:\/\/www.albaniandf.org\/#\/schema\/logo\/image\/"},"sameAs":["https:\/\/www.facebook.com\/albaniandf\/","https:\/\/www.instagram.com\/fondi_shqiptar_i_zhvillimit\/","https:\/\/www.youtube.com\/user\/AlbanianDF"]}]}},"_links":{"self":[{"href":"https:\/\/www.albaniandf.org\/en\/wp-json\/wp\/v2\/pages\/3865","targetHints":{"allow":["GET"]}}],"collection":[{"href":"https:\/\/www.albaniandf.org\/en\/wp-json\/wp\/v2\/pages"}],"about":[{"href":"https:\/\/www.albaniandf.org\/en\/wp-json\/wp\/v2\/types\/page"}],"author":[{"embeddable":true,"href":"https:\/\/www.albaniandf.org\/en\/wp-json\/wp\/v2\/users\/1"}],"replies":[{"embeddable":true,"href":"https:\/\/www.albaniandf.org\/en\/wp-json\/wp\/v2\/comments?post=3865"}],"version-history":[{"count":0,"href":"https:\/\/www.albaniandf.org\/en\/wp-json\/wp\/v2\/pages\/3865\/revisions"}],"up":[{"embeddable":true,"href":"https:\/\/www.albaniandf.org\/en\/wp-json\/wp\/v2\/pages\/3826"}],"wp:attachment":[{"href":"https:\/\/www.albaniandf.org\/en\/wp-json\/wp\/v2\/media?parent=3865"}],"curies":[{"name":"wp","href":"https:\/\/api.w.org\/{rel}","templated":true}]}}