{"id":3863,"date":"2018-10-28T16:10:47","date_gmt":"2018-10-28T14:10:47","guid":{"rendered":"https:\/\/www.albaniandf.org\/?page_id=3863"},"modified":"2018-10-28T23:36:49","modified_gmt":"2018-10-28T21:36:49","slug":"zhvillimi-urban-dhe-permiresimi-i-infrastruktures","status":"publish","type":"page","link":"https:\/\/www.albaniandf.org\/en\/pzhiut\/zhvillimi-urban-dhe-permiresimi-i-infrastruktures\/","title":{"rendered":"Urban development and infrastructure improvement"},"content":{"rendered":"<section class=\"sh-section sh-section-9f03a48b5e67ca33a95bc8e9e34865a3 fw-main-row sh-section-visibility-everywhere\">\r\n\t\r\n\t\r\n\t<div class=\"sh-section-container container\">\r\n\t\t<div class=\"fw-row\">\n\t\r\n<div class=\"sh-column sh-column-f9c093e77a339789a691c92cf021e195 fw-col-xs-12\" >\r\n\r\n\t\r\n\t<div class=\"sh-column-wrapper\">\r\n\t\t\r\n<div id=\"text-block-4548065a1326093e6cd1443469fb05af\" class=\"sh-text-block\">\r\n\t<h4>Urban development and infrastructure improvement<\/h4><h4>(EURO 44.3 million)<\/h4><p>&nbsp;<\/p><p>This component will finance the design and implementation of activities for urban development and improvement of municipal infrastructure in the cities\/town of Berat, Gjirokaster, Permet and Saranda.<\/p><p>&nbsp;<\/p><p>Investments in these municipalities will include:<\/p><div class=\"ccwList\"><ul><li>Improvement of public spaces (parks, plazas, squares, pedestrians paths)<\/li><li>Improvement of road infrastructure<\/li><li>Improvement of add-on infrastructure (pavements, lighting, cycling paths, bus stations)<\/li><li>Restoration of cultural heritage<\/li><li>Improvement of touristic centers (roads, parking, signage)<\/li><li>Improvement of water supply and sewage networks<\/li><\/ul><\/div><p>&nbsp;<\/p><p style=\"font-weight: 400;\">Four municipalities participating in this component: Berat, Gjirokastra, Permet and Saranda, although the limited number of citizens, consisting of several thousand, play a key role in accommodation and distribution of tourists along the Southern Albania.<\/p><p style=\"font-weight: 400;\">Berat and Gjirokastra have been identified as World Cultural Heritage cities by UNESCO. The same privileged position is held also by the antique site of Butrint, adding another asset to Saranda, a town which consists also of an important entry for tourists in the country, due to its geographical position. Similar is Permet, located within Gjirokastra District, thus enriching furthermore the tourism offers.<\/p><hr \/><h4>Detailed urban studies<\/h4><p style=\"font-weight: 400;\">An integral part of project preparation was a wide range of consultations carried out with the local government units, central government, institutions responsible for cultural heritage protection and other stakeholder at central and local level. The focus of this phase was the urban assessment of selected sites. This process resulted in identification of areas that will receive support by this project. Interventions are categorized as fast track (to be implemented during the first years of project implementation) and other urban interventions that will be implemented later on, during the project.<\/p><p style=\"font-weight: 400;\">Based on findings of this assessment, it was agreed upon that each city participating in the project, will undergo a detailed urban study, which will provide guidelines for further investments appropriate to each city\/town, this way avoiding fragmentation and aiming maximal impact.<\/p><hr \/><h4>Diversity of interventions<\/h4><p style=\"font-weight: 400;\">Projects falling under component 1 will consist of a combination of rehabilitation of existing roads for vehicles and pedestrians to cities and touristic sites, while attention will be given to improvement of recreational areas, such as parks, adaptation of existing structures, roads and pedestrian paths that complete connections to identified destinations of interest.<\/p><\/div>\r\n\t<\/div>\r\n\r\n\r\n\t\t\r\n\r\n<\/div>\r\n<\/div>\n\n\t<\/div>\r\n<\/section>\r\n\r\n<section class=\"sh-section sh-section-8ea8baf498612a78f1d7c36a9b634e19 fw-main-row sh-section-visibility-everywhere\">\r\n\t\r\n\t\r\n\t<div class=\"sh-section-container container\">\r\n\t\t<div class=\"fw-row\">\n\t\r\n<div class=\"sh-column sh-column-f9c093e77a339789a691c92cf021e195 fw-col-xs-12\" >\r\n\r\n\t\r\n\t<div class=\"sh-column-wrapper\">\r\n\t\t\r\n<div id=\"text-block-cd09a411ada79ed70c48d2df3888bf3f\" class=\"sh-text-block\">\r\n\t<h5>Fast track investments for Saranda, Gjirokastra and Berat:<\/h5><p>i) Improvement of pedestrian roads in the center of Saranda city<\/p><p>ii) Rehabilitation of two entry roads to the Castle of Berat<\/p><p>iii) Rehabilitation and lighting of the historic center of Gjirokastra<\/p><\/div>\r\n\t<\/div>\r\n\r\n\r\n\t\t\r\n\r\n<\/div>\r\n<\/div>\n\n<div class=\"fw-row\">\n\t\r\n<div class=\"sh-column sh-column-e6b0d23ff285d747c8a50f9afe4fe5b4 fw-col-xs-12 fw-col-sm-3 sh-column-mobile-padding sh-animated fadeInLeft\" data-wow-duration=\"2s\">\r\n\r\n\t\r\n\t<div class=\"sh-column-wrapper\">\r\n\t\t\r\n<div class=\"sh-iconbox sh-iconbox-style11 sh-iconbox-center improved-responsiveness\" id=\"iconbox-85aacc158d8aeb29ea9dcdbb1c8804d4\">\r\n\t\r\n\t\t<div class=\"sh-iconbox-container\">\r\n\t\t\t<div class=\"sh-iconbox-top\">\r\n\t\t\t\t\t\t\t\t\t<div class=\"sh-iconbox-icon\">\r\n\t\t\t\t\t\t<div class=\"sh-iconbox-icon-shape sh-iconbox-square\">\r\n\t\t\t\t\t\t\t<i class=\"sh-iconbox-hover ti-location-pin\"><\/i>\r\n\t\t\t\t\t\t<\/div>\r\n\t\t\t\t\t<\/div>\r\n\t\t\t\t\r\n\t\t\t\t\t\t\t\t\t<div class=\"sh-iconbox-title\">\r\n\r\n\t\t\t\t\t\t\t\t\t\t\t\t\t<h3>SARANDA<\/h3>\r\n\t\t\t\t\t\t\r\n\t\t\t\t\t<\/div>\r\n\t\t\t\t\t\t\t<\/div>\r\n\t\t\t<div class=\"sh-iconbox-bottom\">\r\n\t\t\t\t<div class=\"sh-iconbox-content\">\r\n\t\t\t\t\t<p>Investments  in Saranda<\/p>\t\t\t\t<\/div>\r\n\t\t\t<\/div>\r\n\t\t<\/div>\r\n\r\n\t<\/div>\r\n\t<\/div>\r\n\r\n\r\n\t\t\r\n\r\n<\/div>\r\n\r\n<div class=\"sh-column sh-column-bda99a3883e23d786c54a29a678823f6 fw-col-xs-12 fw-col-sm-3 sh-column-mobile-padding sh-animated fadeInLeft\" data-wow-duration=\"2s\">\r\n\r\n\t\r\n\t<div class=\"sh-column-wrapper\">\r\n\t\t\r\n<div class=\"sh-iconbox sh-iconbox-style11 sh-iconbox-center improved-responsiveness\" id=\"iconbox-8fd94190d556682940d9e80842dd2e97\">\r\n\t\r\n\t\t<div class=\"sh-iconbox-container\">\r\n\t\t\t<div class=\"sh-iconbox-top\">\r\n\t\t\t\t\t\t\t\t\t<div class=\"sh-iconbox-icon\">\r\n\t\t\t\t\t\t<div class=\"sh-iconbox-icon-shape sh-iconbox-square\">\r\n\t\t\t\t\t\t\t<i class=\"sh-iconbox-hover ti-location-pin\"><\/i>\r\n\t\t\t\t\t\t<\/div>\r\n\t\t\t\t\t<\/div>\r\n\t\t\t\t\r\n\t\t\t\t\t\t\t\t\t<div class=\"sh-iconbox-title\">\r\n\r\n\t\t\t\t\t\t\t\t\t\t\t\t\t<h3>BERAT<\/h3>\r\n\t\t\t\t\t\t\r\n\t\t\t\t\t<\/div>\r\n\t\t\t\t\t\t\t<\/div>\r\n\t\t\t<div class=\"sh-iconbox-bottom\">\r\n\t\t\t\t<div class=\"sh-iconbox-content\">\r\n\t\t\t\t\t<p>Investments in Berat<\/p>\t\t\t\t<\/div>\r\n\t\t\t<\/div>\r\n\t\t<\/div>\r\n\r\n\t<\/div>\r\n\t<\/div>\r\n\r\n\r\n\t\t\r\n\r\n<\/div>\r\n\r\n<div class=\"sh-column sh-column-0201263b0cf5b176dce8004b4c9be792 fw-col-xs-12 fw-col-sm-3 sh-column-mobile-padding sh-animated fadeInLeft\" data-wow-duration=\"2s\">\r\n\r\n\t\r\n\t<div class=\"sh-column-wrapper\">\r\n\t\t\r\n<div class=\"sh-iconbox sh-iconbox-style11 sh-iconbox-center improved-responsiveness\" id=\"iconbox-56b1922f6767eaeed0e1acdbfa740843\">\r\n\t\r\n\t\t<div class=\"sh-iconbox-container\">\r\n\t\t\t<div class=\"sh-iconbox-top\">\r\n\t\t\t\t\t\t\t\t\t<div class=\"sh-iconbox-icon\">\r\n\t\t\t\t\t\t<div class=\"sh-iconbox-icon-shape sh-iconbox-square\">\r\n\t\t\t\t\t\t\t<i class=\"sh-iconbox-hover ti-location-pin\"><\/i>\r\n\t\t\t\t\t\t<\/div>\r\n\t\t\t\t\t<\/div>\r\n\t\t\t\t\r\n\t\t\t\t\t\t\t\t\t<div class=\"sh-iconbox-title\">\r\n\r\n\t\t\t\t\t\t\t\t\t\t\t\t\t<h3>GJIROKASTRA<\/h3>\r\n\t\t\t\t\t\t\r\n\t\t\t\t\t<\/div>\r\n\t\t\t\t\t\t\t<\/div>\r\n\t\t\t<div class=\"sh-iconbox-bottom\">\r\n\t\t\t\t<div class=\"sh-iconbox-content\">\r\n\t\t\t\t\t<p>Investments in Gjirokastra<\/p>\t\t\t\t<\/div>\r\n\t\t\t<\/div>\r\n\t\t<\/div>\r\n\r\n\t<\/div>\r\n\t<\/div>\r\n\r\n\r\n\t\t\r\n\r\n<\/div>\r\n<\/div>\n\n\t<\/div>\r\n<\/section>","protected":false},"excerpt":{"rendered":"<p>Zhvillimi urban dhe p\u00ebrmir\u00ebsimi i infrastruktur\u00ebs(44.3 milion euro)&nbsp;Ky komponent do t\u00eb financoj\u00eb projektimin dhe zbatimin e aktiviteteve p\u00ebr zhvillimin urban dhe p\u00ebrmir\u00ebsimin e infrastruktur\u00ebs bashkiake n\u00eb qytetet e Beratit, Gjirokastr\u00ebs,&#8230;<\/p>","protected":false},"author":1,"featured_media":0,"parent":3826,"menu_order":0,"comment_status":"closed","ping_status":"closed","template":"","meta":{"nf_dc_page":"","footnotes":""},"class_list":["post-3863","page","type-page","status-publish","hentry"],"yoast_head":"<!-- This site is optimized with the Yoast SEO plugin v27.4 - https:\/\/yoast.com\/product\/yoast-seo-wordpress\/ -->\n<title>Zhvillimi urban dhe p\u00ebrmir\u00ebsimi i infrastruktur\u00ebs - Fondi Shqiptar i Zhvillimit<\/title>\n<meta name=\"robots\" content=\"index, follow, max-snippet:-1, max-image-preview:large, max-video-preview:-1\" \/>\n<link rel=\"canonical\" href=\"https:\/\/www.albaniandf.org\/en\/pzhiut\/zhvillimi-urban-dhe-permiresimi-i-infrastruktures\/\" \/>\n<meta property=\"og:locale\" content=\"en_US\" \/>\n<meta property=\"og:type\" content=\"article\" \/>\n<meta property=\"og:title\" content=\"Zhvillimi urban dhe p\u00ebrmir\u00ebsimi i infrastruktur\u00ebs - Fondi Shqiptar i Zhvillimit\" \/>\n<meta property=\"og:description\" content=\"Zhvillimi urban dhe p\u00ebrmir\u00ebsimi i infrastruktur\u00ebs(44.3 milion euro)&nbsp;Ky komponent do t\u00eb financoj\u00eb projektimin dhe zbatimin e aktiviteteve p\u00ebr zhvillimin urban dhe p\u00ebrmir\u00ebsimin e infrastruktur\u00ebs bashkiake n\u00eb qytetet e Beratit, Gjirokastr\u00ebs,...\" \/>\n<meta property=\"og:url\" content=\"https:\/\/www.albaniandf.org\/en\/pzhiut\/zhvillimi-urban-dhe-permiresimi-i-infrastruktures\/\" \/>\n<meta property=\"og:site_name\" content=\"Fondi Shqiptar i Zhvillimit\" \/>\n<meta property=\"article:publisher\" content=\"https:\/\/www.facebook.com\/albaniandf\/\" \/>\n<meta property=\"article:modified_time\" content=\"2018-10-28T21:36:49+00:00\" \/>\n<meta property=\"og:image\" content=\"https:\/\/i0.wp.com\/www.albaniandf.org\/wp-content\/uploads\/2021\/09\/Fondi-Shqiptar-i-zhvillimit-logo-original.png?fit=623%2C452&ssl=1\" \/>\n\t<meta property=\"og:image:width\" content=\"623\" \/>\n\t<meta property=\"og:image:height\" content=\"452\" \/>\n\t<meta property=\"og:image:type\" content=\"image\/png\" \/>\n<meta name=\"twitter:card\" content=\"summary_large_image\" \/>\n<meta name=\"twitter:label1\" content=\"Est. reading time\" \/>\n\t<meta name=\"twitter:data1\" content=\"3 minutes\" \/>\n<script type=\"application\/ld+json\" class=\"yoast-schema-graph\">{\"@context\":\"https:\\\/\\\/schema.org\",\"@graph\":[{\"@type\":\"WebPage\",\"@id\":\"https:\\\/\\\/www.albaniandf.org\\\/pzhiut\\\/zhvillimi-urban-dhe-permiresimi-i-infrastruktures\\\/\",\"url\":\"https:\\\/\\\/www.albaniandf.org\\\/pzhiut\\\/zhvillimi-urban-dhe-permiresimi-i-infrastruktures\\\/\",\"name\":\"Zhvillimi urban dhe p\u00ebrmir\u00ebsimi i infrastruktur\u00ebs - Fondi Shqiptar i Zhvillimit\",\"isPartOf\":{\"@id\":\"https:\\\/\\\/www.albaniandf.org\\\/#website\"},\"datePublished\":\"2018-10-28T14:10:47+00:00\",\"dateModified\":\"2018-10-28T21:36:49+00:00\",\"breadcrumb\":{\"@id\":\"https:\\\/\\\/www.albaniandf.org\\\/pzhiut\\\/zhvillimi-urban-dhe-permiresimi-i-infrastruktures\\\/#breadcrumb\"},\"inLanguage\":\"en-US\",\"potentialAction\":[{\"@type\":\"ReadAction\",\"target\":[\"https:\\\/\\\/www.albaniandf.org\\\/pzhiut\\\/zhvillimi-urban-dhe-permiresimi-i-infrastruktures\\\/\"]}]},{\"@type\":\"BreadcrumbList\",\"@id\":\"https:\\\/\\\/www.albaniandf.org\\\/pzhiut\\\/zhvillimi-urban-dhe-permiresimi-i-infrastruktures\\\/#breadcrumb\",\"itemListElement\":[{\"@type\":\"ListItem\",\"position\":1,\"name\":\"Home\",\"item\":\"https:\\\/\\\/www.albaniandf.org\\\/\"},{\"@type\":\"ListItem\",\"position\":2,\"name\":\"Projekti p\u00ebr Zhvillimin e Integruar Urban dhe Turizmin\",\"item\":\"https:\\\/\\\/www.albaniandf.org\\\/pzhiut\\\/\"},{\"@type\":\"ListItem\",\"position\":3,\"name\":\"Zhvillimi urban dhe p\u00ebrmir\u00ebsimi i infrastruktur\u00ebs\"}]},{\"@type\":\"WebSite\",\"@id\":\"https:\\\/\\\/www.albaniandf.org\\\/#website\",\"url\":\"https:\\\/\\\/www.albaniandf.org\\\/\",\"name\":\"Fondi Shqiptar i Zhvillimit\",\"description\":\"\",\"publisher\":{\"@id\":\"https:\\\/\\\/www.albaniandf.org\\\/#organization\"},\"potentialAction\":[{\"@type\":\"SearchAction\",\"target\":{\"@type\":\"EntryPoint\",\"urlTemplate\":\"https:\\\/\\\/www.albaniandf.org\\\/?s={search_term_string}\"},\"query-input\":{\"@type\":\"PropertyValueSpecification\",\"valueRequired\":true,\"valueName\":\"search_term_string\"}}],\"inLanguage\":\"en-US\"},{\"@type\":\"Organization\",\"@id\":\"https:\\\/\\\/www.albaniandf.org\\\/#organization\",\"name\":\"Fondi Shqiptar i Zhvillimit\",\"url\":\"https:\\\/\\\/www.albaniandf.org\\\/\",\"logo\":{\"@type\":\"ImageObject\",\"inLanguage\":\"en-US\",\"@id\":\"https:\\\/\\\/www.albaniandf.org\\\/#\\\/schema\\\/logo\\\/image\\\/\",\"url\":\"https:\\\/\\\/www.albaniandf.org\\\/wp-content\\\/uploads\\\/2021\\\/08\\\/Fondi-Shqiptar-i-zhvillimit-logo.png\",\"contentUrl\":\"https:\\\/\\\/www.albaniandf.org\\\/wp-content\\\/uploads\\\/2021\\\/08\\\/Fondi-Shqiptar-i-zhvillimit-logo.png\",\"width\":122,\"height\":90,\"caption\":\"Fondi Shqiptar i Zhvillimit\"},\"image\":{\"@id\":\"https:\\\/\\\/www.albaniandf.org\\\/#\\\/schema\\\/logo\\\/image\\\/\"},\"sameAs\":[\"https:\\\/\\\/www.facebook.com\\\/albaniandf\\\/\",\"https:\\\/\\\/www.instagram.com\\\/fondi_shqiptar_i_zhvillimit\\\/\",\"https:\\\/\\\/www.youtube.com\\\/user\\\/AlbanianDF\"]}]}<\/script>\n<!-- \/ Yoast SEO plugin. -->","yoast_head_json":{"title":"Zhvillimi urban dhe p\u00ebrmir\u00ebsimi i infrastruktur\u00ebs - Fondi Shqiptar i Zhvillimit","robots":{"index":"index","follow":"follow","max-snippet":"max-snippet:-1","max-image-preview":"max-image-preview:large","max-video-preview":"max-video-preview:-1"},"canonical":"https:\/\/www.albaniandf.org\/en\/pzhiut\/zhvillimi-urban-dhe-permiresimi-i-infrastruktures\/","og_locale":"en_US","og_type":"article","og_title":"Zhvillimi urban dhe p\u00ebrmir\u00ebsimi i infrastruktur\u00ebs - Fondi Shqiptar i Zhvillimit","og_description":"Zhvillimi urban dhe p\u00ebrmir\u00ebsimi i infrastruktur\u00ebs(44.3 milion euro)&nbsp;Ky komponent do t\u00eb financoj\u00eb projektimin dhe zbatimin e aktiviteteve p\u00ebr zhvillimin urban dhe p\u00ebrmir\u00ebsimin e infrastruktur\u00ebs bashkiake n\u00eb qytetet e Beratit, Gjirokastr\u00ebs,...","og_url":"https:\/\/www.albaniandf.org\/en\/pzhiut\/zhvillimi-urban-dhe-permiresimi-i-infrastruktures\/","og_site_name":"Fondi Shqiptar i Zhvillimit","article_publisher":"https:\/\/www.facebook.com\/albaniandf\/","article_modified_time":"2018-10-28T21:36:49+00:00","og_image":[{"width":623,"height":452,"url":"https:\/\/i0.wp.com\/www.albaniandf.org\/wp-content\/uploads\/2021\/09\/Fondi-Shqiptar-i-zhvillimit-logo-original.png?fit=623%2C452&ssl=1","type":"image\/png"}],"twitter_card":"summary_large_image","twitter_misc":{"Est. reading time":"3 minutes"},"schema":{"@context":"https:\/\/schema.org","@graph":[{"@type":"WebPage","@id":"https:\/\/www.albaniandf.org\/pzhiut\/zhvillimi-urban-dhe-permiresimi-i-infrastruktures\/","url":"https:\/\/www.albaniandf.org\/pzhiut\/zhvillimi-urban-dhe-permiresimi-i-infrastruktures\/","name":"Zhvillimi urban dhe p\u00ebrmir\u00ebsimi i infrastruktur\u00ebs - Fondi Shqiptar i Zhvillimit","isPartOf":{"@id":"https:\/\/www.albaniandf.org\/#website"},"datePublished":"2018-10-28T14:10:47+00:00","dateModified":"2018-10-28T21:36:49+00:00","breadcrumb":{"@id":"https:\/\/www.albaniandf.org\/pzhiut\/zhvillimi-urban-dhe-permiresimi-i-infrastruktures\/#breadcrumb"},"inLanguage":"en-US","potentialAction":[{"@type":"ReadAction","target":["https:\/\/www.albaniandf.org\/pzhiut\/zhvillimi-urban-dhe-permiresimi-i-infrastruktures\/"]}]},{"@type":"BreadcrumbList","@id":"https:\/\/www.albaniandf.org\/pzhiut\/zhvillimi-urban-dhe-permiresimi-i-infrastruktures\/#breadcrumb","itemListElement":[{"@type":"ListItem","position":1,"name":"Home","item":"https:\/\/www.albaniandf.org\/"},{"@type":"ListItem","position":2,"name":"Projekti p\u00ebr Zhvillimin e Integruar Urban dhe Turizmin","item":"https:\/\/www.albaniandf.org\/pzhiut\/"},{"@type":"ListItem","position":3,"name":"Zhvillimi urban dhe p\u00ebrmir\u00ebsimi i infrastruktur\u00ebs"}]},{"@type":"WebSite","@id":"https:\/\/www.albaniandf.org\/#website","url":"https:\/\/www.albaniandf.org\/","name":"Albanian Development Fund","description":"","publisher":{"@id":"https:\/\/www.albaniandf.org\/#organization"},"potentialAction":[{"@type":"SearchAction","target":{"@type":"EntryPoint","urlTemplate":"https:\/\/www.albaniandf.org\/?s={search_term_string}"},"query-input":{"@type":"PropertyValueSpecification","valueRequired":true,"valueName":"search_term_string"}}],"inLanguage":"en-US"},{"@type":"Organization","@id":"https:\/\/www.albaniandf.org\/#organization","name":"Albanian Development Fund","url":"https:\/\/www.albaniandf.org\/","logo":{"@type":"ImageObject","inLanguage":"en-US","@id":"https:\/\/www.albaniandf.org\/#\/schema\/logo\/image\/","url":"https:\/\/www.albaniandf.org\/wp-content\/uploads\/2021\/08\/Fondi-Shqiptar-i-zhvillimit-logo.png","contentUrl":"https:\/\/www.albaniandf.org\/wp-content\/uploads\/2021\/08\/Fondi-Shqiptar-i-zhvillimit-logo.png","width":122,"height":90,"caption":"Fondi Shqiptar i Zhvillimit"},"image":{"@id":"https:\/\/www.albaniandf.org\/#\/schema\/logo\/image\/"},"sameAs":["https:\/\/www.facebook.com\/albaniandf\/","https:\/\/www.instagram.com\/fondi_shqiptar_i_zhvillimit\/","https:\/\/www.youtube.com\/user\/AlbanianDF"]}]}},"_links":{"self":[{"href":"https:\/\/www.albaniandf.org\/en\/wp-json\/wp\/v2\/pages\/3863","targetHints":{"allow":["GET"]}}],"collection":[{"href":"https:\/\/www.albaniandf.org\/en\/wp-json\/wp\/v2\/pages"}],"about":[{"href":"https:\/\/www.albaniandf.org\/en\/wp-json\/wp\/v2\/types\/page"}],"author":[{"embeddable":true,"href":"https:\/\/www.albaniandf.org\/en\/wp-json\/wp\/v2\/users\/1"}],"replies":[{"embeddable":true,"href":"https:\/\/www.albaniandf.org\/en\/wp-json\/wp\/v2\/comments?post=3863"}],"version-history":[{"count":0,"href":"https:\/\/www.albaniandf.org\/en\/wp-json\/wp\/v2\/pages\/3863\/revisions"}],"up":[{"embeddable":true,"href":"https:\/\/www.albaniandf.org\/en\/wp-json\/wp\/v2\/pages\/3826"}],"wp:attachment":[{"href":"https:\/\/www.albaniandf.org\/en\/wp-json\/wp\/v2\/media?parent=3863"}],"curies":[{"name":"wp","href":"https:\/\/api.w.org\/{rel}","templated":true}]}}