{"id":3178,"date":"2018-07-24T11:41:21","date_gmt":"2018-07-24T09:41:21","guid":{"rendered":"https:\/\/www.albaniandf.org\/\/?page_id=3178"},"modified":"2025-10-23T14:38:00","modified_gmt":"2025-10-23T12:38:00","slug":"harta-e-investimeve","status":"publish","type":"page","link":"https:\/\/www.albaniandf.org\/en\/harta-e-investimeve\/","title":{"rendered":"Map of Investments"},"content":{"rendered":"<section class=\"sh-section sh-section-aa6d54ebe2e842400d2e66360ceaa0fc fw-main-row sh-section-visibility-desktop\">\r\n\t\r\n\t\r\n\t<div class=\"sh-section-container container\">\r\n\t\t<div class=\"fw-row\">\n\t\r\n<div class=\"sh-column sh-column-2be3c102f39ff3c05f34742223022fc5 fw-col-xs-12\" >\r\n\r\n\t\r\n\t<div class=\"sh-column-wrapper\">\r\n\t\t\r\n<div class=\"sh-heading\" id=\"heading-bbda6c6b7afc59c195c2cf4ca6dc9a55\">\r\n\t<div class=\"sh-element-margin\">\r\n\r\n\t\t\r\n\t\t\t<h2 class=\"sh-heading-content size-xl text-center\">\r\n\t\t\t\tMap of Investments\t\t\t<\/h2>\r\n\r\n\t\t\r\n\t<\/div>\r\n<\/div>\r\n\r\n<div id=\"divider-7b1997a2d7218daeda8f544ffb08187d\" class=\"sh-divider sh-divider-center sh-divider-content-icon_option\">\r\n\t\t\t<div class=\"sh-divider-content\">\r\n\t\t\t<span class=\"sh-divider-icon\">\r\n\t\t\t\t<i class=\"icon-options\"><\/i>\t\t\t<\/span>\r\n\t\t<\/div>\r\n\t<\/div>\r\n\t<\/div>\r\n\r\n\r\n\t\t\r\n\r\n<\/div>\r\n<\/div>\n\n\t<\/div>\r\n<\/section>\r\n\r\n<section class=\"sh-section sh-section-d77cd024e7b03e5d9c8fac80c0516d2d fw-main-row sh-section-visibility-everywhere\">\r\n\t\r\n\t\r\n\t<div class=\"sh-section-container container\">\r\n\t\t<div class=\"fw-row\">\n\t\r\n<div class=\"sh-column sh-column-70ed1308893a69ec64ec31d858b69de4 fw-col-xs-12 fw-col-sm-4\" >\r\n\r\n\t\r\n\t<div class=\"sh-column-wrapper\">\r\n\t\t\r\n<div id=\"single-image-71c5d95a2e04b01e9a22f5c85d4098da\" class=\"sh-single-image   sh-single-image-has-overlay1\">\r\n\t<div class=\"sh-element-margin\">\r\n\r\n\t\t\t\t\t<div class=\"sh-image-lazy-loading\" style=\"max-width: 300px;\">\r\n\t\t\r\n\t\t\t<div class=\"sh-single-image-container sh-single-image-container-lazy\">\r\n\t\t\t\t\t\t\t\t\t<div class=\"sh-popover-mini\">Map of Sub-Projects<\/div>\r\n\t\t\t\t\r\n\t\t\t\t\t\t\t\t\t\r\n\t\t\t\t\t\t\t\t\t\t\t\t\t\t\t\t\t\t\t\t\t<div class=\"ratio-container\" style=\"padding-top: 166.66666666667%;\">\r\n\t\t\t\t\t\t\t\t\t<div class=\"ratio-content\">\r\n\t\t\t\t\t\t\t\t\t\t<img class=\"sh-image-url lazy\" data-src=\"https:\/\/i0.wp.com\/www.albaniandf.org\/wp-content\/uploads\/2018\/07\/Harta1.png?fit=300%2C500&#038;ssl=1\" alt=\"Harta1\" \/>\r\n\t\t\t\t\t\t\t\t\t<\/div>\r\n\t\t\t\t\t\t\t\t<\/div>\r\n\t\t\t\t\t\t\t\r\n\t\t\t\t\t\t\t\t\t\t\t\t\t\r\n\t\t\t\t\t\t\t\t\t\r\n\t\t\t\t\t\t\t\t\t\t\t\t\t\t\t<a class=\"sh-single-image-overlay\">\r\n\t\t\t\t\t\t\t\t\t\t\t\t\t\t\t\t\t\t<div class=\"sh-custom-button-preset1\">\r\n\t\t\t\t\t\t\t\t<span>Map of Sub-Projects<\/span>\r\n\t\t\t\t\t\t\t\t\t\t\t\t\t\t\t\t\t<i class=\"ti-check\"><\/i>\r\n\t\t\t\t\t\t\t\t\t\t\t\t\t\t\t<\/div>\r\n\t\t\t\t\t\t\t\t\t\t\t<\/a>\r\n\t\t\t\t\t\t\t<\/div>\r\n\r\n\t\t\t\t\t<\/div>\r\n\t\t\r\n\t<\/div>\r\n<\/div>\r\n\r\n<div id=\"divider-f47fda1bba0c476ab908fa9d8e4a5a11\" class=\"sh-divider sh-divider-center sh-divider-content-none\">\r\n\t\t\t<div class=\"sh-divider-line\"><\/div>\r\n\t<\/div>\r\n\r\n<div id=\"button-a7c222ef725b293f67a57be7c1363024\" class=\"sh-button-container  sh-button-style-1\">\r\n\t<div class=\"sh-element-margin\">\r\n\t\t<a href=\"https:\/\/www.albaniandf.org\/en\/harta-e-investimeve\/harta-nenprojekteve\/\" target=\"_blank\" class=\"sh-button sh-button-medium sh-button-icon-left\">\r\n\r\n\t\t\t\t\t\t\t<span class=\"sh-button-icon\">\r\n\t\t\t\t\t<i class=\"ti-angle-right\"><\/i>\r\n\t\t\t\t<\/span>\r\n\t\t\t\r\n\t\t\t\t\t\t\t<span class=\"sh-button-text\">\r\n\t\t\t\t\tREAD\t\t\t\t<\/span>\r\n\t\t\t\r\n\t\t\t\r\n\t\t<\/a>\r\n\t\t\t<\/div>\r\n<\/div>\r\n\t<\/div>\r\n\r\n\r\n\t\t\r\n\r\n<\/div>\r\n\r\n<div class=\"sh-column sh-column-c5ee1a0af829e502f26d6b7ea6b1945b fw-col-xs-12 fw-col-sm-4\" >\r\n\r\n\t\r\n\t<div class=\"sh-column-wrapper\">\r\n\t\t\r\n<div id=\"single-image-03c90e00680a54fab79476a38b408baa\" class=\"sh-single-image   sh-single-image-has-overlay1\">\r\n\t<div class=\"sh-element-margin\">\r\n\r\n\t\t\t\t\t<div class=\"sh-image-lazy-loading\" style=\"max-width: 300px;\">\r\n\t\t\r\n\t\t\t<div class=\"sh-single-image-container sh-single-image-container-lazy\">\r\n\t\t\t\t\t\t\t\t\t<div class=\"sh-popover-mini\">GIS PORTAL<\/div>\r\n\t\t\t\t\r\n\t\t\t\t\t\t\t\t\t\r\n\t\t\t\t\t\t\t\t\t\t\t\t\t\t\t\t\t\t\t\t\t<div class=\"ratio-container\" style=\"padding-top: 166.66666666667%;\">\r\n\t\t\t\t\t\t\t\t\t<div class=\"ratio-content\">\r\n\t\t\t\t\t\t\t\t\t\t<img class=\"sh-image-url lazy\" data-src=\"https:\/\/i0.wp.com\/www.albaniandf.org\/wp-content\/uploads\/2018\/07\/Harta2.png?fit=300%2C500&#038;ssl=1\" alt=\"Harta2\" \/>\r\n\t\t\t\t\t\t\t\t\t<\/div>\r\n\t\t\t\t\t\t\t\t<\/div>\r\n\t\t\t\t\t\t\t\r\n\t\t\t\t\t\t\t\t\t\t\t\t\t\r\n\t\t\t\t\t\t\t\t\t\r\n\t\t\t\t\t\t\t\t\t\t\t\t\t\t\t<a class=\"sh-single-image-overlay\">\r\n\t\t\t\t\t\t\t\t\t\t\t\t\t\t\t\t\t\t<div class=\"sh-custom-button-preset1\">\r\n\t\t\t\t\t\t\t\t<span>GIS PORTAL<\/span>\r\n\t\t\t\t\t\t\t\t\t\t\t\t\t\t\t\t\t<i class=\"ti-check\"><\/i>\r\n\t\t\t\t\t\t\t\t\t\t\t\t\t\t\t<\/div>\r\n\t\t\t\t\t\t\t\t\t\t\t<\/a>\r\n\t\t\t\t\t\t\t<\/div>\r\n\r\n\t\t\t\t\t<\/div>\r\n\t\t\r\n\t<\/div>\r\n<\/div>\r\n\r\n<div id=\"divider-75cf574d46b7f6a0aaf07746a5243cc7\" class=\"sh-divider sh-divider-center sh-divider-content-none\">\r\n\t\t\t<div class=\"sh-divider-line\"><\/div>\r\n\t<\/div>\r\n\r\n<div id=\"button-bed050cedd6b54ccae5d1aaa48f7d3ba\" class=\"sh-button-container  sh-button-style-1\">\r\n\t<div class=\"sh-element-margin\">\r\n\t\t<a href=\"http:\/\/80.91.112.218:8080\/harta\/atlasi\/\" target=\"_blank\" class=\"sh-button sh-button-medium sh-button-icon-left\">\r\n\r\n\t\t\t\t\t\t\t<span class=\"sh-button-icon\">\r\n\t\t\t\t\t<i class=\"ti-angle-right\"><\/i>\r\n\t\t\t\t<\/span>\r\n\t\t\t\r\n\t\t\t\t\t\t\t<span class=\"sh-button-text\">\r\n\t\t\t\t\tREAD\t\t\t\t<\/span>\r\n\t\t\t\r\n\t\t\t\r\n\t\t<\/a>\r\n\t\t\t<\/div>\r\n<\/div>\r\n\t<\/div>\r\n\r\n\r\n\t\t\r\n\r\n<\/div>\r\n\r\n<div class=\"sh-column sh-column-84d53ff6c998a2083765c0f14c98eaf7 fw-col-xs-12 fw-col-sm-4\" >\r\n\r\n\t\r\n\t<div class=\"sh-column-wrapper\">\r\n\t\t\r\n<div id=\"single-image-56f8700fa990e8d79a38984f2e8edd62\" class=\"sh-single-image   sh-single-image-has-overlay1\">\r\n\t<div class=\"sh-element-margin\">\r\n\r\n\t\t\t\t\t<div class=\"sh-image-lazy-loading\" style=\"max-width: 300px;\">\r\n\t\t\r\n\t\t\t<div class=\"sh-single-image-container sh-single-image-container-lazy\">\r\n\t\t\t\t\t\t\t\t\t<div class=\"sh-popover-mini\">Roads Database<\/div>\r\n\t\t\t\t\r\n\t\t\t\t\t\t\t\t\t\r\n\t\t\t\t\t\t\t\t\t\t\t\t\t\t\t\t\t\t\t\t\t<div class=\"ratio-container\" style=\"padding-top: 166.66666666667%;\">\r\n\t\t\t\t\t\t\t\t\t<div class=\"ratio-content\">\r\n\t\t\t\t\t\t\t\t\t\t<img class=\"sh-image-url lazy\" data-src=\"https:\/\/i0.wp.com\/www.albaniandf.org\/wp-content\/uploads\/2018\/07\/Harta3.png?fit=300%2C500&#038;ssl=1\" alt=\"Harta3\" \/>\r\n\t\t\t\t\t\t\t\t\t<\/div>\r\n\t\t\t\t\t\t\t\t<\/div>\r\n\t\t\t\t\t\t\t\r\n\t\t\t\t\t\t\t\t\t\t\t\t\t\r\n\t\t\t\t\t\t\t\t\t\r\n\t\t\t\t\t\t\t\t\t\t\t\t\t\t\t<a class=\"sh-single-image-overlay\">\r\n\t\t\t\t\t\t\t\t\t\t\t\t\t\t\t\t\t\t<div class=\"sh-custom-button-preset1\">\r\n\t\t\t\t\t\t\t\t<span>Roads Database<\/span>\r\n\t\t\t\t\t\t\t\t\t\t\t\t\t\t\t\t\t<i class=\"ti-check\"><\/i>\r\n\t\t\t\t\t\t\t\t\t\t\t\t\t\t\t<\/div>\r\n\t\t\t\t\t\t\t\t\t\t\t<\/a>\r\n\t\t\t\t\t\t\t<\/div>\r\n\r\n\t\t\t\t\t<\/div>\r\n\t\t\r\n\t<\/div>\r\n<\/div>\r\n\r\n<div id=\"divider-08f71acba2a270d8cc792c248331f75e\" class=\"sh-divider sh-divider-center sh-divider-content-none\">\r\n\t\t\t<div class=\"sh-divider-line\"><\/div>\r\n\t<\/div>\r\n\r\n<div id=\"button-84c57d5a2fe271875037924bb57bd78e\" class=\"sh-button-container  sh-button-style-1\">\r\n\t<div class=\"sh-element-margin\">\r\n\t\t<a href=\"http:\/\/80.91.112.218:8086\/rrugetdb\/mapVisit.php\" target=\"_blank\" class=\"sh-button sh-button-medium sh-button-icon-left\">\r\n\r\n\t\t\t\t\t\t\t<span class=\"sh-button-icon\">\r\n\t\t\t\t\t<i class=\"ti-angle-right\"><\/i>\r\n\t\t\t\t<\/span>\r\n\t\t\t\r\n\t\t\t\t\t\t\t<span class=\"sh-button-text\">\r\n\t\t\t\t\tREAD\t\t\t\t<\/span>\r\n\t\t\t\r\n\t\t\t\r\n\t\t<\/a>\r\n\t\t\t<\/div>\r\n<\/div>\r\n\t<\/div>\r\n\r\n\r\n\t\t\r\n\r\n<\/div>\r\n<\/div>\n\n\t<\/div>\r\n<\/section>","protected":false},"excerpt":{"rendered":"<p>Harta e Investimeve Harta e N\u00ebnprojekteve Harta e N\u00ebnprojekteve KLIKO Portali GIS Portali GIS KLIKO Databaza e Rrug\u00ebve Databaza e Rrug\u00ebve KLIKO<\/p>","protected":false},"author":1,"featured_media":0,"parent":0,"menu_order":0,"comment_status":"closed","ping_status":"closed","template":"","meta":{"nf_dc_page":"","footnotes":""},"class_list":["post-3178","page","type-page","status-publish","hentry"],"yoast_head":"<!-- This site is optimized with the Yoast SEO plugin v27.4 - https:\/\/yoast.com\/product\/yoast-seo-wordpress\/ -->\n<title>Harta e Investimeve - Fondi Shqiptar i Zhvillimit<\/title>\n<meta name=\"robots\" content=\"index, follow, max-snippet:-1, max-image-preview:large, max-video-preview:-1\" \/>\n<link rel=\"canonical\" href=\"https:\/\/www.albaniandf.org\/en\/harta-e-investimeve\/\" \/>\n<meta property=\"og:locale\" content=\"en_US\" \/>\n<meta property=\"og:type\" content=\"article\" \/>\n<meta property=\"og:title\" content=\"Harta e Investimeve - Fondi Shqiptar i Zhvillimit\" \/>\n<meta property=\"og:description\" content=\"Harta e Investimeve Harta e N\u00ebnprojekteve Harta e N\u00ebnprojekteve KLIKO Portali GIS Portali GIS KLIKO Databaza e Rrug\u00ebve Databaza e Rrug\u00ebve KLIKO\" \/>\n<meta property=\"og:url\" content=\"https:\/\/www.albaniandf.org\/en\/harta-e-investimeve\/\" \/>\n<meta property=\"og:site_name\" content=\"Fondi Shqiptar i Zhvillimit\" \/>\n<meta property=\"article:publisher\" content=\"https:\/\/www.facebook.com\/albaniandf\/\" \/>\n<meta property=\"article:modified_time\" content=\"2025-10-23T12:38:00+00:00\" \/>\n<meta property=\"og:image\" content=\"https:\/\/www.albaniandf.org\/wp-content\/uploads\/2018\/07\/Harta1.png\" \/>\n<meta name=\"twitter:card\" content=\"summary_large_image\" \/>\n<meta name=\"twitter:label1\" content=\"Est. reading time\" \/>\n\t<meta name=\"twitter:data1\" content=\"1 minute\" \/>\n<script type=\"application\/ld+json\" class=\"yoast-schema-graph\">{\"@context\":\"https:\\\/\\\/schema.org\",\"@graph\":[{\"@type\":\"WebPage\",\"@id\":\"https:\\\/\\\/www.albaniandf.org\\\/harta-e-investimeve\\\/\",\"url\":\"https:\\\/\\\/www.albaniandf.org\\\/harta-e-investimeve\\\/\",\"name\":\"Harta e Investimeve - Fondi Shqiptar i Zhvillimit\",\"isPartOf\":{\"@id\":\"https:\\\/\\\/www.albaniandf.org\\\/#website\"},\"primaryImageOfPage\":{\"@id\":\"https:\\\/\\\/www.albaniandf.org\\\/harta-e-investimeve\\\/#primaryimage\"},\"image\":{\"@id\":\"https:\\\/\\\/www.albaniandf.org\\\/harta-e-investimeve\\\/#primaryimage\"},\"thumbnailUrl\":\"https:\\\/\\\/www.albaniandf.org\\\/wp-content\\\/uploads\\\/2018\\\/07\\\/Harta1.png\",\"datePublished\":\"2018-07-24T09:41:21+00:00\",\"dateModified\":\"2025-10-23T12:38:00+00:00\",\"breadcrumb\":{\"@id\":\"https:\\\/\\\/www.albaniandf.org\\\/harta-e-investimeve\\\/#breadcrumb\"},\"inLanguage\":\"en-US\",\"potentialAction\":[{\"@type\":\"ReadAction\",\"target\":[\"https:\\\/\\\/www.albaniandf.org\\\/harta-e-investimeve\\\/\"]}]},{\"@type\":\"ImageObject\",\"inLanguage\":\"en-US\",\"@id\":\"https:\\\/\\\/www.albaniandf.org\\\/harta-e-investimeve\\\/#primaryimage\",\"url\":\"https:\\\/\\\/www.albaniandf.org\\\/wp-content\\\/uploads\\\/2018\\\/07\\\/Harta1.png\",\"contentUrl\":\"https:\\\/\\\/www.albaniandf.org\\\/wp-content\\\/uploads\\\/2018\\\/07\\\/Harta1.png\"},{\"@type\":\"BreadcrumbList\",\"@id\":\"https:\\\/\\\/www.albaniandf.org\\\/harta-e-investimeve\\\/#breadcrumb\",\"itemListElement\":[{\"@type\":\"ListItem\",\"position\":1,\"name\":\"Home\",\"item\":\"https:\\\/\\\/www.albaniandf.org\\\/\"},{\"@type\":\"ListItem\",\"position\":2,\"name\":\"Harta e Investimeve\"}]},{\"@type\":\"WebSite\",\"@id\":\"https:\\\/\\\/www.albaniandf.org\\\/#website\",\"url\":\"https:\\\/\\\/www.albaniandf.org\\\/\",\"name\":\"Fondi Shqiptar i Zhvillimit\",\"description\":\"\",\"publisher\":{\"@id\":\"https:\\\/\\\/www.albaniandf.org\\\/#organization\"},\"potentialAction\":[{\"@type\":\"SearchAction\",\"target\":{\"@type\":\"EntryPoint\",\"urlTemplate\":\"https:\\\/\\\/www.albaniandf.org\\\/?s={search_term_string}\"},\"query-input\":{\"@type\":\"PropertyValueSpecification\",\"valueRequired\":true,\"valueName\":\"search_term_string\"}}],\"inLanguage\":\"en-US\"},{\"@type\":\"Organization\",\"@id\":\"https:\\\/\\\/www.albaniandf.org\\\/#organization\",\"name\":\"Fondi Shqiptar i Zhvillimit\",\"url\":\"https:\\\/\\\/www.albaniandf.org\\\/\",\"logo\":{\"@type\":\"ImageObject\",\"inLanguage\":\"en-US\",\"@id\":\"https:\\\/\\\/www.albaniandf.org\\\/#\\\/schema\\\/logo\\\/image\\\/\",\"url\":\"https:\\\/\\\/www.albaniandf.org\\\/wp-content\\\/uploads\\\/2021\\\/08\\\/Fondi-Shqiptar-i-zhvillimit-logo.png\",\"contentUrl\":\"https:\\\/\\\/www.albaniandf.org\\\/wp-content\\\/uploads\\\/2021\\\/08\\\/Fondi-Shqiptar-i-zhvillimit-logo.png\",\"width\":122,\"height\":90,\"caption\":\"Fondi Shqiptar i Zhvillimit\"},\"image\":{\"@id\":\"https:\\\/\\\/www.albaniandf.org\\\/#\\\/schema\\\/logo\\\/image\\\/\"},\"sameAs\":[\"https:\\\/\\\/www.facebook.com\\\/albaniandf\\\/\",\"https:\\\/\\\/www.instagram.com\\\/fondi_shqiptar_i_zhvillimit\\\/\",\"https:\\\/\\\/www.youtube.com\\\/user\\\/AlbanianDF\"]}]}<\/script>\n<!-- \/ Yoast SEO plugin. -->","yoast_head_json":{"title":"Harta e Investimeve - Fondi Shqiptar i Zhvillimit","robots":{"index":"index","follow":"follow","max-snippet":"max-snippet:-1","max-image-preview":"max-image-preview:large","max-video-preview":"max-video-preview:-1"},"canonical":"https:\/\/www.albaniandf.org\/en\/harta-e-investimeve\/","og_locale":"en_US","og_type":"article","og_title":"Harta e Investimeve - Fondi Shqiptar i Zhvillimit","og_description":"Harta e Investimeve Harta e N\u00ebnprojekteve Harta e N\u00ebnprojekteve KLIKO Portali GIS Portali GIS KLIKO Databaza e Rrug\u00ebve Databaza e Rrug\u00ebve KLIKO","og_url":"https:\/\/www.albaniandf.org\/en\/harta-e-investimeve\/","og_site_name":"Fondi Shqiptar i Zhvillimit","article_publisher":"https:\/\/www.facebook.com\/albaniandf\/","article_modified_time":"2025-10-23T12:38:00+00:00","og_image":[{"url":"https:\/\/www.albaniandf.org\/wp-content\/uploads\/2018\/07\/Harta1.png","type":"","width":"","height":""}],"twitter_card":"summary_large_image","twitter_misc":{"Est. reading time":"1 minute"},"schema":{"@context":"https:\/\/schema.org","@graph":[{"@type":"WebPage","@id":"https:\/\/www.albaniandf.org\/harta-e-investimeve\/","url":"https:\/\/www.albaniandf.org\/harta-e-investimeve\/","name":"Harta e Investimeve - Fondi Shqiptar i Zhvillimit","isPartOf":{"@id":"https:\/\/www.albaniandf.org\/#website"},"primaryImageOfPage":{"@id":"https:\/\/www.albaniandf.org\/harta-e-investimeve\/#primaryimage"},"image":{"@id":"https:\/\/www.albaniandf.org\/harta-e-investimeve\/#primaryimage"},"thumbnailUrl":"https:\/\/www.albaniandf.org\/wp-content\/uploads\/2018\/07\/Harta1.png","datePublished":"2018-07-24T09:41:21+00:00","dateModified":"2025-10-23T12:38:00+00:00","breadcrumb":{"@id":"https:\/\/www.albaniandf.org\/harta-e-investimeve\/#breadcrumb"},"inLanguage":"en-US","potentialAction":[{"@type":"ReadAction","target":["https:\/\/www.albaniandf.org\/harta-e-investimeve\/"]}]},{"@type":"ImageObject","inLanguage":"en-US","@id":"https:\/\/www.albaniandf.org\/harta-e-investimeve\/#primaryimage","url":"https:\/\/www.albaniandf.org\/wp-content\/uploads\/2018\/07\/Harta1.png","contentUrl":"https:\/\/www.albaniandf.org\/wp-content\/uploads\/2018\/07\/Harta1.png"},{"@type":"BreadcrumbList","@id":"https:\/\/www.albaniandf.org\/harta-e-investimeve\/#breadcrumb","itemListElement":[{"@type":"ListItem","position":1,"name":"Home","item":"https:\/\/www.albaniandf.org\/"},{"@type":"ListItem","position":2,"name":"Harta e Investimeve"}]},{"@type":"WebSite","@id":"https:\/\/www.albaniandf.org\/#website","url":"https:\/\/www.albaniandf.org\/","name":"Albanian Development Fund","description":"","publisher":{"@id":"https:\/\/www.albaniandf.org\/#organization"},"potentialAction":[{"@type":"SearchAction","target":{"@type":"EntryPoint","urlTemplate":"https:\/\/www.albaniandf.org\/?s={search_term_string}"},"query-input":{"@type":"PropertyValueSpecification","valueRequired":true,"valueName":"search_term_string"}}],"inLanguage":"en-US"},{"@type":"Organization","@id":"https:\/\/www.albaniandf.org\/#organization","name":"Albanian Development Fund","url":"https:\/\/www.albaniandf.org\/","logo":{"@type":"ImageObject","inLanguage":"en-US","@id":"https:\/\/www.albaniandf.org\/#\/schema\/logo\/image\/","url":"https:\/\/www.albaniandf.org\/wp-content\/uploads\/2021\/08\/Fondi-Shqiptar-i-zhvillimit-logo.png","contentUrl":"https:\/\/www.albaniandf.org\/wp-content\/uploads\/2021\/08\/Fondi-Shqiptar-i-zhvillimit-logo.png","width":122,"height":90,"caption":"Fondi Shqiptar i Zhvillimit"},"image":{"@id":"https:\/\/www.albaniandf.org\/#\/schema\/logo\/image\/"},"sameAs":["https:\/\/www.facebook.com\/albaniandf\/","https:\/\/www.instagram.com\/fondi_shqiptar_i_zhvillimit\/","https:\/\/www.youtube.com\/user\/AlbanianDF"]}]}},"_links":{"self":[{"href":"https:\/\/www.albaniandf.org\/en\/wp-json\/wp\/v2\/pages\/3178","targetHints":{"allow":["GET"]}}],"collection":[{"href":"https:\/\/www.albaniandf.org\/en\/wp-json\/wp\/v2\/pages"}],"about":[{"href":"https:\/\/www.albaniandf.org\/en\/wp-json\/wp\/v2\/types\/page"}],"author":[{"embeddable":true,"href":"https:\/\/www.albaniandf.org\/en\/wp-json\/wp\/v2\/users\/1"}],"replies":[{"embeddable":true,"href":"https:\/\/www.albaniandf.org\/en\/wp-json\/wp\/v2\/comments?post=3178"}],"version-history":[{"count":6,"href":"https:\/\/www.albaniandf.org\/en\/wp-json\/wp\/v2\/pages\/3178\/revisions"}],"predecessor-version":[{"id":12591,"href":"https:\/\/www.albaniandf.org\/en\/wp-json\/wp\/v2\/pages\/3178\/revisions\/12591"}],"wp:attachment":[{"href":"https:\/\/www.albaniandf.org\/en\/wp-json\/wp\/v2\/media?parent=3178"}],"curies":[{"name":"wp","href":"https:\/\/api.w.org\/{rel}","templated":true}]}}