{"id":3168,"date":"2018-07-23T20:41:09","date_gmt":"2018-07-23T18:41:09","guid":{"rendered":"https:\/\/www.albaniandf.org\/\/?page_id=3168"},"modified":"2021-10-18T10:33:43","modified_gmt":"2021-10-18T08:33:43","slug":"rikonstruksioni-i-rruges-se-lumit-te-vlores","status":"publish","type":"page","link":"https:\/\/www.albaniandf.org\/en\/projekte\/projekte-ne-zbatim\/rikonstruksioni-i-rruges-se-lumit-te-vlores\/","title":{"rendered":"Reconstruction of Vlora River Road"},"content":{"rendered":"<p><strong>Budget:\u00a0<\/strong>10.490 mld ALL with Vat<\/p>\n<p><strong>Implementation period :\u00a0<\/strong>2017 &#8211; 2022<\/p>\n<p><strong>Funding:\u00a0<\/strong>Kuwaiti Fund 77% of the value, and the Albanian Government 23% of the value + VAT.<\/p>\n<p><strong>Geographical coverage:&nbsp;\u00a0<\/strong>Vlora county, River Vlora valley,  3 municipalities(Vlora, Selenica,Himara)<\/p>\n<p><strong>Beneficiaries:\u00a0<\/strong>129 million inhabitants<\/p>\n<p><strong>Project Objective:<\/strong> The project foresees to build sustainable public infrastructure in the South Coast area, specifically in Vlora River area. This will  improve  the living conditions of locals and will transform tourism sector  one of the main pillars of the local and regional economy.<\/p>\n<p>&nbsp;<\/p>\n<p><strong>Context<\/strong><\/p>\n<p>Public infrastructure doesn't support economy development and doesn\u2019t provide useful services for locals and tourists who frequent this area. The project aims at the reconstruction of the Vlora River road, which enables the connection of this area with the Ionian coast and the Albanian Riviera.<\/p>\n<p><strong>Impakti<\/strong><\/p>\n<p>The project is of particular importance for economic development and improvement of the living conditions of residents and the whole area, where the benefits are as follows:<\/p>\n<ul>\n<li>Road safety as the axis is passable throughout the year (and there is approximately 200% traffic increase during the summer);<\/li>\n<li>Alternative transport option and reduces travel time<\/li>\n<li>Connectivity to regional and local markets to facilitate commerce of local products<\/li>\n<li>Improving social interaction and services as well as access to basic services<\/li>\n<li>Diversification of the Local Economy<\/li>\n<li>Opportunities for new initiatives and employment<\/li>\n<\/ul>\n<p><strong>Results<\/strong><\/p>\n<p>During 2016 were identified all steps for the preparation of the documentation and project implementation.Firstly were prepared the Terms of Reference for Supervision of Works.<\/p>\n<p>The contract for Lot I, By Pass Vlora - Peshkopi - Gjorm, with a length of 23.2 km, was concluded on February 24, 2017. The civil works started in March 2017 and ended on June 29, 2019. The object is in construction guarantee.<\/p>\n<p>The works contract for Lot II, Gjorm - Brataj - Lasko Bridge was signed on April 17, 2019 and the works started on May 13, 2019. Works are proceeding normally.<\/p>\n<p>For Lot III, Lasko Bridge - Kuc and Lasko Bridge - Qeparo has been announced the winner for the civil works contract. The contract was signed on May 8, 2020 and the works started on May 8, 2020.<\/p>\n<p>In the beginning of 2021, the services consultancy was conducted for the preparation of the feasibility studies in terms of the transport infrastructure projects for the following municipalities: Vlora, Himara and Saranda.<\/p>\n<p><strong>\u00a0(Last update, June 2021)<\/strong><\/p>","protected":false},"excerpt":{"rendered":"<p>Buxheti:\u00a010.490 mld Lek\u00eb me TVSH Koh\u00ebzgjatja:\u00a02017 &#8211; 2022 Financues:\u00a0Fondi Kuvajtian 77% t\u00eb vler\u00ebs,\u00a0 dhe Qeveria Shqiptare 23% t\u00eb vler\u00ebs +TVSH. Shtrirja gjeografike:\u00a0Qarku Vlor\u00eb, Lugina e Lumit t\u00eb Vlor\u00ebs,\u00a03 bashki (Vlor\u00eb,&#8230;<\/p>","protected":false},"author":1,"featured_media":0,"parent":1886,"menu_order":0,"comment_status":"closed","ping_status":"closed","template":"","meta":{"nf_dc_page":"","footnotes":""},"class_list":["post-3168","page","type-page","status-publish","hentry"],"yoast_head":"<!-- This site is optimized with the Yoast SEO plugin v27.4 - https:\/\/yoast.com\/product\/yoast-seo-wordpress\/ -->\n<title>Rikonstruksioni i rrug\u00ebs s\u00eb Lumit t\u00eb Vlor\u00ebs - Fondi Shqiptar i Zhvillimit<\/title>\n<meta name=\"robots\" content=\"index, follow, max-snippet:-1, max-image-preview:large, max-video-preview:-1\" \/>\n<link rel=\"canonical\" href=\"https:\/\/www.albaniandf.org\/en\/projekte\/projekte-ne-zbatim\/rikonstruksioni-i-rruges-se-lumit-te-vlores\/\" \/>\n<meta property=\"og:locale\" content=\"en_US\" \/>\n<meta property=\"og:type\" content=\"article\" \/>\n<meta property=\"og:title\" content=\"Rikonstruksioni i rrug\u00ebs s\u00eb Lumit t\u00eb Vlor\u00ebs - Fondi Shqiptar i Zhvillimit\" \/>\n<meta property=\"og:description\" content=\"Buxheti:\u00a010.490 mld Lek\u00eb me TVSH Koh\u00ebzgjatja:\u00a02017 &#8211; 2022 Financues:\u00a0Fondi Kuvajtian 77% t\u00eb vler\u00ebs,\u00a0 dhe Qeveria Shqiptare 23% t\u00eb vler\u00ebs +TVSH. Shtrirja gjeografike:\u00a0Qarku Vlor\u00eb, Lugina e Lumit t\u00eb Vlor\u00ebs,\u00a03 bashki (Vlor\u00eb,...\" \/>\n<meta property=\"og:url\" content=\"https:\/\/www.albaniandf.org\/en\/projekte\/projekte-ne-zbatim\/rikonstruksioni-i-rruges-se-lumit-te-vlores\/\" \/>\n<meta property=\"og:site_name\" content=\"Fondi Shqiptar i Zhvillimit\" \/>\n<meta property=\"article:publisher\" content=\"https:\/\/www.facebook.com\/albaniandf\/\" \/>\n<meta property=\"article:modified_time\" content=\"2021-10-18T08:33:43+00:00\" \/>\n<meta property=\"og:image\" content=\"https:\/\/i0.wp.com\/www.albaniandf.org\/wp-content\/uploads\/2021\/09\/Fondi-Shqiptar-i-zhvillimit-logo-original.png?fit=623%2C452&ssl=1\" \/>\n\t<meta property=\"og:image:width\" content=\"623\" \/>\n\t<meta property=\"og:image:height\" content=\"452\" \/>\n\t<meta property=\"og:image:type\" content=\"image\/png\" \/>\n<meta name=\"twitter:card\" content=\"summary_large_image\" \/>\n<meta name=\"twitter:label1\" content=\"Est. reading time\" \/>\n\t<meta name=\"twitter:data1\" content=\"2 minutes\" \/>\n<script type=\"application\/ld+json\" class=\"yoast-schema-graph\">{\"@context\":\"https:\\\/\\\/schema.org\",\"@graph\":[{\"@type\":\"WebPage\",\"@id\":\"https:\\\/\\\/www.albaniandf.org\\\/projekte\\\/projekte-ne-zbatim\\\/rikonstruksioni-i-rruges-se-lumit-te-vlores\\\/\",\"url\":\"https:\\\/\\\/www.albaniandf.org\\\/projekte\\\/projekte-ne-zbatim\\\/rikonstruksioni-i-rruges-se-lumit-te-vlores\\\/\",\"name\":\"Rikonstruksioni i rrug\u00ebs s\u00eb Lumit t\u00eb Vlor\u00ebs - Fondi Shqiptar i Zhvillimit\",\"isPartOf\":{\"@id\":\"https:\\\/\\\/www.albaniandf.org\\\/#website\"},\"datePublished\":\"2018-07-23T18:41:09+00:00\",\"dateModified\":\"2021-10-18T08:33:43+00:00\",\"breadcrumb\":{\"@id\":\"https:\\\/\\\/www.albaniandf.org\\\/projekte\\\/projekte-ne-zbatim\\\/rikonstruksioni-i-rruges-se-lumit-te-vlores\\\/#breadcrumb\"},\"inLanguage\":\"en-US\",\"potentialAction\":[{\"@type\":\"ReadAction\",\"target\":[\"https:\\\/\\\/www.albaniandf.org\\\/projekte\\\/projekte-ne-zbatim\\\/rikonstruksioni-i-rruges-se-lumit-te-vlores\\\/\"]}]},{\"@type\":\"BreadcrumbList\",\"@id\":\"https:\\\/\\\/www.albaniandf.org\\\/projekte\\\/projekte-ne-zbatim\\\/rikonstruksioni-i-rruges-se-lumit-te-vlores\\\/#breadcrumb\",\"itemListElement\":[{\"@type\":\"ListItem\",\"position\":1,\"name\":\"Home\",\"item\":\"https:\\\/\\\/www.albaniandf.org\\\/\"},{\"@type\":\"ListItem\",\"position\":2,\"name\":\"Projekte\",\"item\":\"https:\\\/\\\/www.albaniandf.org\\\/projekte\\\/\"},{\"@type\":\"ListItem\",\"position\":3,\"name\":\"Projekte ne zbatim\",\"item\":\"https:\\\/\\\/www.albaniandf.org\\\/projekte\\\/projekte-ne-zbatim\\\/\"},{\"@type\":\"ListItem\",\"position\":4,\"name\":\"Rikonstruksioni i rrug\u00ebs s\u00eb Lumit t\u00eb Vlor\u00ebs\"}]},{\"@type\":\"WebSite\",\"@id\":\"https:\\\/\\\/www.albaniandf.org\\\/#website\",\"url\":\"https:\\\/\\\/www.albaniandf.org\\\/\",\"name\":\"Fondi Shqiptar i Zhvillimit\",\"description\":\"\",\"publisher\":{\"@id\":\"https:\\\/\\\/www.albaniandf.org\\\/#organization\"},\"potentialAction\":[{\"@type\":\"SearchAction\",\"target\":{\"@type\":\"EntryPoint\",\"urlTemplate\":\"https:\\\/\\\/www.albaniandf.org\\\/?s={search_term_string}\"},\"query-input\":{\"@type\":\"PropertyValueSpecification\",\"valueRequired\":true,\"valueName\":\"search_term_string\"}}],\"inLanguage\":\"en-US\"},{\"@type\":\"Organization\",\"@id\":\"https:\\\/\\\/www.albaniandf.org\\\/#organization\",\"name\":\"Fondi Shqiptar i Zhvillimit\",\"url\":\"https:\\\/\\\/www.albaniandf.org\\\/\",\"logo\":{\"@type\":\"ImageObject\",\"inLanguage\":\"en-US\",\"@id\":\"https:\\\/\\\/www.albaniandf.org\\\/#\\\/schema\\\/logo\\\/image\\\/\",\"url\":\"https:\\\/\\\/www.albaniandf.org\\\/wp-content\\\/uploads\\\/2021\\\/08\\\/Fondi-Shqiptar-i-zhvillimit-logo.png\",\"contentUrl\":\"https:\\\/\\\/www.albaniandf.org\\\/wp-content\\\/uploads\\\/2021\\\/08\\\/Fondi-Shqiptar-i-zhvillimit-logo.png\",\"width\":122,\"height\":90,\"caption\":\"Fondi Shqiptar i Zhvillimit\"},\"image\":{\"@id\":\"https:\\\/\\\/www.albaniandf.org\\\/#\\\/schema\\\/logo\\\/image\\\/\"},\"sameAs\":[\"https:\\\/\\\/www.facebook.com\\\/albaniandf\\\/\",\"https:\\\/\\\/www.instagram.com\\\/fondi_shqiptar_i_zhvillimit\\\/\",\"https:\\\/\\\/www.youtube.com\\\/user\\\/AlbanianDF\"]}]}<\/script>\n<!-- \/ Yoast SEO plugin. -->","yoast_head_json":{"title":"Rikonstruksioni i rrug\u00ebs s\u00eb Lumit t\u00eb Vlor\u00ebs - Fondi Shqiptar i Zhvillimit","robots":{"index":"index","follow":"follow","max-snippet":"max-snippet:-1","max-image-preview":"max-image-preview:large","max-video-preview":"max-video-preview:-1"},"canonical":"https:\/\/www.albaniandf.org\/en\/projekte\/projekte-ne-zbatim\/rikonstruksioni-i-rruges-se-lumit-te-vlores\/","og_locale":"en_US","og_type":"article","og_title":"Rikonstruksioni i rrug\u00ebs s\u00eb Lumit t\u00eb Vlor\u00ebs - Fondi Shqiptar i Zhvillimit","og_description":"Buxheti:\u00a010.490 mld Lek\u00eb me TVSH Koh\u00ebzgjatja:\u00a02017 &#8211; 2022 Financues:\u00a0Fondi Kuvajtian 77% t\u00eb vler\u00ebs,\u00a0 dhe Qeveria Shqiptare 23% t\u00eb vler\u00ebs +TVSH. Shtrirja gjeografike:\u00a0Qarku Vlor\u00eb, Lugina e Lumit t\u00eb Vlor\u00ebs,\u00a03 bashki (Vlor\u00eb,...","og_url":"https:\/\/www.albaniandf.org\/en\/projekte\/projekte-ne-zbatim\/rikonstruksioni-i-rruges-se-lumit-te-vlores\/","og_site_name":"Fondi Shqiptar i Zhvillimit","article_publisher":"https:\/\/www.facebook.com\/albaniandf\/","article_modified_time":"2021-10-18T08:33:43+00:00","og_image":[{"width":623,"height":452,"url":"https:\/\/i0.wp.com\/www.albaniandf.org\/wp-content\/uploads\/2021\/09\/Fondi-Shqiptar-i-zhvillimit-logo-original.png?fit=623%2C452&ssl=1","type":"image\/png"}],"twitter_card":"summary_large_image","twitter_misc":{"Est. reading time":"2 minutes"},"schema":{"@context":"https:\/\/schema.org","@graph":[{"@type":"WebPage","@id":"https:\/\/www.albaniandf.org\/projekte\/projekte-ne-zbatim\/rikonstruksioni-i-rruges-se-lumit-te-vlores\/","url":"https:\/\/www.albaniandf.org\/projekte\/projekte-ne-zbatim\/rikonstruksioni-i-rruges-se-lumit-te-vlores\/","name":"Rikonstruksioni i rrug\u00ebs s\u00eb Lumit t\u00eb Vlor\u00ebs - Fondi Shqiptar i Zhvillimit","isPartOf":{"@id":"https:\/\/www.albaniandf.org\/#website"},"datePublished":"2018-07-23T18:41:09+00:00","dateModified":"2021-10-18T08:33:43+00:00","breadcrumb":{"@id":"https:\/\/www.albaniandf.org\/projekte\/projekte-ne-zbatim\/rikonstruksioni-i-rruges-se-lumit-te-vlores\/#breadcrumb"},"inLanguage":"en-US","potentialAction":[{"@type":"ReadAction","target":["https:\/\/www.albaniandf.org\/projekte\/projekte-ne-zbatim\/rikonstruksioni-i-rruges-se-lumit-te-vlores\/"]}]},{"@type":"BreadcrumbList","@id":"https:\/\/www.albaniandf.org\/projekte\/projekte-ne-zbatim\/rikonstruksioni-i-rruges-se-lumit-te-vlores\/#breadcrumb","itemListElement":[{"@type":"ListItem","position":1,"name":"Home","item":"https:\/\/www.albaniandf.org\/"},{"@type":"ListItem","position":2,"name":"Projekte","item":"https:\/\/www.albaniandf.org\/projekte\/"},{"@type":"ListItem","position":3,"name":"Projekte ne zbatim","item":"https:\/\/www.albaniandf.org\/projekte\/projekte-ne-zbatim\/"},{"@type":"ListItem","position":4,"name":"Rikonstruksioni i rrug\u00ebs s\u00eb Lumit t\u00eb Vlor\u00ebs"}]},{"@type":"WebSite","@id":"https:\/\/www.albaniandf.org\/#website","url":"https:\/\/www.albaniandf.org\/","name":"Albanian Development Fund","description":"","publisher":{"@id":"https:\/\/www.albaniandf.org\/#organization"},"potentialAction":[{"@type":"SearchAction","target":{"@type":"EntryPoint","urlTemplate":"https:\/\/www.albaniandf.org\/?s={search_term_string}"},"query-input":{"@type":"PropertyValueSpecification","valueRequired":true,"valueName":"search_term_string"}}],"inLanguage":"en-US"},{"@type":"Organization","@id":"https:\/\/www.albaniandf.org\/#organization","name":"Albanian Development Fund","url":"https:\/\/www.albaniandf.org\/","logo":{"@type":"ImageObject","inLanguage":"en-US","@id":"https:\/\/www.albaniandf.org\/#\/schema\/logo\/image\/","url":"https:\/\/www.albaniandf.org\/wp-content\/uploads\/2021\/08\/Fondi-Shqiptar-i-zhvillimit-logo.png","contentUrl":"https:\/\/www.albaniandf.org\/wp-content\/uploads\/2021\/08\/Fondi-Shqiptar-i-zhvillimit-logo.png","width":122,"height":90,"caption":"Fondi Shqiptar i Zhvillimit"},"image":{"@id":"https:\/\/www.albaniandf.org\/#\/schema\/logo\/image\/"},"sameAs":["https:\/\/www.facebook.com\/albaniandf\/","https:\/\/www.instagram.com\/fondi_shqiptar_i_zhvillimit\/","https:\/\/www.youtube.com\/user\/AlbanianDF"]}]}},"_links":{"self":[{"href":"https:\/\/www.albaniandf.org\/en\/wp-json\/wp\/v2\/pages\/3168","targetHints":{"allow":["GET"]}}],"collection":[{"href":"https:\/\/www.albaniandf.org\/en\/wp-json\/wp\/v2\/pages"}],"about":[{"href":"https:\/\/www.albaniandf.org\/en\/wp-json\/wp\/v2\/types\/page"}],"author":[{"embeddable":true,"href":"https:\/\/www.albaniandf.org\/en\/wp-json\/wp\/v2\/users\/1"}],"replies":[{"embeddable":true,"href":"https:\/\/www.albaniandf.org\/en\/wp-json\/wp\/v2\/comments?post=3168"}],"version-history":[{"count":8,"href":"https:\/\/www.albaniandf.org\/en\/wp-json\/wp\/v2\/pages\/3168\/revisions"}],"predecessor-version":[{"id":10208,"href":"https:\/\/www.albaniandf.org\/en\/wp-json\/wp\/v2\/pages\/3168\/revisions\/10208"}],"up":[{"embeddable":true,"href":"https:\/\/www.albaniandf.org\/en\/wp-json\/wp\/v2\/pages\/1886"}],"wp:attachment":[{"href":"https:\/\/www.albaniandf.org\/en\/wp-json\/wp\/v2\/media?parent=3168"}],"curies":[{"name":"wp","href":"https:\/\/api.w.org\/{rel}","templated":true}]}}