{"id":3166,"date":"2018-07-23T20:38:52","date_gmt":"2018-07-23T18:38:52","guid":{"rendered":"https:\/\/www.albaniandf.org\/\/?page_id=3166"},"modified":"2021-10-18T09:40:27","modified_gmt":"2021-10-18T07:40:27","slug":"programi-permiresimi-i-rrugeve-dytesore-dhe-lokale","status":"publish","type":"page","link":"https:\/\/www.albaniandf.org\/en\/projekte\/projekte-ne-zbatim\/programi-permiresimi-i-rrugeve-dytesore-dhe-lokale\/","title":{"rendered":"Programi &#8220;P\u00ebrmir\u00ebsimi i Rrug\u00ebve Dyt\u00ebsore dhe Lokale&#8221;"},"content":{"rendered":"<h4>General overview<\/h4>\n<p><b><\/b><span style=\"font-weight: 400;\">During the last 20 years Albania has made impressive progress passing from a centralized, backward system to a market-based economy. According to a joint report by INSTAT, UNDP and World Bank on poverty trend in Albania during 2002-2005-2008, the GDP increased by 7.1%, accompanied by a considerable reduction of poverty level in rural areas. However, concerning the highland areas, the level of poverty has not undergone noteworthy changes. The poor population is still concentrated in highland rural regions. Nevertheless, Albania has achieved a sustained economic growth and has undertaken economic reforms which have led to macroeconomic sustainability, governance improvement, investment development in the private sector, provision of public social services.\u00a0<\/span><br style=\"font-weight: 400;\" \/><br style=\"font-weight: 400;\" \/><b><\/b><\/p>\n<h4>The challenge<\/h4>\n<p><b><\/b><span style=\"font-weight: 400;\">Albania has inherited from the communist regime a poor infrastructure which has had a negative impact on the transport of goods and people. According to World Bank\u2019s Survey on Poverty Assessment in Albania in 2003, many Albanians, after employment, consider infrastructure problems to be the main cause of their difficulties and a significant factor in their low standard of living as 57% of population lives in rural areas where the conditions of road transport are poor or very poor. These unsatisfactory road conditions represent the biggest hindrance for the transport of people and goods, international investments, the development of tourism, the access to social services, employment opportunities especially for people in rural areas. Albania has a road network of 12,000 km out of which 4,980 km of rural road network with a communal profile and 4,471 km of regional road network. The contribution of this road network in the development of agriculture and the importance in return of agriculture in the GDP for the overall economic development and reduction of poverty, highlights the significance of immediate intervention for the improvement of secondary and local network.\u00a0<\/span><br style=\"font-weight: 400;\" \/><br style=\"font-weight: 400;\" \/><b><\/b><\/p>\n<h4>Approach<\/h4>\n<p><b><\/b><span style=\"font-weight: 400;\">Giving due attention to the immediate and efficient improvement of the secondary and local road network, the Albanian Government has drafted \"The National Strategy for Development and Integration 2007-2013\" and \"National Transport Plan\u201d. Moreover, in 2007 the Albanian Government initiated the Project on the Improvement of Secondary and Local Road Network. This project received the support of the World Bank which prepared the Project Appraisal Document. The implementation of such an important project was entrusted to the ADF which is an experienced Agency in the implementation of infrastructure projects. \"The Improvement of Secondary and Local Roads\" Project, which is co-financed by the World Bank and other donors at an estimated amount of $ 368 million, aims at increasing the concrete efforts for the improvement of infrastructure in the country and for increasing the access to basic services and local markets especially in rural areas via the rehabilitation of secondary and local road network. \nThe Project became effective in September 2008 and is expected to be finalized by the end of 2017.\u00a0<\/span><br style=\"font-weight: 400;\" \/><br style=\"font-weight: 400;\" \/><b><\/b><\/p>\n<h4>Results<\/h4>\n<p><b><\/b><span style=\"font-weight: 400;\">In December  2016 works have been completed in all road segments .This is one of the most ambitious programs implemented in the last 25 years in Albania. Since the beginning of SLRP until 31 December 2016, ADF has funded the reconstruction of 144 secondary and local road segments and bridges, with a total length of about 1200 km.\u00a0<\/span><br style=\"font-weight: 400;\" \/><br style=\"font-weight: 400;\" \/><\/p>\n<ul>\n<li>Out of a total of 9800 km of secondary and local road network, the first phase of a complete inventory with detailed data for about 4247 km of primary rural road network has been finalized. Meanwhile the second phase of inventory is under implementation.<\/li>\n<li>Detailed data has been collected for all road sections about population, road traffic, road condition (roughness), the access provided and poverty rates in the region.<\/li>\n<li>In addition to the inventory, ADF has already at its disposal the prioritized list of road sections.<\/li>\n<li>The technical designs and bidding documents have been prepared for a total of 1200 km of road sections.<\/li>\n<li>Civil works have been financed for the reconstruction of 144 secondary and local road sections and bridges nationwide at a total of 1200km (See the link \"Reconstruction of Roads financed by ADF from 2005-2013\" )\u00a0<a href=\"https:\/\/www.albaniandf.org\/\/wp-content\/uploads\/2018\/07\/Lista_e_Rrugeve_te_finacuara_nga_FSHZH_2005-2013-1.pdf\" target=\"_blank\" rel=\"noopener\"><b><strong>&#8220;Rrug\u00ebt e financuara nga FSHZH 2005 \u2013 2013&#8221;\u00a0<\/strong><\/b><\/a>).<\/li>\n<li>23 specialists from the Department of Infrastructure at ADF who are in charge of following civil works contracts in the framework of Secondary and Local Roads Project have been trained by FIDIC.<\/li>\n<li>About 1000 people representatives of administrative units are trained on road functioning and maintenance.  ADF has included a soft for calculating the maintenance budget of the secondary and local road network for all actors<\/li>\n<li>The performance rating by the Implementation and Completion Report on the World Bank  and OFID I financing for SLRP is \"Highly Satisfactory\"<\/li>\n<li>As of now, the sub projects financed by the World Bank, OFID, CEB, IDB, KfW, EBRD, EIB,EU, IPA  have been successfully implemented.<\/li>\n<\/ul>\n<p><br style=\"font-weight: 400;\" \/><b><strong>Some Indicators on the immediate benefits resulting from the implementation of SLRP<\/strong><\/b><span style=\"font-weight: 400;\">\u00a0<\/span><br style=\"font-weight: 400;\" \/><br style=\"font-weight: 400;\" \/><\/p>\n<ul>\n<li>Increasing  access to basic services(healthcare, schools);<\/li>\n<li>Increasing access to local and regional markets;<\/li>\n<li>Increasing  access to tourist sites<\/li>\n<li>About 1 million inhabitants of 153 Local Government Units in the 12 Counties of Albania are the direct beneficiaries of the SLRP<\/li>\n<li>Improvement of economic development in areas with a high population density and large-scale agricultural and livestock production<\/li>\n<li>Accessibility to various regions of the country via regional roads<\/li>\n<li>Reduction in travel time by 60% compared to the period before investment<\/li>\n<li>Increase in traffic volume by 21% in the reconstructed road segments<\/li>\n<li>Reduction in public transport cost by 8.5%<\/li>\n<li>Reduction in vehicle maintenance and servicing cost for 90% of the roads users<\/li>\n<\/ul>\n<p><br style=\"font-weight: 400;\" \/><b><\/b><\/p>\n<h4>Towards Future<\/h4>\n<p style=\"font-weight: 400;\">As of now, the SLRP has been financed to the amount of 368 million USD by the Albanian Government, World Bank, OFID, Council of Europe Development Bank, Norway Trust Account, United Nations, European Bank for Reconstruction and Development, European Investment Bank, Islamic Development Bank, KfW and WBIF.<\/p>\n<p style=\"font-weight: 400;\">It is foreseen that the Program will continue with other financing and in this context the Albanian Government is negotiating with development banks and international financial institutions.<\/p>\n<p style=\"font-weight: 400;\">These investments will enable the improvement of living conditions for the inhabitants in the hinterland of project roads by reducing travel time towards local markets and educational and healthcare centers. The novelty of the Secondary and Local Roads Program lies in ensuring sustainable maintenance and functioning of the reconstructed roads by contracting maintenance road service in the private sector.<\/p>\n<p>&nbsp;<\/p>\n<p style=\"font-weight: 400;\"><b><strong>(P\u00ebrdit\u00ebsimi i fundit)\u00a0<\/strong><\/b><\/p>","protected":false},"excerpt":{"rendered":"<p>V\u00ebshtrim i p\u00ebrgjithsh\u00ebm Gjat\u00eb nj\u00ebzet viteve t\u00eb fundit Shqip\u00ebria ka b\u00ebr\u00eb p\u00ebrparime t\u00eb dukshme duke kaluar nga nj\u00eb sistem i centralizuar dhe i prapambetur drejt nj\u00eb ekonomie tregu. Sipas nj\u00eb&#8230;<\/p>","protected":false},"author":1,"featured_media":0,"parent":1886,"menu_order":0,"comment_status":"closed","ping_status":"closed","template":"","meta":{"nf_dc_page":"","footnotes":""},"class_list":["post-3166","page","type-page","status-publish","hentry"],"yoast_head":"<!-- This site is optimized with the Yoast SEO plugin v27.4 - https:\/\/yoast.com\/product\/yoast-seo-wordpress\/ -->\n<title>Programi &quot;P\u00ebrmir\u00ebsimi i Rrug\u00ebve Dyt\u00ebsore dhe Lokale&quot; - Fondi Shqiptar i Zhvillimit<\/title>\n<meta name=\"robots\" content=\"index, follow, max-snippet:-1, max-image-preview:large, max-video-preview:-1\" \/>\n<link rel=\"canonical\" href=\"https:\/\/www.albaniandf.org\/en\/projekte\/projekte-ne-zbatim\/programi-permiresimi-i-rrugeve-dytesore-dhe-lokale\/\" \/>\n<meta property=\"og:locale\" content=\"en_US\" \/>\n<meta property=\"og:type\" content=\"article\" \/>\n<meta property=\"og:title\" content=\"Programi &quot;P\u00ebrmir\u00ebsimi i Rrug\u00ebve Dyt\u00ebsore dhe Lokale&quot; - Fondi Shqiptar i Zhvillimit\" \/>\n<meta property=\"og:description\" content=\"V\u00ebshtrim i p\u00ebrgjithsh\u00ebm Gjat\u00eb nj\u00ebzet viteve t\u00eb fundit Shqip\u00ebria ka b\u00ebr\u00eb p\u00ebrparime t\u00eb dukshme duke kaluar nga nj\u00eb sistem i centralizuar dhe i prapambetur drejt nj\u00eb ekonomie tregu. Sipas nj\u00eb...\" \/>\n<meta property=\"og:url\" content=\"https:\/\/www.albaniandf.org\/en\/projekte\/projekte-ne-zbatim\/programi-permiresimi-i-rrugeve-dytesore-dhe-lokale\/\" \/>\n<meta property=\"og:site_name\" content=\"Fondi Shqiptar i Zhvillimit\" \/>\n<meta property=\"article:publisher\" content=\"https:\/\/www.facebook.com\/albaniandf\/\" \/>\n<meta property=\"article:modified_time\" content=\"2021-10-18T07:40:27+00:00\" \/>\n<meta property=\"og:image\" content=\"https:\/\/i0.wp.com\/www.albaniandf.org\/wp-content\/uploads\/2021\/09\/Fondi-Shqiptar-i-zhvillimit-logo-original.png?fit=623%2C452&ssl=1\" \/>\n\t<meta property=\"og:image:width\" content=\"623\" \/>\n\t<meta property=\"og:image:height\" content=\"452\" \/>\n\t<meta property=\"og:image:type\" content=\"image\/png\" \/>\n<meta name=\"twitter:card\" content=\"summary_large_image\" \/>\n<meta name=\"twitter:label1\" content=\"Est. reading time\" \/>\n\t<meta name=\"twitter:data1\" content=\"5 minutes\" \/>\n<script type=\"application\/ld+json\" class=\"yoast-schema-graph\">{\"@context\":\"https:\\\/\\\/schema.org\",\"@graph\":[{\"@type\":\"WebPage\",\"@id\":\"https:\\\/\\\/www.albaniandf.org\\\/projekte\\\/projekte-ne-zbatim\\\/programi-permiresimi-i-rrugeve-dytesore-dhe-lokale\\\/\",\"url\":\"https:\\\/\\\/www.albaniandf.org\\\/projekte\\\/projekte-ne-zbatim\\\/programi-permiresimi-i-rrugeve-dytesore-dhe-lokale\\\/\",\"name\":\"Programi \\\"P\u00ebrmir\u00ebsimi i Rrug\u00ebve Dyt\u00ebsore dhe Lokale\\\" - Fondi Shqiptar i Zhvillimit\",\"isPartOf\":{\"@id\":\"https:\\\/\\\/www.albaniandf.org\\\/#website\"},\"datePublished\":\"2018-07-23T18:38:52+00:00\",\"dateModified\":\"2021-10-18T07:40:27+00:00\",\"breadcrumb\":{\"@id\":\"https:\\\/\\\/www.albaniandf.org\\\/projekte\\\/projekte-ne-zbatim\\\/programi-permiresimi-i-rrugeve-dytesore-dhe-lokale\\\/#breadcrumb\"},\"inLanguage\":\"en-US\",\"potentialAction\":[{\"@type\":\"ReadAction\",\"target\":[\"https:\\\/\\\/www.albaniandf.org\\\/projekte\\\/projekte-ne-zbatim\\\/programi-permiresimi-i-rrugeve-dytesore-dhe-lokale\\\/\"]}]},{\"@type\":\"BreadcrumbList\",\"@id\":\"https:\\\/\\\/www.albaniandf.org\\\/projekte\\\/projekte-ne-zbatim\\\/programi-permiresimi-i-rrugeve-dytesore-dhe-lokale\\\/#breadcrumb\",\"itemListElement\":[{\"@type\":\"ListItem\",\"position\":1,\"name\":\"Home\",\"item\":\"https:\\\/\\\/www.albaniandf.org\\\/\"},{\"@type\":\"ListItem\",\"position\":2,\"name\":\"Projekte\",\"item\":\"https:\\\/\\\/www.albaniandf.org\\\/projekte\\\/\"},{\"@type\":\"ListItem\",\"position\":3,\"name\":\"Projekte ne zbatim\",\"item\":\"https:\\\/\\\/www.albaniandf.org\\\/projekte\\\/projekte-ne-zbatim\\\/\"},{\"@type\":\"ListItem\",\"position\":4,\"name\":\"Programi &#8220;P\u00ebrmir\u00ebsimi i Rrug\u00ebve Dyt\u00ebsore dhe Lokale&#8221;\"}]},{\"@type\":\"WebSite\",\"@id\":\"https:\\\/\\\/www.albaniandf.org\\\/#website\",\"url\":\"https:\\\/\\\/www.albaniandf.org\\\/\",\"name\":\"Fondi Shqiptar i Zhvillimit\",\"description\":\"\",\"publisher\":{\"@id\":\"https:\\\/\\\/www.albaniandf.org\\\/#organization\"},\"potentialAction\":[{\"@type\":\"SearchAction\",\"target\":{\"@type\":\"EntryPoint\",\"urlTemplate\":\"https:\\\/\\\/www.albaniandf.org\\\/?s={search_term_string}\"},\"query-input\":{\"@type\":\"PropertyValueSpecification\",\"valueRequired\":true,\"valueName\":\"search_term_string\"}}],\"inLanguage\":\"en-US\"},{\"@type\":\"Organization\",\"@id\":\"https:\\\/\\\/www.albaniandf.org\\\/#organization\",\"name\":\"Fondi Shqiptar i Zhvillimit\",\"url\":\"https:\\\/\\\/www.albaniandf.org\\\/\",\"logo\":{\"@type\":\"ImageObject\",\"inLanguage\":\"en-US\",\"@id\":\"https:\\\/\\\/www.albaniandf.org\\\/#\\\/schema\\\/logo\\\/image\\\/\",\"url\":\"https:\\\/\\\/www.albaniandf.org\\\/wp-content\\\/uploads\\\/2021\\\/08\\\/Fondi-Shqiptar-i-zhvillimit-logo.png\",\"contentUrl\":\"https:\\\/\\\/www.albaniandf.org\\\/wp-content\\\/uploads\\\/2021\\\/08\\\/Fondi-Shqiptar-i-zhvillimit-logo.png\",\"width\":122,\"height\":90,\"caption\":\"Fondi Shqiptar i Zhvillimit\"},\"image\":{\"@id\":\"https:\\\/\\\/www.albaniandf.org\\\/#\\\/schema\\\/logo\\\/image\\\/\"},\"sameAs\":[\"https:\\\/\\\/www.facebook.com\\\/albaniandf\\\/\",\"https:\\\/\\\/www.instagram.com\\\/fondi_shqiptar_i_zhvillimit\\\/\",\"https:\\\/\\\/www.youtube.com\\\/user\\\/AlbanianDF\"]}]}<\/script>\n<!-- \/ Yoast SEO plugin. -->","yoast_head_json":{"title":"Programi \"P\u00ebrmir\u00ebsimi i Rrug\u00ebve Dyt\u00ebsore dhe Lokale\" - Fondi Shqiptar i Zhvillimit","robots":{"index":"index","follow":"follow","max-snippet":"max-snippet:-1","max-image-preview":"max-image-preview:large","max-video-preview":"max-video-preview:-1"},"canonical":"https:\/\/www.albaniandf.org\/en\/projekte\/projekte-ne-zbatim\/programi-permiresimi-i-rrugeve-dytesore-dhe-lokale\/","og_locale":"en_US","og_type":"article","og_title":"Programi \"P\u00ebrmir\u00ebsimi i Rrug\u00ebve Dyt\u00ebsore dhe Lokale\" - Fondi Shqiptar i Zhvillimit","og_description":"V\u00ebshtrim i p\u00ebrgjithsh\u00ebm Gjat\u00eb nj\u00ebzet viteve t\u00eb fundit Shqip\u00ebria ka b\u00ebr\u00eb p\u00ebrparime t\u00eb dukshme duke kaluar nga nj\u00eb sistem i centralizuar dhe i prapambetur drejt nj\u00eb ekonomie tregu. Sipas nj\u00eb...","og_url":"https:\/\/www.albaniandf.org\/en\/projekte\/projekte-ne-zbatim\/programi-permiresimi-i-rrugeve-dytesore-dhe-lokale\/","og_site_name":"Fondi Shqiptar i Zhvillimit","article_publisher":"https:\/\/www.facebook.com\/albaniandf\/","article_modified_time":"2021-10-18T07:40:27+00:00","og_image":[{"width":623,"height":452,"url":"https:\/\/i0.wp.com\/www.albaniandf.org\/wp-content\/uploads\/2021\/09\/Fondi-Shqiptar-i-zhvillimit-logo-original.png?fit=623%2C452&ssl=1","type":"image\/png"}],"twitter_card":"summary_large_image","twitter_misc":{"Est. reading time":"5 minutes"},"schema":{"@context":"https:\/\/schema.org","@graph":[{"@type":"WebPage","@id":"https:\/\/www.albaniandf.org\/projekte\/projekte-ne-zbatim\/programi-permiresimi-i-rrugeve-dytesore-dhe-lokale\/","url":"https:\/\/www.albaniandf.org\/projekte\/projekte-ne-zbatim\/programi-permiresimi-i-rrugeve-dytesore-dhe-lokale\/","name":"Programi \"P\u00ebrmir\u00ebsimi i Rrug\u00ebve Dyt\u00ebsore dhe Lokale\" - Fondi Shqiptar i Zhvillimit","isPartOf":{"@id":"https:\/\/www.albaniandf.org\/#website"},"datePublished":"2018-07-23T18:38:52+00:00","dateModified":"2021-10-18T07:40:27+00:00","breadcrumb":{"@id":"https:\/\/www.albaniandf.org\/projekte\/projekte-ne-zbatim\/programi-permiresimi-i-rrugeve-dytesore-dhe-lokale\/#breadcrumb"},"inLanguage":"en-US","potentialAction":[{"@type":"ReadAction","target":["https:\/\/www.albaniandf.org\/projekte\/projekte-ne-zbatim\/programi-permiresimi-i-rrugeve-dytesore-dhe-lokale\/"]}]},{"@type":"BreadcrumbList","@id":"https:\/\/www.albaniandf.org\/projekte\/projekte-ne-zbatim\/programi-permiresimi-i-rrugeve-dytesore-dhe-lokale\/#breadcrumb","itemListElement":[{"@type":"ListItem","position":1,"name":"Home","item":"https:\/\/www.albaniandf.org\/"},{"@type":"ListItem","position":2,"name":"Projekte","item":"https:\/\/www.albaniandf.org\/projekte\/"},{"@type":"ListItem","position":3,"name":"Projekte ne zbatim","item":"https:\/\/www.albaniandf.org\/projekte\/projekte-ne-zbatim\/"},{"@type":"ListItem","position":4,"name":"Programi &#8220;P\u00ebrmir\u00ebsimi i Rrug\u00ebve Dyt\u00ebsore dhe Lokale&#8221;"}]},{"@type":"WebSite","@id":"https:\/\/www.albaniandf.org\/#website","url":"https:\/\/www.albaniandf.org\/","name":"Albanian Development Fund","description":"","publisher":{"@id":"https:\/\/www.albaniandf.org\/#organization"},"potentialAction":[{"@type":"SearchAction","target":{"@type":"EntryPoint","urlTemplate":"https:\/\/www.albaniandf.org\/?s={search_term_string}"},"query-input":{"@type":"PropertyValueSpecification","valueRequired":true,"valueName":"search_term_string"}}],"inLanguage":"en-US"},{"@type":"Organization","@id":"https:\/\/www.albaniandf.org\/#organization","name":"Albanian Development Fund","url":"https:\/\/www.albaniandf.org\/","logo":{"@type":"ImageObject","inLanguage":"en-US","@id":"https:\/\/www.albaniandf.org\/#\/schema\/logo\/image\/","url":"https:\/\/www.albaniandf.org\/wp-content\/uploads\/2021\/08\/Fondi-Shqiptar-i-zhvillimit-logo.png","contentUrl":"https:\/\/www.albaniandf.org\/wp-content\/uploads\/2021\/08\/Fondi-Shqiptar-i-zhvillimit-logo.png","width":122,"height":90,"caption":"Fondi Shqiptar i Zhvillimit"},"image":{"@id":"https:\/\/www.albaniandf.org\/#\/schema\/logo\/image\/"},"sameAs":["https:\/\/www.facebook.com\/albaniandf\/","https:\/\/www.instagram.com\/fondi_shqiptar_i_zhvillimit\/","https:\/\/www.youtube.com\/user\/AlbanianDF"]}]}},"_links":{"self":[{"href":"https:\/\/www.albaniandf.org\/en\/wp-json\/wp\/v2\/pages\/3166","targetHints":{"allow":["GET"]}}],"collection":[{"href":"https:\/\/www.albaniandf.org\/en\/wp-json\/wp\/v2\/pages"}],"about":[{"href":"https:\/\/www.albaniandf.org\/en\/wp-json\/wp\/v2\/types\/page"}],"author":[{"embeddable":true,"href":"https:\/\/www.albaniandf.org\/en\/wp-json\/wp\/v2\/users\/1"}],"replies":[{"embeddable":true,"href":"https:\/\/www.albaniandf.org\/en\/wp-json\/wp\/v2\/comments?post=3166"}],"version-history":[{"count":3,"href":"https:\/\/www.albaniandf.org\/en\/wp-json\/wp\/v2\/pages\/3166\/revisions"}],"predecessor-version":[{"id":10204,"href":"https:\/\/www.albaniandf.org\/en\/wp-json\/wp\/v2\/pages\/3166\/revisions\/10204"}],"up":[{"embeddable":true,"href":"https:\/\/www.albaniandf.org\/en\/wp-json\/wp\/v2\/pages\/1886"}],"wp:attachment":[{"href":"https:\/\/www.albaniandf.org\/en\/wp-json\/wp\/v2\/media?parent=3166"}],"curies":[{"name":"wp","href":"https:\/\/api.w.org\/{rel}","templated":true}]}}