{"id":3162,"date":"2018-07-23T20:35:23","date_gmt":"2018-07-23T18:35:23","guid":{"rendered":"https:\/\/www.albaniandf.org\/\/?page_id=3162"},"modified":"2022-07-26T10:57:44","modified_gmt":"2022-07-26T08:57:44","slug":"programi-i-ujesjellesve-rurale","status":"publish","type":"page","link":"https:\/\/www.albaniandf.org\/en\/projekte\/projekte-ne-zbatim\/programi-i-ujesjellesve-rurale\/","title":{"rendered":"Rural Water Supply Program"},"content":{"rendered":"<p><strong>Budget:\u00a0<\/strong>102.58 million Euro<\/p>\n<p><strong>Implementation period :\u00a0<\/strong>2008 &#8211; 2024<\/p>\n<p><strong>Funding:<\/strong>German Development Bank (KfW), Government of Albania (GoA) and European Union (EU)<\/p>\n<p><strong>Geographical coverage:&nbsp;\u00a0<\/strong>9 counties, 51 Administrative Units, 162 villages\/cities<\/p>\n<p><strong>Beneficiaries:\u00a0<\/strong>215 thousand inhabitants<\/p>\n<p><strong>Number of funded schemes:\u00a0<\/strong>64<\/p>\n<p><strong>Objective:<\/strong>\u00a0The project aims to supply locals with hygienically clean water and  provide acceptable fees for customers. This will be achieved through new water supply schemes.  This program is one of the most serious initiatives of recent years.<\/p>\n<p><strong>The challenge<\/strong><\/p>\n<p>After the political and socio- economic changes in the 1990 in Albania, transfer of responsibilities for water supply and sanitation services passed from the central government to local government units. However, water supply in rural areas has been largely neglected for many years. As a result, the existing water supply networks are not efficient due to the lack of sustainable management capacities, including inadequate water access and poor water quality. Another factor causing this situation is the lack of maintenance and good management.<\/p>\n<p><strong>Approach<\/strong><\/p>\n<p>The Albanian Government, considering the difficult situation of the rural water supply systems undertook some reforms in the water supply and sewerage sector.<\/p>\n<p><strong>The main objective of the reforms:<\/strong><\/p>\n<p>Taking into account long-term and sustainable plans with the purpose of improving performance indicators and fulfilling obligations towards customers, decentralization process and further commercialization of the water supply and sewage system intended to make companies self-sustaining.<\/p>\n<p>On the first phase, program\u2019s contract was signed in December 2007 and the second phase took place in December 2008. The Program is implemented by the Albanian Development Fund, which consists in the rehabilitation and reconstruction of rural water supply schemes, including the construction of sewer systems in some special cases.<\/p>\n<p>The program is divided into several projects and constitutes one of the most serious initiatives of recent years, which aims to improve the water supply in rural areas. This program has so far reached a total funding of 102.58 million euro. Through this program, it is predicted to benefit more than 215 thousand inhabitants in rural areas, enabling the supply of potable water. Rural Water Supply is a program co-financed by the GoA, the KfW, and the EU.<\/p>\n<p>&nbsp;<\/p>\n<table width=\"608\" class=\"mtr-table mtr-tr-td\">\n<tbody>\n<tr>\n<td width=\"103\" data-mtr-content=\"Programi\" class=\"mtr-td-tag\"><div class=\"mtr-cell-content\"><strong>Program<\/strong><\/div><\/td>\n<td width=\"90\" data-mtr-content=\"Koh\u00eb zgjatja\" class=\"mtr-td-tag\"><div class=\"mtr-cell-content\"><strong>Implementation period<\/strong><\/div><\/td>\n<td width=\"81\" data-mtr-content=\"FInancimi Euro (milion)\" class=\"mtr-td-tag\"><div class=\"mtr-cell-content\"><strong>Funding\nEuro(million)<\/strong><\/div><\/td>\n<td width=\"121\" data-mtr-content=\"Qarqet ku implementohet\" class=\"mtr-td-tag\"><div class=\"mtr-cell-content\"><strong>Project Participating Counties<\/strong><\/div><\/td>\n<td width=\"128\" data-mtr-content=\"Popullsia q\u00eb sh\u00ebrbehet me uj\u00eb (banor\u00eb)\" class=\"mtr-td-tag\"><div class=\"mtr-cell-content\"><strong>Beneficiary population (No of Inhabitants)<\/strong><\/div><\/td>\n<td width=\"85\" data-mtr-content=\"Nr. i fshatrave\" class=\"mtr-td-tag\"><div class=\"mtr-cell-content\"><strong>No. of Villages<\/strong><\/div><\/td>\n<\/tr>\n<tr>\n<td width=\"103\" data-mtr-content=\"Programi\" class=\"mtr-td-tag\"><div class=\"mtr-cell-content\"><strong>RWSP I &amp; II<\/strong><\/div><\/td>\n<td width=\"90\" data-mtr-content=\"Koh\u00eb zgjatja\" class=\"mtr-td-tag\"><div class=\"mtr-cell-content\">2008-2016<\/div><\/td>\n<td width=\"81\" data-mtr-content=\"FInancimi Euro (milion)\" class=\"mtr-td-tag\"><div class=\"mtr-cell-content\">11.66<\/div><\/td>\n<td width=\"121\" data-mtr-content=\"Qarqet ku implementohet\" class=\"mtr-td-tag\"><div class=\"mtr-cell-content\">Kukes, Dibra, Shkodra<\/div><\/td>\n<td width=\"128\" data-mtr-content=\"Popullsia q\u00eb sh\u00ebrbehet me uj\u00eb (banor\u00eb)\" class=\"mtr-td-tag\"><div class=\"mtr-cell-content\">40,000<\/div><\/td>\n<td width=\"85\" data-mtr-content=\"Nr. i fshatrave\" class=\"mtr-td-tag\"><div class=\"mtr-cell-content\">53<\/div><\/td>\n<\/tr>\n<tr>\n<td width=\"103\" data-mtr-content=\"Programi\" class=\"mtr-td-tag\"><div class=\"mtr-cell-content\"><strong>SIF IV<\/strong><\/div><\/td>\n<td width=\"90\" data-mtr-content=\"Koh\u00eb zgjatja\" class=\"mtr-td-tag\"><div class=\"mtr-cell-content\">2010-2017<\/div><\/td>\n<td width=\"81\" data-mtr-content=\"FInancimi Euro (milion)\" class=\"mtr-td-tag\"><div class=\"mtr-cell-content\">5.8<\/div><\/td>\n<td width=\"121\" data-mtr-content=\"Qarqet ku implementohet\" class=\"mtr-td-tag\"><div class=\"mtr-cell-content\">Kukes, Dibra, Shkodra<\/div><\/td>\n<td width=\"128\" data-mtr-content=\"Popullsia q\u00eb sh\u00ebrbehet me uj\u00eb (banor\u00eb)\" class=\"mtr-td-tag\"><div class=\"mtr-cell-content\">20,000<\/div><\/td>\n<td width=\"85\" data-mtr-content=\"Nr. i fshatrave\" class=\"mtr-td-tag\"><div class=\"mtr-cell-content\">26<\/div><\/td>\n<\/tr>\n<tr>\n<td width=\"103\" data-mtr-content=\"Programi\" class=\"mtr-td-tag\"><div class=\"mtr-cell-content\"><strong>RWSP III<\/strong><\/div><\/td>\n<td width=\"90\" data-mtr-content=\"Koh\u00eb zgjatja\" class=\"mtr-td-tag\"><div class=\"mtr-cell-content\">2015-2021<\/div><\/td>\n<td width=\"81\" data-mtr-content=\"FInancimi Euro (milion)\" class=\"mtr-td-tag\"><div class=\"mtr-cell-content\">39.97<\/div><\/td>\n<td width=\"121\" data-mtr-content=\"Qarqet ku implementohet\" class=\"mtr-td-tag\"><div class=\"mtr-cell-content\">All counties of Albania<\/div><\/td>\n<td width=\"128\" data-mtr-content=\"Popullsia q\u00eb sh\u00ebrbehet me uj\u00eb (banor\u00eb)\" class=\"mtr-td-tag\"><div class=\"mtr-cell-content\">75,000<\/div><\/td>\n<td width=\"85\" data-mtr-content=\"Nr. i fshatrave\" class=\"mtr-td-tag\"><div class=\"mtr-cell-content\">88<\/div><\/td>\n<\/tr>\n<tr>\n<td width=\"103\" data-mtr-content=\"Programi\" class=\"mtr-td-tag\"><div class=\"mtr-cell-content\"><strong>RWSP IV<\/strong><\/div><\/td>\n<td width=\"90\" data-mtr-content=\"Koh\u00eb zgjatja\" class=\"mtr-td-tag\"><div class=\"mtr-cell-content\">2019 \u2013 2024<\/div><\/td>\n<td width=\"81\" data-mtr-content=\"FInancimi Euro (milion)\" class=\"mtr-td-tag\"><div class=\"mtr-cell-content\">45.15<\/div><\/td>\n<td width=\"121\" data-mtr-content=\"Qarqet ku implementohet\" class=\"mtr-td-tag\"><div class=\"mtr-cell-content\">Vlora (Municipality of Himara)<\/div><\/td>\n<td width=\"128\" data-mtr-content=\"Popullsia q\u00eb sh\u00ebrbehet me uj\u00eb (banor\u00eb)\" class=\"mtr-td-tag\"><div class=\"mtr-cell-content\">80,000 inhabitants and tourists<\/div><\/td>\n<td width=\"85\" data-mtr-content=\"Nr. i fshatrave\" class=\"mtr-td-tag\"><div class=\"mtr-cell-content\">10<\/div><\/td>\n<\/tr>\n<\/tbody>\n<\/table>\n<p>&nbsp;<\/p>\n<p><strong>Rural Water Supply Program (RWSP) III, following RWSP I &amp; II.<br \/>\nGeneral overview<\/strong><\/p>\n<p>In recent years, although Albania has increased the quality of services, water supply sector remains among the most problematic, especially in rural areas. Since 1988, GoA has been working with the German Government to support the water supply and sanitation sector in rural areas.<\/p>\n<p>Rural Water Supply is a Program co-financed by the GoA, the KfW, and the EU. Since the beginning of this economic cooperation and until today, the German Federal Government has provided a support worth more than 1 billion euro.<\/p>\n<p><strong>Objective:<\/strong>\u00a0Improve living conditions of locals in rural areas and support the economic development through the improvement of potable water supply in these areas.<\/p>\n<p><strong>Beneficiaries:<\/strong>\u00a075,000 inhabitants<\/p>\n<p><strong>Funding<\/strong>\u00a0: Euro 39.97 Million<br \/>\nThe German Development Bank (KfW) with 25.5 million Euro, the European Union through IPA 2013 with 9.8 million Euro and the Albanian Government with 4 million Euro. In this framework with funding from WBIF in the amount of 670,000 Euro, during the period November 2015 - May 2016  were drafted  the technical and social feasibility studies.  At the end of this process, 252 applications were administered from 59 municipalities. The preparation of technical, social and environmental feasibility has been completed for 30 schemes, of which 19 of them have been feasible. KfW has approved the first 18 schemes and meanwhile several other backup schemes are expected to be funded by this project.<\/p>\n<p><strong>Geographical coverage:<\/strong>\u00a0This program will be rolled out to all rural areas of the country.<\/p>\n<p><strong>Implementation period :<\/strong> 2015-2021.<\/p>\n<ul>\n<li>LOT I, completed on September 15, 2020.<\/li>\n<li>LOT II, work process completed on September 25, 2020.<\/li>\n<li>P\u00ebr Lot III, Punimet kan\u00eb p\u00ebrfunduar n\u00eb 06 Prill 2022<\/li>\n<li>P\u00ebr Lotin IV, Punimet kan\u00eb p\u00ebrfunduar n\u00eb 26.04.2021<\/li>\n<\/ul>\n<p class=\"translation-block\">Main component of the program;<\/p>\n<ol>\n<li>Prepare a Feasibility Study based on the needs of the beneficiaries<\/li>\n<li>Design of water schemes according to EU standards<\/li>\n<li>Construction of water supply infrastructure  and emergency sewerage measures;<\/li>\n<li>Training of technical and financial staff for water supply operation and maintenance;<\/li>\n<li>Monitoring and maintenance activities two years after fulfillment of the works<\/li>\n<\/ol>\n<h4><strong>\"Rural Water Supply Program IV\",<\/strong><\/h4>\n<p><strong>Objective:<\/strong>\u00a0The main objective of the project is to improve and ensure sustainable access to potable water for inhabitants and tourists at acceptable water supply fee. The project will ensure adequate sanitary conditions through the sewerage system, collection  and wastewater treatment and improvement of capacity management. This  project will improve living conditions and will promote tourism development in the region.<\/p>\n<p><strong>Beneficiaries:<\/strong>\u00a080,000 inhabitants and tourists<\/p>\n<p><strong>Funding<\/strong>\u00a0Euro 45.15 million<br \/>\nGerman Development Bank (KfW), WBIF, Albanian Government.<\/p>\n<p><strong>Geographical coverage:<\/strong>\u00a0This program will extend to Himara and Orikum area.<\/p>\n<p><strong>Implementation period :<\/strong>\u00a02019-2023.<\/p>\n<p>RWSP IV foresees integrated intervention in the Municipality of Himara with a funding value of about 45.15 million Euro. This project includes the area of the city of Himara, the villages of Ku\u00e7, Buronje (near Ku\u00e7), Pilur, Kudhes, Vuno, Jal, Livadhi, Himara Fshat, Qeparo.<\/p>\n<p>At the same time, the project foresees a study for the sewer system, interventions for the water supply system in Orikum, extension of the sewer system in the AU of  Orikum, and other additional measures for the operation of the existing plant in Orikum.<\/p>\n<p>The Feasibility Study for Orikum was approved by KfW in May 2019. The agreement became effective on 14.08.2019.<\/p>\n<p><strong>The implementation of RWSP IV<\/strong> is as follows:<\/p>\n<p>Lot 1, \"<strong><em>Construction of the water intake and transmission line from Lepusha to Himara\u201d,<\/em><\/strong>\u201d,\u00a0 Parashikohet q\u00eb punimet te fillojne me zbardhejn e lejes se ndertimit n\u00eb muajin Tetor 2022.<\/p>\n<p>Lot 2, \u201c<strong><em>\u201cWater Distribution network for the following villages Borsh, Qeparo, Himare ,Jale,Vuno, Livadh and the city of Himara\u201d.<\/em><\/strong>\u201d. \u00cbsht\u00eb lidhur kontrata e zbatimit t\u00eb punimeve, pritet leja e nd\u00ebrtimit e cila do t\u00eb l\u00ebshohet nga Bashkia Himar\u00eb pasi t\u00eb merret miratimi nga AZHT dhe n\u00eb MIE p\u00ebr nd\u00ebrtimin e HEC-ve. Gjithashtu pritet t\u00eb p\u00ebrfundoj\u00eb procesi i shpron\u00ebsimeve n\u00eb zon\u00ebn ITUN, q\u00eb t\u00eb mund\u00ebsohet fillimi i punimeve.<\/p>\n<p>Lot 3,<strong><em>\u201cConstruction of the Wasterwater treatment Plant in Himara.\u201d.<\/em><\/strong>\u201d. Eshte lidhur kontrata me firm\u00ebn zbatuese, bashkia duhet t\u00eb leshoj\u00eb lej\u00ebn e nd\u00ebrtimit dhe t\u00eb b\u00ebj\u00eb shpron\u00ebsimin n\u00eb zon\u00ebn e nd\u00ebritmit t\u00eb impiantit t\u00eb trajtimit t\u00eb uj\u00ebrave t\u00eb ndotura, n\u00eb menyr\u00eb q\u00eb ti hapet rrug\u00eb fillimit t\u00eb punimeve.<\/p>\n<p>Lot 4, \"<strong><em>, \u201cCommissioning of the Wastewater Treatment Plant in Orikum, rehabilitation of the water supply network and KUZ Orikum\u201d<\/em><\/strong>\u201d. Kontrata e zbatimit \u00ebsht\u00eb n\u00ebnshkruar me operatorin dhe jemi n\u00eb pritje t\u00eb zbardhjes s\u00eb lej\u00ebs s\u00eb nd\u00ebrtimit nga ana e bashkis\u00eb Vlor\u00eb.<\/p>\n<p><strong>(P\u00ebrdit\u00ebsimi i fundit, Korrik 2022)<\/strong><\/p>\n<p>&nbsp;<\/p>","protected":false},"excerpt":{"rendered":"<p>Buxheti:\u00a0102.58 milion\u00eb Euro Koh\u00ebzgjatja:\u00a02008 &#8211; 2024 Financues:Banka Gjermane p\u00ebr zhvillim KfW, Qeveria Shqiptare dhe Bashkimi Evropian Shtrirja gjeografike:\u00a09 qarqe, 51 Nj\u00ebsi Administrative, 162 fshatra\/qytete P\u00ebrfitues:\u00a0215 mij\u00eb banor\u00eb Numri i skemave&#8230;<\/p>","protected":false},"author":1,"featured_media":0,"parent":1886,"menu_order":0,"comment_status":"closed","ping_status":"closed","template":"","meta":{"nf_dc_page":"","footnotes":""},"class_list":["post-3162","page","type-page","status-publish","hentry"],"yoast_head":"<!-- This site is optimized with the Yoast SEO plugin v27.4 - https:\/\/yoast.com\/product\/yoast-seo-wordpress\/ -->\n<title>Programi i Uj\u00ebsjell\u00ebsve Rural\u00eb - Fondi Shqiptar i Zhvillimit<\/title>\n<meta name=\"robots\" content=\"index, follow, max-snippet:-1, max-image-preview:large, max-video-preview:-1\" \/>\n<link rel=\"canonical\" href=\"https:\/\/www.albaniandf.org\/en\/projekte\/projekte-ne-zbatim\/programi-i-ujesjellesve-rurale\/\" \/>\n<meta property=\"og:locale\" content=\"en_US\" \/>\n<meta property=\"og:type\" content=\"article\" \/>\n<meta property=\"og:title\" content=\"Programi i Uj\u00ebsjell\u00ebsve Rural\u00eb - Fondi Shqiptar i Zhvillimit\" \/>\n<meta property=\"og:description\" content=\"Buxheti:\u00a0102.58 milion\u00eb Euro Koh\u00ebzgjatja:\u00a02008 &#8211; 2024 Financues:Banka Gjermane p\u00ebr zhvillim KfW, Qeveria Shqiptare dhe Bashkimi Evropian Shtrirja gjeografike:\u00a09 qarqe, 51 Nj\u00ebsi Administrative, 162 fshatra\/qytete P\u00ebrfitues:\u00a0215 mij\u00eb banor\u00eb Numri i skemave...\" \/>\n<meta property=\"og:url\" content=\"https:\/\/www.albaniandf.org\/en\/projekte\/projekte-ne-zbatim\/programi-i-ujesjellesve-rurale\/\" \/>\n<meta property=\"og:site_name\" content=\"Fondi Shqiptar i Zhvillimit\" \/>\n<meta property=\"article:publisher\" content=\"https:\/\/www.facebook.com\/albaniandf\/\" \/>\n<meta property=\"article:modified_time\" content=\"2022-07-26T08:57:44+00:00\" \/>\n<meta property=\"og:image\" content=\"https:\/\/i0.wp.com\/www.albaniandf.org\/wp-content\/uploads\/2021\/09\/Fondi-Shqiptar-i-zhvillimit-logo-original.png?fit=623%2C452&ssl=1\" \/>\n\t<meta property=\"og:image:width\" content=\"623\" \/>\n\t<meta property=\"og:image:height\" content=\"452\" \/>\n\t<meta property=\"og:image:type\" content=\"image\/png\" \/>\n<meta name=\"twitter:card\" content=\"summary_large_image\" \/>\n<meta name=\"twitter:label1\" content=\"Est. reading time\" \/>\n\t<meta name=\"twitter:data1\" content=\"7 minutes\" \/>\n<script type=\"application\/ld+json\" class=\"yoast-schema-graph\">{\"@context\":\"https:\\\/\\\/schema.org\",\"@graph\":[{\"@type\":\"WebPage\",\"@id\":\"https:\\\/\\\/www.albaniandf.org\\\/projekte\\\/projekte-ne-zbatim\\\/programi-i-ujesjellesve-rurale\\\/\",\"url\":\"https:\\\/\\\/www.albaniandf.org\\\/projekte\\\/projekte-ne-zbatim\\\/programi-i-ujesjellesve-rurale\\\/\",\"name\":\"Programi i Uj\u00ebsjell\u00ebsve Rural\u00eb - Fondi Shqiptar i Zhvillimit\",\"isPartOf\":{\"@id\":\"https:\\\/\\\/www.albaniandf.org\\\/#website\"},\"datePublished\":\"2018-07-23T18:35:23+00:00\",\"dateModified\":\"2022-07-26T08:57:44+00:00\",\"breadcrumb\":{\"@id\":\"https:\\\/\\\/www.albaniandf.org\\\/projekte\\\/projekte-ne-zbatim\\\/programi-i-ujesjellesve-rurale\\\/#breadcrumb\"},\"inLanguage\":\"en-US\",\"potentialAction\":[{\"@type\":\"ReadAction\",\"target\":[\"https:\\\/\\\/www.albaniandf.org\\\/projekte\\\/projekte-ne-zbatim\\\/programi-i-ujesjellesve-rurale\\\/\"]}]},{\"@type\":\"BreadcrumbList\",\"@id\":\"https:\\\/\\\/www.albaniandf.org\\\/projekte\\\/projekte-ne-zbatim\\\/programi-i-ujesjellesve-rurale\\\/#breadcrumb\",\"itemListElement\":[{\"@type\":\"ListItem\",\"position\":1,\"name\":\"Home\",\"item\":\"https:\\\/\\\/www.albaniandf.org\\\/\"},{\"@type\":\"ListItem\",\"position\":2,\"name\":\"Projekte\",\"item\":\"https:\\\/\\\/www.albaniandf.org\\\/projekte\\\/\"},{\"@type\":\"ListItem\",\"position\":3,\"name\":\"Projekte ne zbatim\",\"item\":\"https:\\\/\\\/www.albaniandf.org\\\/projekte\\\/projekte-ne-zbatim\\\/\"},{\"@type\":\"ListItem\",\"position\":4,\"name\":\"Programi i Uj\u00ebsjell\u00ebsve Rural\u00eb\"}]},{\"@type\":\"WebSite\",\"@id\":\"https:\\\/\\\/www.albaniandf.org\\\/#website\",\"url\":\"https:\\\/\\\/www.albaniandf.org\\\/\",\"name\":\"Fondi Shqiptar i Zhvillimit\",\"description\":\"\",\"publisher\":{\"@id\":\"https:\\\/\\\/www.albaniandf.org\\\/#organization\"},\"potentialAction\":[{\"@type\":\"SearchAction\",\"target\":{\"@type\":\"EntryPoint\",\"urlTemplate\":\"https:\\\/\\\/www.albaniandf.org\\\/?s={search_term_string}\"},\"query-input\":{\"@type\":\"PropertyValueSpecification\",\"valueRequired\":true,\"valueName\":\"search_term_string\"}}],\"inLanguage\":\"en-US\"},{\"@type\":\"Organization\",\"@id\":\"https:\\\/\\\/www.albaniandf.org\\\/#organization\",\"name\":\"Fondi Shqiptar i Zhvillimit\",\"url\":\"https:\\\/\\\/www.albaniandf.org\\\/\",\"logo\":{\"@type\":\"ImageObject\",\"inLanguage\":\"en-US\",\"@id\":\"https:\\\/\\\/www.albaniandf.org\\\/#\\\/schema\\\/logo\\\/image\\\/\",\"url\":\"https:\\\/\\\/www.albaniandf.org\\\/wp-content\\\/uploads\\\/2021\\\/08\\\/Fondi-Shqiptar-i-zhvillimit-logo.png\",\"contentUrl\":\"https:\\\/\\\/www.albaniandf.org\\\/wp-content\\\/uploads\\\/2021\\\/08\\\/Fondi-Shqiptar-i-zhvillimit-logo.png\",\"width\":122,\"height\":90,\"caption\":\"Fondi Shqiptar i Zhvillimit\"},\"image\":{\"@id\":\"https:\\\/\\\/www.albaniandf.org\\\/#\\\/schema\\\/logo\\\/image\\\/\"},\"sameAs\":[\"https:\\\/\\\/www.facebook.com\\\/albaniandf\\\/\",\"https:\\\/\\\/www.instagram.com\\\/fondi_shqiptar_i_zhvillimit\\\/\",\"https:\\\/\\\/www.youtube.com\\\/user\\\/AlbanianDF\"]}]}<\/script>\n<!-- \/ Yoast SEO plugin. -->","yoast_head_json":{"title":"Programi i Uj\u00ebsjell\u00ebsve Rural\u00eb - Fondi Shqiptar i Zhvillimit","robots":{"index":"index","follow":"follow","max-snippet":"max-snippet:-1","max-image-preview":"max-image-preview:large","max-video-preview":"max-video-preview:-1"},"canonical":"https:\/\/www.albaniandf.org\/en\/projekte\/projekte-ne-zbatim\/programi-i-ujesjellesve-rurale\/","og_locale":"en_US","og_type":"article","og_title":"Programi i Uj\u00ebsjell\u00ebsve Rural\u00eb - Fondi Shqiptar i Zhvillimit","og_description":"Buxheti:\u00a0102.58 milion\u00eb Euro Koh\u00ebzgjatja:\u00a02008 &#8211; 2024 Financues:Banka Gjermane p\u00ebr zhvillim KfW, Qeveria Shqiptare dhe Bashkimi Evropian Shtrirja gjeografike:\u00a09 qarqe, 51 Nj\u00ebsi Administrative, 162 fshatra\/qytete P\u00ebrfitues:\u00a0215 mij\u00eb banor\u00eb Numri i skemave...","og_url":"https:\/\/www.albaniandf.org\/en\/projekte\/projekte-ne-zbatim\/programi-i-ujesjellesve-rurale\/","og_site_name":"Fondi Shqiptar i Zhvillimit","article_publisher":"https:\/\/www.facebook.com\/albaniandf\/","article_modified_time":"2022-07-26T08:57:44+00:00","og_image":[{"width":623,"height":452,"url":"https:\/\/i0.wp.com\/www.albaniandf.org\/wp-content\/uploads\/2021\/09\/Fondi-Shqiptar-i-zhvillimit-logo-original.png?fit=623%2C452&ssl=1","type":"image\/png"}],"twitter_card":"summary_large_image","twitter_misc":{"Est. reading time":"7 minutes"},"schema":{"@context":"https:\/\/schema.org","@graph":[{"@type":"WebPage","@id":"https:\/\/www.albaniandf.org\/projekte\/projekte-ne-zbatim\/programi-i-ujesjellesve-rurale\/","url":"https:\/\/www.albaniandf.org\/projekte\/projekte-ne-zbatim\/programi-i-ujesjellesve-rurale\/","name":"Programi i Uj\u00ebsjell\u00ebsve Rural\u00eb - Fondi Shqiptar i Zhvillimit","isPartOf":{"@id":"https:\/\/www.albaniandf.org\/#website"},"datePublished":"2018-07-23T18:35:23+00:00","dateModified":"2022-07-26T08:57:44+00:00","breadcrumb":{"@id":"https:\/\/www.albaniandf.org\/projekte\/projekte-ne-zbatim\/programi-i-ujesjellesve-rurale\/#breadcrumb"},"inLanguage":"en-US","potentialAction":[{"@type":"ReadAction","target":["https:\/\/www.albaniandf.org\/projekte\/projekte-ne-zbatim\/programi-i-ujesjellesve-rurale\/"]}]},{"@type":"BreadcrumbList","@id":"https:\/\/www.albaniandf.org\/projekte\/projekte-ne-zbatim\/programi-i-ujesjellesve-rurale\/#breadcrumb","itemListElement":[{"@type":"ListItem","position":1,"name":"Home","item":"https:\/\/www.albaniandf.org\/"},{"@type":"ListItem","position":2,"name":"Projekte","item":"https:\/\/www.albaniandf.org\/projekte\/"},{"@type":"ListItem","position":3,"name":"Projekte ne zbatim","item":"https:\/\/www.albaniandf.org\/projekte\/projekte-ne-zbatim\/"},{"@type":"ListItem","position":4,"name":"Programi i Uj\u00ebsjell\u00ebsve Rural\u00eb"}]},{"@type":"WebSite","@id":"https:\/\/www.albaniandf.org\/#website","url":"https:\/\/www.albaniandf.org\/","name":"Albanian Development Fund","description":"","publisher":{"@id":"https:\/\/www.albaniandf.org\/#organization"},"potentialAction":[{"@type":"SearchAction","target":{"@type":"EntryPoint","urlTemplate":"https:\/\/www.albaniandf.org\/?s={search_term_string}"},"query-input":{"@type":"PropertyValueSpecification","valueRequired":true,"valueName":"search_term_string"}}],"inLanguage":"en-US"},{"@type":"Organization","@id":"https:\/\/www.albaniandf.org\/#organization","name":"Albanian Development Fund","url":"https:\/\/www.albaniandf.org\/","logo":{"@type":"ImageObject","inLanguage":"en-US","@id":"https:\/\/www.albaniandf.org\/#\/schema\/logo\/image\/","url":"https:\/\/www.albaniandf.org\/wp-content\/uploads\/2021\/08\/Fondi-Shqiptar-i-zhvillimit-logo.png","contentUrl":"https:\/\/www.albaniandf.org\/wp-content\/uploads\/2021\/08\/Fondi-Shqiptar-i-zhvillimit-logo.png","width":122,"height":90,"caption":"Fondi Shqiptar i Zhvillimit"},"image":{"@id":"https:\/\/www.albaniandf.org\/#\/schema\/logo\/image\/"},"sameAs":["https:\/\/www.facebook.com\/albaniandf\/","https:\/\/www.instagram.com\/fondi_shqiptar_i_zhvillimit\/","https:\/\/www.youtube.com\/user\/AlbanianDF"]}]}},"_links":{"self":[{"href":"https:\/\/www.albaniandf.org\/en\/wp-json\/wp\/v2\/pages\/3162","targetHints":{"allow":["GET"]}}],"collection":[{"href":"https:\/\/www.albaniandf.org\/en\/wp-json\/wp\/v2\/pages"}],"about":[{"href":"https:\/\/www.albaniandf.org\/en\/wp-json\/wp\/v2\/types\/page"}],"author":[{"embeddable":true,"href":"https:\/\/www.albaniandf.org\/en\/wp-json\/wp\/v2\/users\/1"}],"replies":[{"embeddable":true,"href":"https:\/\/www.albaniandf.org\/en\/wp-json\/wp\/v2\/comments?post=3162"}],"version-history":[{"count":14,"href":"https:\/\/www.albaniandf.org\/en\/wp-json\/wp\/v2\/pages\/3162\/revisions"}],"predecessor-version":[{"id":10940,"href":"https:\/\/www.albaniandf.org\/en\/wp-json\/wp\/v2\/pages\/3162\/revisions\/10940"}],"up":[{"embeddable":true,"href":"https:\/\/www.albaniandf.org\/en\/wp-json\/wp\/v2\/pages\/1886"}],"wp:attachment":[{"href":"https:\/\/www.albaniandf.org\/en\/wp-json\/wp\/v2\/media?parent=3162"}],"curies":[{"name":"wp","href":"https:\/\/api.w.org\/{rel}","templated":true}]}}