{"id":3157,"date":"2018-07-23T20:30:11","date_gmt":"2018-07-23T18:30:11","guid":{"rendered":"https:\/\/www.albaniandf.org\/\/?page_id=3157"},"modified":"2021-01-14T13:10:00","modified_gmt":"2021-01-14T12:10:00","slug":"programi-punet-ne-komunitet-iv-zhvillimi-i-alpeve-shqiptare-dhe-zones-bregdetare","status":"publish","type":"page","link":"https:\/\/www.albaniandf.org\/en\/projekte\/projekte-te-realizuara\/programi-punet-ne-komunitet-iv-zhvillimi-i-alpeve-shqiptare-dhe-zones-bregdetare\/","title":{"rendered":"\u201cCommunity Works IV: Development of the Albanian Alps and Coastal Areas\u201d"},"content":{"rendered":"<p><strong>Budget:\u00a0<\/strong>36.7 million Euro excluding VAT<\/p>\n<p><strong>Implementation period :\u00a0<\/strong>2015 &#8211; 2020<\/p>\n<p><strong>Funding:<\/strong> <strong>\u00a0<\/strong>CEB, WBIF, Government of Albania  and the beneficiary LGUs<\/p>\n<p><strong>Geographical coverage:&nbsp;\u00a0<\/strong>South Coast, Albanian Alps, 5 Counties (Vlora, Gjirokastra, Dibra, Kukes, Shkodra),6 municipalities (Himara, Vlora, Gjirokastra, Mat, Puka, Tropoja);<\/p>\n<p><strong>Beneficiaries:\u00a0<\/strong>120 mij\u00eb banor\u00eb<\/p>\n<p><strong>Objective:\u00a0<\/strong>Promote sustainable socio-economic development in  high tourist potential areas, through improvement of integrated public infrastructure while respecting environment and preserving cultural and historical heritage.<\/p>\n<p><strong>General overview<\/strong><\/p>\n<p><strong>Project objective:<\/strong><\/p>\n<p>The main objective of the project \u201cCommunity Works IV: Development of the Albanian Alps and Coastal Areas\u201d is to promote sustainable socio-economic development in  high tourist potential communities, through improvement of integrated public infrastructure while respecting environment and preserving cultural and historical heritage.<\/p>\n<p>&nbsp;<\/p>\n<p><strong>Project components:<\/strong><\/p>\n<ul>\n<li>investment in infrastructure and local public services( re-qualification of urban roads, water supply, sewerage, urban waste management, etc.);<\/li>\n<li>technical assistance &amp; capacity building (feasibility studies, local strategy preparation, project design, training).<\/li>\n<\/ul>\n<p><strong>Funding<\/strong><\/p>\n<p>This project of a value Euro 36.7 mln, is co-funded by the Council of Europe Development Bank (CEB), Albanian Government, beneficiary LGUs, WBIF.<\/p>\n<p>\"Funding include \u20ac 28.7 million loan from the Council of Europe Development Bank(CEB), \u20ac 1 million grant from Social Dividend Account (SDA), \u20ac 6 million from Albanian Government and beneficiary LGUs, and \u20ac 1 million grant from WBIF, an initiative funded by the European Union, for Alps Master Plan. It is anticipated that two-thirds of program's cost will be invested in the South Coast area and one - third in the Albanian Alps area.<\/p>\n<p>The agreement between the Albanian Government and CEB on this project was signed on May 21, 2015 and ratified by the Parliament on July 2, 2015. The project, according to the agreement, was launched in the last quarter of 2015 and is expected to be completed in September 2020.<\/p>\n<p>&nbsp;<\/p>\n<p><strong>Results<\/strong><\/p>\n<p>Civil works completed regarding infrastructure component:<\/p>\n<ul>\n<li>Reconstruction of Ulza Road<\/li>\n<li>Restoration of facades and requalification of Gjirokastra center;<\/li>\n<li>Construction of a tourism Center in Valbona;<\/li>\n<li>Urban requalification of Tamara (second phase) and road reconstruction in Vermosh;<\/li>\n<li>Urban and environmental requalification of the center and Lake Puka, Phases I &amp; II;<\/li>\n<li>Urban reuqualification in Himara municipality, Phase I &amp; II;<\/li>\n<li>Urban re-qualification of coastal areas in Jale and Dhermi villages;<\/li>\n<li>Urban requalification  in  Dhermi village;<\/li>\n<li>Urban requalification in Vuno village;<\/li>\n<li>Reconstruction of Kanina road;<\/li>\n<li>Urban requalification in the municipality of Vlora, I &amp; II phase;<\/li>\n<li>Reconstruction of Port - Pylli i Sodes  road;<\/li>\n<li>Reconstruction of \"Ismail Qemali\" Boulevard;<\/li>\n<li>Reconstruction of rain water drainage system in the area including the neighborhoods Hajro Cakerri, 4 Heronjte, 28 Nentori, Vlore;<\/li>\n<li>Urban requalification and construction of tourism center in Vermosh;<\/li>\n<li>Construction of emergency center Palase, rehabilitation of the torrent and parking area in Dhermi village;<\/li>\n<li>Rehabilitimi i fasadave p\u00ebrgjat\u00eb Bulevardit t\u00eb Vlor\u00ebs;<\/li>\n<\/ul>\n<p>Bidding procedures have been completed in all objects in the  implementation phase,  and have been concluded the contracts for the supervision of works. ADF is maximally committed to complete the works within the terms of contracts. Summer season found these areas with a transformed infrastructure.<\/p>\n<p>Regarding the component of technical assistance and capacity building we are working on studies  for Local Government Units.<\/p>\n<p>&nbsp;<\/p>\n<p><strong>(P\u00ebrdit\u00ebsimi i fundit, Shtator 2020)<\/strong><\/p>","protected":false},"excerpt":{"rendered":"<p>Buxheti:\u00a036.7 milion\u00eb Euro pa TVSH Koh\u00ebzgjatja:\u00a02015 &#8211; 2020 Financues: \u00a0CEB, WBIF, Government of Albania dhe NJQV-t\u00eb p\u00ebrfituese Shtrirja gjeografike:\u00a0Bregdeti i Jugut, Alpet Shqiptare, 5 qarqe (Vlor\u00eb, Gjirokast\u00ebr, Dib\u00ebr, Kuk\u00ebs, Shkod\u00ebr),&#8230;<\/p>","protected":false},"author":1,"featured_media":0,"parent":1890,"menu_order":0,"comment_status":"closed","ping_status":"closed","template":"","meta":{"nf_dc_page":"","footnotes":""},"class_list":["post-3157","page","type-page","status-publish","hentry"],"yoast_head":"<!-- This site is optimized with the Yoast SEO plugin v27.4 - https:\/\/yoast.com\/product\/yoast-seo-wordpress\/ -->\n<title>Programi Pun\u00ebt n\u00eb Komunitet IV \u2013 \u201cZhvillimi i Alpeve Shqiptare dhe Zon\u00ebs Bregdetare\u201d - Fondi Shqiptar i Zhvillimit<\/title>\n<meta name=\"robots\" content=\"index, follow, max-snippet:-1, max-image-preview:large, max-video-preview:-1\" \/>\n<link rel=\"canonical\" href=\"https:\/\/www.albaniandf.org\/en\/projekte\/projekte-te-realizuara\/programi-punet-ne-komunitet-iv-zhvillimi-i-alpeve-shqiptare-dhe-zones-bregdetare\/\" \/>\n<meta property=\"og:locale\" content=\"en_US\" \/>\n<meta property=\"og:type\" content=\"article\" \/>\n<meta property=\"og:title\" content=\"Programi Pun\u00ebt n\u00eb Komunitet IV \u2013 \u201cZhvillimi i Alpeve Shqiptare dhe Zon\u00ebs Bregdetare\u201d - Fondi Shqiptar i Zhvillimit\" \/>\n<meta property=\"og:description\" content=\"Buxheti:\u00a036.7 milion\u00eb Euro pa TVSH Koh\u00ebzgjatja:\u00a02015 &#8211; 2020 Financues: \u00a0CEB, WBIF, Government of Albania dhe NJQV-t\u00eb p\u00ebrfituese Shtrirja gjeografike:\u00a0Bregdeti i Jugut, Alpet Shqiptare, 5 qarqe (Vlor\u00eb, Gjirokast\u00ebr, Dib\u00ebr, Kuk\u00ebs, Shkod\u00ebr),...\" \/>\n<meta property=\"og:url\" content=\"https:\/\/www.albaniandf.org\/en\/projekte\/projekte-te-realizuara\/programi-punet-ne-komunitet-iv-zhvillimi-i-alpeve-shqiptare-dhe-zones-bregdetare\/\" \/>\n<meta property=\"og:site_name\" content=\"Fondi Shqiptar i Zhvillimit\" \/>\n<meta property=\"article:publisher\" content=\"https:\/\/www.facebook.com\/albaniandf\/\" \/>\n<meta property=\"article:modified_time\" content=\"2021-01-14T12:10:00+00:00\" \/>\n<meta property=\"og:image\" content=\"https:\/\/i0.wp.com\/www.albaniandf.org\/wp-content\/uploads\/2021\/09\/Fondi-Shqiptar-i-zhvillimit-logo-original.png?fit=623%2C452&ssl=1\" \/>\n\t<meta property=\"og:image:width\" content=\"623\" \/>\n\t<meta property=\"og:image:height\" content=\"452\" \/>\n\t<meta property=\"og:image:type\" content=\"image\/png\" \/>\n<meta name=\"twitter:card\" content=\"summary_large_image\" \/>\n<meta name=\"twitter:label1\" content=\"Est. reading time\" \/>\n\t<meta name=\"twitter:data1\" content=\"3 minutes\" \/>\n<script type=\"application\/ld+json\" class=\"yoast-schema-graph\">{\"@context\":\"https:\\\/\\\/schema.org\",\"@graph\":[{\"@type\":\"WebPage\",\"@id\":\"https:\\\/\\\/www.albaniandf.org\\\/projekte\\\/projekte-te-realizuara\\\/programi-punet-ne-komunitet-iv-zhvillimi-i-alpeve-shqiptare-dhe-zones-bregdetare\\\/\",\"url\":\"https:\\\/\\\/www.albaniandf.org\\\/projekte\\\/projekte-te-realizuara\\\/programi-punet-ne-komunitet-iv-zhvillimi-i-alpeve-shqiptare-dhe-zones-bregdetare\\\/\",\"name\":\"Programi Pun\u00ebt n\u00eb Komunitet IV \u2013 \u201cZhvillimi i Alpeve Shqiptare dhe Zon\u00ebs Bregdetare\u201d - Fondi Shqiptar i Zhvillimit\",\"isPartOf\":{\"@id\":\"https:\\\/\\\/www.albaniandf.org\\\/#website\"},\"datePublished\":\"2018-07-23T18:30:11+00:00\",\"dateModified\":\"2021-01-14T12:10:00+00:00\",\"breadcrumb\":{\"@id\":\"https:\\\/\\\/www.albaniandf.org\\\/projekte\\\/projekte-te-realizuara\\\/programi-punet-ne-komunitet-iv-zhvillimi-i-alpeve-shqiptare-dhe-zones-bregdetare\\\/#breadcrumb\"},\"inLanguage\":\"en-US\",\"potentialAction\":[{\"@type\":\"ReadAction\",\"target\":[\"https:\\\/\\\/www.albaniandf.org\\\/projekte\\\/projekte-te-realizuara\\\/programi-punet-ne-komunitet-iv-zhvillimi-i-alpeve-shqiptare-dhe-zones-bregdetare\\\/\"]}]},{\"@type\":\"BreadcrumbList\",\"@id\":\"https:\\\/\\\/www.albaniandf.org\\\/projekte\\\/projekte-te-realizuara\\\/programi-punet-ne-komunitet-iv-zhvillimi-i-alpeve-shqiptare-dhe-zones-bregdetare\\\/#breadcrumb\",\"itemListElement\":[{\"@type\":\"ListItem\",\"position\":1,\"name\":\"Home\",\"item\":\"https:\\\/\\\/www.albaniandf.org\\\/\"},{\"@type\":\"ListItem\",\"position\":2,\"name\":\"Projekte\",\"item\":\"https:\\\/\\\/www.albaniandf.org\\\/projekte\\\/\"},{\"@type\":\"ListItem\",\"position\":3,\"name\":\"Projekte te realizuara\",\"item\":\"https:\\\/\\\/www.albaniandf.org\\\/projekte\\\/projekte-te-realizuara\\\/\"},{\"@type\":\"ListItem\",\"position\":4,\"name\":\"Programi Pun\u00ebt n\u00eb Komunitet IV \u2013 \u201cZhvillimi i Alpeve Shqiptare dhe Zon\u00ebs Bregdetare\u201d\"}]},{\"@type\":\"WebSite\",\"@id\":\"https:\\\/\\\/www.albaniandf.org\\\/#website\",\"url\":\"https:\\\/\\\/www.albaniandf.org\\\/\",\"name\":\"Fondi Shqiptar i Zhvillimit\",\"description\":\"\",\"publisher\":{\"@id\":\"https:\\\/\\\/www.albaniandf.org\\\/#organization\"},\"potentialAction\":[{\"@type\":\"SearchAction\",\"target\":{\"@type\":\"EntryPoint\",\"urlTemplate\":\"https:\\\/\\\/www.albaniandf.org\\\/?s={search_term_string}\"},\"query-input\":{\"@type\":\"PropertyValueSpecification\",\"valueRequired\":true,\"valueName\":\"search_term_string\"}}],\"inLanguage\":\"en-US\"},{\"@type\":\"Organization\",\"@id\":\"https:\\\/\\\/www.albaniandf.org\\\/#organization\",\"name\":\"Fondi Shqiptar i Zhvillimit\",\"url\":\"https:\\\/\\\/www.albaniandf.org\\\/\",\"logo\":{\"@type\":\"ImageObject\",\"inLanguage\":\"en-US\",\"@id\":\"https:\\\/\\\/www.albaniandf.org\\\/#\\\/schema\\\/logo\\\/image\\\/\",\"url\":\"https:\\\/\\\/www.albaniandf.org\\\/wp-content\\\/uploads\\\/2021\\\/08\\\/Fondi-Shqiptar-i-zhvillimit-logo.png\",\"contentUrl\":\"https:\\\/\\\/www.albaniandf.org\\\/wp-content\\\/uploads\\\/2021\\\/08\\\/Fondi-Shqiptar-i-zhvillimit-logo.png\",\"width\":122,\"height\":90,\"caption\":\"Fondi Shqiptar i Zhvillimit\"},\"image\":{\"@id\":\"https:\\\/\\\/www.albaniandf.org\\\/#\\\/schema\\\/logo\\\/image\\\/\"},\"sameAs\":[\"https:\\\/\\\/www.facebook.com\\\/albaniandf\\\/\",\"https:\\\/\\\/www.instagram.com\\\/fondi_shqiptar_i_zhvillimit\\\/\",\"https:\\\/\\\/www.youtube.com\\\/user\\\/AlbanianDF\"]}]}<\/script>\n<!-- \/ Yoast SEO plugin. -->","yoast_head_json":{"title":"Programi Pun\u00ebt n\u00eb Komunitet IV \u2013 \u201cZhvillimi i Alpeve Shqiptare dhe Zon\u00ebs Bregdetare\u201d - Fondi Shqiptar i Zhvillimit","robots":{"index":"index","follow":"follow","max-snippet":"max-snippet:-1","max-image-preview":"max-image-preview:large","max-video-preview":"max-video-preview:-1"},"canonical":"https:\/\/www.albaniandf.org\/en\/projekte\/projekte-te-realizuara\/programi-punet-ne-komunitet-iv-zhvillimi-i-alpeve-shqiptare-dhe-zones-bregdetare\/","og_locale":"en_US","og_type":"article","og_title":"Programi Pun\u00ebt n\u00eb Komunitet IV \u2013 \u201cZhvillimi i Alpeve Shqiptare dhe Zon\u00ebs Bregdetare\u201d - Fondi Shqiptar i Zhvillimit","og_description":"Buxheti:\u00a036.7 milion\u00eb Euro pa TVSH Koh\u00ebzgjatja:\u00a02015 &#8211; 2020 Financues: \u00a0CEB, WBIF, Government of Albania dhe NJQV-t\u00eb p\u00ebrfituese Shtrirja gjeografike:\u00a0Bregdeti i Jugut, Alpet Shqiptare, 5 qarqe (Vlor\u00eb, Gjirokast\u00ebr, Dib\u00ebr, Kuk\u00ebs, Shkod\u00ebr),...","og_url":"https:\/\/www.albaniandf.org\/en\/projekte\/projekte-te-realizuara\/programi-punet-ne-komunitet-iv-zhvillimi-i-alpeve-shqiptare-dhe-zones-bregdetare\/","og_site_name":"Fondi Shqiptar i Zhvillimit","article_publisher":"https:\/\/www.facebook.com\/albaniandf\/","article_modified_time":"2021-01-14T12:10:00+00:00","og_image":[{"width":623,"height":452,"url":"https:\/\/i0.wp.com\/www.albaniandf.org\/wp-content\/uploads\/2021\/09\/Fondi-Shqiptar-i-zhvillimit-logo-original.png?fit=623%2C452&ssl=1","type":"image\/png"}],"twitter_card":"summary_large_image","twitter_misc":{"Est. reading time":"3 minutes"},"schema":{"@context":"https:\/\/schema.org","@graph":[{"@type":"WebPage","@id":"https:\/\/www.albaniandf.org\/projekte\/projekte-te-realizuara\/programi-punet-ne-komunitet-iv-zhvillimi-i-alpeve-shqiptare-dhe-zones-bregdetare\/","url":"https:\/\/www.albaniandf.org\/projekte\/projekte-te-realizuara\/programi-punet-ne-komunitet-iv-zhvillimi-i-alpeve-shqiptare-dhe-zones-bregdetare\/","name":"Programi Pun\u00ebt n\u00eb Komunitet IV \u2013 \u201cZhvillimi i Alpeve Shqiptare dhe Zon\u00ebs Bregdetare\u201d - Fondi Shqiptar i Zhvillimit","isPartOf":{"@id":"https:\/\/www.albaniandf.org\/#website"},"datePublished":"2018-07-23T18:30:11+00:00","dateModified":"2021-01-14T12:10:00+00:00","breadcrumb":{"@id":"https:\/\/www.albaniandf.org\/projekte\/projekte-te-realizuara\/programi-punet-ne-komunitet-iv-zhvillimi-i-alpeve-shqiptare-dhe-zones-bregdetare\/#breadcrumb"},"inLanguage":"en-US","potentialAction":[{"@type":"ReadAction","target":["https:\/\/www.albaniandf.org\/projekte\/projekte-te-realizuara\/programi-punet-ne-komunitet-iv-zhvillimi-i-alpeve-shqiptare-dhe-zones-bregdetare\/"]}]},{"@type":"BreadcrumbList","@id":"https:\/\/www.albaniandf.org\/projekte\/projekte-te-realizuara\/programi-punet-ne-komunitet-iv-zhvillimi-i-alpeve-shqiptare-dhe-zones-bregdetare\/#breadcrumb","itemListElement":[{"@type":"ListItem","position":1,"name":"Home","item":"https:\/\/www.albaniandf.org\/"},{"@type":"ListItem","position":2,"name":"Projekte","item":"https:\/\/www.albaniandf.org\/projekte\/"},{"@type":"ListItem","position":3,"name":"Projekte te realizuara","item":"https:\/\/www.albaniandf.org\/projekte\/projekte-te-realizuara\/"},{"@type":"ListItem","position":4,"name":"Programi Pun\u00ebt n\u00eb Komunitet IV \u2013 \u201cZhvillimi i Alpeve Shqiptare dhe Zon\u00ebs Bregdetare\u201d"}]},{"@type":"WebSite","@id":"https:\/\/www.albaniandf.org\/#website","url":"https:\/\/www.albaniandf.org\/","name":"Albanian Development Fund","description":"","publisher":{"@id":"https:\/\/www.albaniandf.org\/#organization"},"potentialAction":[{"@type":"SearchAction","target":{"@type":"EntryPoint","urlTemplate":"https:\/\/www.albaniandf.org\/?s={search_term_string}"},"query-input":{"@type":"PropertyValueSpecification","valueRequired":true,"valueName":"search_term_string"}}],"inLanguage":"en-US"},{"@type":"Organization","@id":"https:\/\/www.albaniandf.org\/#organization","name":"Albanian Development Fund","url":"https:\/\/www.albaniandf.org\/","logo":{"@type":"ImageObject","inLanguage":"en-US","@id":"https:\/\/www.albaniandf.org\/#\/schema\/logo\/image\/","url":"https:\/\/www.albaniandf.org\/wp-content\/uploads\/2021\/08\/Fondi-Shqiptar-i-zhvillimit-logo.png","contentUrl":"https:\/\/www.albaniandf.org\/wp-content\/uploads\/2021\/08\/Fondi-Shqiptar-i-zhvillimit-logo.png","width":122,"height":90,"caption":"Fondi Shqiptar i Zhvillimit"},"image":{"@id":"https:\/\/www.albaniandf.org\/#\/schema\/logo\/image\/"},"sameAs":["https:\/\/www.facebook.com\/albaniandf\/","https:\/\/www.instagram.com\/fondi_shqiptar_i_zhvillimit\/","https:\/\/www.youtube.com\/user\/AlbanianDF"]}]}},"_links":{"self":[{"href":"https:\/\/www.albaniandf.org\/en\/wp-json\/wp\/v2\/pages\/3157","targetHints":{"allow":["GET"]}}],"collection":[{"href":"https:\/\/www.albaniandf.org\/en\/wp-json\/wp\/v2\/pages"}],"about":[{"href":"https:\/\/www.albaniandf.org\/en\/wp-json\/wp\/v2\/types\/page"}],"author":[{"embeddable":true,"href":"https:\/\/www.albaniandf.org\/en\/wp-json\/wp\/v2\/users\/1"}],"replies":[{"embeddable":true,"href":"https:\/\/www.albaniandf.org\/en\/wp-json\/wp\/v2\/comments?post=3157"}],"version-history":[{"count":6,"href":"https:\/\/www.albaniandf.org\/en\/wp-json\/wp\/v2\/pages\/3157\/revisions"}],"predecessor-version":[{"id":9031,"href":"https:\/\/www.albaniandf.org\/en\/wp-json\/wp\/v2\/pages\/3157\/revisions\/9031"}],"up":[{"embeddable":true,"href":"https:\/\/www.albaniandf.org\/en\/wp-json\/wp\/v2\/pages\/1890"}],"wp:attachment":[{"href":"https:\/\/www.albaniandf.org\/en\/wp-json\/wp\/v2\/media?parent=3157"}],"curies":[{"name":"wp","href":"https:\/\/api.w.org\/{rel}","templated":true}]}}