{"id":3153,"date":"2018-07-23T20:11:12","date_gmt":"2018-07-23T18:11:12","guid":{"rendered":"https:\/\/www.albaniandf.org\/\/?page_id=3153"},"modified":"2021-10-19T13:45:52","modified_gmt":"2021-10-19T11:45:52","slug":"projekte-me-financim-te-qeverise-shqiptare","status":"publish","type":"page","link":"https:\/\/www.albaniandf.org\/en\/projekte\/projekte-ne-zbatim\/projekte-me-financim-te-qeverise-shqiptare\/","title":{"rendered":"Regional Local Infrastructure"},"content":{"rendered":"<p><strong>Budget:\u00a0<\/strong>10.3 billion ALL<\/p>\n<p><strong>Implementation period :\u00a0<\/strong>2019-2021<\/p>\n<p><strong>Funding:\u00a0<\/strong>Government of Albania<\/p>\n<p><strong>Geographical coverage:&nbsp;\u00a0<\/strong>In 12  Counties (Qarks) of Albania<\/p>\n<p><strong>Beneficiaries:\u00a0<\/strong>1 million inhabitants<\/p>\n<p><strong>Objective:\u00a0<\/strong>Promote socio-economic development through regional infrastructure projects focusing on improving tourism, accessibility between communities and access to basic services, encouraging co-operation between local units.<\/p>\n<p>The program aims to boost regions (territories) towards development, utilizing their resources and competing among them. This instrument will function through calls for projects, to ensure equal treatment and transparency among applicants.<\/p>\n<p><strong>Main directions of the program and its components:<\/strong><\/p>\n<ul>\n<li>Urban and environmental interventions<\/li>\n<li>Intervention in function of economic development<\/li>\n<li>Intervention in information and knowledge<\/li>\n<li>Intervention in infrastructure and public services<\/li>\n<\/ul>\n<p>The target of the Regional Development Programme is to increase the standard and quality of life in all of Albania\u2019s regions by 2027. Taking concrete measures to promote employability and improving the quality of life are the main goals designed for the following interest groups:<\/p>\n<ol>\n<li><strong>Central and Local levels of Government. <\/strong>At these two levels, they benefit in terms of successfully implementing investments in areas in need, creating a clear framework for further development by implementing needs focused interventions and financial resources.<\/li>\n<li><strong>Businesses,<\/strong> which directly benefit from the RLI (IVR). Focusing the interventions according to the needs of the area, thus facilitating the development of profitable activities in different sectors. These improvements will also increase the turnover and income of these businesses, while also improving their growth.<\/li>\n<li><strong>Individuals and Communities,<\/strong> the programme affects directly upon the quality of life to the individuals and communities. Establishing and increasing access to basic services, while also promoting economic growth through the whole region.<\/li>\n<\/ol>\n<p>During the <strong>January-June period of 2021<\/strong>the Albanian Development Fund has programmed 53 projects to be invested, which are as follows:<\/p>\n<ul>\n<li>32 are infrastructural Interventions<\/li>\n<li>13 are Urban &amp; Environmental Interventions<\/li>\n<li>5 are Economic Development Interventions<\/li>\n<li>3 are Knowledge &amp; Information Interventions<\/li>\n<\/ul>\n<p class=\"translation-block\">(Last Update, June 2021)<\/p>","protected":false},"excerpt":{"rendered":"<p>Buxheti:\u00a010.3 miliard\u00eb Lek\u00eb Koh\u00ebzgjatja:\u00a02019-2021 Financues:\u00a0Qeveria Shqiptare Shtrirja gjeografike:\u00a0N\u00eb 12 Qarqet e Shqip\u00ebris\u00eb P\u00ebrfitues:\u00a01 milion\u00eb banor\u00eb Objektivi:\u00a0Nxitja e zhvillimit social-ekonomik p\u00ebrmes projekteve t\u00eb infrastruktur\u00ebs rajonale me fokus p\u00ebrmir\u00ebsimin e turizmit, akseksushmerin\u00eb&#8230;<\/p>","protected":false},"author":1,"featured_media":0,"parent":1886,"menu_order":0,"comment_status":"closed","ping_status":"closed","template":"","meta":{"nf_dc_page":"","footnotes":""},"class_list":["post-3153","page","type-page","status-publish","hentry"],"yoast_head":"<!-- This site is optimized with the Yoast SEO plugin v27.4 - https:\/\/yoast.com\/product\/yoast-seo-wordpress\/ -->\n<title>Infrastruktura Vendore Rajonale - Fondi Shqiptar i Zhvillimit<\/title>\n<meta name=\"robots\" content=\"index, follow, max-snippet:-1, max-image-preview:large, max-video-preview:-1\" \/>\n<link rel=\"canonical\" href=\"https:\/\/www.albaniandf.org\/en\/projekte\/projekte-ne-zbatim\/projekte-me-financim-te-qeverise-shqiptare\/\" \/>\n<meta property=\"og:locale\" content=\"en_US\" \/>\n<meta property=\"og:type\" content=\"article\" \/>\n<meta property=\"og:title\" content=\"Infrastruktura Vendore Rajonale - Fondi Shqiptar i Zhvillimit\" \/>\n<meta property=\"og:description\" content=\"Buxheti:\u00a010.3 miliard\u00eb Lek\u00eb Koh\u00ebzgjatja:\u00a02019-2021 Financues:\u00a0Qeveria Shqiptare Shtrirja gjeografike:\u00a0N\u00eb 12 Qarqet e Shqip\u00ebris\u00eb P\u00ebrfitues:\u00a01 milion\u00eb banor\u00eb Objektivi:\u00a0Nxitja e zhvillimit social-ekonomik p\u00ebrmes projekteve t\u00eb infrastruktur\u00ebs rajonale me fokus p\u00ebrmir\u00ebsimin e turizmit, akseksushmerin\u00eb...\" \/>\n<meta property=\"og:url\" content=\"https:\/\/www.albaniandf.org\/en\/projekte\/projekte-ne-zbatim\/projekte-me-financim-te-qeverise-shqiptare\/\" \/>\n<meta property=\"og:site_name\" content=\"Fondi Shqiptar i Zhvillimit\" \/>\n<meta property=\"article:publisher\" content=\"https:\/\/www.facebook.com\/albaniandf\/\" \/>\n<meta property=\"article:modified_time\" content=\"2021-10-19T11:45:52+00:00\" \/>\n<meta property=\"og:image\" content=\"https:\/\/i0.wp.com\/www.albaniandf.org\/wp-content\/uploads\/2021\/09\/Fondi-Shqiptar-i-zhvillimit-logo-original.png?fit=623%2C452&ssl=1\" \/>\n\t<meta property=\"og:image:width\" content=\"623\" \/>\n\t<meta property=\"og:image:height\" content=\"452\" \/>\n\t<meta property=\"og:image:type\" content=\"image\/png\" \/>\n<meta name=\"twitter:card\" content=\"summary_large_image\" \/>\n<meta name=\"twitter:label1\" content=\"Est. reading time\" \/>\n\t<meta name=\"twitter:data1\" content=\"2 minutes\" \/>\n<script type=\"application\/ld+json\" class=\"yoast-schema-graph\">{\"@context\":\"https:\\\/\\\/schema.org\",\"@graph\":[{\"@type\":\"WebPage\",\"@id\":\"https:\\\/\\\/www.albaniandf.org\\\/projekte\\\/projekte-ne-zbatim\\\/projekte-me-financim-te-qeverise-shqiptare\\\/\",\"url\":\"https:\\\/\\\/www.albaniandf.org\\\/projekte\\\/projekte-ne-zbatim\\\/projekte-me-financim-te-qeverise-shqiptare\\\/\",\"name\":\"Infrastruktura Vendore Rajonale - Fondi Shqiptar i Zhvillimit\",\"isPartOf\":{\"@id\":\"https:\\\/\\\/www.albaniandf.org\\\/#website\"},\"datePublished\":\"2018-07-23T18:11:12+00:00\",\"dateModified\":\"2021-10-19T11:45:52+00:00\",\"breadcrumb\":{\"@id\":\"https:\\\/\\\/www.albaniandf.org\\\/projekte\\\/projekte-ne-zbatim\\\/projekte-me-financim-te-qeverise-shqiptare\\\/#breadcrumb\"},\"inLanguage\":\"en-US\",\"potentialAction\":[{\"@type\":\"ReadAction\",\"target\":[\"https:\\\/\\\/www.albaniandf.org\\\/projekte\\\/projekte-ne-zbatim\\\/projekte-me-financim-te-qeverise-shqiptare\\\/\"]}]},{\"@type\":\"BreadcrumbList\",\"@id\":\"https:\\\/\\\/www.albaniandf.org\\\/projekte\\\/projekte-ne-zbatim\\\/projekte-me-financim-te-qeverise-shqiptare\\\/#breadcrumb\",\"itemListElement\":[{\"@type\":\"ListItem\",\"position\":1,\"name\":\"Home\",\"item\":\"https:\\\/\\\/www.albaniandf.org\\\/\"},{\"@type\":\"ListItem\",\"position\":2,\"name\":\"Projekte\",\"item\":\"https:\\\/\\\/www.albaniandf.org\\\/projekte\\\/\"},{\"@type\":\"ListItem\",\"position\":3,\"name\":\"Projekte ne zbatim\",\"item\":\"https:\\\/\\\/www.albaniandf.org\\\/projekte\\\/projekte-ne-zbatim\\\/\"},{\"@type\":\"ListItem\",\"position\":4,\"name\":\"Infrastruktura Vendore Rajonale\"}]},{\"@type\":\"WebSite\",\"@id\":\"https:\\\/\\\/www.albaniandf.org\\\/#website\",\"url\":\"https:\\\/\\\/www.albaniandf.org\\\/\",\"name\":\"Fondi Shqiptar i Zhvillimit\",\"description\":\"\",\"publisher\":{\"@id\":\"https:\\\/\\\/www.albaniandf.org\\\/#organization\"},\"potentialAction\":[{\"@type\":\"SearchAction\",\"target\":{\"@type\":\"EntryPoint\",\"urlTemplate\":\"https:\\\/\\\/www.albaniandf.org\\\/?s={search_term_string}\"},\"query-input\":{\"@type\":\"PropertyValueSpecification\",\"valueRequired\":true,\"valueName\":\"search_term_string\"}}],\"inLanguage\":\"en-US\"},{\"@type\":\"Organization\",\"@id\":\"https:\\\/\\\/www.albaniandf.org\\\/#organization\",\"name\":\"Fondi Shqiptar i Zhvillimit\",\"url\":\"https:\\\/\\\/www.albaniandf.org\\\/\",\"logo\":{\"@type\":\"ImageObject\",\"inLanguage\":\"en-US\",\"@id\":\"https:\\\/\\\/www.albaniandf.org\\\/#\\\/schema\\\/logo\\\/image\\\/\",\"url\":\"https:\\\/\\\/www.albaniandf.org\\\/wp-content\\\/uploads\\\/2021\\\/08\\\/Fondi-Shqiptar-i-zhvillimit-logo.png\",\"contentUrl\":\"https:\\\/\\\/www.albaniandf.org\\\/wp-content\\\/uploads\\\/2021\\\/08\\\/Fondi-Shqiptar-i-zhvillimit-logo.png\",\"width\":122,\"height\":90,\"caption\":\"Fondi Shqiptar i Zhvillimit\"},\"image\":{\"@id\":\"https:\\\/\\\/www.albaniandf.org\\\/#\\\/schema\\\/logo\\\/image\\\/\"},\"sameAs\":[\"https:\\\/\\\/www.facebook.com\\\/albaniandf\\\/\",\"https:\\\/\\\/www.instagram.com\\\/fondi_shqiptar_i_zhvillimit\\\/\",\"https:\\\/\\\/www.youtube.com\\\/user\\\/AlbanianDF\"]}]}<\/script>\n<!-- \/ Yoast SEO plugin. -->","yoast_head_json":{"title":"Infrastruktura Vendore Rajonale - Fondi Shqiptar i Zhvillimit","robots":{"index":"index","follow":"follow","max-snippet":"max-snippet:-1","max-image-preview":"max-image-preview:large","max-video-preview":"max-video-preview:-1"},"canonical":"https:\/\/www.albaniandf.org\/en\/projekte\/projekte-ne-zbatim\/projekte-me-financim-te-qeverise-shqiptare\/","og_locale":"en_US","og_type":"article","og_title":"Infrastruktura Vendore Rajonale - Fondi Shqiptar i Zhvillimit","og_description":"Buxheti:\u00a010.3 miliard\u00eb Lek\u00eb Koh\u00ebzgjatja:\u00a02019-2021 Financues:\u00a0Qeveria Shqiptare Shtrirja gjeografike:\u00a0N\u00eb 12 Qarqet e Shqip\u00ebris\u00eb P\u00ebrfitues:\u00a01 milion\u00eb banor\u00eb Objektivi:\u00a0Nxitja e zhvillimit social-ekonomik p\u00ebrmes projekteve t\u00eb infrastruktur\u00ebs rajonale me fokus p\u00ebrmir\u00ebsimin e turizmit, akseksushmerin\u00eb...","og_url":"https:\/\/www.albaniandf.org\/en\/projekte\/projekte-ne-zbatim\/projekte-me-financim-te-qeverise-shqiptare\/","og_site_name":"Fondi Shqiptar i Zhvillimit","article_publisher":"https:\/\/www.facebook.com\/albaniandf\/","article_modified_time":"2021-10-19T11:45:52+00:00","og_image":[{"width":623,"height":452,"url":"https:\/\/i0.wp.com\/www.albaniandf.org\/wp-content\/uploads\/2021\/09\/Fondi-Shqiptar-i-zhvillimit-logo-original.png?fit=623%2C452&ssl=1","type":"image\/png"}],"twitter_card":"summary_large_image","twitter_misc":{"Est. reading time":"2 minutes"},"schema":{"@context":"https:\/\/schema.org","@graph":[{"@type":"WebPage","@id":"https:\/\/www.albaniandf.org\/projekte\/projekte-ne-zbatim\/projekte-me-financim-te-qeverise-shqiptare\/","url":"https:\/\/www.albaniandf.org\/projekte\/projekte-ne-zbatim\/projekte-me-financim-te-qeverise-shqiptare\/","name":"Infrastruktura Vendore Rajonale - Fondi Shqiptar i Zhvillimit","isPartOf":{"@id":"https:\/\/www.albaniandf.org\/#website"},"datePublished":"2018-07-23T18:11:12+00:00","dateModified":"2021-10-19T11:45:52+00:00","breadcrumb":{"@id":"https:\/\/www.albaniandf.org\/projekte\/projekte-ne-zbatim\/projekte-me-financim-te-qeverise-shqiptare\/#breadcrumb"},"inLanguage":"en-US","potentialAction":[{"@type":"ReadAction","target":["https:\/\/www.albaniandf.org\/projekte\/projekte-ne-zbatim\/projekte-me-financim-te-qeverise-shqiptare\/"]}]},{"@type":"BreadcrumbList","@id":"https:\/\/www.albaniandf.org\/projekte\/projekte-ne-zbatim\/projekte-me-financim-te-qeverise-shqiptare\/#breadcrumb","itemListElement":[{"@type":"ListItem","position":1,"name":"Home","item":"https:\/\/www.albaniandf.org\/"},{"@type":"ListItem","position":2,"name":"Projekte","item":"https:\/\/www.albaniandf.org\/projekte\/"},{"@type":"ListItem","position":3,"name":"Projekte ne zbatim","item":"https:\/\/www.albaniandf.org\/projekte\/projekte-ne-zbatim\/"},{"@type":"ListItem","position":4,"name":"Infrastruktura Vendore Rajonale"}]},{"@type":"WebSite","@id":"https:\/\/www.albaniandf.org\/#website","url":"https:\/\/www.albaniandf.org\/","name":"Albanian Development Fund","description":"","publisher":{"@id":"https:\/\/www.albaniandf.org\/#organization"},"potentialAction":[{"@type":"SearchAction","target":{"@type":"EntryPoint","urlTemplate":"https:\/\/www.albaniandf.org\/?s={search_term_string}"},"query-input":{"@type":"PropertyValueSpecification","valueRequired":true,"valueName":"search_term_string"}}],"inLanguage":"en-US"},{"@type":"Organization","@id":"https:\/\/www.albaniandf.org\/#organization","name":"Albanian Development Fund","url":"https:\/\/www.albaniandf.org\/","logo":{"@type":"ImageObject","inLanguage":"en-US","@id":"https:\/\/www.albaniandf.org\/#\/schema\/logo\/image\/","url":"https:\/\/www.albaniandf.org\/wp-content\/uploads\/2021\/08\/Fondi-Shqiptar-i-zhvillimit-logo.png","contentUrl":"https:\/\/www.albaniandf.org\/wp-content\/uploads\/2021\/08\/Fondi-Shqiptar-i-zhvillimit-logo.png","width":122,"height":90,"caption":"Fondi Shqiptar i Zhvillimit"},"image":{"@id":"https:\/\/www.albaniandf.org\/#\/schema\/logo\/image\/"},"sameAs":["https:\/\/www.facebook.com\/albaniandf\/","https:\/\/www.instagram.com\/fondi_shqiptar_i_zhvillimit\/","https:\/\/www.youtube.com\/user\/AlbanianDF"]}]}},"_links":{"self":[{"href":"https:\/\/www.albaniandf.org\/en\/wp-json\/wp\/v2\/pages\/3153","targetHints":{"allow":["GET"]}}],"collection":[{"href":"https:\/\/www.albaniandf.org\/en\/wp-json\/wp\/v2\/pages"}],"about":[{"href":"https:\/\/www.albaniandf.org\/en\/wp-json\/wp\/v2\/types\/page"}],"author":[{"embeddable":true,"href":"https:\/\/www.albaniandf.org\/en\/wp-json\/wp\/v2\/users\/1"}],"replies":[{"embeddable":true,"href":"https:\/\/www.albaniandf.org\/en\/wp-json\/wp\/v2\/comments?post=3153"}],"version-history":[{"count":12,"href":"https:\/\/www.albaniandf.org\/en\/wp-json\/wp\/v2\/pages\/3153\/revisions"}],"predecessor-version":[{"id":10213,"href":"https:\/\/www.albaniandf.org\/en\/wp-json\/wp\/v2\/pages\/3153\/revisions\/10213"}],"up":[{"embeddable":true,"href":"https:\/\/www.albaniandf.org\/en\/wp-json\/wp\/v2\/pages\/1886"}],"wp:attachment":[{"href":"https:\/\/www.albaniandf.org\/en\/wp-json\/wp\/v2\/media?parent=3153"}],"curies":[{"name":"wp","href":"https:\/\/api.w.org\/{rel}","templated":true}]}}