{"id":2821,"date":"2018-07-06T11:03:02","date_gmt":"2018-07-06T11:03:02","guid":{"rendered":"https:\/\/www.albaniandf.org\/?page_id=2821"},"modified":"2018-07-17T14:09:55","modified_gmt":"2018-07-17T12:09:55","slug":"nenprojektet","status":"publish","type":"page","link":"https:\/\/www.albaniandf.org\/en\/projekte\/nenprojektet\/","title":{"rendered":"Sub-Projects"},"content":{"rendered":"<section class=\"sh-section sh-section-38c7028057310d165b25375c1d4b59d7 fw-main-row sh-section-visibility-everywhere\">\r\n\t\r\n\t\r\n\t<div class=\"sh-section-container container\">\r\n\t\t<div class=\"fw-row\">\n\t\r\n<div class=\"sh-column sh-column-b9b13dde44dd770e9fc8cf7021cf0e41 fw-col-xs-12 fw-col-sm-6\" >\r\n\r\n\t\r\n\t<div class=\"sh-column-wrapper\">\r\n\t\t\r\n<div id=\"progress-9a39a9368df75581a13b296adb50222a\" class=\"sh-progress sh-progress-style1\">\r\n\t\r\n\t\t<div class=\"sh-progress-item\">\r\n\t\t\t<div class=\"sh-progress-title\">Road infrastructure<\/div>\r\n\t\t\t<div class=\"sh-progress-content\">\r\n\t\t\t\t<div class=\"sh-progress-content-container\">\r\n\t\t\t\t\t<div class=\"sh-progress-status\">\r\n\t\t\t\t\t\t<div class=\"sh-progress-status-value\" data-width=\"59\"><\/div>\r\n\t\t\t\t\t<\/div>\r\n\t\t\t\t<\/div>\r\n\t\t\t\t<div class=\"sh-progress-value2\">\r\n\t\t\t\t\t59%\r\n\t\t\t\t<\/div>\r\n\t\t\t<\/div>\r\n\t\t<\/div>\r\n\r\n\t<\/div>\r\n\r\n<div id=\"text-block-9ccee9b6043e7da49a95517aa68166d7\" class=\"sh-text-block\">\r\n\t<p style=\"text-align: left;\">To date, the number of completed sub-projects totals 1,223 which corresponds to 59% of overall accomplished investments. Their impact is on the improvement of transport service and socio-economic situation.<\/p><\/div>\r\n\t<\/div>\r\n\r\n\r\n\t\t\r\n\r\n<\/div>\r\n\r\n<div class=\"sh-column sh-column-fed427b0fb5526a41e238eb282ae8f8a fw-col-xs-12 fw-col-sm-6\" >\r\n\r\n\t\r\n\t<div class=\"sh-column-wrapper\">\r\n\t\t\r\n<div id=\"progress-6ec9b60dd43030eeda685757ecb5c07e\" class=\"sh-progress sh-progress-style1\">\r\n\t\r\n\t\t<div class=\"sh-progress-item\">\r\n\t\t\t<div class=\"sh-progress-title\">Water Supply and Sewage Systems<\/div>\r\n\t\t\t<div class=\"sh-progress-content\">\r\n\t\t\t\t<div class=\"sh-progress-content-container\">\r\n\t\t\t\t\t<div class=\"sh-progress-status\">\r\n\t\t\t\t\t\t<div class=\"sh-progress-status-value\" data-width=\"19\"><\/div>\r\n\t\t\t\t\t<\/div>\r\n\t\t\t\t<\/div>\r\n\t\t\t\t<div class=\"sh-progress-value2\">\r\n\t\t\t\t\t19%\r\n\t\t\t\t<\/div>\r\n\t\t\t<\/div>\r\n\t\t<\/div>\r\n\r\n\t<\/div>\r\n\r\n<div id=\"text-block-1a281da72e745a06b59f8e1d6a91d4b1\" class=\"sh-text-block\">\r\n\t<p style=\"text-align: left;\">To date, the number of constructed water supply schemes totals 405 which correspond to 19.5 % of the overall number of accomplished projects. These sub-projects have a high impact on the improvement of the living conditions especially for women and seniors.<\/p><\/div>\r\n\t<\/div>\r\n\r\n\r\n\t\t\r\n\r\n<\/div>\r\n<\/div>\n\n<div class=\"fw-row\">\n\t\r\n<div class=\"sh-column sh-column-53fa8e872a564626a30b3bd1e6a9abfa fw-col-xs-12 fw-col-sm-6\" >\r\n\r\n\t\r\n\t<div class=\"sh-column-wrapper\">\r\n\t\t\r\n<div id=\"progress-1995779efb87515f9a3607062bd48948\" class=\"sh-progress sh-progress-style1\">\r\n\t\r\n\t\t<div class=\"sh-progress-item\">\r\n\t\t\t<div class=\"sh-progress-title\">Schools, Kindergartens &amp; Playing Fields<\/div>\r\n\t\t\t<div class=\"sh-progress-content\">\r\n\t\t\t\t<div class=\"sh-progress-content-container\">\r\n\t\t\t\t\t<div class=\"sh-progress-status\">\r\n\t\t\t\t\t\t<div class=\"sh-progress-status-value\" data-width=\"6\"><\/div>\r\n\t\t\t\t\t<\/div>\r\n\t\t\t\t<\/div>\r\n\t\t\t\t<div class=\"sh-progress-value2\">\r\n\t\t\t\t\t6%\r\n\t\t\t\t<\/div>\r\n\t\t\t<\/div>\r\n\t\t<\/div>\r\n\r\n\t<\/div>\r\n\r\n<div id=\"text-block-07b80142509224a1d251efcd854dbd8b\" class=\"sh-text-block\">\r\n\t<p>So far, the number of reconstructed or newly constructed schools and kindergartens reaches 129, which correspond to 6.2% of the total investments. These sub-projects are going to have an impact on the quality of teaching and school attendance.<\/p><p><strong>\u00a0<\/strong><\/p><\/div>\r\n\t<\/div>\r\n\r\n\r\n\t\t\r\n\r\n<\/div>\r\n\r\n<div class=\"sh-column sh-column-1979c1ff13165beb9391061ce80d8ba2 fw-col-xs-12 fw-col-sm-6\" >\r\n\r\n\t\r\n\t<div class=\"sh-column-wrapper\">\r\n\t\t\r\n<div id=\"progress-77d50466609261ca0b12c411be1d7440\" class=\"sh-progress sh-progress-style1\">\r\n\t\r\n\t\t<div class=\"sh-progress-item\">\r\n\t\t\t<div class=\"sh-progress-title\">Urban Upgrading <\/div>\r\n\t\t\t<div class=\"sh-progress-content\">\r\n\t\t\t\t<div class=\"sh-progress-content-container\">\r\n\t\t\t\t\t<div class=\"sh-progress-status\">\r\n\t\t\t\t\t\t<div class=\"sh-progress-status-value\" data-width=\"1\"><\/div>\r\n\t\t\t\t\t<\/div>\r\n\t\t\t\t<\/div>\r\n\t\t\t\t<div class=\"sh-progress-value2\">\r\n\t\t\t\t\t1%\r\n\t\t\t\t<\/div>\r\n\t\t\t<\/div>\r\n\t\t<\/div>\r\n\r\n\t<\/div>\r\n\r\n<div id=\"text-block-b6ab0abd522a6da1639be906da5ab0b1\" class=\"sh-text-block\">\r\n\t<p>There are 20 sub-projects implemented for urban re-qualification of town and village centers which correspond to 1 % of the overall number of accomplished projects. Urbanization and their transformation have had a direct impact on improving living conditions and promoting tourism.<\/p><\/div>\r\n\t<\/div>\r\n\r\n\r\n\t\t\r\n\r\n<\/div>\r\n<\/div>\n\n<div class=\"fw-row\">\n\t\r\n<div class=\"sh-column sh-column-23da70354d1f9ce5e097495704b77a19 fw-col-xs-12 fw-col-sm-6\" >\r\n\r\n\t\r\n\t<div class=\"sh-column-wrapper\">\r\n\t\t\r\n<div id=\"progress-670b339220d45f8e84ebee9e05205f29\" class=\"sh-progress sh-progress-style1\">\r\n\t\r\n\t\t<div class=\"sh-progress-item\">\r\n\t\t\t<div class=\"sh-progress-title\">Health Care Centres<\/div>\r\n\t\t\t<div class=\"sh-progress-content\">\r\n\t\t\t\t<div class=\"sh-progress-content-container\">\r\n\t\t\t\t\t<div class=\"sh-progress-status\">\r\n\t\t\t\t\t\t<div class=\"sh-progress-status-value\" data-width=\"2\"><\/div>\r\n\t\t\t\t\t<\/div>\r\n\t\t\t\t<\/div>\r\n\t\t\t\t<div class=\"sh-progress-value2\">\r\n\t\t\t\t\t2%\r\n\t\t\t\t<\/div>\r\n\t\t\t<\/div>\r\n\t\t<\/div>\r\n\r\n\t<\/div>\r\n\r\n<div id=\"text-block-cd2629ccbf1ae4172579d40de720b8fe\" class=\"sh-text-block\">\r\n\t<p>To date, 45 health centres are constructed which correspond to 2.2% of the overall investments. These health care centres have increased the access in primary health services, mainly in rural areas.<\/p><\/div>\r\n\t<\/div>\r\n\r\n\r\n\t\t\r\n\r\n<\/div>\r\n\r\n<div class=\"sh-column sh-column-70507d6e3fbb5560573e037ec1bc0744 fw-col-xs-12 fw-col-sm-6\" >\r\n\r\n\t\r\n\t<div class=\"sh-column-wrapper\">\r\n\t\t\r\n<div id=\"progress-7a427241180f73b0f3cd74c8fa638f6c\" class=\"sh-progress sh-progress-style1\">\r\n\t\r\n\t\t<div class=\"sh-progress-item\">\r\n\t\t\t<div class=\"sh-progress-title\">Drainage Systems<\/div>\r\n\t\t\t<div class=\"sh-progress-content\">\r\n\t\t\t\t<div class=\"sh-progress-content-container\">\r\n\t\t\t\t\t<div class=\"sh-progress-status\">\r\n\t\t\t\t\t\t<div class=\"sh-progress-status-value\" data-width=\"3\"><\/div>\r\n\t\t\t\t\t<\/div>\r\n\t\t\t\t<\/div>\r\n\t\t\t\t<div class=\"sh-progress-value2\">\r\n\t\t\t\t\t3%\r\n\t\t\t\t<\/div>\r\n\t\t\t<\/div>\r\n\t\t<\/div>\r\n\r\n\t<\/div>\r\n\r\n<div id=\"text-block-959dfd14b3a747c4f1c1ddf940a6d3e8\" class=\"sh-text-block\">\r\n\t<p>To date, 66 drainage systems are implemented which correspond to 3.2% of the overall investments thus providing greater possibilities for production and business in rural communities.<\/p><\/div>\r\n\t<\/div>\r\n\r\n\r\n\t\t\r\n\r\n<\/div>\r\n<\/div>\n\n<div class=\"fw-row\">\n\t\r\n<div class=\"sh-column sh-column-fd237adea215966dab2c8dcaf5cf78b6 fw-col-xs-12 fw-col-sm-6\" >\r\n\r\n\t\r\n\t<div class=\"sh-column-wrapper\">\r\n\t\t\r\n<div id=\"progress-3aa82c4c439f477825ec04f606daa87c\" class=\"sh-progress sh-progress-style1\">\r\n\t\r\n\t\t<div class=\"sh-progress-item\">\r\n\t\t\t<div class=\"sh-progress-title\">Bridges<\/div>\r\n\t\t\t<div class=\"sh-progress-content\">\r\n\t\t\t\t<div class=\"sh-progress-content-container\">\r\n\t\t\t\t\t<div class=\"sh-progress-status\">\r\n\t\t\t\t\t\t<div class=\"sh-progress-status-value\" data-width=\"2\"><\/div>\r\n\t\t\t\t\t<\/div>\r\n\t\t\t\t<\/div>\r\n\t\t\t\t<div class=\"sh-progress-value2\">\r\n\t\t\t\t\t2%\r\n\t\t\t\t<\/div>\r\n\t\t\t<\/div>\r\n\t\t<\/div>\r\n\r\n\t<\/div>\r\n\r\n<div id=\"text-block-941f7e73cb4393579fa6945312e7f6f3\" class=\"sh-text-block\">\r\n\t<p>To date, the number of bridge construction totals 56 which correspond to 2.7% of the overall investments. The impact of these sub-projects is on the social activities and diversification of economic possibilities for the community.<\/p><\/div>\r\n\t<\/div>\r\n\r\n\r\n\t\t\r\n\r\n<\/div>\r\n\r\n<div class=\"sh-column sh-column-e0ea4a0b94512fae2fc1d55bb1b53c84 fw-col-xs-12 fw-col-sm-6\" >\r\n\r\n\t\r\n\t<div class=\"sh-column-wrapper\">\r\n\t\t\r\n<div id=\"progress-4f44f4ec62d3ea108dc31b2d52e1882e\" class=\"sh-progress sh-progress-style1\">\r\n\t\r\n\t\t<div class=\"sh-progress-item\">\r\n\t\t\t<div class=\"sh-progress-title\">Markets<\/div>\r\n\t\t\t<div class=\"sh-progress-content\">\r\n\t\t\t\t<div class=\"sh-progress-content-container\">\r\n\t\t\t\t\t<div class=\"sh-progress-status\">\r\n\t\t\t\t\t\t<div class=\"sh-progress-status-value\" data-width=\"1\"><\/div>\r\n\t\t\t\t\t<\/div>\r\n\t\t\t\t<\/div>\r\n\t\t\t\t<div class=\"sh-progress-value2\">\r\n\t\t\t\t\t1%\r\n\t\t\t\t<\/div>\r\n\t\t\t<\/div>\r\n\t\t<\/div>\r\n\r\n\t<\/div>\r\n\r\n<div id=\"text-block-9bc840da7d9335796e0f772f143621e2\" class=\"sh-text-block\">\r\n\t<p>So far, 17 community markets have been set up, a figure which corresponds to 0.8% of the overall investments. They are going to have a positive impact on job opportunities and LGUs incomes.<\/p><\/div>\r\n\t<\/div>\r\n\r\n\r\n\t\t\r\n\r\n<\/div>\r\n<\/div>\n\n<div class=\"fw-row\">\n\t\r\n<div class=\"sh-column sh-column-401c28caaf8b1cd39eb0e458fb356fba fw-col-xs-12 fw-col-sm-6\" >\r\n\r\n\t\r\n\t<div class=\"sh-column-wrapper\">\r\n\t\t\r\n<div id=\"progress-ae41c2a3f54266a8ea389386d44992f5\" class=\"sh-progress sh-progress-style1\">\r\n\t\r\n\t\t<div class=\"sh-progress-item\">\r\n\t\t\t<div class=\"sh-progress-title\">Public Buildings and Community Centres<\/div>\r\n\t\t\t<div class=\"sh-progress-content\">\r\n\t\t\t\t<div class=\"sh-progress-content-container\">\r\n\t\t\t\t\t<div class=\"sh-progress-status\">\r\n\t\t\t\t\t\t<div class=\"sh-progress-status-value\" data-width=\"2\"><\/div>\r\n\t\t\t\t\t<\/div>\r\n\t\t\t\t<\/div>\r\n\t\t\t\t<div class=\"sh-progress-value2\">\r\n\t\t\t\t\t2%\r\n\t\t\t\t<\/div>\r\n\t\t\t<\/div>\r\n\t\t<\/div>\r\n\r\n\t<\/div>\r\n\r\n<div id=\"text-block-cddb2e192e7f9849b6cc8144ebf7d4bd\" class=\"sh-text-block\">\r\n\t<p>To date, 53 sub-projects have been constructed; a figure which corresponds to 2.5% of the overall investments. The rehabilitation of public buildings like community centres, cultural centres, etc., has contributed to the improvement of living conditions and revitalization of social activities.<\/p><\/div>\r\n\t<\/div>\r\n\r\n\r\n\t\t\r\n\r\n<\/div>\r\n\r\n<div class=\"sh-column sh-column-0a6720c9ff1c698865c344558cbdb356 fw-col-xs-12 fw-col-sm-6\" >\r\n\r\n\t\r\n\t<div class=\"sh-column-wrapper\">\r\n\t\t\r\n<div id=\"progress-c7d1fa477c7d0cca54c19d5ef6552005\" class=\"sh-progress sh-progress-style1\">\r\n\t\r\n\t\t<div class=\"sh-progress-item\">\r\n\t\t\t<div class=\"sh-progress-title\">Other sub-projects<\/div>\r\n\t\t\t<div class=\"sh-progress-content\">\r\n\t\t\t\t<div class=\"sh-progress-content-container\">\r\n\t\t\t\t\t<div class=\"sh-progress-status\">\r\n\t\t\t\t\t\t<div class=\"sh-progress-status-value\" data-width=\"3\"><\/div>\r\n\t\t\t\t\t<\/div>\r\n\t\t\t\t<\/div>\r\n\t\t\t\t<div class=\"sh-progress-value2\">\r\n\t\t\t\t\t3%\r\n\t\t\t\t<\/div>\r\n\t\t\t<\/div>\r\n\t\t<\/div>\r\n\r\n\t<\/div>\r\n\r\n<div id=\"text-block-660620ebbd1f4d2a84626cc307029d0e\" class=\"sh-text-block\">\r\n\t<p>So far, there have been carried out 60 miscellaneous sub-projects such as embankments, social projects, parks, environment projects and public squares; a figure which corresponds to 2.9% of overall investments.<\/p><\/div>\r\n\t<\/div>\r\n\r\n\r\n\t\t\r\n\r\n<\/div>\r\n<\/div>\n\n\t<\/div>\r\n<\/section>","protected":false},"excerpt":{"rendered":"<p>Infrastruktura Rrugore 59% Deri m\u00eb sot numri i n\u00ebnprojekteve t\u00eb realizuara \u00ebsht\u00eb 1,223 ose 59% e totalit. Impakti kryesor \u00ebsht\u00eb p\u00ebrmir\u00ebsimi i sh\u00ebrbimit t\u00eb transportit dhe p\u00ebrmir\u00ebsimi i situat\u00ebs socio-ekonomike&#8230;.<\/p>","protected":false},"author":1,"featured_media":0,"parent":90,"menu_order":0,"comment_status":"closed","ping_status":"closed","template":"","meta":{"nf_dc_page":"","footnotes":""},"class_list":["post-2821","page","type-page","status-publish","hentry"],"yoast_head":"<!-- This site is optimized with the Yoast SEO plugin v27.4 - https:\/\/yoast.com\/product\/yoast-seo-wordpress\/ -->\n<title>N\u00ebnprojekte - Fondi Shqiptar i Zhvillimit<\/title>\n<meta name=\"robots\" content=\"index, follow, max-snippet:-1, max-image-preview:large, max-video-preview:-1\" \/>\n<link rel=\"canonical\" href=\"https:\/\/www.albaniandf.org\/en\/projekte\/nenprojektet\/\" \/>\n<meta property=\"og:locale\" content=\"en_US\" \/>\n<meta property=\"og:type\" content=\"article\" \/>\n<meta property=\"og:title\" content=\"N\u00ebnprojekte - Fondi Shqiptar i Zhvillimit\" \/>\n<meta property=\"og:description\" content=\"Infrastruktura Rrugore 59% Deri m\u00eb sot numri i n\u00ebnprojekteve t\u00eb realizuara \u00ebsht\u00eb 1,223 ose 59% e totalit. Impakti kryesor \u00ebsht\u00eb p\u00ebrmir\u00ebsimi i sh\u00ebrbimit t\u00eb transportit dhe p\u00ebrmir\u00ebsimi i situat\u00ebs socio-ekonomike....\" \/>\n<meta property=\"og:url\" content=\"https:\/\/www.albaniandf.org\/en\/projekte\/nenprojektet\/\" \/>\n<meta property=\"og:site_name\" content=\"Fondi Shqiptar i Zhvillimit\" \/>\n<meta property=\"article:publisher\" content=\"https:\/\/www.facebook.com\/albaniandf\/\" \/>\n<meta property=\"article:modified_time\" content=\"2018-07-17T12:09:55+00:00\" \/>\n<meta property=\"og:image\" content=\"https:\/\/i0.wp.com\/www.albaniandf.org\/wp-content\/uploads\/2021\/09\/Fondi-Shqiptar-i-zhvillimit-logo-original.png?fit=623%2C452&ssl=1\" \/>\n\t<meta property=\"og:image:width\" content=\"623\" \/>\n\t<meta property=\"og:image:height\" content=\"452\" \/>\n\t<meta property=\"og:image:type\" content=\"image\/png\" \/>\n<meta name=\"twitter:card\" content=\"summary_large_image\" \/>\n<meta name=\"twitter:label1\" content=\"Est. reading time\" \/>\n\t<meta name=\"twitter:data1\" content=\"2 minutes\" \/>\n<script type=\"application\/ld+json\" class=\"yoast-schema-graph\">{\"@context\":\"https:\\\/\\\/schema.org\",\"@graph\":[{\"@type\":\"WebPage\",\"@id\":\"https:\\\/\\\/www.albaniandf.org\\\/projekte\\\/nenprojektet\\\/\",\"url\":\"https:\\\/\\\/www.albaniandf.org\\\/projekte\\\/nenprojektet\\\/\",\"name\":\"N\u00ebnprojekte - Fondi Shqiptar i Zhvillimit\",\"isPartOf\":{\"@id\":\"https:\\\/\\\/www.albaniandf.org\\\/#website\"},\"datePublished\":\"2018-07-06T11:03:02+00:00\",\"dateModified\":\"2018-07-17T12:09:55+00:00\",\"breadcrumb\":{\"@id\":\"https:\\\/\\\/www.albaniandf.org\\\/projekte\\\/nenprojektet\\\/#breadcrumb\"},\"inLanguage\":\"en-US\",\"potentialAction\":[{\"@type\":\"ReadAction\",\"target\":[\"https:\\\/\\\/www.albaniandf.org\\\/projekte\\\/nenprojektet\\\/\"]}]},{\"@type\":\"BreadcrumbList\",\"@id\":\"https:\\\/\\\/www.albaniandf.org\\\/projekte\\\/nenprojektet\\\/#breadcrumb\",\"itemListElement\":[{\"@type\":\"ListItem\",\"position\":1,\"name\":\"Home\",\"item\":\"https:\\\/\\\/www.albaniandf.org\\\/\"},{\"@type\":\"ListItem\",\"position\":2,\"name\":\"Projekte\",\"item\":\"https:\\\/\\\/www.albaniandf.org\\\/projekte\\\/\"},{\"@type\":\"ListItem\",\"position\":3,\"name\":\"N\u00ebnprojekte\"}]},{\"@type\":\"WebSite\",\"@id\":\"https:\\\/\\\/www.albaniandf.org\\\/#website\",\"url\":\"https:\\\/\\\/www.albaniandf.org\\\/\",\"name\":\"Fondi Shqiptar i Zhvillimit\",\"description\":\"\",\"publisher\":{\"@id\":\"https:\\\/\\\/www.albaniandf.org\\\/#organization\"},\"potentialAction\":[{\"@type\":\"SearchAction\",\"target\":{\"@type\":\"EntryPoint\",\"urlTemplate\":\"https:\\\/\\\/www.albaniandf.org\\\/?s={search_term_string}\"},\"query-input\":{\"@type\":\"PropertyValueSpecification\",\"valueRequired\":true,\"valueName\":\"search_term_string\"}}],\"inLanguage\":\"en-US\"},{\"@type\":\"Organization\",\"@id\":\"https:\\\/\\\/www.albaniandf.org\\\/#organization\",\"name\":\"Fondi Shqiptar i Zhvillimit\",\"url\":\"https:\\\/\\\/www.albaniandf.org\\\/\",\"logo\":{\"@type\":\"ImageObject\",\"inLanguage\":\"en-US\",\"@id\":\"https:\\\/\\\/www.albaniandf.org\\\/#\\\/schema\\\/logo\\\/image\\\/\",\"url\":\"https:\\\/\\\/www.albaniandf.org\\\/wp-content\\\/uploads\\\/2021\\\/08\\\/Fondi-Shqiptar-i-zhvillimit-logo.png\",\"contentUrl\":\"https:\\\/\\\/www.albaniandf.org\\\/wp-content\\\/uploads\\\/2021\\\/08\\\/Fondi-Shqiptar-i-zhvillimit-logo.png\",\"width\":122,\"height\":90,\"caption\":\"Fondi Shqiptar i Zhvillimit\"},\"image\":{\"@id\":\"https:\\\/\\\/www.albaniandf.org\\\/#\\\/schema\\\/logo\\\/image\\\/\"},\"sameAs\":[\"https:\\\/\\\/www.facebook.com\\\/albaniandf\\\/\",\"https:\\\/\\\/www.instagram.com\\\/fondi_shqiptar_i_zhvillimit\\\/\",\"https:\\\/\\\/www.youtube.com\\\/user\\\/AlbanianDF\"]}]}<\/script>\n<!-- \/ Yoast SEO plugin. -->","yoast_head_json":{"title":"N\u00ebnprojekte - Fondi Shqiptar i Zhvillimit","robots":{"index":"index","follow":"follow","max-snippet":"max-snippet:-1","max-image-preview":"max-image-preview:large","max-video-preview":"max-video-preview:-1"},"canonical":"https:\/\/www.albaniandf.org\/en\/projekte\/nenprojektet\/","og_locale":"en_US","og_type":"article","og_title":"N\u00ebnprojekte - Fondi Shqiptar i Zhvillimit","og_description":"Infrastruktura Rrugore 59% Deri m\u00eb sot numri i n\u00ebnprojekteve t\u00eb realizuara \u00ebsht\u00eb 1,223 ose 59% e totalit. Impakti kryesor \u00ebsht\u00eb p\u00ebrmir\u00ebsimi i sh\u00ebrbimit t\u00eb transportit dhe p\u00ebrmir\u00ebsimi i situat\u00ebs socio-ekonomike....","og_url":"https:\/\/www.albaniandf.org\/en\/projekte\/nenprojektet\/","og_site_name":"Fondi Shqiptar i Zhvillimit","article_publisher":"https:\/\/www.facebook.com\/albaniandf\/","article_modified_time":"2018-07-17T12:09:55+00:00","og_image":[{"width":623,"height":452,"url":"https:\/\/i0.wp.com\/www.albaniandf.org\/wp-content\/uploads\/2021\/09\/Fondi-Shqiptar-i-zhvillimit-logo-original.png?fit=623%2C452&ssl=1","type":"image\/png"}],"twitter_card":"summary_large_image","twitter_misc":{"Est. reading time":"2 minutes"},"schema":{"@context":"https:\/\/schema.org","@graph":[{"@type":"WebPage","@id":"https:\/\/www.albaniandf.org\/projekte\/nenprojektet\/","url":"https:\/\/www.albaniandf.org\/projekte\/nenprojektet\/","name":"N\u00ebnprojekte - Fondi Shqiptar i Zhvillimit","isPartOf":{"@id":"https:\/\/www.albaniandf.org\/#website"},"datePublished":"2018-07-06T11:03:02+00:00","dateModified":"2018-07-17T12:09:55+00:00","breadcrumb":{"@id":"https:\/\/www.albaniandf.org\/projekte\/nenprojektet\/#breadcrumb"},"inLanguage":"en-US","potentialAction":[{"@type":"ReadAction","target":["https:\/\/www.albaniandf.org\/projekte\/nenprojektet\/"]}]},{"@type":"BreadcrumbList","@id":"https:\/\/www.albaniandf.org\/projekte\/nenprojektet\/#breadcrumb","itemListElement":[{"@type":"ListItem","position":1,"name":"Home","item":"https:\/\/www.albaniandf.org\/"},{"@type":"ListItem","position":2,"name":"Projekte","item":"https:\/\/www.albaniandf.org\/projekte\/"},{"@type":"ListItem","position":3,"name":"N\u00ebnprojekte"}]},{"@type":"WebSite","@id":"https:\/\/www.albaniandf.org\/#website","url":"https:\/\/www.albaniandf.org\/","name":"Albanian Development Fund","description":"","publisher":{"@id":"https:\/\/www.albaniandf.org\/#organization"},"potentialAction":[{"@type":"SearchAction","target":{"@type":"EntryPoint","urlTemplate":"https:\/\/www.albaniandf.org\/?s={search_term_string}"},"query-input":{"@type":"PropertyValueSpecification","valueRequired":true,"valueName":"search_term_string"}}],"inLanguage":"en-US"},{"@type":"Organization","@id":"https:\/\/www.albaniandf.org\/#organization","name":"Albanian Development Fund","url":"https:\/\/www.albaniandf.org\/","logo":{"@type":"ImageObject","inLanguage":"en-US","@id":"https:\/\/www.albaniandf.org\/#\/schema\/logo\/image\/","url":"https:\/\/www.albaniandf.org\/wp-content\/uploads\/2021\/08\/Fondi-Shqiptar-i-zhvillimit-logo.png","contentUrl":"https:\/\/www.albaniandf.org\/wp-content\/uploads\/2021\/08\/Fondi-Shqiptar-i-zhvillimit-logo.png","width":122,"height":90,"caption":"Fondi Shqiptar i Zhvillimit"},"image":{"@id":"https:\/\/www.albaniandf.org\/#\/schema\/logo\/image\/"},"sameAs":["https:\/\/www.facebook.com\/albaniandf\/","https:\/\/www.instagram.com\/fondi_shqiptar_i_zhvillimit\/","https:\/\/www.youtube.com\/user\/AlbanianDF"]}]}},"_links":{"self":[{"href":"https:\/\/www.albaniandf.org\/en\/wp-json\/wp\/v2\/pages\/2821","targetHints":{"allow":["GET"]}}],"collection":[{"href":"https:\/\/www.albaniandf.org\/en\/wp-json\/wp\/v2\/pages"}],"about":[{"href":"https:\/\/www.albaniandf.org\/en\/wp-json\/wp\/v2\/types\/page"}],"author":[{"embeddable":true,"href":"https:\/\/www.albaniandf.org\/en\/wp-json\/wp\/v2\/users\/1"}],"replies":[{"embeddable":true,"href":"https:\/\/www.albaniandf.org\/en\/wp-json\/wp\/v2\/comments?post=2821"}],"version-history":[{"count":0,"href":"https:\/\/www.albaniandf.org\/en\/wp-json\/wp\/v2\/pages\/2821\/revisions"}],"up":[{"embeddable":true,"href":"https:\/\/www.albaniandf.org\/en\/wp-json\/wp\/v2\/pages\/90"}],"wp:attachment":[{"href":"https:\/\/www.albaniandf.org\/en\/wp-json\/wp\/v2\/media?parent=2821"}],"curies":[{"name":"wp","href":"https:\/\/api.w.org\/{rel}","templated":true}]}}