{"id":2673,"date":"2018-06-28T16:45:48","date_gmt":"2018-06-28T16:45:48","guid":{"rendered":"https:\/\/www.albaniandf.org\/?page_id=2673"},"modified":"2021-10-09T23:49:15","modified_gmt":"2021-10-09T21:49:15","slug":"aplikim","status":"publish","type":"page","link":"https:\/\/www.albaniandf.org\/en\/karriera\/aplikim\/","title":{"rendered":"Application"},"content":{"rendered":"<section class=\"sh-section sh-section-5ad17f654d36abdbf8bf6f4f70e76afd fw-main-row sh-section-visibility-everywhere\">\r\n\t\r\n\t\r\n\t<div class=\"sh-section-container container\">\r\n\t\t<div class=\"fw-row\">\n\t\r\n<div class=\"sh-column sh-column-7b988e6ad54a99a05eb6743e845fe728 fw-col-xs-12\" >\r\n\r\n\t\r\n\t<div class=\"sh-column-wrapper\">\r\n\t\t\r\n<div id=\"text-block-1538707e75fd40dbc46ff67b276ff1f1\" class=\"sh-text-block\">\r\n\t<h4>Forma e aplikimit p\u00ebr kandidat\u00ebt e Programit t\u00eb Praktikave t\u00eb Pun\u00ebs:<\/h4><\/div>\r\n\t<\/div>\r\n\r\n\r\n\t\t\r\n\r\n<\/div>\r\n<\/div>\n\n\t<\/div>\r\n<\/section>\r\n\r\n<section class=\"sh-section sh-section-30b66d4961e892e96ef7ba5616c936b3 fw-main-row sh-section-visibility-everywhere\">\r\n\t\r\n\t\r\n\t<div class=\"sh-section-container container\">\r\n\t\t<div class=\"fw-row\">\n\t\r\n<div class=\"sh-column sh-column-4fa165a00bfda539fa92448a65660d37 fw-col-xs-12\" >\r\n\r\n\t\r\n\t<div class=\"sh-column-wrapper\">\r\n\t\t\r\n<div id=\"cf7-9518\" class=\"sh-cf7 sh-cf7-unyson sh-cf7-style1\">\r\n    \n<div class=\"wpcf7 no-js\" id=\"wpcf7-f9518-o1\" lang=\"en-US\" dir=\"ltr\" data-wpcf7-id=\"9518\">\n<div class=\"screen-reader-response\"><p role=\"status\" aria-live=\"polite\" aria-atomic=\"true\"><\/p> <ul><\/ul><\/div>\n<form action=\"\/en\/wp-json\/wp\/v2\/pages\/2673#wpcf7-f9518-o1\" method=\"post\" class=\"wpcf7-form init\" aria-label=\"Contact form\" enctype=\"multipart\/form-data\" novalidate=\"novalidate\" data-status=\"init\" data-trp-original-action=\"\/en\/wp-json\/wp\/v2\/pages\/2673#wpcf7-f9518-o1\">\n<fieldset class=\"hidden-fields-container\"><input type=\"hidden\" name=\"_wpcf7\" value=\"9518\" \/><input type=\"hidden\" name=\"_wpcf7_version\" value=\"6.1.5\" \/><input type=\"hidden\" name=\"_wpcf7_locale\" value=\"en_US\" \/><input type=\"hidden\" name=\"_wpcf7_unit_tag\" value=\"wpcf7-f9518-o1\" \/><input type=\"hidden\" name=\"_wpcf7_container_post\" value=\"0\" \/><input type=\"hidden\" name=\"_wpcf7_posted_data_hash\" value=\"\" \/><input type=\"hidden\" name=\"_wpcf7_recaptcha_response\" value=\"\" \/>\n<\/fieldset>\n<div class=\"sh-cf7-body\"><p><label> Emri Mbiemri\n\t\t<tip>The field is required\n\t\t<\/tip><br \/>\n<span class=\"wpcf7-form-control-wrap\" data-name=\"your-name\"><input size=\"40\" maxlength=\"400\" class=\"wpcf7-form-control wpcf7-text wpcf7-validates-as-required\" aria-required=\"true\" aria-invalid=\"false\" placeholder=\"Emri Mbiemri\" value=\"\" type=\"text\" name=\"your-name\" \/><\/span> <\/label>\n<\/p>\n<p><label> E-mail i Kanditatit\/es\n\t\t<tip>The field is required\n\t\t<\/tip><br \/>\n<span class=\"wpcf7-form-control-wrap\" data-name=\"your-email\"><input size=\"40\" maxlength=\"400\" class=\"wpcf7-form-control wpcf7-email wpcf7-validates-as-required wpcf7-text wpcf7-validates-as-email\" aria-required=\"true\" aria-invalid=\"false\" placeholder=\"name@example.com\" value=\"\" type=\"email\" name=\"your-email\" \/><\/span> <\/label>\n<\/p>\n<p><label> Pozicioni p\u00ebr t\u00eb cilin aplikoni\n\t\t<tip>The field is required\n\t\t<\/tip><br \/>\n<span class=\"wpcf7-form-control-wrap\" data-name=\"menu-995\"><select class=\"wpcf7-form-control wpcf7-select wpcf7-validates-as-required\" aria-required=\"true\" aria-invalid=\"false\" multiple=\"multiple\" name=\"menu-995[]\"><option value=\"Specialist pran\u00eb Departamentit t\u00eb Zhvillimit Rajonal\">Specialist pran\u00eb Departamentit t\u00eb Zhvillimit Rajonal<\/option><option value=\"Specialist pran\u00eb Departamentit t\u00eb Menaxhimit t\u00eb Projketeve\/Programeve\">Specialist pran\u00eb Departamentit t\u00eb Menaxhimit t\u00eb Projketeve\/Programeve<\/option><option value=\"Specialist pran\u00eb Departamentit t\u00eb Infrastruktur\u00ebs\">Specialist pran\u00eb Departamentit t\u00eb Infrastruktur\u00ebs<\/option><option value=\"Specialist pran\u00eb Departamentit t\u00eb Financ\u00ebs\">Specialist pran\u00eb Departamentit t\u00eb Financ\u00ebs<\/option><option value=\"Specialist pran\u00eb Departamentit Juridik dhe t\u00eb Prokurimit\">Specialist pran\u00eb Departamentit Juridik dhe t\u00eb Prokurimit<\/option><option value=\"Specialist pran\u00eb Nj\u00ebsis\u00eb s\u00eb Marr\u00ebdh\u00ebnieve me Grupet e Interesit\">Specialist pran\u00eb Nj\u00ebsis\u00eb s\u00eb Marr\u00ebdh\u00ebnieve me Grupet e Interesit<\/option><option value=\"Specialist pran\u00eb Departamentit t\u00eb Funksioneve Mb\u00ebshtet\u00ebse\">Specialist pran\u00eb Departamentit t\u00eb Funksioneve Mb\u00ebshtet\u00ebse<\/option><option value=\"Specialist pran\u00eb Nj\u00ebsis\u00eb Rajonale Shkod\u00ebr\">Specialist pran\u00eb Nj\u00ebsis\u00eb Rajonale Shkod\u00ebr<\/option><option value=\"Specialist pran\u00eb Nj\u00ebsis\u00eb Rajonale Tiran\u00eb\">Specialist pran\u00eb Nj\u00ebsis\u00eb Rajonale Tiran\u00eb<\/option><option value=\"Specialist pran\u00eb Nj\u00ebsis\u00eb Rajonale Kor\u00e7\u00eb\">Specialist pran\u00eb Nj\u00ebsis\u00eb Rajonale Kor\u00e7\u00eb<\/option><option value=\"Specialist pran\u00eb Nj\u00ebsis\u00eb Rajonale Vlor\u00eb\">Specialist pran\u00eb Nj\u00ebsis\u00eb Rajonale Vlor\u00eb<\/option><\/select><\/span><br \/>\n<\/label>\n<\/p>\n<p><label> Upload CV (Max 2 MB)\n\t\t<tip>The field is required; Allowed file type: pdf, docx; Maximum file size: 2 MB\n\t\t<\/tip><br \/>\n<span class=\"wpcf7-form-control-wrap\" data-name=\"file-197\"><input size=\"40\" class=\"wpcf7-form-control wpcf7-file wpcf7-validates-as-required\" accept=\".pdf,.docx\" aria-required=\"true\" aria-invalid=\"false\" type=\"file\" name=\"file-197\" \/><\/span><br \/>\n<\/label>\n<\/p>\n<p><label> Upload Video (Max 20 MB)\n\t\t<tip>The field is required; Allowed file type: mp4, mov, avi, flv, mkv, wmv; Maximum file size: 20 MB\n\t\t<\/tip><br \/>\n<span class=\"wpcf7-form-control-wrap\" data-name=\"file-731\"><input size=\"40\" class=\"wpcf7-form-control wpcf7-file wpcf7-validates-as-required\" accept=\".mp4,.mov,.avi,.flv,.mkv,.wmv\" aria-required=\"true\" aria-invalid=\"false\" type=\"file\" name=\"file-731\" \/><\/span> <\/label>\n<\/p>\n<p><label> Mesazh<br \/>\n<span class=\"wpcf7-form-control-wrap\" data-name=\"your-message\"><textarea cols=\"40\" rows=\"10\" maxlength=\"2000\" class=\"wpcf7-form-control wpcf7-textarea\" aria-invalid=\"false\" name=\"your-message\"><\/textarea><\/span><br \/>\n<\/label>\n<\/p>\n<span class=\"wpcf7-form-control-wrap recaptcha\" data-name=\"recaptcha\"><span data-sitekey=\"6Lc_CJQUAAAAALh86BzOJzZtKoTQsadmFOSJAH93\" class=\"wpcf7-form-control wpcf7-recaptcha g-recaptcha\"><\/span>\r\n<noscript>\r\n\t<div class=\"grecaptcha-noscript\">\r\n\t\t<iframe loading=\"lazy\" src=\"https:\/\/www.google.com\/recaptcha\/api\/fallback?k=6Lc_CJQUAAAAALh86BzOJzZtKoTQsadmFOSJAH93\" frameborder=\"0\" scrolling=\"no\" width=\"310\" height=\"430\">\r\n\t\t<\/iframe>\r\n\t\t<textarea name=\"g-recaptcha-response\" rows=\"3\" cols=\"40\" placeholder=\"reCaptcha Response Here\">\r\n\t\t<\/textarea>\r\n\t<\/div>\r\n<\/noscript>\r\n<\/span>\n<p><input class=\"wpcf7-form-control wpcf7-submit has-spinner\" type=\"submit\" value=\"DERGO\" \/>\n<\/p><\/div><p style=\"display: none !important;\" class=\"akismet-fields-container\" data-prefix=\"_wpcf7_ak_\"><label>&#916;<textarea name=\"_wpcf7_ak_hp_textarea\" cols=\"45\" rows=\"8\" maxlength=\"100\"><\/textarea><\/label><input type=\"hidden\" id=\"ak_js_1\" name=\"_wpcf7_ak_js\" value=\"219\"\/><script>document.getElementById( \"ak_js_1\" ).setAttribute( \"value\", ( new Date() ).getTime() );<\/script><\/p><div class=\"wpcf7-response-output\" aria-hidden=\"true\"><\/div>\n<input type=\"hidden\" name=\"trp-form-language\" value=\"en\"\/><\/form>\n<\/div>\n<\/div>\r\n\t<\/div>\r\n\r\n\r\n\t\t\r\n\r\n<\/div>\r\n<\/div>\n\n\t<\/div>\r\n<\/section>","protected":false},"excerpt":{"rendered":"<p>Forma e aplikimit p\u00ebr kandidat\u00ebt e Programit t\u00eb Praktikave t\u00eb Pun\u00ebs: Emri Mbiemri The field is required E-mail i Kanditatit\/es The field is required Pozicioni p\u00ebr t\u00eb cilin aplikoni The&#8230;<\/p>","protected":false},"author":1,"featured_media":0,"parent":1838,"menu_order":0,"comment_status":"closed","ping_status":"closed","template":"","meta":{"nf_dc_page":"","footnotes":""},"class_list":["post-2673","page","type-page","status-publish","hentry"],"yoast_head":"<!-- This site is optimized with the Yoast SEO plugin v27.4 - https:\/\/yoast.com\/product\/yoast-seo-wordpress\/ -->\n<title>aplikim<\/title>\n<meta name=\"robots\" content=\"index, follow, max-snippet:-1, max-image-preview:large, max-video-preview:-1\" \/>\n<link rel=\"canonical\" href=\"https:\/\/www.albaniandf.org\/en\/karriera\/aplikim\/\" \/>\n<meta property=\"og:locale\" content=\"en_US\" \/>\n<meta property=\"og:type\" content=\"article\" \/>\n<meta property=\"og:title\" content=\"aplikim\" \/>\n<meta property=\"og:description\" content=\"Forma e aplikimit p\u00ebr kandidat\u00ebt e Programit t\u00eb Praktikave t\u00eb Pun\u00ebs: Emri Mbiemri The field is required E-mail i Kanditatit\/es The field is required Pozicioni p\u00ebr t\u00eb cilin aplikoni The...\" \/>\n<meta property=\"og:url\" content=\"https:\/\/www.albaniandf.org\/en\/karriera\/aplikim\/\" \/>\n<meta property=\"og:site_name\" content=\"Fondi Shqiptar i Zhvillimit\" \/>\n<meta property=\"article:publisher\" content=\"https:\/\/www.facebook.com\/albaniandf\/\" \/>\n<meta property=\"article:modified_time\" content=\"2021-10-09T21:49:15+00:00\" \/>\n<meta property=\"og:image\" content=\"https:\/\/i0.wp.com\/www.albaniandf.org\/wp-content\/uploads\/2021\/09\/Fondi-Shqiptar-i-zhvillimit-logo-original.png?fit=623%2C452&ssl=1\" \/>\n\t<meta property=\"og:image:width\" content=\"623\" \/>\n\t<meta property=\"og:image:height\" content=\"452\" \/>\n\t<meta property=\"og:image:type\" content=\"image\/png\" \/>\n<meta name=\"twitter:card\" content=\"summary_large_image\" \/>\n<meta name=\"twitter:label1\" content=\"Est. reading time\" \/>\n\t<meta name=\"twitter:data1\" content=\"1 minute\" \/>\n<script type=\"application\/ld+json\" class=\"yoast-schema-graph\">{\"@context\":\"https:\\\/\\\/schema.org\",\"@graph\":[{\"@type\":\"WebPage\",\"@id\":\"https:\\\/\\\/www.albaniandf.org\\\/en\\\/karriera\\\/aplikim\\\/\",\"url\":\"https:\\\/\\\/www.albaniandf.org\\\/en\\\/karriera\\\/aplikim\\\/\",\"name\":\"aplikim\",\"isPartOf\":{\"@id\":\"https:\\\/\\\/www.albaniandf.org\\\/#website\"},\"datePublished\":\"2018-06-28T16:45:48+00:00\",\"dateModified\":\"2021-10-09T21:49:15+00:00\",\"breadcrumb\":{\"@id\":\"https:\\\/\\\/www.albaniandf.org\\\/en\\\/karriera\\\/aplikim\\\/#breadcrumb\"},\"inLanguage\":\"en-US\",\"potentialAction\":[{\"@type\":\"ReadAction\",\"target\":[\"https:\\\/\\\/www.albaniandf.org\\\/en\\\/karriera\\\/aplikim\\\/\"]}]},{\"@type\":\"BreadcrumbList\",\"@id\":\"https:\\\/\\\/www.albaniandf.org\\\/en\\\/karriera\\\/aplikim\\\/#breadcrumb\",\"itemListElement\":[{\"@type\":\"ListItem\",\"position\":1,\"name\":\"Home\",\"item\":\"https:\\\/\\\/www.albaniandf.org\\\/\"},{\"@type\":\"ListItem\",\"position\":2,\"name\":\"Karriera\",\"item\":\"https:\\\/\\\/www.albaniandf.org\\\/karriera\\\/\"},{\"@type\":\"ListItem\",\"position\":3,\"name\":\"Aplikim\"}]},{\"@type\":\"WebSite\",\"@id\":\"https:\\\/\\\/www.albaniandf.org\\\/#website\",\"url\":\"https:\\\/\\\/www.albaniandf.org\\\/\",\"name\":\"Fondi Shqiptar i Zhvillimit\",\"description\":\"\",\"publisher\":{\"@id\":\"https:\\\/\\\/www.albaniandf.org\\\/#organization\"},\"potentialAction\":[{\"@type\":\"SearchAction\",\"target\":{\"@type\":\"EntryPoint\",\"urlTemplate\":\"https:\\\/\\\/www.albaniandf.org\\\/?s={search_term_string}\"},\"query-input\":{\"@type\":\"PropertyValueSpecification\",\"valueRequired\":true,\"valueName\":\"search_term_string\"}}],\"inLanguage\":\"en-US\"},{\"@type\":\"Organization\",\"@id\":\"https:\\\/\\\/www.albaniandf.org\\\/#organization\",\"name\":\"Fondi Shqiptar i Zhvillimit\",\"url\":\"https:\\\/\\\/www.albaniandf.org\\\/\",\"logo\":{\"@type\":\"ImageObject\",\"inLanguage\":\"en-US\",\"@id\":\"https:\\\/\\\/www.albaniandf.org\\\/#\\\/schema\\\/logo\\\/image\\\/\",\"url\":\"https:\\\/\\\/www.albaniandf.org\\\/wp-content\\\/uploads\\\/2021\\\/08\\\/Fondi-Shqiptar-i-zhvillimit-logo.png\",\"contentUrl\":\"https:\\\/\\\/www.albaniandf.org\\\/wp-content\\\/uploads\\\/2021\\\/08\\\/Fondi-Shqiptar-i-zhvillimit-logo.png\",\"width\":122,\"height\":90,\"caption\":\"Fondi Shqiptar i Zhvillimit\"},\"image\":{\"@id\":\"https:\\\/\\\/www.albaniandf.org\\\/#\\\/schema\\\/logo\\\/image\\\/\"},\"sameAs\":[\"https:\\\/\\\/www.facebook.com\\\/albaniandf\\\/\",\"https:\\\/\\\/www.instagram.com\\\/fondi_shqiptar_i_zhvillimit\\\/\",\"https:\\\/\\\/www.youtube.com\\\/user\\\/AlbanianDF\"]}]}<\/script>\n<!-- \/ Yoast SEO plugin. -->","yoast_head_json":{"title":"aplikim","robots":{"index":"index","follow":"follow","max-snippet":"max-snippet:-1","max-image-preview":"max-image-preview:large","max-video-preview":"max-video-preview:-1"},"canonical":"https:\/\/www.albaniandf.org\/en\/karriera\/aplikim\/","og_locale":"en_US","og_type":"article","og_title":"aplikim","og_description":"Forma e aplikimit p\u00ebr kandidat\u00ebt e Programit t\u00eb Praktikave t\u00eb Pun\u00ebs: Emri Mbiemri The field is required E-mail i Kanditatit\/es The field is required Pozicioni p\u00ebr t\u00eb cilin aplikoni The...","og_url":"https:\/\/www.albaniandf.org\/en\/karriera\/aplikim\/","og_site_name":"Fondi Shqiptar i Zhvillimit","article_publisher":"https:\/\/www.facebook.com\/albaniandf\/","article_modified_time":"2021-10-09T21:49:15+00:00","og_image":[{"width":623,"height":452,"url":"https:\/\/i0.wp.com\/www.albaniandf.org\/wp-content\/uploads\/2021\/09\/Fondi-Shqiptar-i-zhvillimit-logo-original.png?fit=623%2C452&ssl=1","type":"image\/png"}],"twitter_card":"summary_large_image","twitter_misc":{"Est. reading time":"1 minute"},"schema":{"@context":"https:\/\/schema.org","@graph":[{"@type":"WebPage","@id":"https:\/\/www.albaniandf.org\/en\/karriera\/aplikim\/","url":"https:\/\/www.albaniandf.org\/en\/karriera\/aplikim\/","name":"aplikim","isPartOf":{"@id":"https:\/\/www.albaniandf.org\/#website"},"datePublished":"2018-06-28T16:45:48+00:00","dateModified":"2021-10-09T21:49:15+00:00","breadcrumb":{"@id":"https:\/\/www.albaniandf.org\/en\/karriera\/aplikim\/#breadcrumb"},"inLanguage":"en-US","potentialAction":[{"@type":"ReadAction","target":["https:\/\/www.albaniandf.org\/en\/karriera\/aplikim\/"]}]},{"@type":"BreadcrumbList","@id":"https:\/\/www.albaniandf.org\/en\/karriera\/aplikim\/#breadcrumb","itemListElement":[{"@type":"ListItem","position":1,"name":"Home","item":"https:\/\/www.albaniandf.org\/"},{"@type":"ListItem","position":2,"name":"Karriera","item":"https:\/\/www.albaniandf.org\/karriera\/"},{"@type":"ListItem","position":3,"name":"Aplikim"}]},{"@type":"WebSite","@id":"https:\/\/www.albaniandf.org\/#website","url":"https:\/\/www.albaniandf.org\/","name":"Albanian Development Fund","description":"","publisher":{"@id":"https:\/\/www.albaniandf.org\/#organization"},"potentialAction":[{"@type":"SearchAction","target":{"@type":"EntryPoint","urlTemplate":"https:\/\/www.albaniandf.org\/?s={search_term_string}"},"query-input":{"@type":"PropertyValueSpecification","valueRequired":true,"valueName":"search_term_string"}}],"inLanguage":"en-US"},{"@type":"Organization","@id":"https:\/\/www.albaniandf.org\/#organization","name":"Albanian Development Fund","url":"https:\/\/www.albaniandf.org\/","logo":{"@type":"ImageObject","inLanguage":"en-US","@id":"https:\/\/www.albaniandf.org\/#\/schema\/logo\/image\/","url":"https:\/\/www.albaniandf.org\/wp-content\/uploads\/2021\/08\/Fondi-Shqiptar-i-zhvillimit-logo.png","contentUrl":"https:\/\/www.albaniandf.org\/wp-content\/uploads\/2021\/08\/Fondi-Shqiptar-i-zhvillimit-logo.png","width":122,"height":90,"caption":"Fondi Shqiptar i Zhvillimit"},"image":{"@id":"https:\/\/www.albaniandf.org\/#\/schema\/logo\/image\/"},"sameAs":["https:\/\/www.facebook.com\/albaniandf\/","https:\/\/www.instagram.com\/fondi_shqiptar_i_zhvillimit\/","https:\/\/www.youtube.com\/user\/AlbanianDF"]}]}},"_links":{"self":[{"href":"https:\/\/www.albaniandf.org\/en\/wp-json\/wp\/v2\/pages\/2673","targetHints":{"allow":["GET"]}}],"collection":[{"href":"https:\/\/www.albaniandf.org\/en\/wp-json\/wp\/v2\/pages"}],"about":[{"href":"https:\/\/www.albaniandf.org\/en\/wp-json\/wp\/v2\/types\/page"}],"author":[{"embeddable":true,"href":"https:\/\/www.albaniandf.org\/en\/wp-json\/wp\/v2\/users\/1"}],"replies":[{"embeddable":true,"href":"https:\/\/www.albaniandf.org\/en\/wp-json\/wp\/v2\/comments?post=2673"}],"version-history":[{"count":12,"href":"https:\/\/www.albaniandf.org\/en\/wp-json\/wp\/v2\/pages\/2673\/revisions"}],"predecessor-version":[{"id":10161,"href":"https:\/\/www.albaniandf.org\/en\/wp-json\/wp\/v2\/pages\/2673\/revisions\/10161"}],"up":[{"embeddable":true,"href":"https:\/\/www.albaniandf.org\/en\/wp-json\/wp\/v2\/pages\/1838"}],"wp:attachment":[{"href":"https:\/\/www.albaniandf.org\/en\/wp-json\/wp\/v2\/media?parent=2673"}],"curies":[{"name":"wp","href":"https:\/\/api.w.org\/{rel}","templated":true}]}}