{"id":1522,"date":"2018-05-07T23:56:04","date_gmt":"2018-05-07T23:56:04","guid":{"rendered":"https:\/\/www.albaniandf.org\/?page_id=1522"},"modified":"2020-06-03T11:26:31","modified_gmt":"2020-06-03T09:26:31","slug":"struktura_organizative","status":"publish","type":"page","link":"https:\/\/www.albaniandf.org\/en\/struktura_organizative\/","title":{"rendered":"Organizational Structure"},"content":{"rendered":"<h4 class=\"style1\"><span style=\"color: #f15c22;\">Organizational Structure<\/span><\/h4>\n<p><strong>Governing bodies are:<\/strong><\/p>\n<p>a. Steering Committee (SC)<br \/>\nb. Executive Director (ED)<\/p>\n<p>The advisory board  of ADF is the Technical Administrative Council (TAC)<\/p>\n<p><strong>Steering Committee (SC)<\/strong><\/p>\n<p>SC is the highest decision-making body of the ADF and consists of 11 members.<\/p>\n<p><strong>Executive Director (ED)<\/strong><\/p>\n<p>The Executive Director is the highest executive authority of ADF. The ED is nominated by a two-thirds majority vote of the Steering Committee members and he is accountable to the SC. The ED is assisted by:<\/p>\n<p>a. Department of Monitoring and Auditing;<\/p>\n<p>b. Executive Secretary.<\/p>\n<p><strong>Technical Administrative Council (TAC):\u00a0 <\/strong><\/p>\n<p>The Technical Administrative Council is an advisory board created by the decision of  ED and consists of ED and  heads of ADF's units and departments.<\/p>\n<hr \/>\n<p><strong>Matrix structure<\/strong><\/p>\n<p>ADF is organized in a\u00a0<strong>three-dimensional, matrix format.<\/strong>This division guarantees a proper attention to project \/ program management and at the same time maintain the quality in all implementation stages.\u00a0<em>The first structure dimension consists of Functional Units (FUs)<\/em>whose functions comprise the respective stages of the Projects \/ Programs. <em>The second structure dimension consists of the Project \/ Program Management Units (PMUs),<\/em>which are responsible for managing ADF Projects \/ Programs. The third structure dimension consists of the Regional Units which are responsible for the representation, coordination and supervision of the programming activities and implementation of ADF projects \/ programs in the respective areas of regional development.<\/p>\n<p><strong>ADF Departments <\/strong>:<\/p>\n<p><strong>Department of Monitoring and Auditing  (DMA):<\/strong><\/p>\n<p>The Department of Monitoring and Auditing (DMA) assists the Executive Director in daily activities and represents the organization in relation to third parties, including central institutions, local authorities, contractors, partners and various stakeholders. The Department of Monitoring and Auditing (DMA) is headed by the Director of the Department and includes within its structure three units managed by the heads of the units.<\/p>\n<p>a. Internal Audit Unit;<\/p>\n<p>b. Organization Monitoring Unit;<\/p>\n<p>c. Interest Group Relations Unit.<\/p>\n<hr \/>\n<p><strong>Department of Regional Development (DRD):<\/strong><\/p>\n<p>The DRD is headed by the Director of the Department (DDRD) and its mission is to guide ADF towards an innovative and efficient regional development system.The DRD includes the following Functional Units:<\/p>\n<p>A. Programming Unit (PU)<\/p>\n<p>b. Project Design and Donor Relations Coordination Unit (PDDRC)<\/p>\n<p>c. Cooperation Projects Management Unit<\/p>\n<hr \/>\n<p><strong>Department of Infrastructure (DI):<\/strong><\/p>\n<p>The DI is headed by the Director of the Department (DDI) and includes the following Functional Units:<\/p>\n<p>a. Technical Unit<\/p>\n<p>b. Technical Support Unit<\/p>\n<p>c. Environmental and Social Units<\/p>\n<p>d. Unit for expropriation, permits and delivery of facilities<\/p>\n<hr \/>\n<p><strong>Department of Finance (DF)<\/strong><\/p>\n<p>DF is headed by the Director of the Department (DDF). DF manages the ADF's finances, in accordance with the ADF law, the Procedure Manual, the procedures approved by the SC and the criteria set out in the financing agreements. DF performs its functions divided into the following units:<\/p>\n<p>a. Accounting Unit<\/p>\n<p>c. Finance Unit<\/p>\n<hr \/>\n<p><strong>Legal and Procurement Department (LPD)<\/strong><\/p>\n<p>Legal and Procurement Department is responsible for providing legal assistance for ADF\u2019s activity, following the procurement phases, goods, consultancy; conclude contracts and make their amendments or changes, as required by their management units; administration and archiving of procurement \/ contracting procedures files. The LPD is directed by the Director of the Department (DLPD) and performs its functions through the following Functional Units:<\/p>\n<p>a. Legal Unit<br \/>\nb. Procurement Unit<\/p>\n<hr \/>\n<p><strong>Department of Support Services (DSS)<\/strong><\/p>\n<p>DSS is responsible for the development of human resources in accordance with the Manual of Procedures and the Labor Code, the development of IT systems for the ADF, and the implementation of logistical support for the ADF. DSS is managed by the Director of the Department (DDSS) and performs its functions through the following Functional Units:<\/p>\n<p>a. Human Resources Unit;<\/p>\n<p>b. Information Technology Unit;<\/p>\n<p>c. Administration Unit;<\/p>\n<hr \/>\n<p><strong>Projects\/Programs Management Department (PMD)<\/strong><\/p>\n<p>The Projects \/ Programs Management Department is headed by the Director of PMD and represents a functional unit. PMD consists of Project Management Units, which  are not functional units but are created depending on the projects for which the ADF is defined as the implementing agency.<\/p>\n<hr \/>\n<p><strong>Regional Units<\/strong> <strong>(RU):<\/strong><\/p>\n<p>Regional Units are responsible for the representation, coordination and supervision of the programming and implementation activities of ADF projects \/ programs in the respective areas of regional development.<\/p>\n<p>A. RU 1 \u2013 Shkodra;<\/p>\n<p>b. RU 2 \u2013 Tirana;<\/p>\n<p>c. RU 3 \u2013   Korca;<\/p>\n<p>d. RU 4 \u2013 Vlora.<\/p>","protected":false},"excerpt":{"rendered":"<p>STRUKTURA ORGANIZATIVE Organet drejtuese t\u00eb FSHZH-s\u00eb jan\u00eb: a. K\u00ebshilli Drejtues (KD) b. Drejtori Ekzekutiv (DE) Organi k\u00ebshillimor i FSHZH-se \u00ebsht\u00eb K\u00ebshilli Tekniko Administrativ (KTA). K\u00ebshilli Drejtues (KD) KD \u00ebsht\u00eb organi&#8230;<\/p>","protected":false},"author":1,"featured_media":0,"parent":0,"menu_order":0,"comment_status":"closed","ping_status":"closed","template":"","meta":{"nf_dc_page":"","footnotes":""},"class_list":["post-1522","page","type-page","status-publish","hentry"],"yoast_head":"<!-- This site is optimized with the Yoast SEO plugin v27.4 - https:\/\/yoast.com\/product\/yoast-seo-wordpress\/ -->\n<title>Struktura Organizative - Fondi Shqiptar i Zhvillimit<\/title>\n<meta name=\"description\" content=\"Drejtori Ekzekutiv \u00ebsht\u00eb autoriteti m\u00eb i lart\u00eb ekzekutiv i FSHZH. DE em\u00ebrohet me nj\u00eb shumic\u00eb prej 2\/3 t\u00eb numrit t\u00eb p\u00ebrgjithsh\u00ebm t\u00eb an\u00ebtar\u00ebve t\u00eb K\u00ebshillit Drejtues\" \/>\n<meta name=\"robots\" content=\"index, follow, max-snippet:-1, max-image-preview:large, max-video-preview:-1\" \/>\n<link rel=\"canonical\" href=\"https:\/\/www.albaniandf.org\/en\/struktura_organizative\/\" \/>\n<meta property=\"og:locale\" content=\"en_US\" \/>\n<meta property=\"og:type\" content=\"article\" \/>\n<meta property=\"og:title\" content=\"Struktura Organizative - Fondi Shqiptar i Zhvillimit\" \/>\n<meta property=\"og:description\" content=\"Drejtori Ekzekutiv \u00ebsht\u00eb autoriteti m\u00eb i lart\u00eb ekzekutiv i FSHZH. DE em\u00ebrohet me nj\u00eb shumic\u00eb prej 2\/3 t\u00eb numrit t\u00eb p\u00ebrgjithsh\u00ebm t\u00eb an\u00ebtar\u00ebve t\u00eb K\u00ebshillit Drejtues\" \/>\n<meta property=\"og:url\" content=\"https:\/\/www.albaniandf.org\/en\/struktura_organizative\/\" \/>\n<meta property=\"og:site_name\" content=\"Fondi Shqiptar i Zhvillimit\" \/>\n<meta property=\"article:publisher\" content=\"https:\/\/www.facebook.com\/albaniandf\/\" \/>\n<meta property=\"article:modified_time\" content=\"2020-06-03T09:26:31+00:00\" \/>\n<meta property=\"og:image\" content=\"https:\/\/i0.wp.com\/www.albaniandf.org\/wp-content\/uploads\/2021\/09\/Fondi-Shqiptar-i-zhvillimit-logo-original.png?fit=623%2C452&ssl=1\" \/>\n\t<meta property=\"og:image:width\" content=\"623\" \/>\n\t<meta property=\"og:image:height\" content=\"452\" \/>\n\t<meta property=\"og:image:type\" content=\"image\/png\" \/>\n<meta name=\"twitter:card\" content=\"summary_large_image\" \/>\n<meta name=\"twitter:label1\" content=\"Est. reading time\" \/>\n\t<meta name=\"twitter:data1\" content=\"5 minutes\" \/>\n<script type=\"application\/ld+json\" class=\"yoast-schema-graph\">{\"@context\":\"https:\\\/\\\/schema.org\",\"@graph\":[{\"@type\":\"WebPage\",\"@id\":\"https:\\\/\\\/www.albaniandf.org\\\/struktura_organizative\\\/\",\"url\":\"https:\\\/\\\/www.albaniandf.org\\\/struktura_organizative\\\/\",\"name\":\"Struktura Organizative - Fondi Shqiptar i Zhvillimit\",\"isPartOf\":{\"@id\":\"https:\\\/\\\/www.albaniandf.org\\\/#website\"},\"datePublished\":\"2018-05-07T23:56:04+00:00\",\"dateModified\":\"2020-06-03T09:26:31+00:00\",\"description\":\"Drejtori Ekzekutiv \u00ebsht\u00eb autoriteti m\u00eb i lart\u00eb ekzekutiv i FSHZH. DE em\u00ebrohet me nj\u00eb shumic\u00eb prej 2\\\/3 t\u00eb numrit t\u00eb p\u00ebrgjithsh\u00ebm t\u00eb an\u00ebtar\u00ebve t\u00eb K\u00ebshillit Drejtues\",\"breadcrumb\":{\"@id\":\"https:\\\/\\\/www.albaniandf.org\\\/struktura_organizative\\\/#breadcrumb\"},\"inLanguage\":\"en-US\",\"potentialAction\":[{\"@type\":\"ReadAction\",\"target\":[\"https:\\\/\\\/www.albaniandf.org\\\/struktura_organizative\\\/\"]}]},{\"@type\":\"BreadcrumbList\",\"@id\":\"https:\\\/\\\/www.albaniandf.org\\\/struktura_organizative\\\/#breadcrumb\",\"itemListElement\":[{\"@type\":\"ListItem\",\"position\":1,\"name\":\"Home\",\"item\":\"https:\\\/\\\/www.albaniandf.org\\\/\"},{\"@type\":\"ListItem\",\"position\":2,\"name\":\"Struktura Organizative\"}]},{\"@type\":\"WebSite\",\"@id\":\"https:\\\/\\\/www.albaniandf.org\\\/#website\",\"url\":\"https:\\\/\\\/www.albaniandf.org\\\/\",\"name\":\"Fondi Shqiptar i Zhvillimit\",\"description\":\"\",\"publisher\":{\"@id\":\"https:\\\/\\\/www.albaniandf.org\\\/#organization\"},\"potentialAction\":[{\"@type\":\"SearchAction\",\"target\":{\"@type\":\"EntryPoint\",\"urlTemplate\":\"https:\\\/\\\/www.albaniandf.org\\\/?s={search_term_string}\"},\"query-input\":{\"@type\":\"PropertyValueSpecification\",\"valueRequired\":true,\"valueName\":\"search_term_string\"}}],\"inLanguage\":\"en-US\"},{\"@type\":\"Organization\",\"@id\":\"https:\\\/\\\/www.albaniandf.org\\\/#organization\",\"name\":\"Fondi Shqiptar i Zhvillimit\",\"url\":\"https:\\\/\\\/www.albaniandf.org\\\/\",\"logo\":{\"@type\":\"ImageObject\",\"inLanguage\":\"en-US\",\"@id\":\"https:\\\/\\\/www.albaniandf.org\\\/#\\\/schema\\\/logo\\\/image\\\/\",\"url\":\"https:\\\/\\\/www.albaniandf.org\\\/wp-content\\\/uploads\\\/2021\\\/08\\\/Fondi-Shqiptar-i-zhvillimit-logo.png\",\"contentUrl\":\"https:\\\/\\\/www.albaniandf.org\\\/wp-content\\\/uploads\\\/2021\\\/08\\\/Fondi-Shqiptar-i-zhvillimit-logo.png\",\"width\":122,\"height\":90,\"caption\":\"Fondi Shqiptar i Zhvillimit\"},\"image\":{\"@id\":\"https:\\\/\\\/www.albaniandf.org\\\/#\\\/schema\\\/logo\\\/image\\\/\"},\"sameAs\":[\"https:\\\/\\\/www.facebook.com\\\/albaniandf\\\/\",\"https:\\\/\\\/www.instagram.com\\\/fondi_shqiptar_i_zhvillimit\\\/\",\"https:\\\/\\\/www.youtube.com\\\/user\\\/AlbanianDF\"]}]}<\/script>\n<!-- \/ Yoast SEO plugin. -->","yoast_head_json":{"title":"Struktura Organizative - Fondi Shqiptar i Zhvillimit","description":"Drejtori Ekzekutiv \u00ebsht\u00eb autoriteti m\u00eb i lart\u00eb ekzekutiv i FSHZH. DE em\u00ebrohet me nj\u00eb shumic\u00eb prej 2\/3 t\u00eb numrit t\u00eb p\u00ebrgjithsh\u00ebm t\u00eb an\u00ebtar\u00ebve t\u00eb K\u00ebshillit Drejtues","robots":{"index":"index","follow":"follow","max-snippet":"max-snippet:-1","max-image-preview":"max-image-preview:large","max-video-preview":"max-video-preview:-1"},"canonical":"https:\/\/www.albaniandf.org\/en\/struktura_organizative\/","og_locale":"en_US","og_type":"article","og_title":"Struktura Organizative - Fondi Shqiptar i Zhvillimit","og_description":"Drejtori Ekzekutiv \u00ebsht\u00eb autoriteti m\u00eb i lart\u00eb ekzekutiv i FSHZH. DE em\u00ebrohet me nj\u00eb shumic\u00eb prej 2\/3 t\u00eb numrit t\u00eb p\u00ebrgjithsh\u00ebm t\u00eb an\u00ebtar\u00ebve t\u00eb K\u00ebshillit Drejtues","og_url":"https:\/\/www.albaniandf.org\/en\/struktura_organizative\/","og_site_name":"Fondi Shqiptar i Zhvillimit","article_publisher":"https:\/\/www.facebook.com\/albaniandf\/","article_modified_time":"2020-06-03T09:26:31+00:00","og_image":[{"width":623,"height":452,"url":"https:\/\/i0.wp.com\/www.albaniandf.org\/wp-content\/uploads\/2021\/09\/Fondi-Shqiptar-i-zhvillimit-logo-original.png?fit=623%2C452&ssl=1","type":"image\/png"}],"twitter_card":"summary_large_image","twitter_misc":{"Est. reading time":"5 minutes"},"schema":{"@context":"https:\/\/schema.org","@graph":[{"@type":"WebPage","@id":"https:\/\/www.albaniandf.org\/struktura_organizative\/","url":"https:\/\/www.albaniandf.org\/struktura_organizative\/","name":"Struktura Organizative - Fondi Shqiptar i Zhvillimit","isPartOf":{"@id":"https:\/\/www.albaniandf.org\/#website"},"datePublished":"2018-05-07T23:56:04+00:00","dateModified":"2020-06-03T09:26:31+00:00","description":"Drejtori Ekzekutiv \u00ebsht\u00eb autoriteti m\u00eb i lart\u00eb ekzekutiv i FSHZH. DE em\u00ebrohet me nj\u00eb shumic\u00eb prej 2\/3 t\u00eb numrit t\u00eb p\u00ebrgjithsh\u00ebm t\u00eb an\u00ebtar\u00ebve t\u00eb K\u00ebshillit Drejtues","breadcrumb":{"@id":"https:\/\/www.albaniandf.org\/struktura_organizative\/#breadcrumb"},"inLanguage":"en-US","potentialAction":[{"@type":"ReadAction","target":["https:\/\/www.albaniandf.org\/struktura_organizative\/"]}]},{"@type":"BreadcrumbList","@id":"https:\/\/www.albaniandf.org\/struktura_organizative\/#breadcrumb","itemListElement":[{"@type":"ListItem","position":1,"name":"Home","item":"https:\/\/www.albaniandf.org\/"},{"@type":"ListItem","position":2,"name":"Struktura Organizative"}]},{"@type":"WebSite","@id":"https:\/\/www.albaniandf.org\/#website","url":"https:\/\/www.albaniandf.org\/","name":"Albanian Development Fund","description":"","publisher":{"@id":"https:\/\/www.albaniandf.org\/#organization"},"potentialAction":[{"@type":"SearchAction","target":{"@type":"EntryPoint","urlTemplate":"https:\/\/www.albaniandf.org\/?s={search_term_string}"},"query-input":{"@type":"PropertyValueSpecification","valueRequired":true,"valueName":"search_term_string"}}],"inLanguage":"en-US"},{"@type":"Organization","@id":"https:\/\/www.albaniandf.org\/#organization","name":"Albanian Development Fund","url":"https:\/\/www.albaniandf.org\/","logo":{"@type":"ImageObject","inLanguage":"en-US","@id":"https:\/\/www.albaniandf.org\/#\/schema\/logo\/image\/","url":"https:\/\/www.albaniandf.org\/wp-content\/uploads\/2021\/08\/Fondi-Shqiptar-i-zhvillimit-logo.png","contentUrl":"https:\/\/www.albaniandf.org\/wp-content\/uploads\/2021\/08\/Fondi-Shqiptar-i-zhvillimit-logo.png","width":122,"height":90,"caption":"Fondi Shqiptar i Zhvillimit"},"image":{"@id":"https:\/\/www.albaniandf.org\/#\/schema\/logo\/image\/"},"sameAs":["https:\/\/www.facebook.com\/albaniandf\/","https:\/\/www.instagram.com\/fondi_shqiptar_i_zhvillimit\/","https:\/\/www.youtube.com\/user\/AlbanianDF"]}]}},"_links":{"self":[{"href":"https:\/\/www.albaniandf.org\/en\/wp-json\/wp\/v2\/pages\/1522","targetHints":{"allow":["GET"]}}],"collection":[{"href":"https:\/\/www.albaniandf.org\/en\/wp-json\/wp\/v2\/pages"}],"about":[{"href":"https:\/\/www.albaniandf.org\/en\/wp-json\/wp\/v2\/types\/page"}],"author":[{"embeddable":true,"href":"https:\/\/www.albaniandf.org\/en\/wp-json\/wp\/v2\/users\/1"}],"replies":[{"embeddable":true,"href":"https:\/\/www.albaniandf.org\/en\/wp-json\/wp\/v2\/comments?post=1522"}],"version-history":[{"count":3,"href":"https:\/\/www.albaniandf.org\/en\/wp-json\/wp\/v2\/pages\/1522\/revisions"}],"predecessor-version":[{"id":8081,"href":"https:\/\/www.albaniandf.org\/en\/wp-json\/wp\/v2\/pages\/1522\/revisions\/8081"}],"wp:attachment":[{"href":"https:\/\/www.albaniandf.org\/en\/wp-json\/wp\/v2\/media?parent=1522"}],"curies":[{"name":"wp","href":"https:\/\/api.w.org\/{rel}","templated":true}]}}