{"id":1510,"date":"2018-05-07T23:20:44","date_gmt":"2018-05-07T23:20:44","guid":{"rendered":"https:\/\/www.albaniandf.org\/?page_id=1510"},"modified":"2025-12-16T10:58:37","modified_gmt":"2025-12-16T09:58:37","slug":"profili","status":"publish","type":"page","link":"https:\/\/www.albaniandf.org\/en\/profili\/","title":{"rendered":"Profile"},"content":{"rendered":"<section class=\"sh-section sh-section-89ca96409423f6a0850e438e185a96c2 fw-main-row sh-section-visibility-everywhere\">\r\n\t\r\n\t\r\n\t<div class=\"sh-section-container container\">\r\n\t\t<div class=\"fw-row\">\n\t\r\n<div class=\"sh-column sh-column-785d074fc692f2e18e31c68c205129e4 fw-col-xs-12 fw-col-sm-6\" >\r\n\r\n\t\r\n\t<div class=\"sh-column-wrapper\">\r\n\t\t\r\n<div id=\"single-image-3f4129e70cacaa13e73ec2dff9fdaaa3\" class=\"sh-single-image\">\r\n\t<div class=\"sh-element-margin\">\r\n\r\n\t\t\t\t\t<div class=\"sh-image-lazy-loading\" style=\"max-width: 680px;\">\r\n\t\t\r\n\t\t\t<div class=\"sh-single-image-container sh-single-image-container-lazy\">\r\n\t\t\t\t\r\n\t\t\t\t\t\t\t\t\t\t\t\t\t\t\t<a href=\"\/\/www.albaniandf.org\/wp-content\/uploads\/2019\/09\/fshzh-1.jpg\" rel=\"lightbox\">\r\n\t\t\t\t\t\r\n\t\t\t\t\t\t\t\t\t\t\t\t\t\t\t\t\t\t\t\t\t<div class=\"ratio-container\" style=\"padding-top: 100%;\">\r\n\t\t\t\t\t\t\t\t\t<div class=\"ratio-content\">\r\n\t\t\t\t\t\t\t\t\t\t<img class=\"sh-image-url lazy\" data-src=\"https:\/\/i0.wp.com\/www.albaniandf.org\/wp-content\/uploads\/2019\/09\/fshzh-1.jpg?fit=680%2C680&#038;ssl=1\" alt=\"fshzh-1\" \/>\r\n\t\t\t\t\t\t\t\t\t<\/div>\r\n\t\t\t\t\t\t\t\t<\/div>\r\n\t\t\t\t\t\t\t\r\n\t\t\t\t\t\t\t\t\t\t\t\t\t\r\n\t\t\t\t\t\t\t\t\t\t\t<\/a>\r\n\t\t\t\t\t\t\t\t\t\r\n\t\t\t\t\t\t\t<\/div>\r\n\r\n\t\t\t\t\t<\/div>\r\n\t\t\r\n\t<\/div>\r\n<\/div>\r\n\t<\/div>\r\n\r\n\r\n\t\t\r\n\r\n<\/div>\r\n\r\n<div class=\"sh-column sh-column-d5b9b277479f9e6ec1f82039991e5035 fw-col-xs-12 fw-col-sm-6\" >\r\n\r\n\t\r\n\t<div class=\"sh-column-wrapper\">\r\n\t\t\r\n<div id=\"text-block-e0e26442eb95994b5d8b8ddc21b8fec9\" class=\"sh-text-block\">\r\n\t<h1><b>ABOUT US<\/b><\/h1><p>&nbsp;<\/p><p>Fondi Shqiptar i Zhvillimit \u00ebsht\u00eb organizat\u00eb zhvillimore q\u00eb i p\u00ebrgjigjet sfidave dhe partner\u00ebve t\u00eb saj n\u00eb funksion t\u00eb zhvillimit t\u00eb q\u00ebndruesh\u00ebm t\u00eb vendit. E themeluar q\u00eb n\u00eb vitin 1993, FSHZH ka nj\u00eb p\u00ebrvoj\u00eb mbi 30- vje\u00e7are n\u00eb zhvillimin e infrastruktur\u00ebs, urbanizimit, turizmit dhe bashk\u00ebpunimit nd\u00ebrkufitar. Besueshm\u00ebria, transparenca, efektiviteti dhe\u00a0 q\u00ebndrueshm\u00ebria jan\u00eb parimet q\u00eb udh\u00ebheqin Fondin Shqiptar t\u00eb Zhvillimit n\u00eb pun\u00ebn e tij me partner\u00ebt dhe donator\u00ebt. FSHZH aplikon metoda novative dhe \u00ebsht\u00eb i orientuar drejt rezultateve afatgjata n\u00eb interes t\u00eb komuniteteve p\u00ebrfituese t\u00eb projekteve q\u00eb zbatohen prej tij.<\/p><\/div>\r\n\t<\/div>\r\n\r\n\r\n\t\t\r\n\r\n<\/div>\r\n<\/div>\n\n\t<\/div>\r\n<\/section>\r\n\r\n<section class=\"sh-section sh-section-c03e88e092439a3ddb4063bfbc815506 fw-main-row sh-section-visibility-everywhere\">\r\n\t\r\n\t\r\n\t<div class=\"sh-section-container container\">\r\n\t\t<div class=\"fw-row\">\n\t\r\n<div class=\"sh-column sh-column-89c910c67bee793866fad9eafe4d54ff fw-col-xs-12 fw-col-sm-6\" >\r\n\r\n\t\r\n\t<div class=\"sh-column-wrapper\">\r\n\t\t\r\n<div id=\"text-block-b805832c857d2530b62913c89cdb4954\" class=\"sh-text-block\">\r\n\t<h1 class=\"translation-block\">OUR MISSION<\/h1><p>&nbsp;<\/p><p>From an agency established with the mission to alleviate poverty in rural areas of Albania through small interventions after the fall of the communist regime, ADF transformed into the main lever of development. ADF applies regional approaches and implements integrated and complex projects ensuring sustainable social and economic development as well as  creation of successful models. ADF is widely known for road infrastructure projects, water supply and sewerage, urbanization, etc. Our focus is on the development of  tourism sector through development of studies and intervention plans at regional and national level. Introduce and orient up-to-date and innovative development policies and translate them into results with a long-term impact on citizens\u2019 welfare.<\/p><\/div>\r\n\t<\/div>\r\n\r\n\r\n\t\t\r\n\r\n<\/div>\r\n\r\n<div class=\"sh-column sh-column-5cdbe7f8074143d2f3f4a48219e9d0dc fw-col-xs-12 fw-col-sm-6\" >\r\n\r\n\t\r\n\t<div class=\"sh-column-wrapper\">\r\n\t\t\r\n<div id=\"single-image-fbee707abb926bc6623d866f6646db21\" class=\"sh-single-image\">\r\n\t<div class=\"sh-element-margin\">\r\n\r\n\t\t\r\n\t\t\t<div class=\"sh-single-image-container sh-single-image-container-lazy\">\r\n\t\t\t\t\r\n\t\t\t\t\t\t\t\t\t\t\t\t\t\t\t<a href=\"\/\/www.albaniandf.org\/wp-content\/uploads\/2018\/07\/Hyrje2.png\" rel=\"lightbox\">\r\n\t\t\t\t\t\r\n\t\t\t\t\t\t\t\t\t\t\t\t\t\t\t\t\t\t\t\t\t<img class=\"sh-image-url lazy\" data-src=\"\/\/www.albaniandf.org\/wp-content\/uploads\/2018\/07\/Hyrje2.png\" alt=\"\" \/>\r\n\t\t\t\t\t\t\t\r\n\t\t\t\t\t\t\t\t\t\t\t\t\t\r\n\t\t\t\t\t\t\t\t\t\t\t<\/a>\r\n\t\t\t\t\t\t\t\t\t\r\n\t\t\t\t\t\t\t<\/div>\r\n\r\n\t\t\r\n\t<\/div>\r\n<\/div>\r\n\t<\/div>\r\n\r\n\r\n\t\t\r\n\r\n<\/div>\r\n<\/div>\n\n\t<\/div>\r\n<\/section>\r\n\r\n<section class=\"sh-section sh-section-1c4b39b770d2580c96e1693a928aea40 fw-main-row sh-section-visibility-everywhere\">\r\n\t\r\n\t\r\n\t<div class=\"sh-section-container container\">\r\n\t\t<div class=\"fw-row\">\n\t\r\n<div class=\"sh-column sh-column-429bd89f124a38e85d73385a7b05e974 fw-col-xs-12\" >\r\n\r\n\t\r\n\t<div class=\"sh-column-wrapper\">\r\n\t\t\r\n<div class=\"sh-heading\" id=\"heading-5b50ff17a5ee607528baa7d2ef329dc2\">\r\n\t<div class=\"sh-element-margin\">\r\n\r\n\t\t\r\n\t\t\t<h1 class=\"sh-heading-content size-default text-center\">\r\n\t\t\t\tVALUES\t\t\t<\/h1>\r\n\r\n\t\t\r\n\t<\/div>\r\n<\/div>\r\n\t<\/div>\r\n\r\n\r\n\t\t\r\n\r\n<\/div>\r\n<\/div>\n\n<div class=\"fw-row\">\n\t\r\n<div class=\"sh-column sh-column-429bd89f124a38e85d73385a7b05e974 fw-col-xs-12\" >\r\n\r\n\t\r\n\t<div class=\"sh-column-wrapper\">\r\n\t\t\r\n<div id=\"text-block-65dd0a3343089a77b3299c8bc2305b48\" class=\"sh-text-block\">\r\n\t<p style=\"text-align: center;\"><b>What values guide us?<\/b><\/p><\/div>\r\n\t<\/div>\r\n\r\n\r\n\t\t\r\n\r\n<\/div>\r\n<\/div>\n\n\t<\/div>\r\n<\/section>\r\n\r\n<section class=\"sh-section sh-section-e43fb2bbb79b2ff76ca14451efa1d9a6 fw-main-row sh-section-visibility-everywhere\">\r\n\t\r\n\t\r\n\t<div class=\"sh-section-container container\">\r\n\t\t<div class=\"fw-row\">\n\t\r\n<div class=\"sh-column sh-column-456b1c2027099fb75c6191a47debfdcf fw-col-xs-12 fw-col-sm-3 sh-column-mobile-padding sh-animated fadeInLeft\" data-wow-duration=\"1s\">\r\n\r\n\t\r\n\t<div class=\"sh-column-wrapper\">\r\n\t\t\r\n<div class=\"sh-iconbox sh-iconbox-style1 sh-iconbox-center improved-responsiveness\" id=\"iconbox-ffcf4a30390d88cc6287b4a1c531e306\">\r\n\t\r\n\t\t\t\t\t<div class=\"sh-iconbox-icon\">\r\n\t\t\t\t<div class=\"sh-iconbox-icon-shape sh-iconbox-circle\">\r\n\t\t\t\t\t<i class=\"sh-iconbox-hover ti-write\"><\/i>\r\n\r\n\t\t\t\t\t\t\t\t\t\t\t<div class=\"sh-iconbox-icon2\">\r\n\t\t\t\t\t\t\t<i class=\"pe-7s-check\"><\/i>\r\n\t\t\t\t\t\t<\/div>\r\n\t\t\t\t\t\t\t\t\t<\/div>\r\n\t\t\t<\/div>\r\n\t\t\r\n\t\t<div class=\"sh-iconbox-aside\">\r\n\t\t\t<div class=\"sh-iconbox-title\">\r\n\t\t\t\t\t\t\t\t\t<h3>DEDICATION<\/h3>\r\n\t\t\t\t\t\t\t<\/div>\r\n\t\t\t<div class=\"sh-iconbox-seperator\"><\/div>\r\n\t\t\t<div class=\"sh-iconbox-content\">\r\n\t\t\t\t<p>For us each project is of national importance.<\/p>\t\t\t<\/div>\r\n\t\t<\/div>\r\n\r\n\t<\/div>\r\n\t<\/div>\r\n\r\n\r\n\t\t\r\n\r\n<\/div>\r\n\r\n<div class=\"sh-column sh-column-12a551feee8e24c83fea5f6bf0ae231a fw-col-xs-12 fw-col-sm-3 sh-column-mobile-padding sh-animated fadeInLeft\" data-wow-duration=\"1s\">\r\n\r\n\t\r\n\t<div class=\"sh-column-wrapper\">\r\n\t\t\r\n<div class=\"sh-iconbox sh-iconbox-style1 sh-iconbox-center improved-responsiveness\" id=\"iconbox-1c29279c7de88ea13b6bfb53999d7a3f\">\r\n\t\r\n\t\t\t\t\t<div class=\"sh-iconbox-icon\">\r\n\t\t\t\t<div class=\"sh-iconbox-icon-shape sh-iconbox-circle\">\r\n\t\t\t\t\t<i class=\"sh-iconbox-hover ti-ruler-alt\"><\/i>\r\n\r\n\t\t\t\t\t\t\t\t\t\t\t<div class=\"sh-iconbox-icon2\">\r\n\t\t\t\t\t\t\t<i class=\"pe-7s-check\"><\/i>\r\n\t\t\t\t\t\t<\/div>\r\n\t\t\t\t\t\t\t\t\t<\/div>\r\n\t\t\t<\/div>\r\n\t\t\r\n\t\t<div class=\"sh-iconbox-aside\">\r\n\t\t\t<div class=\"sh-iconbox-title\">\r\n\t\t\t\t\t\t\t\t\t<h3>RELIABILITY<\/h3>\r\n\t\t\t\t\t\t\t<\/div>\r\n\t\t\t<div class=\"sh-iconbox-seperator\"><\/div>\r\n\t\t\t<div class=\"sh-iconbox-content\">\r\n\t\t\t\t<p>We are personally committed to fulfill  the objectives we have taken.<\/p>\t\t\t<\/div>\r\n\t\t<\/div>\r\n\r\n\t<\/div>\r\n\t<\/div>\r\n\r\n\r\n\t\t\r\n\r\n<\/div>\r\n\r\n<div class=\"sh-column sh-column-d968b78d4d4f8efeb2950edfb6a69fd6 fw-col-xs-12 fw-col-sm-3 sh-column-mobile-padding sh-animated fadeInLeft\" data-wow-duration=\"1s\">\r\n\r\n\t\r\n\t<div class=\"sh-column-wrapper\">\r\n\t\t\r\n<div class=\"sh-iconbox sh-iconbox-style1 sh-iconbox-center improved-responsiveness\" id=\"iconbox-52d24d8c37c95f4bb5d577f0d64a297e\">\r\n\t\r\n\t\t\t\t\t<div class=\"sh-iconbox-icon\">\r\n\t\t\t\t<div class=\"sh-iconbox-icon-shape sh-iconbox-circle\">\r\n\t\t\t\t\t<i class=\"sh-iconbox-hover ti-thumb-up\"><\/i>\r\n\r\n\t\t\t\t\t\t\t\t\t\t\t<div class=\"sh-iconbox-icon2\">\r\n\t\t\t\t\t\t\t<i class=\"pe-7s-check\"><\/i>\r\n\t\t\t\t\t\t<\/div>\r\n\t\t\t\t\t\t\t\t\t<\/div>\r\n\t\t\t<\/div>\r\n\t\t\r\n\t\t<div class=\"sh-iconbox-aside\">\r\n\t\t\t<div class=\"sh-iconbox-title\">\r\n\t\t\t\t\t\t\t\t\t<h3>INTEGRITY<\/h3>\r\n\t\t\t\t\t\t\t<\/div>\r\n\t\t\t<div class=\"sh-iconbox-seperator\"><\/div>\r\n\t\t\t<div class=\"sh-iconbox-content\">\r\n\t\t\t\t<p>We work in line with the highest integrity standards in all our processes.<\/p>\t\t\t<\/div>\r\n\t\t<\/div>\r\n\r\n\t<\/div>\r\n\t<\/div>\r\n\r\n\r\n\t\t\r\n\r\n<\/div>\r\n\r\n<div class=\"sh-column sh-column-4c7f7d80a382cd1759e96fdee4758bea fw-col-xs-12 fw-col-sm-3 sh-column-mobile-padding sh-animated fadeInLeft\" data-wow-duration=\"1s\">\r\n\r\n\t\r\n\t<div class=\"sh-column-wrapper\">\r\n\t\t\r\n<div class=\"sh-iconbox sh-iconbox-style1 sh-iconbox-center improved-responsiveness\" id=\"iconbox-0300b38f38978d40c44bf906b3666399\">\r\n\t\r\n\t\t\t\t\t<div class=\"sh-iconbox-icon\">\r\n\t\t\t\t<div class=\"sh-iconbox-icon-shape sh-iconbox-circle\">\r\n\t\t\t\t\t<i class=\"sh-iconbox-hover ti-home\"><\/i>\r\n\r\n\t\t\t\t\t\t\t\t\t\t\t<div class=\"sh-iconbox-icon2\">\r\n\t\t\t\t\t\t\t<i class=\"pe-7s-check\"><\/i>\r\n\t\t\t\t\t\t<\/div>\r\n\t\t\t\t\t\t\t\t\t<\/div>\r\n\t\t\t<\/div>\r\n\t\t\r\n\t\t<div class=\"sh-iconbox-aside\">\r\n\t\t\t<div class=\"sh-iconbox-title\">\r\n\t\t\t\t\t\t\t\t\t<h3>COMMITMENT<\/h3>\r\n\t\t\t\t\t\t\t<\/div>\r\n\t\t\t<div class=\"sh-iconbox-seperator\"><\/div>\r\n\t\t\t<div class=\"sh-iconbox-content\">\r\n\t\t\t\t<p>We make things happen.<\/p>\t\t\t<\/div>\r\n\t\t<\/div>\r\n\r\n\t<\/div>\r\n\t<\/div>\r\n\r\n\r\n\t\t\r\n\r\n<\/div>\r\n<\/div>\n\n\t<\/div>\r\n<\/section>\r\n\r\n<section class=\"sh-section sh-section-5c95802ebea6ea57361aff50c21a2b54 fw-main-row sh-section-visibility-everywhere\">\r\n\t\r\n\t\r\n\t<div class=\"sh-section-container container\">\r\n\t\t<div class=\"fw-row\">\n\t\r\n<div class=\"sh-column sh-column-e52f628fedfc1a14fd9ee46964ef96fb fw-col-xs-12 fw-col-sm-6\" >\r\n\r\n\t\r\n\t<div class=\"sh-column-wrapper\">\r\n\t\t\r\n<div id=\"single-image-06f5d46a2b84fda57a66b63951e7246e\" class=\"sh-single-image\">\r\n\t<div class=\"sh-element-margin\">\r\n\r\n\t\t\t\t\t<div class=\"sh-image-lazy-loading\" style=\"max-width: 678px;\">\r\n\t\t\r\n\t\t\t<div class=\"sh-single-image-container sh-single-image-container-lazy\">\r\n\t\t\t\t\r\n\t\t\t\t\t\t\t\t\t\t\t\t\t\t\t<a href=\"\/\/www.albaniandf.org\/wp-content\/uploads\/2018\/07\/Hyrje3.png\" rel=\"lightbox\">\r\n\t\t\t\t\t\r\n\t\t\t\t\t\t\t\t\t\t\t\t\t\t\t\t\t\t\t\t\t<div class=\"ratio-container\" style=\"padding-top: 75.073746312684%;\">\r\n\t\t\t\t\t\t\t\t\t<div class=\"ratio-content\">\r\n\t\t\t\t\t\t\t\t\t\t<img class=\"sh-image-url lazy\" data-src=\"https:\/\/i0.wp.com\/www.albaniandf.org\/wp-content\/uploads\/2018\/07\/Hyrje3-e1533406783316.png?fit=678%2C509&#038;ssl=1\" alt=\"Hyrje3\" \/>\r\n\t\t\t\t\t\t\t\t\t<\/div>\r\n\t\t\t\t\t\t\t\t<\/div>\r\n\t\t\t\t\t\t\t\r\n\t\t\t\t\t\t\t\t\t\t\t\t\t\r\n\t\t\t\t\t\t\t\t\t\t\t<\/a>\r\n\t\t\t\t\t\t\t\t\t\r\n\t\t\t\t\t\t\t<\/div>\r\n\r\n\t\t\t\t\t<\/div>\r\n\t\t\r\n\t<\/div>\r\n<\/div>\r\n\t<\/div>\r\n\r\n\r\n\t\t\r\n\r\n<\/div>\r\n\r\n<div class=\"sh-column sh-column-c5f35725b53511f86f1d205e750c0d90 fw-col-xs-12 fw-col-sm-6\" >\r\n\r\n\t\r\n\t<div class=\"sh-column-wrapper\">\r\n\t\t\r\n<div id=\"text-block-049751f05aae984fce4334721f3b6e03\" class=\"sh-text-block\">\r\n\t<h3 style=\"text-align: center;\"><strong>Why ADF?<\/strong><\/h3><p>&nbsp;<\/p><ul><li>28-Years\u2019 experience and expertise in the field of design and implementation of regional programs in:<ul><li>Infrastructure<\/li><li>Urbanization<\/li><li>Tourism<\/li><\/ul><\/li><\/ul><ul><li>Fast-delivered, flexible, efficient and low cost services<\/li><li>Dedicated staff and experienced professionals<\/li><\/ul><\/div>\r\n\t<\/div>\r\n\r\n\r\n\t\t\r\n\r\n<\/div>\r\n<\/div>\n\n\t<\/div>\r\n<\/section>","protected":false},"excerpt":{"rendered":"<p>RRETH NESH&nbsp;Fondi Shqiptar i Zhvillimit \u00ebsht\u00eb organizat\u00eb zhvillimore q\u00eb i p\u00ebrgjigjet sfidave dhe partner\u00ebve t\u00eb saj n\u00eb funksion t\u00eb zhvillimit t\u00eb q\u00ebndruesh\u00ebm t\u00eb vendit. E themeluar q\u00eb n\u00eb vitin 1993,&#8230;<\/p>","protected":false},"author":1,"featured_media":0,"parent":0,"menu_order":0,"comment_status":"closed","ping_status":"closed","template":"","meta":{"nf_dc_page":"","footnotes":""},"class_list":["post-1510","page","type-page","status-publish","hentry"],"yoast_head":"<!-- This site is optimized with the Yoast SEO plugin v27.4 - https:\/\/yoast.com\/product\/yoast-seo-wordpress\/ -->\n<title>Profili - Fondi Shqiptar i Zhvillimit<\/title>\n<meta name=\"description\" content=\"Fondi Shqiptar i Zhvillimit \u00ebsht\u00eb organizat\u00eb zhvillimore q\u00eb i p\u00ebrgjigjet sfidave dhe partner\u00ebve t\u00eb saj n\u00eb funksion t\u00eb zhvillimit t\u00eb q\u00ebndruesh\u00ebm t\u00eb vendit.\" \/>\n<meta name=\"robots\" content=\"index, follow, max-snippet:-1, max-image-preview:large, max-video-preview:-1\" \/>\n<link rel=\"canonical\" href=\"https:\/\/www.albaniandf.org\/en\/profili\/\" \/>\n<meta property=\"og:locale\" content=\"en_US\" \/>\n<meta property=\"og:type\" content=\"article\" \/>\n<meta property=\"og:title\" content=\"Profili - Fondi Shqiptar i Zhvillimit\" \/>\n<meta property=\"og:description\" content=\"Fondi Shqiptar i Zhvillimit \u00ebsht\u00eb organizat\u00eb zhvillimore q\u00eb i p\u00ebrgjigjet sfidave dhe partner\u00ebve t\u00eb saj n\u00eb funksion t\u00eb zhvillimit t\u00eb q\u00ebndruesh\u00ebm t\u00eb vendit.\" \/>\n<meta property=\"og:url\" content=\"https:\/\/www.albaniandf.org\/en\/profili\/\" \/>\n<meta property=\"og:site_name\" content=\"Fondi Shqiptar i Zhvillimit\" \/>\n<meta property=\"article:publisher\" content=\"https:\/\/www.facebook.com\/albaniandf\/\" \/>\n<meta property=\"article:modified_time\" content=\"2025-12-16T09:58:37+00:00\" \/>\n<meta property=\"og:image\" content=\"https:\/\/www.albaniandf.org\/wp-content\/uploads\/2019\/09\/fshzh-1.jpg\" \/>\n<meta name=\"twitter:card\" content=\"summary_large_image\" \/>\n<meta name=\"twitter:label1\" content=\"Est. reading time\" \/>\n\t<meta name=\"twitter:data1\" content=\"3 minutes\" \/>\n<script type=\"application\/ld+json\" class=\"yoast-schema-graph\">{\"@context\":\"https:\\\/\\\/schema.org\",\"@graph\":[{\"@type\":\"WebPage\",\"@id\":\"https:\\\/\\\/www.albaniandf.org\\\/profili\\\/\",\"url\":\"https:\\\/\\\/www.albaniandf.org\\\/profili\\\/\",\"name\":\"Profili - Fondi Shqiptar i Zhvillimit\",\"isPartOf\":{\"@id\":\"https:\\\/\\\/www.albaniandf.org\\\/#website\"},\"primaryImageOfPage\":{\"@id\":\"https:\\\/\\\/www.albaniandf.org\\\/profili\\\/#primaryimage\"},\"image\":{\"@id\":\"https:\\\/\\\/www.albaniandf.org\\\/profili\\\/#primaryimage\"},\"thumbnailUrl\":\"https:\\\/\\\/www.albaniandf.org\\\/wp-content\\\/uploads\\\/2019\\\/09\\\/fshzh-1.jpg\",\"datePublished\":\"2018-05-07T23:20:44+00:00\",\"dateModified\":\"2025-12-16T09:58:37+00:00\",\"description\":\"Fondi Shqiptar i Zhvillimit \u00ebsht\u00eb organizat\u00eb zhvillimore q\u00eb i p\u00ebrgjigjet sfidave dhe partner\u00ebve t\u00eb saj n\u00eb funksion t\u00eb zhvillimit t\u00eb q\u00ebndruesh\u00ebm t\u00eb vendit.\",\"breadcrumb\":{\"@id\":\"https:\\\/\\\/www.albaniandf.org\\\/profili\\\/#breadcrumb\"},\"inLanguage\":\"en-US\",\"potentialAction\":[{\"@type\":\"ReadAction\",\"target\":[\"https:\\\/\\\/www.albaniandf.org\\\/profili\\\/\"]}]},{\"@type\":\"ImageObject\",\"inLanguage\":\"en-US\",\"@id\":\"https:\\\/\\\/www.albaniandf.org\\\/profili\\\/#primaryimage\",\"url\":\"https:\\\/\\\/www.albaniandf.org\\\/wp-content\\\/uploads\\\/2019\\\/09\\\/fshzh-1.jpg\",\"contentUrl\":\"https:\\\/\\\/www.albaniandf.org\\\/wp-content\\\/uploads\\\/2019\\\/09\\\/fshzh-1.jpg\"},{\"@type\":\"BreadcrumbList\",\"@id\":\"https:\\\/\\\/www.albaniandf.org\\\/profili\\\/#breadcrumb\",\"itemListElement\":[{\"@type\":\"ListItem\",\"position\":1,\"name\":\"Home\",\"item\":\"https:\\\/\\\/www.albaniandf.org\\\/\"},{\"@type\":\"ListItem\",\"position\":2,\"name\":\"Profili\"}]},{\"@type\":\"WebSite\",\"@id\":\"https:\\\/\\\/www.albaniandf.org\\\/#website\",\"url\":\"https:\\\/\\\/www.albaniandf.org\\\/\",\"name\":\"Fondi Shqiptar i Zhvillimit\",\"description\":\"\",\"publisher\":{\"@id\":\"https:\\\/\\\/www.albaniandf.org\\\/#organization\"},\"potentialAction\":[{\"@type\":\"SearchAction\",\"target\":{\"@type\":\"EntryPoint\",\"urlTemplate\":\"https:\\\/\\\/www.albaniandf.org\\\/?s={search_term_string}\"},\"query-input\":{\"@type\":\"PropertyValueSpecification\",\"valueRequired\":true,\"valueName\":\"search_term_string\"}}],\"inLanguage\":\"en-US\"},{\"@type\":\"Organization\",\"@id\":\"https:\\\/\\\/www.albaniandf.org\\\/#organization\",\"name\":\"Fondi Shqiptar i Zhvillimit\",\"url\":\"https:\\\/\\\/www.albaniandf.org\\\/\",\"logo\":{\"@type\":\"ImageObject\",\"inLanguage\":\"en-US\",\"@id\":\"https:\\\/\\\/www.albaniandf.org\\\/#\\\/schema\\\/logo\\\/image\\\/\",\"url\":\"https:\\\/\\\/www.albaniandf.org\\\/wp-content\\\/uploads\\\/2021\\\/08\\\/Fondi-Shqiptar-i-zhvillimit-logo.png\",\"contentUrl\":\"https:\\\/\\\/www.albaniandf.org\\\/wp-content\\\/uploads\\\/2021\\\/08\\\/Fondi-Shqiptar-i-zhvillimit-logo.png\",\"width\":122,\"height\":90,\"caption\":\"Fondi Shqiptar i Zhvillimit\"},\"image\":{\"@id\":\"https:\\\/\\\/www.albaniandf.org\\\/#\\\/schema\\\/logo\\\/image\\\/\"},\"sameAs\":[\"https:\\\/\\\/www.facebook.com\\\/albaniandf\\\/\",\"https:\\\/\\\/www.instagram.com\\\/fondi_shqiptar_i_zhvillimit\\\/\",\"https:\\\/\\\/www.youtube.com\\\/user\\\/AlbanianDF\"]}]}<\/script>\n<!-- \/ Yoast SEO plugin. -->","yoast_head_json":{"title":"Profili - Fondi Shqiptar i Zhvillimit","description":"Fondi Shqiptar i Zhvillimit \u00ebsht\u00eb organizat\u00eb zhvillimore q\u00eb i p\u00ebrgjigjet sfidave dhe partner\u00ebve t\u00eb saj n\u00eb funksion t\u00eb zhvillimit t\u00eb q\u00ebndruesh\u00ebm t\u00eb vendit.","robots":{"index":"index","follow":"follow","max-snippet":"max-snippet:-1","max-image-preview":"max-image-preview:large","max-video-preview":"max-video-preview:-1"},"canonical":"https:\/\/www.albaniandf.org\/en\/profili\/","og_locale":"en_US","og_type":"article","og_title":"Profili - Fondi Shqiptar i Zhvillimit","og_description":"Fondi Shqiptar i Zhvillimit \u00ebsht\u00eb organizat\u00eb zhvillimore q\u00eb i p\u00ebrgjigjet sfidave dhe partner\u00ebve t\u00eb saj n\u00eb funksion t\u00eb zhvillimit t\u00eb q\u00ebndruesh\u00ebm t\u00eb vendit.","og_url":"https:\/\/www.albaniandf.org\/en\/profili\/","og_site_name":"Fondi Shqiptar i Zhvillimit","article_publisher":"https:\/\/www.facebook.com\/albaniandf\/","article_modified_time":"2025-12-16T09:58:37+00:00","og_image":[{"url":"https:\/\/www.albaniandf.org\/wp-content\/uploads\/2019\/09\/fshzh-1.jpg","type":"","width":"","height":""}],"twitter_card":"summary_large_image","twitter_misc":{"Est. reading time":"3 minutes"},"schema":{"@context":"https:\/\/schema.org","@graph":[{"@type":"WebPage","@id":"https:\/\/www.albaniandf.org\/profili\/","url":"https:\/\/www.albaniandf.org\/profili\/","name":"Profili - Fondi Shqiptar i Zhvillimit","isPartOf":{"@id":"https:\/\/www.albaniandf.org\/#website"},"primaryImageOfPage":{"@id":"https:\/\/www.albaniandf.org\/profili\/#primaryimage"},"image":{"@id":"https:\/\/www.albaniandf.org\/profili\/#primaryimage"},"thumbnailUrl":"https:\/\/www.albaniandf.org\/wp-content\/uploads\/2019\/09\/fshzh-1.jpg","datePublished":"2018-05-07T23:20:44+00:00","dateModified":"2025-12-16T09:58:37+00:00","description":"Fondi Shqiptar i Zhvillimit \u00ebsht\u00eb organizat\u00eb zhvillimore q\u00eb i p\u00ebrgjigjet sfidave dhe partner\u00ebve t\u00eb saj n\u00eb funksion t\u00eb zhvillimit t\u00eb q\u00ebndruesh\u00ebm t\u00eb vendit.","breadcrumb":{"@id":"https:\/\/www.albaniandf.org\/profili\/#breadcrumb"},"inLanguage":"en-US","potentialAction":[{"@type":"ReadAction","target":["https:\/\/www.albaniandf.org\/profili\/"]}]},{"@type":"ImageObject","inLanguage":"en-US","@id":"https:\/\/www.albaniandf.org\/profili\/#primaryimage","url":"https:\/\/www.albaniandf.org\/wp-content\/uploads\/2019\/09\/fshzh-1.jpg","contentUrl":"https:\/\/www.albaniandf.org\/wp-content\/uploads\/2019\/09\/fshzh-1.jpg"},{"@type":"BreadcrumbList","@id":"https:\/\/www.albaniandf.org\/profili\/#breadcrumb","itemListElement":[{"@type":"ListItem","position":1,"name":"Home","item":"https:\/\/www.albaniandf.org\/"},{"@type":"ListItem","position":2,"name":"Profili"}]},{"@type":"WebSite","@id":"https:\/\/www.albaniandf.org\/#website","url":"https:\/\/www.albaniandf.org\/","name":"Albanian Development Fund","description":"","publisher":{"@id":"https:\/\/www.albaniandf.org\/#organization"},"potentialAction":[{"@type":"SearchAction","target":{"@type":"EntryPoint","urlTemplate":"https:\/\/www.albaniandf.org\/?s={search_term_string}"},"query-input":{"@type":"PropertyValueSpecification","valueRequired":true,"valueName":"search_term_string"}}],"inLanguage":"en-US"},{"@type":"Organization","@id":"https:\/\/www.albaniandf.org\/#organization","name":"Albanian Development Fund","url":"https:\/\/www.albaniandf.org\/","logo":{"@type":"ImageObject","inLanguage":"en-US","@id":"https:\/\/www.albaniandf.org\/#\/schema\/logo\/image\/","url":"https:\/\/www.albaniandf.org\/wp-content\/uploads\/2021\/08\/Fondi-Shqiptar-i-zhvillimit-logo.png","contentUrl":"https:\/\/www.albaniandf.org\/wp-content\/uploads\/2021\/08\/Fondi-Shqiptar-i-zhvillimit-logo.png","width":122,"height":90,"caption":"Fondi Shqiptar i Zhvillimit"},"image":{"@id":"https:\/\/www.albaniandf.org\/#\/schema\/logo\/image\/"},"sameAs":["https:\/\/www.facebook.com\/albaniandf\/","https:\/\/www.instagram.com\/fondi_shqiptar_i_zhvillimit\/","https:\/\/www.youtube.com\/user\/AlbanianDF"]}]}},"_links":{"self":[{"href":"https:\/\/www.albaniandf.org\/en\/wp-json\/wp\/v2\/pages\/1510","targetHints":{"allow":["GET"]}}],"collection":[{"href":"https:\/\/www.albaniandf.org\/en\/wp-json\/wp\/v2\/pages"}],"about":[{"href":"https:\/\/www.albaniandf.org\/en\/wp-json\/wp\/v2\/types\/page"}],"author":[{"embeddable":true,"href":"https:\/\/www.albaniandf.org\/en\/wp-json\/wp\/v2\/users\/1"}],"replies":[{"embeddable":true,"href":"https:\/\/www.albaniandf.org\/en\/wp-json\/wp\/v2\/comments?post=1510"}],"version-history":[{"count":11,"href":"https:\/\/www.albaniandf.org\/en\/wp-json\/wp\/v2\/pages\/1510\/revisions"}],"predecessor-version":[{"id":12809,"href":"https:\/\/www.albaniandf.org\/en\/wp-json\/wp\/v2\/pages\/1510\/revisions\/12809"}],"wp:attachment":[{"href":"https:\/\/www.albaniandf.org\/en\/wp-json\/wp\/v2\/media?parent=1510"}],"curies":[{"name":"wp","href":"https:\/\/api.w.org\/{rel}","templated":true}]}}